{"id":12813,"date":"2021-12-20T19:18:58","date_gmt":"2021-12-20T18:18:58","guid":{"rendered":"https:\/\/www.calafornells.com\/qr-directory\/"},"modified":"2026-02-27T14:36:44","modified_gmt":"2026-02-27T13:36:44","slug":"qr-directori","status":"publish","type":"page","link":"https:\/\/www.calafornells.com\/ca\/qr-directori\/","title":{"rendered":"Directori"},"content":{"rendered":"<section class=\"l-section wpb_row us_custom_e4eb24e1 height_medium\"><div class=\"l-section-h i-cf\"><div class=\"g-cols vc_row via_flex valign_top type_default stacking_default\"><div class=\"vc_col-sm-12 wpb_column vc_column_container\"><div class=\"vc_column-inner\"><div class=\"wpb_wrapper\"><div class=\"wpb_text_column\"><div class=\"wpb_wrapper\"><h2>DESCOBRINT CALA FORNELLS<\/h2>\n<p>Estam molt contents de poder donar-te la benvinguda a l\u2019Hotel Cala Fornells!<\/p>\n<p>Com segurament ja sabr\u00e0s, l\u2019hotel va obrir les seves portes l\u2019any 1947. I saps com va comen\u00e7ar tot? Imagina una tranquil\u00b7la Mallorca de fa 77 anys. En aquells temps nom\u00e9s dues habitacions envoltaven el que encara avui \u00e9s una de les zones m\u00e9s emblem\u00e0tiques de l\u2019hotel: el sal\u00f3 rod\u00f3.<\/p>\n<p>La jove parella que regentava l\u2019hotel, n\u2019Ana i n\u2019Asensio, no ho va tenir f\u00e0cil. L\u2019acc\u00e9s a Cala Fornells no era senzill i aix\u00ed ho recordam amb an\u00e8cdotes com la gran nevada de 1956, que va a\u00efllar totalment l\u2019Hotel i Asensio va acompanyar uns clients amb una barca de rems fins Peguera perqu\u00e8 poguessin arribar a l\u2019aeroport. I a dia d\u2019avui far\u00edem el mateix per tu.<\/p>\n<p>Perqu\u00e8 quedar a l\u2019Hotel Cala Fornells vol dir convertir-se en membre de la fam\u00edlia. Seguim aplicant els mateixos valors sobre l\u2019hospitalitat amb qu\u00e8 van comen\u00e7ar els meus padrins, amb un esfor\u00e7 constant per actualitzar-nos per\u00f2 sense perdre l\u2019ess\u00e8ncia, tot per assegurar-nos que les teves vacances siguin inoblidables.<\/p>\n<p>Esper que et sentis com a casa,<\/p>\n<p><strong><em>Catalina<\/em><\/strong><\/p>\n<\/div><\/div><\/div><\/div><\/div><\/div><\/div><\/section><section class=\"l-section wpb_row height_medium\"><div class=\"l-section-h i-cf\"><div class=\"g-cols vc_row via_flex valign_top type_default stacking_default\"><div class=\"vc_col-sm-12 wpb_column vc_column_container\"><div class=\"vc_column-inner\"><div class=\"wpb_wrapper\"><div class=\"wpb_text_column\"><div class=\"wpb_wrapper\"><h2>MENJAR I BEURE<\/h2>\n<h3>EL RESTAURANT<\/h3>\n<ul>\n<li>Esmorzar: 8-10.30am<\/li>\n<li>Sopar: 7-9pm<\/li>\n<li>Ubicaci\u00f3: Planta baixa<\/li>\n<\/ul>\n<p>No hi ha millor manera de comen\u00e7ar el dia que amb un bon esmorzar. El nostre bufet d&#8217;esmorzar es caracteritza per la seva gran varietat de productes mediterranis i de temporada, que varien segons l&#8217;\u00e8poca de l&#8217;any. Podeu trobar una varietat de sucs, formatges i carns locals i nacionals, pastes dolces i salades, fruita i ous o altres plats calents.<\/p>\n<p>En arribar el vespre, podeu sopar al nostre restaurant. El men\u00fa canvia cada dia i est\u00e0 format per un buffet amb entrants i postres i un men\u00fa de principals per triar a la carta, per completar una experi\u00e8ncia gastron\u00f2mica on predomina la cuina casolana mediterr\u00e0nia. A m\u00e9s, tens l&#8217;opci\u00f3 de triar qualsevol dels nostres plats a la carta o b\u00e9 nom\u00e9s buffet si no vols el men\u00fa complet.<\/p>\n<h3>EL BAR I LA TERRASSA<\/h3>\n<ul>\n<li>Dinar: 10.30am-5.30pm<\/li>\n<li>Begudes:10.30am-11pm<\/li>\n<li>Ubicaci\u00f3: Planta baixa<\/li>\n<li><strong><a href=\"https:\/\/www.calafornells.com\/qr.pdf\">Carta Snack bar<\/a><\/strong><\/li>\n<\/ul>\n<p>Socialitza i relaxa&#8217;t amb unes vistes de quadre. Assaboreix bons vins i aperitius mentre gaudeixes de les vistes des de la nostra terrassa. I gaudeix de la nostra carta de snacks d&#8217;arrel mediterr\u00e0nia i internacional amb m\u00faltiples opcions.<\/p>\n<h3>SERVEI D\u2019HABITACIONS<\/h3>\n<ul>\n<li>Disponible de 10.30am a 17.30<\/li>\n<li><strong><a href=\"https:\/\/www.calafornells.com\/qr.pdf\">Carta Snack bar<\/a><\/strong><\/li>\n<li>Suplement de 10 euros<\/li>\n<li>Extensi\u00f3 3001.<\/li>\n<\/ul>\n<\/div><\/div><\/div><\/div><\/div><\/div><\/div><\/section><section class=\"l-section wpb_row us_custom_e4eb24e1 height_medium\"><div class=\"l-section-h i-cf\"><div class=\"g-cols vc_row via_flex valign_top type_default stacking_default\"><div class=\"vc_col-sm-12 wpb_column vc_column_container\"><div class=\"vc_column-inner\"><div class=\"wpb_wrapper\"><div class=\"wpb_text_column\"><div class=\"wpb_wrapper\"><h2>INSTAL\u00b7LACIONS<\/h2>\n<h3>PISCINA EXTERIOR<\/h3>\n<ul>\n<li>9am-8pm<\/li>\n<li>Ubicaci\u00f3: 4t Pis<\/li>\n<\/ul>\n<h3>SOLARIUM<\/h3>\n<ul>\n<li>9am-8pm<\/li>\n<li>Ubicaci\u00f3: 4t Pis<\/li>\n<\/ul>\n<h3>SALA DE BILLAR<\/h3>\n<ul>\n<li>10am-9pm<\/li>\n<li>Ubicaci\u00f3: Entre el segon i el tercer pis<\/li>\n<li>Clau disponible a recepci\u00f3<\/li>\n<\/ul>\n<h3>SALA DE CONFER\u00c8NCIES<\/h3>\n<ul>\n<li>Amb reserva pr\u00e8via<\/li>\n<\/ul>\n<h3>GIMN\u00c0S<\/h3>\n<ul>\n<li>7am-9pm<\/li>\n<li>Ubicaci\u00f3: Entre el 2\u00ba i el 3r pis<\/li>\n<\/ul>\n<h3>PISTA DE TENNIS<\/h3>\n<ul>\n<li>10am-9pm<\/li>\n<li>Ubicaci\u00f3: Parking<\/li>\n<li>Clau i raquetes disponibles a recepci\u00f3<\/li>\n<\/ul>\n<h3>PISCINA INTERIOR I SAUNA<\/h3>\n<ul>\n<li>Nom\u00e9s els mesos d\u2019hivern<\/li>\n<li>10am-7pm<\/li>\n<li>Entre el segon i el tercer pis<\/li>\n<\/ul>\n<h3>BIBLIOTECA<\/h3>\n<ul>\n<li>Primera planta<\/li>\n<\/ul>\n<\/div><\/div><\/div><\/div><\/div><\/div><\/div><\/section><section class=\"l-section wpb_row height_medium\"><div class=\"l-section-h i-cf\"><div class=\"g-cols vc_row via_flex valign_top type_default stacking_default\"><div class=\"vc_col-sm-12 wpb_column vc_column_container\"><div class=\"vc_column-inner\"><div class=\"wpb_wrapper\"><div class=\"wpb_text_column\"><div class=\"wpb_wrapper\"><h2>BENESTAR<\/h2>\n<h3>MASSATGES<\/h3>\n<p>(individuals o en parella)<\/p>\n<p>MASSATGE LOCALITZAT<\/p>\n<ul>\n<li>45 min 90 euros<\/li>\n<\/ul>\n<p>RESTAURATIU<\/p>\n<ul>\n<li>50 min 95 euros<\/li>\n<li>70 min 130 euros<\/li>\n<\/ul>\n<p>MASSATGE JAPON\u00c8S FACIAL KOBIDO<\/p>\n<ul>\n<li>50 min 95 euros<\/li>\n<\/ul>\n<p>MASSATGE ANTIESTR\u00c8S<\/p>\n<ul>\n<li>50 min 95 euros<\/li>\n<li>70 min 130 euros<\/li>\n<\/ul>\n<p>MASSATGE ESPORTIU<\/p>\n<ul>\n<li>50 min 95 euros<\/li>\n<li>70 min 130 euros<\/li>\n<\/ul>\n<p>MASSATGE TRADICIONAL THAI AMB OLIS<\/p>\n<ul>\n<li>50 min 95 euros<\/li>\n<li>70 min 130 euros<\/li>\n<\/ul>\n<p>MASSATGE EN PARELLA (al mateix temps)<\/p>\n<ul>\n<li>50 min 180 euros<\/li>\n<li>70 min 250 euros<\/li>\n<\/ul>\n<p>MANICURA | PEDICURA<\/p>\n<ul>\n<li>50 euros<\/li>\n<\/ul>\n<p>MANICURA | PEDICURA SEMIPERMANENT<\/p>\n<ul>\n<li>70 euros<\/li>\n<\/ul>\n<h3>IOGA<\/h3>\n<p>PR\u00c0CTIQUES PRIVADES<\/p>\n<p>Amb reserva pr\u00e8via<\/p>\n<ul>\n<li>1 persona 75 euros<\/li>\n<li>2 persones 80 euros<\/li>\n<li>3 persones 85 euros<\/li>\n<li>4 persones 90 euros<\/li>\n<li>5 persones o m\u00e9s 100 euros<\/li>\n<\/ul>\n<\/div><\/div><\/div><\/div><\/div><\/div><\/div><\/section><section class=\"l-section wpb_row us_custom_e4eb24e1 height_medium\"><div class=\"l-section-h i-cf\"><div class=\"g-cols vc_row via_flex valign_top type_default stacking_default\"><div class=\"vc_col-sm-12 wpb_column vc_column_container\"><div class=\"vc_column-inner\"><div class=\"wpb_wrapper\"><div class=\"wpb_text_column\"><div class=\"wpb_wrapper\"><h2>SERVEIS<\/h2>\n<h3>TOVALLOLES I BARNUSSOS<\/h3>\n<p>Trobar\u00e0s les tovalloles beige a la teva habitaci\u00f3. Pots canviar-les per netes cada vegada que ho necessitis, nom\u00e9s has de deixar les brutes en terra de l\u2019habitaci\u00f3.<\/p>\n<h3>GANDULES I PARASOLS A LA PLATJA<\/h3>\n<p>6,5 euros cada gandula o parasol (de maig a octubre). Tamb\u00e9 disposam de cadires sense cap cost pels nostres clients, pot demanar informaci\u00f3 a recepci\u00f3.<\/p>\n<h3>BUGADERIA<\/h3>\n<p>Si necessites rentar o planxar la teva roba trobar\u00e0s la bossa dins l\u2019armari. Pots consultar els <strong><a href=\"https:\/\/www.calafornells.com\/wp-content\/uploads\/2026\/02\/laundry.pdf\">preus en aquest document PDF<\/a><\/strong>.<\/p>\n<h3>SERVEIS TELEF\u00d2NICS<\/h3>\n<ul>\n<li>Recepci\u00f3 3001<\/li>\n<li>Altres habitacions 5 + N\u00famero d\u2019habitaci\u00f3<\/li>\n<\/ul>\n<h3>TELEVISI\u00d3<\/h3>\n<p>Amb la television encesa, prem \u201cMute, 1,1,9\u201d per veure el menu principal.<br \/>\nSelecciona \u201cchannel\u201d. Ara pots triar entre tots els canals anal\u00f2gics o la TDT (<a href=\"https:\/\/www.calafornells.com\/wp-content\/uploads\/2023\/02\/tv-canals.pdf\">PDF de Canals<\/a>).<br \/>\nA les habitacions de la cateogria Deluxe disposes de Smart TV amb tots els seus serveis.<\/p>\n<h3>WIFI<\/h3>\n<ul>\n<li>Xarxa:<strong> CALAFORNELLS<\/strong><\/li>\n<li>Contrasenya: <strong>calafornells33<\/strong><\/li>\n<\/ul>\n<h3>TRANSFERS I COTXES DE LLOGUER<\/h3>\n<p>Si necessities un transport cap a l\u2019aeroport, o vols llogar un cotxe per un o uns quants dies, avisa\u2019ns a la recepci\u00f3 de l\u2019hotel i ens encarrregam que ho tenguis aqu\u00ed.<\/p>\n<h3>SERVEIS DE CONSERGERIA<\/h3>\n<p>Si necessites recomanacions o ajuda per organitzar qualsevol activitat per a les teves vacacions no dubtis en avisar-nos, a recepci\u00f3 estarem encantats d&#8217;ajudar-te. De totes formes, et deixam aqu\u00ed la nostra <a href=\"https:\/\/www.calafornells.com\/ca\/qr-conserge\/\"><strong>guia de Mallorca<\/strong><\/a> amb tot el que necessites saber.<\/p>\n<\/div><\/div><\/div><\/div><\/div><\/div><\/div><\/section><section class=\"l-section wpb_row height_medium\"><div class=\"l-section-h i-cf\"><div class=\"g-cols vc_row via_flex valign_top type_default stacking_default\"><div class=\"vc_col-sm-12 wpb_column vc_column_container\"><div class=\"vc_column-inner\"><div class=\"wpb_wrapper\"><div class=\"wpb_text_column\"><div class=\"wpb_wrapper\"><h2>SOSTENIBILITAT<\/h2>\n<p>Cada vegada feim m\u00e9s esfor\u00e7os per ser tan responsables com sigui possible amb el nostre entorn. La natura forma part de la bellesa de Mallorca i a poc a poc anam fent canvis per aconseguir m\u00e8todes de feina m\u00e9s sostenibles. Qu\u00e8 estam fent per implementar aix\u00f2?<\/p>\n<h3>PLAQUES SOLARS<\/h3>\n<p>Disposam de 73 plaques solars que ens permeten aprofitar els 360 dies de sol a l&#8217;any que ens ofereix la nostra illa. A m\u00e9s, aquest projecte no ha fet m\u00e9s que comen\u00e7ar i seguim treballant per ampliar l&#8217;\u00fas d&#8217;energies renovables.<\/p>\n<h3>CARREGADORS EL\u00c8CTRICS<\/h3>\n<p>Al nostre aparcament disposam de quatre estacions de c\u00e0rrega per a vehicles el\u00e8ctrics per intentar facilitar el transport sostenible. A m\u00e9s,\u00a0 aviat canviarem la nostra minivan per una nova el\u00e8ctrica per acompanyar-te a Peguera en els trasllats que oferim.<\/p>\n<h3>ARTICLES D\u2019HIGIENE<\/h3>\n<p>Tots els sabons que trobar\u00e0s al bany de la teva habitaci\u00f3 s\u00f3n elaborats per una empresa mallorquina especialitzada en cosm\u00e8tica natural sostenible. El contingut \u00e9s <strong>100% ecol\u00f2gic<\/strong> i elaborat amb <strong>productes de l&#8217;illa<\/strong>, i el packaging \u00e9s <strong>100% reutilitzable<\/strong>.<\/p>\n<h3>PL\u00c0STIC RECICLAT<\/h3>\n<p><strong>Eliminant tots els pl\u00e0stics d&#8217;un sol \u00fas.<\/strong> Tenir nom\u00e9s vidre no seria segur per la platja o la piscina. Per aix\u00f2, hem canviat de pl\u00e0stic a pl\u00e0stic 100% reciclat.<\/p>\n<h3>CANYETES DE CARTR\u00d3<\/h3>\n<p>Creim que totes les begudes tenen millor gust sense canyeta. Per\u00f2 si en vols demanar una, ara s\u00f3n de cartr\u00f3.<\/p>\n<h3>REDU\u00cfM EL PAPER QUE EMPRAM<\/h3>\n<p>CODIS QR<\/p>\n<p>Perqu\u00e8 tengueu acc\u00e9s tota la informaci\u00f3 que necessiteu durant les vostres vacances, Hem canviat el nostre directori, recomanacions i informaci\u00f3 a contingut digital.<\/p>\n<p>DIGITALITZACI\u00d3 DE LA FEINA<\/p>\n<p>Hem implementat un nou sistema inform\u00e0tic per assegurar-nos que no imprimim res a no ser que sigui realment necessari. Durant el registre d&#8217;entrada o sortida, podr\u00e0s rebre tota la informaci\u00f3 per correu electr\u00f2nic.<\/p>\n<h3>M\u00c9S<\/h3>\n<p>Feim tot el possible per seguir millorant la vostra experi\u00e8ncia amb nosaltres i tenir cura del medi ambient al mateix temps.<\/p>\n<p>A m\u00e9s, <strong><a href=\"https:\/\/www.calafornells.com\/wp-content\/uploads\/2024\/05\/pla-circularitat-2024.pdf\">aqu\u00ed tens acc\u00e9s al nostre pla de circularitat<\/a><\/strong>, una guia que ens ajuda a organitzar el cam\u00ed que volem seguir en els propers anys<\/p>\n<\/div><\/div><\/div><\/div><\/div><\/div><\/div><\/section>\n","protected":false},"excerpt":{"rendered":"DESCOBRINT CALA FORNELLS Estam molt contents de poder donar-te la benvinguda a l\u2019Hotel Cala Fornells! Com segurament ja sabr\u00e0s, l\u2019hotel va obrir les seves portes l\u2019any 1947. I saps com va comen\u00e7ar tot? Imagina una tranquil\u00b7la Mallorca de fa 77 anys. En aquells temps nom\u00e9s dues habitacions envoltaven el que encara avui \u00e9s una de...","protected":false},"author":1,"featured_media":0,"parent":0,"menu_order":0,"comment_status":"closed","ping_status":"closed","template":"","meta":{"footnotes":""},"class_list":["post-12813","page","type-page","status-publish","hentry"],"yoast_head":"<!-- This site is optimized with the Yoast SEO plugin v27.3 - https:\/\/yoast.com\/product\/yoast-seo-wordpress\/ -->\n<title>Directori | Hotel Cala Fornells<\/title>\n<meta name=\"robots\" content=\"index, follow, max-snippet:-1, max-image-preview:large, max-video-preview:-1\" \/>\n<link rel=\"canonical\" href=\"https:\/\/www.calafornells.com\/ca\/qr-directori\/\" \/>\n<meta property=\"og:locale\" content=\"ca_ES\" \/>\n<meta property=\"og:type\" content=\"article\" \/>\n<meta property=\"og:title\" content=\"Directori | Hotel Cala Fornells\" \/>\n<meta property=\"og:url\" content=\"https:\/\/www.calafornells.com\/ca\/qr-directori\/\" \/>\n<meta property=\"og:site_name\" content=\"Hotel Cala Fornells\" \/>\n<meta property=\"article:publisher\" content=\"https:\/\/www.facebook.com\/hotel.calafornells\/\" \/>\n<meta property=\"article:modified_time\" content=\"2026-02-27T13:36:44+00:00\" \/>\n<meta name=\"twitter:card\" content=\"summary_large_image\" \/>\n<meta name=\"twitter:label1\" content=\"Temps estimat de lectura\" \/>\n\t<meta name=\"twitter:data1\" content=\"5 minuts\" \/>\n<script type=\"application\/ld+json\" class=\"yoast-schema-graph\">{\"@context\":\"https:\\\/\\\/schema.org\",\"@graph\":[{\"@type\":\"WebPage\",\"@id\":\"https:\\\/\\\/www.calafornells.com\\\/ca\\\/qr-directori\\\/\",\"url\":\"https:\\\/\\\/www.calafornells.com\\\/ca\\\/qr-directori\\\/\",\"name\":\"Directori | Hotel Cala Fornells\",\"isPartOf\":{\"@id\":\"https:\\\/\\\/www.calafornells.com\\\/#website\"},\"datePublished\":\"2021-12-20T18:18:58+00:00\",\"dateModified\":\"2026-02-27T13:36:44+00:00\",\"breadcrumb\":{\"@id\":\"https:\\\/\\\/www.calafornells.com\\\/ca\\\/qr-directori\\\/#breadcrumb\"},\"inLanguage\":\"ca\",\"potentialAction\":[{\"@type\":\"ReadAction\",\"target\":[\"https:\\\/\\\/www.calafornells.com\\\/ca\\\/qr-directori\\\/\"]}]},{\"@type\":\"BreadcrumbList\",\"@id\":\"https:\\\/\\\/www.calafornells.com\\\/ca\\\/qr-directori\\\/#breadcrumb\",\"itemListElement\":[{\"@type\":\"ListItem\",\"position\":1,\"name\":\"Portada\",\"item\":\"https:\\\/\\\/www.calafornells.com\\\/ca\\\/\"},{\"@type\":\"ListItem\",\"position\":2,\"name\":\"Directori\"}]},{\"@type\":\"WebSite\",\"@id\":\"https:\\\/\\\/www.calafornells.com\\\/#website\",\"url\":\"https:\\\/\\\/www.calafornells.com\\\/\",\"name\":\"Hotel Cala Fornells\",\"description\":\"4* Peguera Mallorca | Web Oficial | Millor Preu online Garantit\",\"publisher\":{\"@id\":\"https:\\\/\\\/www.calafornells.com\\\/#organization\"},\"potentialAction\":[{\"@type\":\"SearchAction\",\"target\":{\"@type\":\"EntryPoint\",\"urlTemplate\":\"https:\\\/\\\/www.calafornells.com\\\/?s={search_term_string}\"},\"query-input\":{\"@type\":\"PropertyValueSpecification\",\"valueRequired\":true,\"valueName\":\"search_term_string\"}}],\"inLanguage\":\"ca\"},{\"@type\":\"Organization\",\"@id\":\"https:\\\/\\\/www.calafornells.com\\\/#organization\",\"name\":\"Hotel Cala Fornells\",\"url\":\"https:\\\/\\\/www.calafornells.com\\\/\",\"logo\":{\"@type\":\"ImageObject\",\"inLanguage\":\"ca\",\"@id\":\"https:\\\/\\\/www.calafornells.com\\\/#\\\/schema\\\/logo\\\/image\\\/\",\"url\":\"\",\"contentUrl\":\"\",\"caption\":\"Hotel Cala Fornells\"},\"image\":{\"@id\":\"https:\\\/\\\/www.calafornells.com\\\/#\\\/schema\\\/logo\\\/image\\\/\"},\"sameAs\":[\"https:\\\/\\\/www.facebook.com\\\/hotel.calafornells\\\/\",\"https:\\\/\\\/www.instagram.com\\\/hotelcalafornells\\\/\"]}]}<\/script>\n<!-- \/ Yoast SEO plugin. -->","yoast_head_json":{"title":"Directori | Hotel Cala Fornells","robots":{"index":"index","follow":"follow","max-snippet":"max-snippet:-1","max-image-preview":"max-image-preview:large","max-video-preview":"max-video-preview:-1"},"canonical":"https:\/\/www.calafornells.com\/ca\/qr-directori\/","og_locale":"ca_ES","og_type":"article","og_title":"Directori | Hotel Cala Fornells","og_url":"https:\/\/www.calafornells.com\/ca\/qr-directori\/","og_site_name":"Hotel Cala Fornells","article_publisher":"https:\/\/www.facebook.com\/hotel.calafornells\/","article_modified_time":"2026-02-27T13:36:44+00:00","twitter_card":"summary_large_image","twitter_misc":{"Temps estimat de lectura":"5 minuts"},"schema":{"@context":"https:\/\/schema.org","@graph":[{"@type":"WebPage","@id":"https:\/\/www.calafornells.com\/ca\/qr-directori\/","url":"https:\/\/www.calafornells.com\/ca\/qr-directori\/","name":"Directori | Hotel Cala Fornells","isPartOf":{"@id":"https:\/\/www.calafornells.com\/#website"},"datePublished":"2021-12-20T18:18:58+00:00","dateModified":"2026-02-27T13:36:44+00:00","breadcrumb":{"@id":"https:\/\/www.calafornells.com\/ca\/qr-directori\/#breadcrumb"},"inLanguage":"ca","potentialAction":[{"@type":"ReadAction","target":["https:\/\/www.calafornells.com\/ca\/qr-directori\/"]}]},{"@type":"BreadcrumbList","@id":"https:\/\/www.calafornells.com\/ca\/qr-directori\/#breadcrumb","itemListElement":[{"@type":"ListItem","position":1,"name":"Portada","item":"https:\/\/www.calafornells.com\/ca\/"},{"@type":"ListItem","position":2,"name":"Directori"}]},{"@type":"WebSite","@id":"https:\/\/www.calafornells.com\/#website","url":"https:\/\/www.calafornells.com\/","name":"Hotel Cala Fornells","description":"4* Peguera Mallorca | Web Oficial | Millor Preu online Garantit","publisher":{"@id":"https:\/\/www.calafornells.com\/#organization"},"potentialAction":[{"@type":"SearchAction","target":{"@type":"EntryPoint","urlTemplate":"https:\/\/www.calafornells.com\/?s={search_term_string}"},"query-input":{"@type":"PropertyValueSpecification","valueRequired":true,"valueName":"search_term_string"}}],"inLanguage":"ca"},{"@type":"Organization","@id":"https:\/\/www.calafornells.com\/#organization","name":"Hotel Cala Fornells","url":"https:\/\/www.calafornells.com\/","logo":{"@type":"ImageObject","inLanguage":"ca","@id":"https:\/\/www.calafornells.com\/#\/schema\/logo\/image\/","url":"","contentUrl":"","caption":"Hotel Cala Fornells"},"image":{"@id":"https:\/\/www.calafornells.com\/#\/schema\/logo\/image\/"},"sameAs":["https:\/\/www.facebook.com\/hotel.calafornells\/","https:\/\/www.instagram.com\/hotelcalafornells\/"]}]}},"_links":{"self":[{"href":"https:\/\/www.calafornells.com\/ca\/wp-json\/wp\/v2\/pages\/12813","targetHints":{"allow":["GET"]}}],"collection":[{"href":"https:\/\/www.calafornells.com\/ca\/wp-json\/wp\/v2\/pages"}],"about":[{"href":"https:\/\/www.calafornells.com\/ca\/wp-json\/wp\/v2\/types\/page"}],"author":[{"embeddable":true,"href":"https:\/\/www.calafornells.com\/ca\/wp-json\/wp\/v2\/users\/1"}],"replies":[{"embeddable":true,"href":"https:\/\/www.calafornells.com\/ca\/wp-json\/wp\/v2\/comments?post=12813"}],"version-history":[{"count":31,"href":"https:\/\/www.calafornells.com\/ca\/wp-json\/wp\/v2\/pages\/12813\/revisions"}],"predecessor-version":[{"id":14352,"href":"https:\/\/www.calafornells.com\/ca\/wp-json\/wp\/v2\/pages\/12813\/revisions\/14352"}],"wp:attachment":[{"href":"https:\/\/www.calafornells.com\/ca\/wp-json\/wp\/v2\/media?parent=12813"}],"curies":[{"name":"wp","href":"https:\/\/api.w.org\/{rel}","templated":true}]}}