{"id":7112,"date":"2014-06-05T15:04:57","date_gmt":"2014-06-05T15:04:57","guid":{"rendered":"https:\/\/www.calafornells.com\/golf\/golf-club-bendinat\/"},"modified":"2014-07-18T10:52:37","modified_gmt":"2014-07-18T10:52:37","slug":"golf-club-bendinat","status":"publish","type":"page","link":"https:\/\/www.calafornells.com\/ca\/golf\/golf-club-bendinat\/","title":{"rendered":"Golf Club Bendinat"},"content":{"rendered":"<section class=\"l-section wpb_row height_medium\"><div class=\"l-section-h i-cf\"><div class=\"g-cols vc_row via_flex valign_top type_default stacking_default\"><div class=\"vc_col-sm-6 wpb_column vc_column_container\"><div class=\"vc_column-inner\"><div class=\"wpb_wrapper\"><div class=\"wpb_text_column\"><div class=\"wpb_wrapper\"><p>El Golf Club Bendinat, inaugurat el 1986, destaca per les seves vistes a la badia de Palma, Cabrera i el Castell de Bendinat. Situat entre el mar i les muntanyes, els seus 5.660 metres ofereixen al jugador una experi\u00e8ncia \u00fanica de joc.<\/p>\n<p>Es troba a nom\u00e9s 16,8 km de l&#8217;Hotel Cala Fornells, uns 18 minuts amb cotxe.<\/p>\n<\/div><\/div><\/div><\/div><\/div><div class=\"vc_col-sm-6 wpb_column vc_column_container\"><div class=\"vc_column-inner\"><div class=\"wpb_wrapper\"><div class=\"wpb_text_column\"><div class=\"wpb_wrapper\"><div id=\"box\">\n<h3>Camps recomanats<\/h3>\n<ul>\n<li><a href=\"https:\/\/www.calafornells.com\/ca\/golf\/golf-de-andratx\/\">Golf de Andratx<\/a><\/li>\n<li><a href=\"https:\/\/www.calafornells.com\/ca\/golf\/golf-santa-ponsa\/\">Golf Santa Ponsa<\/a><\/li>\n<li><a href=\"https:\/\/www.calafornells.com\/ca\/golf\/golf-son-vida\/\">Golf Son Vida<\/a><\/li>\n<li><a href=\"https:\/\/www.calafornells.com\/ca\/golf\/golf-club-bendinat\/\">Golf Club Bendinat<\/a><\/li>\n<li><a href=\"https:\/\/www.calafornells.com\/ca\/golf\/golf-son-quint\/\">Golf Son Quint<\/a><\/li>\n<\/ul>\n<h3 id=\"box_title_2\">Paquets<\/h3>\n<ul>\n<li><a href=\"https:\/\/www.calafornells.com\/ca\/paquets\/paquets-de-golf\/\"><strong>Paquets de golf<\/strong><\/a><\/li>\n<\/ul>\n<\/div>\n<\/div><\/div><\/div><\/div><\/div><\/div><\/div><\/section><section class=\"l-section wpb_row height_medium\"><div class=\"l-section-h i-cf\"><div class=\"g-cols vc_row via_flex valign_top type_default stacking_default\"><div class=\"vc_col-sm-12 wpb_column vc_column_container\"><div class=\"vc_column-inner\"><div class=\"wpb_wrapper\">[vc_raw_html]JTNDaWZyYW1lJTIwd2lkdGglM0QlMjIxMDAlMjUlMjIlMjBoZWlnaHQlM0QlMjI1MDAlMjIlMjBmcmFtZWJvcmRlciUzRCUyMjAlMjIlMjBzY3JvbGxpbmclM0QlMjJubyUyMiUyMG1hcmdpbmhlaWdodCUzRCUyMjAlMjIlMjBtYXJnaW53aWR0aCUzRCUyMjAlMjIlMjBzcmMlM0QlMjJodHRwcyUzQSUyRiUyRm1hcHMuZ29vZ2xlLmVzJTJGbWFwcyUyRm1zJTNGbXNpZCUzRDIxNzA4MDE0MzMyMTIxNjYwNDc4Ny4wMDA0ZmIxN2U3NWUyYTRhNTRhYzglMjZhbXAlM0Jtc2ElM0QwJTI2YW1wJTNCaWUlM0RVVEY4JTI2YW1wJTNCbGwlM0QzOS41MzE0ODYlMkMyLjU0NDA3MiUyNmFtcCUzQnNwbiUzRDAuMDEzMDQxJTJDMC4wMTkyOSUyNmFtcCUzQnQlM0RtJTI2YW1wJTNCb3V0cHV0JTNEZW1iZWQlMjZhbXAlM0J6JTNEMTIlMjZhbXAlM0J0JTNEbSUyMiUzRSUzQyUyRmlmcmFtZSUzRQ==[\/vc_raw_html]<\/div><\/div><\/div><\/div><\/div><\/section>\n","protected":false},"excerpt":{"rendered":"El Golf Club Bendinat, inaugurat el 1986, destaca per les seves vistes a la badia de Palma, Cabrera i el Castell de Bendinat. Situat entre el mar i les muntanyes, els seus 5.660 metres ofereixen al jugador una experi\u00e8ncia \u00fanica de joc. Es troba a nom\u00e9s 16,8 km de l&#8217;Hotel Cala Fornells, uns 18 minuts...","protected":false},"author":1,"featured_media":0,"parent":7107,"menu_order":0,"comment_status":"closed","ping_status":"open","template":"","meta":{"footnotes":""},"class_list":["post-7112","page","type-page","status-publish","hentry"],"yoast_head":"<!-- This site is optimized with the Yoast SEO plugin v27.5 - https:\/\/yoast.com\/product\/yoast-seo-wordpress\/ -->\n<title>Golf Club Bendinat | Hotel Cala Fornells<\/title>\n<meta name=\"robots\" content=\"index, follow, max-snippet:-1, max-image-preview:large, max-video-preview:-1\" \/>\n<link rel=\"canonical\" href=\"https:\/\/www.calafornells.com\/golf\/golf-club-bendinat\/\" \/>\n<meta property=\"og:locale\" content=\"ca_ES\" \/>\n<meta property=\"og:type\" content=\"article\" \/>\n<meta property=\"og:title\" content=\"Golf Club Bendinat | Hotel Cala Fornells\" \/>\n<meta property=\"og:url\" content=\"https:\/\/www.calafornells.com\/golf\/golf-club-bendinat\/\" \/>\n<meta property=\"og:site_name\" content=\"Hotel Cala Fornells\" \/>\n<meta property=\"article:publisher\" content=\"https:\/\/www.facebook.com\/hotel.calafornells\/\" \/>\n<meta property=\"article:modified_time\" content=\"2014-07-18T10:52:37+00:00\" \/>\n<meta name=\"twitter:card\" content=\"summary_large_image\" \/>\n<meta name=\"twitter:label1\" content=\"Temps estimat de lectura\" \/>\n\t<meta name=\"twitter:data1\" content=\"1 minut\" \/>\n<script type=\"application\/ld+json\" class=\"yoast-schema-graph\">{\"@context\":\"https:\\\/\\\/schema.org\",\"@graph\":[{\"@type\":\"WebPage\",\"@id\":\"https:\\\/\\\/www.calafornells.com\\\/golf\\\/golf-club-bendinat\\\/\",\"url\":\"https:\\\/\\\/www.calafornells.com\\\/golf\\\/golf-club-bendinat\\\/\",\"name\":\"Golf Club Bendinat | Hotel Cala Fornells\",\"isPartOf\":{\"@id\":\"https:\\\/\\\/www.calafornells.com\\\/#website\"},\"datePublished\":\"2014-06-05T15:04:57+00:00\",\"dateModified\":\"2014-07-18T10:52:37+00:00\",\"breadcrumb\":{\"@id\":\"https:\\\/\\\/www.calafornells.com\\\/golf\\\/golf-club-bendinat\\\/#breadcrumb\"},\"inLanguage\":\"ca\",\"potentialAction\":[{\"@type\":\"ReadAction\",\"target\":[\"https:\\\/\\\/www.calafornells.com\\\/golf\\\/golf-club-bendinat\\\/\"]}]},{\"@type\":\"BreadcrumbList\",\"@id\":\"https:\\\/\\\/www.calafornells.com\\\/golf\\\/golf-club-bendinat\\\/#breadcrumb\",\"itemListElement\":[{\"@type\":\"ListItem\",\"position\":1,\"name\":\"Portada\",\"item\":\"https:\\\/\\\/www.calafornells.com\\\/ca\\\/\"},{\"@type\":\"ListItem\",\"position\":2,\"name\":\"Golf\",\"item\":\"https:\\\/\\\/www.calafornells.com\\\/golf\\\/\"},{\"@type\":\"ListItem\",\"position\":3,\"name\":\"Golf Club Bendinat\"}]},{\"@type\":\"WebSite\",\"@id\":\"https:\\\/\\\/www.calafornells.com\\\/#website\",\"url\":\"https:\\\/\\\/www.calafornells.com\\\/\",\"name\":\"Hotel Cala Fornells\",\"description\":\"4* Peguera Mallorca | Web Oficial | Millor Preu online Garantit\",\"publisher\":{\"@id\":\"https:\\\/\\\/www.calafornells.com\\\/#organization\"},\"potentialAction\":[{\"@type\":\"SearchAction\",\"target\":{\"@type\":\"EntryPoint\",\"urlTemplate\":\"https:\\\/\\\/www.calafornells.com\\\/?s={search_term_string}\"},\"query-input\":{\"@type\":\"PropertyValueSpecification\",\"valueRequired\":true,\"valueName\":\"search_term_string\"}}],\"inLanguage\":\"ca\"},{\"@type\":\"Organization\",\"@id\":\"https:\\\/\\\/www.calafornells.com\\\/#organization\",\"name\":\"Hotel Cala Fornells\",\"url\":\"https:\\\/\\\/www.calafornells.com\\\/\",\"logo\":{\"@type\":\"ImageObject\",\"inLanguage\":\"ca\",\"@id\":\"https:\\\/\\\/www.calafornells.com\\\/#\\\/schema\\\/logo\\\/image\\\/\",\"url\":\"\",\"contentUrl\":\"\",\"caption\":\"Hotel Cala Fornells\"},\"image\":{\"@id\":\"https:\\\/\\\/www.calafornells.com\\\/#\\\/schema\\\/logo\\\/image\\\/\"},\"sameAs\":[\"https:\\\/\\\/www.facebook.com\\\/hotel.calafornells\\\/\",\"https:\\\/\\\/www.instagram.com\\\/hotelcalafornells\\\/\"]}]}<\/script>\n<!-- \/ Yoast SEO plugin. -->","yoast_head_json":{"title":"Golf Club Bendinat | Hotel Cala Fornells","robots":{"index":"index","follow":"follow","max-snippet":"max-snippet:-1","max-image-preview":"max-image-preview:large","max-video-preview":"max-video-preview:-1"},"canonical":"https:\/\/www.calafornells.com\/golf\/golf-club-bendinat\/","og_locale":"ca_ES","og_type":"article","og_title":"Golf Club Bendinat | Hotel Cala Fornells","og_url":"https:\/\/www.calafornells.com\/golf\/golf-club-bendinat\/","og_site_name":"Hotel Cala Fornells","article_publisher":"https:\/\/www.facebook.com\/hotel.calafornells\/","article_modified_time":"2014-07-18T10:52:37+00:00","twitter_card":"summary_large_image","twitter_misc":{"Temps estimat de lectura":"1 minut"},"schema":{"@context":"https:\/\/schema.org","@graph":[{"@type":"WebPage","@id":"https:\/\/www.calafornells.com\/golf\/golf-club-bendinat\/","url":"https:\/\/www.calafornells.com\/golf\/golf-club-bendinat\/","name":"Golf Club Bendinat | Hotel Cala Fornells","isPartOf":{"@id":"https:\/\/www.calafornells.com\/#website"},"datePublished":"2014-06-05T15:04:57+00:00","dateModified":"2014-07-18T10:52:37+00:00","breadcrumb":{"@id":"https:\/\/www.calafornells.com\/golf\/golf-club-bendinat\/#breadcrumb"},"inLanguage":"ca","potentialAction":[{"@type":"ReadAction","target":["https:\/\/www.calafornells.com\/golf\/golf-club-bendinat\/"]}]},{"@type":"BreadcrumbList","@id":"https:\/\/www.calafornells.com\/golf\/golf-club-bendinat\/#breadcrumb","itemListElement":[{"@type":"ListItem","position":1,"name":"Portada","item":"https:\/\/www.calafornells.com\/ca\/"},{"@type":"ListItem","position":2,"name":"Golf","item":"https:\/\/www.calafornells.com\/golf\/"},{"@type":"ListItem","position":3,"name":"Golf Club Bendinat"}]},{"@type":"WebSite","@id":"https:\/\/www.calafornells.com\/#website","url":"https:\/\/www.calafornells.com\/","name":"Hotel Cala Fornells","description":"4* Peguera Mallorca | Web Oficial | Millor Preu online Garantit","publisher":{"@id":"https:\/\/www.calafornells.com\/#organization"},"potentialAction":[{"@type":"SearchAction","target":{"@type":"EntryPoint","urlTemplate":"https:\/\/www.calafornells.com\/?s={search_term_string}"},"query-input":{"@type":"PropertyValueSpecification","valueRequired":true,"valueName":"search_term_string"}}],"inLanguage":"ca"},{"@type":"Organization","@id":"https:\/\/www.calafornells.com\/#organization","name":"Hotel Cala Fornells","url":"https:\/\/www.calafornells.com\/","logo":{"@type":"ImageObject","inLanguage":"ca","@id":"https:\/\/www.calafornells.com\/#\/schema\/logo\/image\/","url":"","contentUrl":"","caption":"Hotel Cala Fornells"},"image":{"@id":"https:\/\/www.calafornells.com\/#\/schema\/logo\/image\/"},"sameAs":["https:\/\/www.facebook.com\/hotel.calafornells\/","https:\/\/www.instagram.com\/hotelcalafornells\/"]}]}},"_links":{"self":[{"href":"https:\/\/www.calafornells.com\/ca\/wp-json\/wp\/v2\/pages\/7112","targetHints":{"allow":["GET"]}}],"collection":[{"href":"https:\/\/www.calafornells.com\/ca\/wp-json\/wp\/v2\/pages"}],"about":[{"href":"https:\/\/www.calafornells.com\/ca\/wp-json\/wp\/v2\/types\/page"}],"author":[{"embeddable":true,"href":"https:\/\/www.calafornells.com\/ca\/wp-json\/wp\/v2\/users\/1"}],"replies":[{"embeddable":true,"href":"https:\/\/www.calafornells.com\/ca\/wp-json\/wp\/v2\/comments?post=7112"}],"version-history":[{"count":1,"href":"https:\/\/www.calafornells.com\/ca\/wp-json\/wp\/v2\/pages\/7112\/revisions"}],"predecessor-version":[{"id":7746,"href":"https:\/\/www.calafornells.com\/ca\/wp-json\/wp\/v2\/pages\/7112\/revisions\/7746"}],"up":[{"embeddable":true,"href":"https:\/\/www.calafornells.com\/ca\/wp-json\/wp\/v2\/pages\/7107"}],"wp:attachment":[{"href":"https:\/\/www.calafornells.com\/ca\/wp-json\/wp\/v2\/media?parent=7112"}],"curies":[{"name":"wp","href":"https:\/\/api.w.org\/{rel}","templated":true}]}}