{"id":7172,"date":"2014-06-05T16:08:26","date_gmt":"2014-06-05T16:08:26","guid":{"rendered":"https:\/\/www.calafornells.com\/paquetes\/paquetes-de-golf\/"},"modified":"2022-11-28T12:02:05","modified_gmt":"2022-11-28T11:02:05","slug":"paquets-de-golf","status":"publish","type":"page","link":"https:\/\/www.calafornells.com\/ca\/paquets\/paquets-de-golf\/","title":{"rendered":"Paquets de Golf"},"content":{"rendered":"<section class=\"l-section wpb_row height_medium\"><div class=\"l-section-h i-cf\"><div class=\"g-cols vc_row via_flex valign_top type_default stacking_default\"><div class=\"vc_col-sm-12 wpb_column vc_column_container\"><div class=\"vc_column-inner\"><div class=\"wpb_wrapper\"><div class=\"wpb_text_column\"><div class=\"wpb_wrapper\"><p>L&#8217;Hotel Cala Fornells ofereix diversos paquets de golf, que inclouen 3, 4 \u00f3 5 Green Fees, sopars i altres extres. Nom\u00e9s per a <a href=\"https:\/\/www.calafornells.com\/hotel-mallorca-reserva-online\/\">reserves en aquesta web de 5, 6, 7 o m\u00e9s nits<\/a>.<\/p>\n<div class=\"paquets\">\n<h3>3 Green Fees + 1 sopar + altres extres<\/h3>\n<h4>Extres inclosos:<\/h4>\n<p>3 Green Fees<\/p>\n<p>1 sopar<\/p>\n<p>Botella de vi + senalla de fruita (un lot per habitaci\u00f3)<\/p>\n<p>Habitaci\u00f3 superior a la reservada (subjecte a disponibilitat)<\/p>\n<h4>Disponibilitat:<\/h4>\n<p>Febrer a maig \/ Setembre i octubre<\/p>\n<h4>Condicions:<\/h4>\n<p>Nom\u00e9s per a <a href=\"https:\/\/www.calafornells.com\/hotel-mallorca-reserva-online\/\">reserves en aquesta web de 5 o m\u00e9s nits<\/a><\/p>\n<h4>M\u00e9s informaci\u00f3:<\/h4>\n<p><a title=\"Golf Santa Ponsa\" href=\"https:\/\/www.calafornells.com\/ca\/golf\/golf-santa-ponsa\/\">Golf Santa Ponsa<\/a><br \/>\n<a title=\"Golf Club Bendinat\" href=\"https:\/\/www.calafornells.com\/ca\/golf\/golf-club-bendinat\/\">Golf Club Bendinat<\/a><br \/>\n<a title=\"Golf Son Vida\" href=\"https:\/\/www.calafornells.com\/ca\/golf\/golf-son-vida\/\">Golf Son Vida<\/a><\/p>\n<h4>Preu per persona:<\/h4>\n<p>Per informaci\u00f3 sobre preus podeu enviar un correu a <a href=\"mailto:hotel@calafornells.com\">hotel@calafornells.com<\/a><\/p>\n<\/div>\n<div class=\"paquets\">\n<h3>4 Green Fees + 1 sopar + altres extres<\/h3>\n<h4>Extres inclosos:<\/h4>\n<p>4 Green Fees<\/p>\n<p>1 sopar<\/p>\n<p>Botella de vi + senalla de fruita (un lot per habitaci\u00f3)<\/p>\n<p>Habitaci\u00f3 superior a la reservada (subjecte a disponibilitat)<\/p>\n<h4>Disponibilitat:<\/h4>\n<p>Febrer a maig \/ Setembre i octubre<\/p>\n<h4>Condicions:<\/h4>\n<p>Nom\u00e9s per a <a href=\"https:\/\/www.calafornells.com\/hotel-mallorca-reserva-online\/\">reserves en aquesta web de 6 o m\u00e9s nits<\/a><\/p>\n<h4>M\u00e9s informaci\u00f3:<\/h4>\n<p><a title=\"Golf Santa Ponsa\" href=\"https:\/\/www.calafornells.com\/ca\/golf\/golf-santa-ponsa\/\">Golf Santa Ponsa<\/a><br \/>\n<a title=\"Golf Club Bendinat\" href=\"https:\/\/www.calafornells.com\/ca\/golf\/golf-club-bendinat\/\">Golf Club Bendinat<\/a><br \/>\n<a title=\"Golf Son Vida\" href=\"https:\/\/www.calafornells.com\/ca\/golf\/golf-son-vida\/\">Golf Son Vida<\/a><br \/>\n<a title=\"Golf Son Quint\" href=\"https:\/\/www.calafornells.com\/ca\/golf\/golf-son-quint\/\">Golf Son Quint<\/a><\/p>\n<h4>Preu per persona:<\/h4>\n<p>Per informaci\u00f3 sobre preus podeu enviar un correu a <a href=\"mailto:hotel@calafornells.com\">hotel@calafornells.com<\/a><\/p>\n<\/div>\n<div class=\"paquets\">\n<h3>5 Green Fees + 2 sopars + altres extres<\/h3>\n<h4>Extres inclosos:<\/h4>\n<p>5 Green Fees<\/p>\n<p>2 sopars<\/p>\n<p>Botella de vi + senalla de fruita (un lot per habitaci\u00f3)<\/p>\n<p>Habitaci\u00f3 superior a la reservada (subjecte a disponibilitat)<\/p>\n<h4>Disponibilitat:<\/h4>\n<p>Febrer a maig \/ Setembre i octubre<\/p>\n<h4>Condicions:<\/h4>\n<p>Nom\u00e9s per a <a href=\"https:\/\/www.calafornells.com\/hotel-mallorca-reserva-online\/\">reserves en aquesta web de 7 o m\u00e9s nits<\/a><\/p>\n<h4>M\u00e9s informaci\u00f3:<\/h4>\n<p><a title=\"Golf Santa Ponsa\" href=\"https:\/\/www.calafornells.com\/ca\/golf\/golf-santa-ponsa\/\">Golf Santa Ponsa<\/a><br \/>\n<a title=\"Golf Club Bendinat\" href=\"https:\/\/www.calafornells.com\/ca\/golf\/golf-club-bendinat\/\">Golf Club Bendinat<\/a><br \/>\n<a title=\"Golf Son Vida\" href=\"https:\/\/www.calafornells.com\/ca\/golf\/golf-son-vida\/\">Golf Son Vida<\/a><br \/>\n<a title=\"Golf Son Quint\" href=\"https:\/\/www.calafornells.com\/ca\/golf\/golf-son-quint\/\">Golf Son Quint<\/a><br \/>\n<a title=\"Golf de Andratx\" href=\"https:\/\/www.calafornells.com\/ca\/golf\/golf-de-andratx\/\">Golf de Andratx<\/a><\/p>\n<h4>Preu per persona:<\/h4>\n<p>Per informaci\u00f3 sobre preus podeu enviar un correu a <a href=\"mailto:hotel@calafornells.com\">hotel@calafornells.com<\/a><\/p>\n<\/div>\n<\/div><\/div><\/div><\/div><\/div><\/div><\/div><\/section>\n","protected":false},"excerpt":{"rendered":"L&#8217;Hotel Cala Fornells ofereix diversos paquets de golf, que inclouen 3, 4 \u00f3 5 Green Fees, sopars i altres extres. Nom\u00e9s per a reserves en aquesta web de 5, 6, 7 o m\u00e9s nits. 3 Green Fees + 1 sopar + altres extres Extres inclosos: 3 Green Fees 1 sopar Botella de vi + senalla...","protected":false},"author":1,"featured_media":9431,"parent":7162,"menu_order":0,"comment_status":"closed","ping_status":"closed","template":"","meta":{"footnotes":""},"class_list":["post-7172","page","type-page","status-publish","has-post-thumbnail","hentry"],"yoast_head":"<!-- This site is optimized with the Yoast SEO plugin v27.6 - https:\/\/yoast.com\/product\/yoast-seo-wordpress\/ -->\n<title>Paquets de Golf | Hotel Cala Fornells<\/title>\n<meta name=\"robots\" content=\"index, follow, max-snippet:-1, max-image-preview:large, max-video-preview:-1\" \/>\n<link rel=\"canonical\" href=\"https:\/\/www.calafornells.com\/paquetes\/paquetes-de-golf\/\" \/>\n<meta property=\"og:locale\" content=\"ca_ES\" \/>\n<meta property=\"og:type\" content=\"article\" \/>\n<meta property=\"og:title\" content=\"Paquets de Golf | Hotel Cala Fornells\" \/>\n<meta property=\"og:url\" content=\"https:\/\/www.calafornells.com\/paquetes\/paquetes-de-golf\/\" \/>\n<meta property=\"og:site_name\" content=\"Hotel Cala Fornells\" \/>\n<meta property=\"article:publisher\" content=\"https:\/\/www.facebook.com\/hotel.calafornells\/\" \/>\n<meta property=\"article:modified_time\" content=\"2022-11-28T11:02:05+00:00\" \/>\n<meta property=\"og:image\" content=\"https:\/\/www.calafornells.com\/wp-content\/uploads\/2014\/04\/hotel-cala-fornells-golf-1.jpg\" \/>\n\t<meta property=\"og:image:width\" content=\"1920\" \/>\n\t<meta property=\"og:image:height\" content=\"1080\" \/>\n\t<meta property=\"og:image:type\" content=\"image\/jpeg\" \/>\n<meta name=\"twitter:card\" content=\"summary_large_image\" \/>\n<meta name=\"twitter:label1\" content=\"Temps estimat de lectura\" \/>\n\t<meta name=\"twitter:data1\" content=\"2 minuts\" \/>\n<script type=\"application\/ld+json\" class=\"yoast-schema-graph\">{\"@context\":\"https:\\\/\\\/schema.org\",\"@graph\":[{\"@type\":\"WebPage\",\"@id\":\"https:\\\/\\\/www.calafornells.com\\\/paquetes\\\/paquetes-de-golf\\\/\",\"url\":\"https:\\\/\\\/www.calafornells.com\\\/paquetes\\\/paquetes-de-golf\\\/\",\"name\":\"Paquets de Golf | Hotel Cala Fornells\",\"isPartOf\":{\"@id\":\"https:\\\/\\\/www.calafornells.com\\\/#website\"},\"primaryImageOfPage\":{\"@id\":\"https:\\\/\\\/www.calafornells.com\\\/paquetes\\\/paquetes-de-golf\\\/#primaryimage\"},\"image\":{\"@id\":\"https:\\\/\\\/www.calafornells.com\\\/paquetes\\\/paquetes-de-golf\\\/#primaryimage\"},\"thumbnailUrl\":\"https:\\\/\\\/www.calafornells.com\\\/wp-content\\\/uploads\\\/2014\\\/04\\\/hotel-cala-fornells-golf-1.jpg\",\"datePublished\":\"2014-06-05T16:08:26+00:00\",\"dateModified\":\"2022-11-28T11:02:05+00:00\",\"breadcrumb\":{\"@id\":\"https:\\\/\\\/www.calafornells.com\\\/paquetes\\\/paquetes-de-golf\\\/#breadcrumb\"},\"inLanguage\":\"ca\",\"potentialAction\":[{\"@type\":\"ReadAction\",\"target\":[\"https:\\\/\\\/www.calafornells.com\\\/paquetes\\\/paquetes-de-golf\\\/\"]}]},{\"@type\":\"ImageObject\",\"inLanguage\":\"ca\",\"@id\":\"https:\\\/\\\/www.calafornells.com\\\/paquetes\\\/paquetes-de-golf\\\/#primaryimage\",\"url\":\"https:\\\/\\\/www.calafornells.com\\\/wp-content\\\/uploads\\\/2014\\\/04\\\/hotel-cala-fornells-golf-1.jpg\",\"contentUrl\":\"https:\\\/\\\/www.calafornells.com\\\/wp-content\\\/uploads\\\/2014\\\/04\\\/hotel-cala-fornells-golf-1.jpg\",\"width\":1920,\"height\":1080},{\"@type\":\"BreadcrumbList\",\"@id\":\"https:\\\/\\\/www.calafornells.com\\\/paquetes\\\/paquetes-de-golf\\\/#breadcrumb\",\"itemListElement\":[{\"@type\":\"ListItem\",\"position\":1,\"name\":\"Portada\",\"item\":\"https:\\\/\\\/www.calafornells.com\\\/ca\\\/\"},{\"@type\":\"ListItem\",\"position\":2,\"name\":\"Paquets\",\"item\":\"https:\\\/\\\/www.calafornells.com\\\/paquetes\\\/\"},{\"@type\":\"ListItem\",\"position\":3,\"name\":\"Paquets de Golf\"}]},{\"@type\":\"WebSite\",\"@id\":\"https:\\\/\\\/www.calafornells.com\\\/#website\",\"url\":\"https:\\\/\\\/www.calafornells.com\\\/\",\"name\":\"Hotel Cala Fornells\",\"description\":\"4* Peguera Mallorca | Web Oficial | Millor Preu online Garantit\",\"publisher\":{\"@id\":\"https:\\\/\\\/www.calafornells.com\\\/#organization\"},\"potentialAction\":[{\"@type\":\"SearchAction\",\"target\":{\"@type\":\"EntryPoint\",\"urlTemplate\":\"https:\\\/\\\/www.calafornells.com\\\/?s={search_term_string}\"},\"query-input\":{\"@type\":\"PropertyValueSpecification\",\"valueRequired\":true,\"valueName\":\"search_term_string\"}}],\"inLanguage\":\"ca\"},{\"@type\":\"Organization\",\"@id\":\"https:\\\/\\\/www.calafornells.com\\\/#organization\",\"name\":\"Hotel Cala Fornells\",\"url\":\"https:\\\/\\\/www.calafornells.com\\\/\",\"logo\":{\"@type\":\"ImageObject\",\"inLanguage\":\"ca\",\"@id\":\"https:\\\/\\\/www.calafornells.com\\\/#\\\/schema\\\/logo\\\/image\\\/\",\"url\":\"\",\"contentUrl\":\"\",\"caption\":\"Hotel Cala Fornells\"},\"image\":{\"@id\":\"https:\\\/\\\/www.calafornells.com\\\/#\\\/schema\\\/logo\\\/image\\\/\"},\"sameAs\":[\"https:\\\/\\\/www.facebook.com\\\/hotel.calafornells\\\/\",\"https:\\\/\\\/www.instagram.com\\\/hotelcalafornells\\\/\"]}]}<\/script>\n<!-- \/ Yoast SEO plugin. -->","yoast_head_json":{"title":"Paquets de Golf | Hotel Cala Fornells","robots":{"index":"index","follow":"follow","max-snippet":"max-snippet:-1","max-image-preview":"max-image-preview:large","max-video-preview":"max-video-preview:-1"},"canonical":"https:\/\/www.calafornells.com\/paquetes\/paquetes-de-golf\/","og_locale":"ca_ES","og_type":"article","og_title":"Paquets de Golf | Hotel Cala Fornells","og_url":"https:\/\/www.calafornells.com\/paquetes\/paquetes-de-golf\/","og_site_name":"Hotel Cala Fornells","article_publisher":"https:\/\/www.facebook.com\/hotel.calafornells\/","article_modified_time":"2022-11-28T11:02:05+00:00","og_image":[{"width":1920,"height":1080,"url":"https:\/\/www.calafornells.com\/wp-content\/uploads\/2014\/04\/hotel-cala-fornells-golf-1.jpg","type":"image\/jpeg"}],"twitter_card":"summary_large_image","twitter_misc":{"Temps estimat de lectura":"2 minuts"},"schema":{"@context":"https:\/\/schema.org","@graph":[{"@type":"WebPage","@id":"https:\/\/www.calafornells.com\/paquetes\/paquetes-de-golf\/","url":"https:\/\/www.calafornells.com\/paquetes\/paquetes-de-golf\/","name":"Paquets de Golf | Hotel Cala Fornells","isPartOf":{"@id":"https:\/\/www.calafornells.com\/#website"},"primaryImageOfPage":{"@id":"https:\/\/www.calafornells.com\/paquetes\/paquetes-de-golf\/#primaryimage"},"image":{"@id":"https:\/\/www.calafornells.com\/paquetes\/paquetes-de-golf\/#primaryimage"},"thumbnailUrl":"https:\/\/www.calafornells.com\/wp-content\/uploads\/2014\/04\/hotel-cala-fornells-golf-1.jpg","datePublished":"2014-06-05T16:08:26+00:00","dateModified":"2022-11-28T11:02:05+00:00","breadcrumb":{"@id":"https:\/\/www.calafornells.com\/paquetes\/paquetes-de-golf\/#breadcrumb"},"inLanguage":"ca","potentialAction":[{"@type":"ReadAction","target":["https:\/\/www.calafornells.com\/paquetes\/paquetes-de-golf\/"]}]},{"@type":"ImageObject","inLanguage":"ca","@id":"https:\/\/www.calafornells.com\/paquetes\/paquetes-de-golf\/#primaryimage","url":"https:\/\/www.calafornells.com\/wp-content\/uploads\/2014\/04\/hotel-cala-fornells-golf-1.jpg","contentUrl":"https:\/\/www.calafornells.com\/wp-content\/uploads\/2014\/04\/hotel-cala-fornells-golf-1.jpg","width":1920,"height":1080},{"@type":"BreadcrumbList","@id":"https:\/\/www.calafornells.com\/paquetes\/paquetes-de-golf\/#breadcrumb","itemListElement":[{"@type":"ListItem","position":1,"name":"Portada","item":"https:\/\/www.calafornells.com\/ca\/"},{"@type":"ListItem","position":2,"name":"Paquets","item":"https:\/\/www.calafornells.com\/paquetes\/"},{"@type":"ListItem","position":3,"name":"Paquets de Golf"}]},{"@type":"WebSite","@id":"https:\/\/www.calafornells.com\/#website","url":"https:\/\/www.calafornells.com\/","name":"Hotel Cala Fornells","description":"4* Peguera Mallorca | Web Oficial | Millor Preu online Garantit","publisher":{"@id":"https:\/\/www.calafornells.com\/#organization"},"potentialAction":[{"@type":"SearchAction","target":{"@type":"EntryPoint","urlTemplate":"https:\/\/www.calafornells.com\/?s={search_term_string}"},"query-input":{"@type":"PropertyValueSpecification","valueRequired":true,"valueName":"search_term_string"}}],"inLanguage":"ca"},{"@type":"Organization","@id":"https:\/\/www.calafornells.com\/#organization","name":"Hotel Cala Fornells","url":"https:\/\/www.calafornells.com\/","logo":{"@type":"ImageObject","inLanguage":"ca","@id":"https:\/\/www.calafornells.com\/#\/schema\/logo\/image\/","url":"","contentUrl":"","caption":"Hotel Cala Fornells"},"image":{"@id":"https:\/\/www.calafornells.com\/#\/schema\/logo\/image\/"},"sameAs":["https:\/\/www.facebook.com\/hotel.calafornells\/","https:\/\/www.instagram.com\/hotelcalafornells\/"]}]}},"_links":{"self":[{"href":"https:\/\/www.calafornells.com\/ca\/wp-json\/wp\/v2\/pages\/7172","targetHints":{"allow":["GET"]}}],"collection":[{"href":"https:\/\/www.calafornells.com\/ca\/wp-json\/wp\/v2\/pages"}],"about":[{"href":"https:\/\/www.calafornells.com\/ca\/wp-json\/wp\/v2\/types\/page"}],"author":[{"embeddable":true,"href":"https:\/\/www.calafornells.com\/ca\/wp-json\/wp\/v2\/users\/1"}],"replies":[{"embeddable":true,"href":"https:\/\/www.calafornells.com\/ca\/wp-json\/wp\/v2\/comments?post=7172"}],"version-history":[{"count":19,"href":"https:\/\/www.calafornells.com\/ca\/wp-json\/wp\/v2\/pages\/7172\/revisions"}],"predecessor-version":[{"id":13385,"href":"https:\/\/www.calafornells.com\/ca\/wp-json\/wp\/v2\/pages\/7172\/revisions\/13385"}],"up":[{"embeddable":true,"href":"https:\/\/www.calafornells.com\/ca\/wp-json\/wp\/v2\/pages\/7162"}],"wp:featuredmedia":[{"embeddable":true,"href":"https:\/\/www.calafornells.com\/ca\/wp-json\/wp\/v2\/media\/9431"}],"wp:attachment":[{"href":"https:\/\/www.calafornells.com\/ca\/wp-json\/wp\/v2\/media?parent=7172"}],"curies":[{"name":"wp","href":"https:\/\/api.w.org\/{rel}","templated":true}]}}