{"id":8632,"date":"2017-06-08T11:52:06","date_gmt":"2017-06-08T10:52:06","guid":{"rendered":"https:\/\/www.calafornells.com\/ca\/ofertas\/"},"modified":"2026-03-31T12:41:27","modified_gmt":"2026-03-31T10:41:27","slug":"ofertes","status":"publish","type":"page","link":"https:\/\/www.calafornells.com\/ca\/ofertes\/","title":{"rendered":"Ofertes i avantatges"},"content":{"rendered":"<section class=\"l-section wpb_row height_medium\"><div class=\"l-section-h i-cf\"><div class=\"g-cols vc_row via_flex valign_top type_default stacking_default\"><div class=\"vc_col-sm-12 wpb_column vc_column_container\"><div class=\"vc_column-inner\"><div class=\"wpb_wrapper\"><div class=\"wpb_text_column\"><div class=\"wpb_wrapper\"><div class=\"ofertas\">\n<h3>descompte especial per a clients repetidors<\/h3>\n<p>Si ja t&#8217;has allotjat abans a l&#8217;Hotel Cala Fornells, indica&#8217;ns-ho al camp &#8220;Observacions&#8221; del <a href=\"https:\/\/www.calafornells.com\/hotel-mallorca-reserva-online\/\">formulari de reserva<\/a> i et farem un descompte a la factura a la final de la teva estada. Aquest descompte no s&#8217;aplicar\u00e0 a la tarifa no reemborsable i no \u00e9s acumulable a altres descomptes.<\/p>\n<\/div>\n<\/div><\/div><div class=\"w-separator size_medium\"><\/div><div class=\"g-cols wpb_row via_flex valign_top type_default stacking_default\"><div class=\"vc_col-sm-12 wpb_column vc_column_container\"><div class=\"vc_column-inner\"><div class=\"wpb_wrapper\"><div class=\"wpb_text_column\"><div class=\"wpb_wrapper\"><h3>Beneficis de reservar directament amb noltros<\/h3>\n<p>Tenim diversos descomptes i avantatges si <a href=\"https:\/\/www.calafornells.com\/hotel-mallorca-reserva-online\/\">reserves directament amb noltros<\/a>.<\/p>\n<\/div><\/div><div class=\"w-separator size_small\"><\/div><div class=\"wpb_text_column\"><div class=\"wpb_wrapper\"><ul>\n<li>Et garantim que no trobar\u00e0s un preu millor, per\u00f2 si aix\u00f2 passa, avisa&#8217;ns i te&#8217;l millorarem.<\/li>\n<li>Si la disponibilitat ens ho permet t&#8217;oferirem una habitaci\u00f3 de categoria superior.<\/li>\n<li>La pol\u00edtica de cancel\u00b7laci\u00f3 tan flexible com necessitis<\/li>\n<li>Aparcament gratuit si ja t&#8217;has allotjat a l&#8217;hotel (sempre segons disponibilitat)<\/li>\n<li>Codi promocional ja aplicat amb un descompte especial<\/li>\n<li>Early check in i late check out, si la disponibilitat ens ho permet<\/li>\n<li>Descompte especial i personalitzat si ja has estat allotjat a l&#8217;hotel<\/li>\n<\/ul>\n<\/div><\/div><\/div><\/div><\/div><\/div><\/div><\/div><\/div><\/div><\/div><\/section>\n","protected":false},"excerpt":{"rendered":"descompte especial per a clients repetidors Si ja t&#8217;has allotjat abans a l&#8217;Hotel Cala Fornells, indica&#8217;ns-ho al camp &#8220;Observacions&#8221; del formulari de reserva i et farem un descompte a la factura a la final de la teva estada. Aquest descompte no s&#8217;aplicar\u00e0 a la tarifa no reemborsable i no \u00e9s acumulable a altres descomptes. Beneficis...","protected":false},"author":1,"featured_media":10968,"parent":0,"menu_order":0,"comment_status":"closed","ping_status":"closed","template":"","meta":{"footnotes":""},"class_list":["post-8632","page","type-page","status-publish","has-post-thumbnail","hentry"],"yoast_head":"<!-- This site is optimized with the Yoast SEO plugin v27.4 - https:\/\/yoast.com\/product\/yoast-seo-wordpress\/ -->\n<title>Ofertes i avantatges | Hotel Cala Fornells<\/title>\n<meta name=\"robots\" content=\"index, follow, max-snippet:-1, max-image-preview:large, max-video-preview:-1\" \/>\n<link rel=\"canonical\" href=\"https:\/\/www.calafornells.com\/ca\/ofertes\/\" \/>\n<meta property=\"og:locale\" content=\"ca_ES\" \/>\n<meta property=\"og:type\" content=\"article\" \/>\n<meta property=\"og:title\" content=\"Ofertes i avantatges | Hotel Cala Fornells\" \/>\n<meta property=\"og:url\" content=\"https:\/\/www.calafornells.com\/ca\/ofertes\/\" \/>\n<meta property=\"og:site_name\" content=\"Hotel Cala Fornells\" \/>\n<meta property=\"article:publisher\" content=\"https:\/\/www.facebook.com\/hotel.calafornells\/\" \/>\n<meta property=\"article:modified_time\" content=\"2026-03-31T10:41:27+00:00\" \/>\n<meta property=\"og:image\" content=\"https:\/\/www.calafornells.com\/wp-content\/uploads\/2021\/02\/ofertas-cala-fornells.jpg\" \/>\n\t<meta property=\"og:image:width\" content=\"1920\" \/>\n\t<meta property=\"og:image:height\" content=\"1921\" \/>\n\t<meta property=\"og:image:type\" content=\"image\/jpeg\" \/>\n<meta name=\"twitter:card\" content=\"summary_large_image\" \/>\n<meta name=\"twitter:label1\" content=\"Temps estimat de lectura\" \/>\n\t<meta name=\"twitter:data1\" content=\"2 minuts\" \/>\n<script type=\"application\/ld+json\" class=\"yoast-schema-graph\">{\"@context\":\"https:\\\/\\\/schema.org\",\"@graph\":[{\"@type\":\"WebPage\",\"@id\":\"https:\\\/\\\/www.calafornells.com\\\/ca\\\/ofertes\\\/\",\"url\":\"https:\\\/\\\/www.calafornells.com\\\/ca\\\/ofertes\\\/\",\"name\":\"Ofertes i avantatges | Hotel Cala Fornells\",\"isPartOf\":{\"@id\":\"https:\\\/\\\/www.calafornells.com\\\/#website\"},\"primaryImageOfPage\":{\"@id\":\"https:\\\/\\\/www.calafornells.com\\\/ca\\\/ofertes\\\/#primaryimage\"},\"image\":{\"@id\":\"https:\\\/\\\/www.calafornells.com\\\/ca\\\/ofertes\\\/#primaryimage\"},\"thumbnailUrl\":\"https:\\\/\\\/www.calafornells.com\\\/wp-content\\\/uploads\\\/2021\\\/02\\\/ofertas-cala-fornells.jpg\",\"datePublished\":\"2017-06-08T10:52:06+00:00\",\"dateModified\":\"2026-03-31T10:41:27+00:00\",\"breadcrumb\":{\"@id\":\"https:\\\/\\\/www.calafornells.com\\\/ca\\\/ofertes\\\/#breadcrumb\"},\"inLanguage\":\"ca\",\"potentialAction\":[{\"@type\":\"ReadAction\",\"target\":[\"https:\\\/\\\/www.calafornells.com\\\/ca\\\/ofertes\\\/\"]}]},{\"@type\":\"ImageObject\",\"inLanguage\":\"ca\",\"@id\":\"https:\\\/\\\/www.calafornells.com\\\/ca\\\/ofertes\\\/#primaryimage\",\"url\":\"https:\\\/\\\/www.calafornells.com\\\/wp-content\\\/uploads\\\/2021\\\/02\\\/ofertas-cala-fornells.jpg\",\"contentUrl\":\"https:\\\/\\\/www.calafornells.com\\\/wp-content\\\/uploads\\\/2021\\\/02\\\/ofertas-cala-fornells.jpg\",\"width\":1920,\"height\":1921},{\"@type\":\"BreadcrumbList\",\"@id\":\"https:\\\/\\\/www.calafornells.com\\\/ca\\\/ofertes\\\/#breadcrumb\",\"itemListElement\":[{\"@type\":\"ListItem\",\"position\":1,\"name\":\"Portada\",\"item\":\"https:\\\/\\\/www.calafornells.com\\\/ca\\\/\"},{\"@type\":\"ListItem\",\"position\":2,\"name\":\"Ofertes i avantatges\"}]},{\"@type\":\"WebSite\",\"@id\":\"https:\\\/\\\/www.calafornells.com\\\/#website\",\"url\":\"https:\\\/\\\/www.calafornells.com\\\/\",\"name\":\"Hotel Cala Fornells\",\"description\":\"4* Peguera Mallorca | Web Oficial | Millor Preu online Garantit\",\"publisher\":{\"@id\":\"https:\\\/\\\/www.calafornells.com\\\/#organization\"},\"potentialAction\":[{\"@type\":\"SearchAction\",\"target\":{\"@type\":\"EntryPoint\",\"urlTemplate\":\"https:\\\/\\\/www.calafornells.com\\\/?s={search_term_string}\"},\"query-input\":{\"@type\":\"PropertyValueSpecification\",\"valueRequired\":true,\"valueName\":\"search_term_string\"}}],\"inLanguage\":\"ca\"},{\"@type\":\"Organization\",\"@id\":\"https:\\\/\\\/www.calafornells.com\\\/#organization\",\"name\":\"Hotel Cala Fornells\",\"url\":\"https:\\\/\\\/www.calafornells.com\\\/\",\"logo\":{\"@type\":\"ImageObject\",\"inLanguage\":\"ca\",\"@id\":\"https:\\\/\\\/www.calafornells.com\\\/#\\\/schema\\\/logo\\\/image\\\/\",\"url\":\"\",\"contentUrl\":\"\",\"caption\":\"Hotel Cala Fornells\"},\"image\":{\"@id\":\"https:\\\/\\\/www.calafornells.com\\\/#\\\/schema\\\/logo\\\/image\\\/\"},\"sameAs\":[\"https:\\\/\\\/www.facebook.com\\\/hotel.calafornells\\\/\",\"https:\\\/\\\/www.instagram.com\\\/hotelcalafornells\\\/\"]}]}<\/script>\n<!-- \/ Yoast SEO plugin. -->","yoast_head_json":{"title":"Ofertes i avantatges | Hotel Cala Fornells","robots":{"index":"index","follow":"follow","max-snippet":"max-snippet:-1","max-image-preview":"max-image-preview:large","max-video-preview":"max-video-preview:-1"},"canonical":"https:\/\/www.calafornells.com\/ca\/ofertes\/","og_locale":"ca_ES","og_type":"article","og_title":"Ofertes i avantatges | Hotel Cala Fornells","og_url":"https:\/\/www.calafornells.com\/ca\/ofertes\/","og_site_name":"Hotel Cala Fornells","article_publisher":"https:\/\/www.facebook.com\/hotel.calafornells\/","article_modified_time":"2026-03-31T10:41:27+00:00","og_image":[{"width":1920,"height":1921,"url":"https:\/\/www.calafornells.com\/wp-content\/uploads\/2021\/02\/ofertas-cala-fornells.jpg","type":"image\/jpeg"}],"twitter_card":"summary_large_image","twitter_misc":{"Temps estimat de lectura":"2 minuts"},"schema":{"@context":"https:\/\/schema.org","@graph":[{"@type":"WebPage","@id":"https:\/\/www.calafornells.com\/ca\/ofertes\/","url":"https:\/\/www.calafornells.com\/ca\/ofertes\/","name":"Ofertes i avantatges | Hotel Cala Fornells","isPartOf":{"@id":"https:\/\/www.calafornells.com\/#website"},"primaryImageOfPage":{"@id":"https:\/\/www.calafornells.com\/ca\/ofertes\/#primaryimage"},"image":{"@id":"https:\/\/www.calafornells.com\/ca\/ofertes\/#primaryimage"},"thumbnailUrl":"https:\/\/www.calafornells.com\/wp-content\/uploads\/2021\/02\/ofertas-cala-fornells.jpg","datePublished":"2017-06-08T10:52:06+00:00","dateModified":"2026-03-31T10:41:27+00:00","breadcrumb":{"@id":"https:\/\/www.calafornells.com\/ca\/ofertes\/#breadcrumb"},"inLanguage":"ca","potentialAction":[{"@type":"ReadAction","target":["https:\/\/www.calafornells.com\/ca\/ofertes\/"]}]},{"@type":"ImageObject","inLanguage":"ca","@id":"https:\/\/www.calafornells.com\/ca\/ofertes\/#primaryimage","url":"https:\/\/www.calafornells.com\/wp-content\/uploads\/2021\/02\/ofertas-cala-fornells.jpg","contentUrl":"https:\/\/www.calafornells.com\/wp-content\/uploads\/2021\/02\/ofertas-cala-fornells.jpg","width":1920,"height":1921},{"@type":"BreadcrumbList","@id":"https:\/\/www.calafornells.com\/ca\/ofertes\/#breadcrumb","itemListElement":[{"@type":"ListItem","position":1,"name":"Portada","item":"https:\/\/www.calafornells.com\/ca\/"},{"@type":"ListItem","position":2,"name":"Ofertes i avantatges"}]},{"@type":"WebSite","@id":"https:\/\/www.calafornells.com\/#website","url":"https:\/\/www.calafornells.com\/","name":"Hotel Cala Fornells","description":"4* Peguera Mallorca | Web Oficial | Millor Preu online Garantit","publisher":{"@id":"https:\/\/www.calafornells.com\/#organization"},"potentialAction":[{"@type":"SearchAction","target":{"@type":"EntryPoint","urlTemplate":"https:\/\/www.calafornells.com\/?s={search_term_string}"},"query-input":{"@type":"PropertyValueSpecification","valueRequired":true,"valueName":"search_term_string"}}],"inLanguage":"ca"},{"@type":"Organization","@id":"https:\/\/www.calafornells.com\/#organization","name":"Hotel Cala Fornells","url":"https:\/\/www.calafornells.com\/","logo":{"@type":"ImageObject","inLanguage":"ca","@id":"https:\/\/www.calafornells.com\/#\/schema\/logo\/image\/","url":"","contentUrl":"","caption":"Hotel Cala Fornells"},"image":{"@id":"https:\/\/www.calafornells.com\/#\/schema\/logo\/image\/"},"sameAs":["https:\/\/www.facebook.com\/hotel.calafornells\/","https:\/\/www.instagram.com\/hotelcalafornells\/"]}]}},"_links":{"self":[{"href":"https:\/\/www.calafornells.com\/ca\/wp-json\/wp\/v2\/pages\/8632","targetHints":{"allow":["GET"]}}],"collection":[{"href":"https:\/\/www.calafornells.com\/ca\/wp-json\/wp\/v2\/pages"}],"about":[{"href":"https:\/\/www.calafornells.com\/ca\/wp-json\/wp\/v2\/types\/page"}],"author":[{"embeddable":true,"href":"https:\/\/www.calafornells.com\/ca\/wp-json\/wp\/v2\/users\/1"}],"replies":[{"embeddable":true,"href":"https:\/\/www.calafornells.com\/ca\/wp-json\/wp\/v2\/comments?post=8632"}],"version-history":[{"count":15,"href":"https:\/\/www.calafornells.com\/ca\/wp-json\/wp\/v2\/pages\/8632\/revisions"}],"predecessor-version":[{"id":14943,"href":"https:\/\/www.calafornells.com\/ca\/wp-json\/wp\/v2\/pages\/8632\/revisions\/14943"}],"wp:featuredmedia":[{"embeddable":true,"href":"https:\/\/www.calafornells.com\/ca\/wp-json\/wp\/v2\/media\/10968"}],"wp:attachment":[{"href":"https:\/\/www.calafornells.com\/ca\/wp-json\/wp\/v2\/media?parent=8632"}],"curies":[{"name":"wp","href":"https:\/\/api.w.org\/{rel}","templated":true}]}}