{"id":8958,"date":"2020-02-22T18:32:40","date_gmt":"2020-02-22T17:32:40","guid":{"rendered":"https:\/\/www.calafornells.com\/yoga\/"},"modified":"2021-03-09T19:21:53","modified_gmt":"2021-03-09T18:21:53","slug":"ioga","status":"publish","type":"page","link":"https:\/\/www.calafornells.com\/ca\/ioga\/","title":{"rendered":"Ioga"},"content":{"rendered":"<section class=\"l-section wpb_row height_medium\"><div class=\"l-section-h i-cf\"><div class=\"g-cols vc_row via_flex valign_top type_default stacking_default\"><div class=\"vc_col-sm-12 wpb_column vc_column_container\"><div class=\"vc_column-inner\"><div class=\"wpb_wrapper\"><div class=\"wpb_text_column\"><div class=\"wpb_wrapper\"><p>Mallorca \u00e9s coneguda tamb\u00e9 com l\u2019illa de la calma. Aix\u00ed la va definir el gran pintor i escriptor catal\u00e0 Santiago Rusi\u00f1ol. Quan va visitar-la per primera vegada el 1903 va quedar fascinat per la seva llum, el paisatge, l\u2019aigua de la mar, les cales, els ports, les muntanyes i els pins, les marjades, el carrers medievals i els patis de Ciutat. Tot li traspuava pau i serenor.<\/p>\n<p>Encara avui \u00e9s plena de llocs on la tranquilitat es fa present a l\u2019atmosfera, suau, dol\u00e7a, lenta i parsimoniosa, sense res m\u00e9s a fer que deixar c\u00f3rrer el temps. Tant \u00e9s aix\u00ed a l\u2019estiu com a l\u2019hivern, i a les primaveres i les tardors. Durant el dia i als capvespres quan el sol es pon, i sota les estrelles.<\/p>\n<p>Cala Fornells, als peus de la Serra de Tramuntana, a tocar de la Mar Mediterr\u00e0nia, vorejada de pins, sota un cel net, es un d\u2019aquest racons per desconnectar de l\u2019enrenou diari i retrobar l\u2019harmonia interior mitjan\u00e7ant la pr\u00e0ctica del ioga, ideal per al mantenir el cos tonificat, la ment oberta i l\u2019\u00e0nima pura.<\/p>\n<p>Per a m\u00e9s informaci\u00f3, contacta amb nosaltres: <a href=\"mailto:hotel@calafornells.com\">hotel@calafornells.com<\/a><\/p>\n<\/div><\/div><\/div><\/div><\/div><\/div><\/div><\/section>\n","protected":false},"excerpt":{"rendered":"Mallorca \u00e9s coneguda tamb\u00e9 com l\u2019illa de la calma. Aix\u00ed la va definir el gran pintor i escriptor catal\u00e0 Santiago Rusi\u00f1ol. Quan va visitar-la per primera vegada el 1903 va quedar fascinat per la seva llum, el paisatge, l\u2019aigua de la mar, les cales, els ports, les muntanyes i els pins, les marjades, el carrers...","protected":false},"author":1,"featured_media":10122,"parent":0,"menu_order":0,"comment_status":"closed","ping_status":"closed","template":"","meta":{"footnotes":""},"class_list":["post-8958","page","type-page","status-publish","has-post-thumbnail","hentry"],"yoast_head":"<!-- This site is optimized with the Yoast SEO plugin v27.4 - https:\/\/yoast.com\/product\/yoast-seo-wordpress\/ -->\n<title>Ioga | Hotel Cala Fornells<\/title>\n<meta name=\"robots\" content=\"index, follow, max-snippet:-1, max-image-preview:large, max-video-preview:-1\" \/>\n<link rel=\"canonical\" href=\"https:\/\/www.calafornells.com\/yoga\/\" \/>\n<meta property=\"og:locale\" content=\"ca_ES\" \/>\n<meta property=\"og:type\" content=\"article\" \/>\n<meta property=\"og:title\" content=\"Ioga | Hotel Cala Fornells\" \/>\n<meta property=\"og:url\" content=\"https:\/\/www.calafornells.com\/yoga\/\" \/>\n<meta property=\"og:site_name\" content=\"Hotel Cala Fornells\" \/>\n<meta property=\"article:publisher\" content=\"https:\/\/www.facebook.com\/hotel.calafornells\/\" \/>\n<meta property=\"article:modified_time\" content=\"2021-03-09T18:21:53+00:00\" \/>\n<meta property=\"og:image\" content=\"https:\/\/www.calafornells.com\/wp-content\/uploads\/2020\/02\/yoga-hotel-cala-fornells.jpg\" \/>\n\t<meta property=\"og:image:width\" content=\"1920\" \/>\n\t<meta property=\"og:image:height\" content=\"1280\" \/>\n\t<meta property=\"og:image:type\" content=\"image\/jpeg\" \/>\n<meta name=\"twitter:card\" content=\"summary_large_image\" \/>\n<meta name=\"twitter:label1\" content=\"Temps estimat de lectura\" \/>\n\t<meta name=\"twitter:data1\" content=\"1 minut\" \/>\n<script type=\"application\/ld+json\" class=\"yoast-schema-graph\">{\"@context\":\"https:\\\/\\\/schema.org\",\"@graph\":[{\"@type\":\"WebPage\",\"@id\":\"https:\\\/\\\/www.calafornells.com\\\/yoga\\\/\",\"url\":\"https:\\\/\\\/www.calafornells.com\\\/yoga\\\/\",\"name\":\"Ioga | Hotel Cala Fornells\",\"isPartOf\":{\"@id\":\"https:\\\/\\\/www.calafornells.com\\\/#website\"},\"primaryImageOfPage\":{\"@id\":\"https:\\\/\\\/www.calafornells.com\\\/yoga\\\/#primaryimage\"},\"image\":{\"@id\":\"https:\\\/\\\/www.calafornells.com\\\/yoga\\\/#primaryimage\"},\"thumbnailUrl\":\"https:\\\/\\\/www.calafornells.com\\\/wp-content\\\/uploads\\\/2020\\\/02\\\/yoga-hotel-cala-fornells.jpg\",\"datePublished\":\"2020-02-22T17:32:40+00:00\",\"dateModified\":\"2021-03-09T18:21:53+00:00\",\"breadcrumb\":{\"@id\":\"https:\\\/\\\/www.calafornells.com\\\/yoga\\\/#breadcrumb\"},\"inLanguage\":\"ca\",\"potentialAction\":[{\"@type\":\"ReadAction\",\"target\":[\"https:\\\/\\\/www.calafornells.com\\\/yoga\\\/\"]}]},{\"@type\":\"ImageObject\",\"inLanguage\":\"ca\",\"@id\":\"https:\\\/\\\/www.calafornells.com\\\/yoga\\\/#primaryimage\",\"url\":\"https:\\\/\\\/www.calafornells.com\\\/wp-content\\\/uploads\\\/2020\\\/02\\\/yoga-hotel-cala-fornells.jpg\",\"contentUrl\":\"https:\\\/\\\/www.calafornells.com\\\/wp-content\\\/uploads\\\/2020\\\/02\\\/yoga-hotel-cala-fornells.jpg\",\"width\":1920,\"height\":1280},{\"@type\":\"BreadcrumbList\",\"@id\":\"https:\\\/\\\/www.calafornells.com\\\/yoga\\\/#breadcrumb\",\"itemListElement\":[{\"@type\":\"ListItem\",\"position\":1,\"name\":\"Portada\",\"item\":\"https:\\\/\\\/www.calafornells.com\\\/ca\\\/\"},{\"@type\":\"ListItem\",\"position\":2,\"name\":\"Ioga\"}]},{\"@type\":\"WebSite\",\"@id\":\"https:\\\/\\\/www.calafornells.com\\\/#website\",\"url\":\"https:\\\/\\\/www.calafornells.com\\\/\",\"name\":\"Hotel Cala Fornells\",\"description\":\"4* Peguera Mallorca | Web Oficial | Millor Preu online Garantit\",\"publisher\":{\"@id\":\"https:\\\/\\\/www.calafornells.com\\\/#organization\"},\"potentialAction\":[{\"@type\":\"SearchAction\",\"target\":{\"@type\":\"EntryPoint\",\"urlTemplate\":\"https:\\\/\\\/www.calafornells.com\\\/?s={search_term_string}\"},\"query-input\":{\"@type\":\"PropertyValueSpecification\",\"valueRequired\":true,\"valueName\":\"search_term_string\"}}],\"inLanguage\":\"ca\"},{\"@type\":\"Organization\",\"@id\":\"https:\\\/\\\/www.calafornells.com\\\/#organization\",\"name\":\"Hotel Cala Fornells\",\"url\":\"https:\\\/\\\/www.calafornells.com\\\/\",\"logo\":{\"@type\":\"ImageObject\",\"inLanguage\":\"ca\",\"@id\":\"https:\\\/\\\/www.calafornells.com\\\/#\\\/schema\\\/logo\\\/image\\\/\",\"url\":\"\",\"contentUrl\":\"\",\"caption\":\"Hotel Cala Fornells\"},\"image\":{\"@id\":\"https:\\\/\\\/www.calafornells.com\\\/#\\\/schema\\\/logo\\\/image\\\/\"},\"sameAs\":[\"https:\\\/\\\/www.facebook.com\\\/hotel.calafornells\\\/\",\"https:\\\/\\\/www.instagram.com\\\/hotelcalafornells\\\/\"]}]}<\/script>\n<!-- \/ Yoast SEO plugin. -->","yoast_head_json":{"title":"Ioga | Hotel Cala Fornells","robots":{"index":"index","follow":"follow","max-snippet":"max-snippet:-1","max-image-preview":"max-image-preview:large","max-video-preview":"max-video-preview:-1"},"canonical":"https:\/\/www.calafornells.com\/yoga\/","og_locale":"ca_ES","og_type":"article","og_title":"Ioga | Hotel Cala Fornells","og_url":"https:\/\/www.calafornells.com\/yoga\/","og_site_name":"Hotel Cala Fornells","article_publisher":"https:\/\/www.facebook.com\/hotel.calafornells\/","article_modified_time":"2021-03-09T18:21:53+00:00","og_image":[{"width":1920,"height":1280,"url":"https:\/\/www.calafornells.com\/wp-content\/uploads\/2020\/02\/yoga-hotel-cala-fornells.jpg","type":"image\/jpeg"}],"twitter_card":"summary_large_image","twitter_misc":{"Temps estimat de lectura":"1 minut"},"schema":{"@context":"https:\/\/schema.org","@graph":[{"@type":"WebPage","@id":"https:\/\/www.calafornells.com\/yoga\/","url":"https:\/\/www.calafornells.com\/yoga\/","name":"Ioga | Hotel Cala Fornells","isPartOf":{"@id":"https:\/\/www.calafornells.com\/#website"},"primaryImageOfPage":{"@id":"https:\/\/www.calafornells.com\/yoga\/#primaryimage"},"image":{"@id":"https:\/\/www.calafornells.com\/yoga\/#primaryimage"},"thumbnailUrl":"https:\/\/www.calafornells.com\/wp-content\/uploads\/2020\/02\/yoga-hotel-cala-fornells.jpg","datePublished":"2020-02-22T17:32:40+00:00","dateModified":"2021-03-09T18:21:53+00:00","breadcrumb":{"@id":"https:\/\/www.calafornells.com\/yoga\/#breadcrumb"},"inLanguage":"ca","potentialAction":[{"@type":"ReadAction","target":["https:\/\/www.calafornells.com\/yoga\/"]}]},{"@type":"ImageObject","inLanguage":"ca","@id":"https:\/\/www.calafornells.com\/yoga\/#primaryimage","url":"https:\/\/www.calafornells.com\/wp-content\/uploads\/2020\/02\/yoga-hotel-cala-fornells.jpg","contentUrl":"https:\/\/www.calafornells.com\/wp-content\/uploads\/2020\/02\/yoga-hotel-cala-fornells.jpg","width":1920,"height":1280},{"@type":"BreadcrumbList","@id":"https:\/\/www.calafornells.com\/yoga\/#breadcrumb","itemListElement":[{"@type":"ListItem","position":1,"name":"Portada","item":"https:\/\/www.calafornells.com\/ca\/"},{"@type":"ListItem","position":2,"name":"Ioga"}]},{"@type":"WebSite","@id":"https:\/\/www.calafornells.com\/#website","url":"https:\/\/www.calafornells.com\/","name":"Hotel Cala Fornells","description":"4* Peguera Mallorca | Web Oficial | Millor Preu online Garantit","publisher":{"@id":"https:\/\/www.calafornells.com\/#organization"},"potentialAction":[{"@type":"SearchAction","target":{"@type":"EntryPoint","urlTemplate":"https:\/\/www.calafornells.com\/?s={search_term_string}"},"query-input":{"@type":"PropertyValueSpecification","valueRequired":true,"valueName":"search_term_string"}}],"inLanguage":"ca"},{"@type":"Organization","@id":"https:\/\/www.calafornells.com\/#organization","name":"Hotel Cala Fornells","url":"https:\/\/www.calafornells.com\/","logo":{"@type":"ImageObject","inLanguage":"ca","@id":"https:\/\/www.calafornells.com\/#\/schema\/logo\/image\/","url":"","contentUrl":"","caption":"Hotel Cala Fornells"},"image":{"@id":"https:\/\/www.calafornells.com\/#\/schema\/logo\/image\/"},"sameAs":["https:\/\/www.facebook.com\/hotel.calafornells\/","https:\/\/www.instagram.com\/hotelcalafornells\/"]}]}},"_links":{"self":[{"href":"https:\/\/www.calafornells.com\/ca\/wp-json\/wp\/v2\/pages\/8958","targetHints":{"allow":["GET"]}}],"collection":[{"href":"https:\/\/www.calafornells.com\/ca\/wp-json\/wp\/v2\/pages"}],"about":[{"href":"https:\/\/www.calafornells.com\/ca\/wp-json\/wp\/v2\/types\/page"}],"author":[{"embeddable":true,"href":"https:\/\/www.calafornells.com\/ca\/wp-json\/wp\/v2\/users\/1"}],"replies":[{"embeddable":true,"href":"https:\/\/www.calafornells.com\/ca\/wp-json\/wp\/v2\/comments?post=8958"}],"version-history":[{"count":2,"href":"https:\/\/www.calafornells.com\/ca\/wp-json\/wp\/v2\/pages\/8958\/revisions"}],"predecessor-version":[{"id":11910,"href":"https:\/\/www.calafornells.com\/ca\/wp-json\/wp\/v2\/pages\/8958\/revisions\/11910"}],"wp:featuredmedia":[{"embeddable":true,"href":"https:\/\/www.calafornells.com\/ca\/wp-json\/wp\/v2\/media\/10122"}],"wp:attachment":[{"href":"https:\/\/www.calafornells.com\/ca\/wp-json\/wp\/v2\/media?parent=8958"}],"curies":[{"name":"wp","href":"https:\/\/api.w.org\/{rel}","templated":true}]}}