{"id":11255,"date":"2021-01-21T11:21:53","date_gmt":"2021-01-21T10:21:53","guid":{"rendered":"https:\/\/www.calafornells.com\/actividades\/"},"modified":"2021-03-09T17:34:17","modified_gmt":"2021-03-09T16:34:17","slug":"aktivitaeten","status":"publish","type":"page","link":"https:\/\/www.calafornells.com\/de\/aktivitaeten\/","title":{"rendered":"Aktivit\u00e4ten"},"content":{"rendered":"<section class=\"l-section wpb_row height_medium\"><div class=\"l-section-h i-cf\"><div class=\"g-cols vc_row via_flex valign_top type_default stacking_default\"><div class=\"vc_col-sm-12 wpb_column vc_column_container\"><div class=\"vc_column-inner\"><div class=\"wpb_wrapper\"><div class=\"w-grid us_grid type_grid layout_10148 cols_2 preload_style_spinner\" id=\"us_grid_1\" style=\"--columns:2;--gap:1.5rem;\"><style>@media (max-width:600px){#us_grid_1{--columns:1!important}}.layout_10148 .w-grid-item-h{}.layout_10148 .usg_post_image_1{margin-bottom:0.5rem!important}.layout_10148 .usg_post_title_1{font-size:1.5rem!important}<\/style><div class=\"w-grid-list\">\t<article class=\"w-grid-item size_1x1 post-7185 page type-page status-publish has-post-thumbnail hentry\" data-id=\"7185\">\r\n\t\t<div class=\"w-grid-item-h\">\r\n\t\t\t\t\t\t<div class=\"w-post-elm post_image usg_post_image_1 stretched\"><a href=\"https:\/\/www.calafornells.com\/de\/wandern\/\" aria-label=\"Wandern\"><img decoding=\"async\" width=\"600\" height=\"400\" data-src=\"https:\/\/www.calafornells.com\/wp-content\/uploads\/2014\/05\/senderismo-cala-fornells-600x400.jpg\" class=\"attachment-us_600_400_crop size-us_600_400_crop wp-post-image lazyload\" alt=\"\" src=\"data:image\/svg+xml;base64,PHN2ZyB3aWR0aD0iMSIgaGVpZ2h0PSIxIiB4bWxucz0iaHR0cDovL3d3dy53My5vcmcvMjAwMC9zdmciPjwvc3ZnPg==\" style=\"--smush-placeholder-width: 600px; --smush-placeholder-aspect-ratio: 600\/400;\" \/><\/a><\/div><h2 class=\"w-post-elm post_title usg_post_title_1 align_center entry-title color_link_inherit\"><a href=\"https:\/\/www.calafornells.com\/de\/wandern\/\">Wandern<\/a><\/h2>\t\t<\/div>\r\n\t\t\t<\/article>\r\n\t<article class=\"w-grid-item size_1x1 post-7055 page type-page status-publish has-post-thumbnail hentry\" data-id=\"7055\">\r\n\t\t<div class=\"w-grid-item-h\">\r\n\t\t\t\t\t\t<div class=\"w-post-elm post_image usg_post_image_1 stretched\"><a href=\"https:\/\/www.calafornells.com\/de\/radsport\/\" aria-label=\"Radsport\"><img decoding=\"async\" width=\"600\" height=\"400\" data-src=\"https:\/\/www.calafornells.com\/wp-content\/uploads\/2014\/05\/hotel-cala-fornells-mallorca-paguera-17-600x400.jpg\" class=\"attachment-us_600_400_crop size-us_600_400_crop wp-post-image lazyload\" alt=\"\" src=\"data:image\/svg+xml;base64,PHN2ZyB3aWR0aD0iMSIgaGVpZ2h0PSIxIiB4bWxucz0iaHR0cDovL3d3dy53My5vcmcvMjAwMC9zdmciPjwvc3ZnPg==\" style=\"--smush-placeholder-width: 600px; --smush-placeholder-aspect-ratio: 600\/400;\" \/><\/a><\/div><h2 class=\"w-post-elm post_title usg_post_title_1 align_center entry-title color_link_inherit\"><a href=\"https:\/\/www.calafornells.com\/de\/radsport\/\">Radsport<\/a><\/h2>\t\t<\/div>\r\n\t\t\t<\/article>\r\n\t<article class=\"w-grid-item size_1x1 post-8551 page type-page status-publish has-post-thumbnail hentry\" data-id=\"8551\">\r\n\t\t<div class=\"w-grid-item-h\">\r\n\t\t\t\t\t\t<div class=\"w-post-elm post_image usg_post_image_1 stretched\"><a href=\"https:\/\/www.calafornells.com\/de\/bootsausflug\/\" aria-label=\"Bootsausflug\"><img decoding=\"async\" width=\"600\" height=\"400\" data-src=\"https:\/\/www.calafornells.com\/wp-content\/uploads\/2017\/05\/hotel-cala-fornells-barco-4-600x400.jpg\" class=\"attachment-us_600_400_crop size-us_600_400_crop wp-post-image lazyload\" alt=\"\" data-srcset=\"https:\/\/www.calafornells.com\/wp-content\/uploads\/2017\/05\/hotel-cala-fornells-barco-4-600x400.jpg 600w, https:\/\/www.calafornells.com\/wp-content\/uploads\/2017\/05\/hotel-cala-fornells-barco-4-1024x683.jpg 1024w, https:\/\/www.calafornells.com\/wp-content\/uploads\/2017\/05\/hotel-cala-fornells-barco-4-1536x1024.jpg 1536w, https:\/\/www.calafornells.com\/wp-content\/uploads\/2017\/05\/hotel-cala-fornells-barco-4.jpg 1920w\" data-sizes=\"(max-width: 600px) 100vw, 600px\" src=\"data:image\/svg+xml;base64,PHN2ZyB3aWR0aD0iMSIgaGVpZ2h0PSIxIiB4bWxucz0iaHR0cDovL3d3dy53My5vcmcvMjAwMC9zdmciPjwvc3ZnPg==\" style=\"--smush-placeholder-width: 600px; --smush-placeholder-aspect-ratio: 600\/400;\" \/><\/a><\/div><h2 class=\"w-post-elm post_title usg_post_title_1 align_center entry-title color_link_inherit\"><a href=\"https:\/\/www.calafornells.com\/de\/bootsausflug\/\">Bootsausflug<\/a><\/h2>\t\t<\/div>\r\n\t\t\t<\/article>\r\n\t<article class=\"w-grid-item size_1x1 post-7105 page type-page status-publish has-post-thumbnail hentry\" data-id=\"7105\">\r\n\t\t<div class=\"w-grid-item-h\">\r\n\t\t\t\t\t\t<div class=\"w-post-elm post_image usg_post_image_1 stretched\"><a href=\"https:\/\/www.calafornells.com\/de\/golf\/\" aria-label=\"Golf\"><img decoding=\"async\" width=\"600\" height=\"400\" data-src=\"https:\/\/www.calafornells.com\/wp-content\/uploads\/2014\/04\/hotel-cala-fornells-golf-1-600x400.jpg\" class=\"attachment-us_600_400_crop size-us_600_400_crop wp-post-image lazyload\" alt=\"\" src=\"data:image\/svg+xml;base64,PHN2ZyB3aWR0aD0iMSIgaGVpZ2h0PSIxIiB4bWxucz0iaHR0cDovL3d3dy53My5vcmcvMjAwMC9zdmciPjwvc3ZnPg==\" style=\"--smush-placeholder-width: 600px; --smush-placeholder-aspect-ratio: 600\/400;\" \/><\/a><\/div><h2 class=\"w-post-elm post_title usg_post_title_1 align_center entry-title color_link_inherit\"><a href=\"https:\/\/www.calafornells.com\/de\/golf\/\">Golf<\/a><\/h2>\t\t<\/div>\r\n\t\t\t<\/article>\r\n\t<article class=\"w-grid-item size_1x1 post-8961 page type-page status-publish has-post-thumbnail hentry\" data-id=\"8961\">\r\n\t\t<div class=\"w-grid-item-h\">\r\n\t\t\t\t\t\t<div class=\"w-post-elm post_image usg_post_image_1 stretched\"><a href=\"https:\/\/www.calafornells.com\/de\/yoga\/\" aria-label=\"Yoga\"><img decoding=\"async\" width=\"600\" height=\"400\" data-src=\"https:\/\/www.calafornells.com\/wp-content\/uploads\/2020\/02\/yoga-hotel-cala-fornells-600x400.jpg\" class=\"attachment-us_600_400_crop size-us_600_400_crop wp-post-image lazyload\" alt=\"\" data-srcset=\"https:\/\/www.calafornells.com\/wp-content\/uploads\/2020\/02\/yoga-hotel-cala-fornells-600x400.jpg 600w, https:\/\/www.calafornells.com\/wp-content\/uploads\/2020\/02\/yoga-hotel-cala-fornells-1024x683.jpg 1024w, https:\/\/www.calafornells.com\/wp-content\/uploads\/2020\/02\/yoga-hotel-cala-fornells-1536x1024.jpg 1536w, https:\/\/www.calafornells.com\/wp-content\/uploads\/2020\/02\/yoga-hotel-cala-fornells.jpg 1920w\" data-sizes=\"(max-width: 600px) 100vw, 600px\" src=\"data:image\/svg+xml;base64,PHN2ZyB3aWR0aD0iMSIgaGVpZ2h0PSIxIiB4bWxucz0iaHR0cDovL3d3dy53My5vcmcvMjAwMC9zdmciPjwvc3ZnPg==\" style=\"--smush-placeholder-width: 600px; --smush-placeholder-aspect-ratio: 600\/400;\" \/><\/a><\/div><h2 class=\"w-post-elm post_title usg_post_title_1 align_center entry-title color_link_inherit\"><a href=\"https:\/\/www.calafornells.com\/de\/yoga\/\">Yoga<\/a><\/h2>\t\t<\/div>\r\n\t\t\t<\/article>\r\n<\/div>\t<div class=\"w-grid-preloader\">\r\n\t\t<div class=\"g-preloader type_1\">\r\n\t\t\t<div><\/div>\r\n\t\t<\/div>\r\n\t<\/div>\r\n\t\t<div class=\"w-grid-json hidden\" onclick='return {&quot;action&quot;:&quot;us_ajax_grid&quot;,&quot;infinite_scroll&quot;:0,&quot;max_num_pages&quot;:1,&quot;pagination&quot;:&quot;none&quot;,&quot;template_vars&quot;:{&quot;columns&quot;:&quot;2&quot;,&quot;exclude_items&quot;:&quot;none&quot;,&quot;img_size&quot;:&quot;default&quot;,&quot;ignore_items_size&quot;:0,&quot;items_layout&quot;:&quot;10148&quot;,&quot;items_offset&quot;:&quot;1&quot;,&quot;load_animation&quot;:&quot;none&quot;,&quot;overriding_link&quot;:&quot;{\\&quot;url\\&quot;:\\&quot;\\&quot;}&quot;,&quot;post_id&quot;:0,&quot;query_args&quot;:{&quot;ignore_sticky_posts&quot;:1,&quot;post_type&quot;:&quot;any&quot;,&quot;post__in&quot;:[&quot;6635&quot;,&quot;6726&quot;,&quot;8493&quot;,&quot;6586&quot;,&quot;8947&quot;],&quot;posts_per_page&quot;:&quot;10&quot;},&quot;orderby_query_args&quot;:{&quot;orderby&quot;:{&quot;post__in&quot;:&quot;ASC&quot;},&quot;order&quot;:&quot;ASC&quot;},&quot;type&quot;:&quot;grid&quot;,&quot;us_grid_post_type&quot;:&quot;ids&quot;,&quot;us_grid_ajax_index&quot;:1,&quot;us_grid_filter_query_string&quot;:null,&quot;us_grid_index&quot;:1,&quot;page_args&quot;:[],&quot;lang&quot;:&quot;de&quot;}}'><\/div>\r\n\t<\/div><\/div><\/div><\/div><\/div><\/div><\/section>\n","protected":false},"excerpt":{"rendered":"Mallorca ist auch als Insel der Ruhe bekannt. Dies wurde vom gro\u00dfen katalanischen Maler und Schriftsteller Santiago Rusi\u00f1ol definiert als er die Insel 1903 zum ersten Mal besuchte, war er fasziniert von seinem Licht, der Landschaft, dem Meerwasser, den Buchten, den H\u00e4fen, den Bergen und Kiefern, den Terrassen, den mittelalterlichen Stra\u00dfen und den Innenh\u00f6fen der...","protected":false},"author":1,"featured_media":9439,"parent":0,"menu_order":0,"comment_status":"closed","ping_status":"closed","template":"","meta":{"footnotes":""},"class_list":["post-11255","page","type-page","status-publish","has-post-thumbnail","hentry"],"yoast_head":"<!-- This site is optimized with the Yoast SEO plugin v27.5 - https:\/\/yoast.com\/product\/yoast-seo-wordpress\/ -->\n<title>Aktivit\u00e4ten | Hotel Cala Fornells<\/title>\n<meta name=\"robots\" content=\"index, follow, max-snippet:-1, max-image-preview:large, max-video-preview:-1\" \/>\n<link rel=\"canonical\" href=\"https:\/\/www.calafornells.com\/actividades\/\" \/>\n<meta property=\"og:locale\" content=\"de_DE\" \/>\n<meta property=\"og:type\" content=\"article\" \/>\n<meta property=\"og:title\" content=\"Aktivit\u00e4ten | Hotel Cala Fornells\" \/>\n<meta property=\"og:url\" content=\"https:\/\/www.calafornells.com\/actividades\/\" \/>\n<meta property=\"og:site_name\" content=\"Hotel Cala Fornells\" \/>\n<meta property=\"article:publisher\" content=\"https:\/\/www.facebook.com\/hotel.calafornells\/\" \/>\n<meta property=\"article:modified_time\" content=\"2021-03-09T16:34:17+00:00\" \/>\n<meta property=\"og:image\" content=\"https:\/\/www.calafornells.com\/wp-content\/uploads\/2014\/05\/senderismo-cala-fornells.jpg\" \/>\n\t<meta property=\"og:image:width\" content=\"1920\" \/>\n\t<meta property=\"og:image:height\" content=\"1080\" \/>\n\t<meta property=\"og:image:type\" content=\"image\/jpeg\" \/>\n<meta name=\"twitter:card\" content=\"summary_large_image\" \/>\n<meta name=\"twitter:label1\" content=\"Gesch\u00e4tzte Lesezeit\" \/>\n\t<meta name=\"twitter:data1\" content=\"1\u00a0Minute\" \/>\n<script type=\"application\/ld+json\" class=\"yoast-schema-graph\">{\"@context\":\"https:\\\/\\\/schema.org\",\"@graph\":[{\"@type\":\"WebPage\",\"@id\":\"https:\\\/\\\/www.calafornells.com\\\/actividades\\\/\",\"url\":\"https:\\\/\\\/www.calafornells.com\\\/actividades\\\/\",\"name\":\"Aktivit\u00e4ten | Hotel Cala Fornells\",\"isPartOf\":{\"@id\":\"https:\\\/\\\/www.calafornells.com\\\/#website\"},\"primaryImageOfPage\":{\"@id\":\"https:\\\/\\\/www.calafornells.com\\\/actividades\\\/#primaryimage\"},\"image\":{\"@id\":\"https:\\\/\\\/www.calafornells.com\\\/actividades\\\/#primaryimage\"},\"thumbnailUrl\":\"https:\\\/\\\/www.calafornells.com\\\/wp-content\\\/uploads\\\/2014\\\/05\\\/senderismo-cala-fornells.jpg\",\"datePublished\":\"2021-01-21T10:21:53+00:00\",\"dateModified\":\"2021-03-09T16:34:17+00:00\",\"breadcrumb\":{\"@id\":\"https:\\\/\\\/www.calafornells.com\\\/actividades\\\/#breadcrumb\"},\"inLanguage\":\"de\",\"potentialAction\":[{\"@type\":\"ReadAction\",\"target\":[\"https:\\\/\\\/www.calafornells.com\\\/actividades\\\/\"]}]},{\"@type\":\"ImageObject\",\"inLanguage\":\"de\",\"@id\":\"https:\\\/\\\/www.calafornells.com\\\/actividades\\\/#primaryimage\",\"url\":\"https:\\\/\\\/www.calafornells.com\\\/wp-content\\\/uploads\\\/2014\\\/05\\\/senderismo-cala-fornells.jpg\",\"contentUrl\":\"https:\\\/\\\/www.calafornells.com\\\/wp-content\\\/uploads\\\/2014\\\/05\\\/senderismo-cala-fornells.jpg\",\"width\":1920,\"height\":1080},{\"@type\":\"BreadcrumbList\",\"@id\":\"https:\\\/\\\/www.calafornells.com\\\/actividades\\\/#breadcrumb\",\"itemListElement\":[{\"@type\":\"ListItem\",\"position\":1,\"name\":\"Portada\",\"item\":\"https:\\\/\\\/www.calafornells.com\\\/de\\\/\"},{\"@type\":\"ListItem\",\"position\":2,\"name\":\"Aktivit\u00e4ten\"}]},{\"@type\":\"WebSite\",\"@id\":\"https:\\\/\\\/www.calafornells.com\\\/#website\",\"url\":\"https:\\\/\\\/www.calafornells.com\\\/\",\"name\":\"Hotel Cala Fornells\",\"description\":\"4* Paguera Mallorca | Offizielle Website | Bester Preis Online Garantiert\",\"publisher\":{\"@id\":\"https:\\\/\\\/www.calafornells.com\\\/#organization\"},\"potentialAction\":[{\"@type\":\"SearchAction\",\"target\":{\"@type\":\"EntryPoint\",\"urlTemplate\":\"https:\\\/\\\/www.calafornells.com\\\/?s={search_term_string}\"},\"query-input\":{\"@type\":\"PropertyValueSpecification\",\"valueRequired\":true,\"valueName\":\"search_term_string\"}}],\"inLanguage\":\"de\"},{\"@type\":\"Organization\",\"@id\":\"https:\\\/\\\/www.calafornells.com\\\/#organization\",\"name\":\"Hotel Cala Fornells\",\"url\":\"https:\\\/\\\/www.calafornells.com\\\/\",\"logo\":{\"@type\":\"ImageObject\",\"inLanguage\":\"de\",\"@id\":\"https:\\\/\\\/www.calafornells.com\\\/#\\\/schema\\\/logo\\\/image\\\/\",\"url\":\"\",\"contentUrl\":\"\",\"caption\":\"Hotel Cala Fornells\"},\"image\":{\"@id\":\"https:\\\/\\\/www.calafornells.com\\\/#\\\/schema\\\/logo\\\/image\\\/\"},\"sameAs\":[\"https:\\\/\\\/www.facebook.com\\\/hotel.calafornells\\\/\",\"https:\\\/\\\/www.instagram.com\\\/hotelcalafornells\\\/\"]}]}<\/script>\n<!-- \/ Yoast SEO plugin. -->","yoast_head_json":{"title":"Aktivit\u00e4ten | Hotel Cala Fornells","robots":{"index":"index","follow":"follow","max-snippet":"max-snippet:-1","max-image-preview":"max-image-preview:large","max-video-preview":"max-video-preview:-1"},"canonical":"https:\/\/www.calafornells.com\/actividades\/","og_locale":"de_DE","og_type":"article","og_title":"Aktivit\u00e4ten | Hotel Cala Fornells","og_url":"https:\/\/www.calafornells.com\/actividades\/","og_site_name":"Hotel Cala Fornells","article_publisher":"https:\/\/www.facebook.com\/hotel.calafornells\/","article_modified_time":"2021-03-09T16:34:17+00:00","og_image":[{"width":1920,"height":1080,"url":"https:\/\/www.calafornells.com\/wp-content\/uploads\/2014\/05\/senderismo-cala-fornells.jpg","type":"image\/jpeg"}],"twitter_card":"summary_large_image","twitter_misc":{"Gesch\u00e4tzte Lesezeit":"1\u00a0Minute"},"schema":{"@context":"https:\/\/schema.org","@graph":[{"@type":"WebPage","@id":"https:\/\/www.calafornells.com\/actividades\/","url":"https:\/\/www.calafornells.com\/actividades\/","name":"Aktivit\u00e4ten | Hotel Cala Fornells","isPartOf":{"@id":"https:\/\/www.calafornells.com\/#website"},"primaryImageOfPage":{"@id":"https:\/\/www.calafornells.com\/actividades\/#primaryimage"},"image":{"@id":"https:\/\/www.calafornells.com\/actividades\/#primaryimage"},"thumbnailUrl":"https:\/\/www.calafornells.com\/wp-content\/uploads\/2014\/05\/senderismo-cala-fornells.jpg","datePublished":"2021-01-21T10:21:53+00:00","dateModified":"2021-03-09T16:34:17+00:00","breadcrumb":{"@id":"https:\/\/www.calafornells.com\/actividades\/#breadcrumb"},"inLanguage":"de","potentialAction":[{"@type":"ReadAction","target":["https:\/\/www.calafornells.com\/actividades\/"]}]},{"@type":"ImageObject","inLanguage":"de","@id":"https:\/\/www.calafornells.com\/actividades\/#primaryimage","url":"https:\/\/www.calafornells.com\/wp-content\/uploads\/2014\/05\/senderismo-cala-fornells.jpg","contentUrl":"https:\/\/www.calafornells.com\/wp-content\/uploads\/2014\/05\/senderismo-cala-fornells.jpg","width":1920,"height":1080},{"@type":"BreadcrumbList","@id":"https:\/\/www.calafornells.com\/actividades\/#breadcrumb","itemListElement":[{"@type":"ListItem","position":1,"name":"Portada","item":"https:\/\/www.calafornells.com\/de\/"},{"@type":"ListItem","position":2,"name":"Aktivit\u00e4ten"}]},{"@type":"WebSite","@id":"https:\/\/www.calafornells.com\/#website","url":"https:\/\/www.calafornells.com\/","name":"Hotel Cala Fornells","description":"4* Paguera Mallorca | Offizielle Website | Bester Preis Online Garantiert","publisher":{"@id":"https:\/\/www.calafornells.com\/#organization"},"potentialAction":[{"@type":"SearchAction","target":{"@type":"EntryPoint","urlTemplate":"https:\/\/www.calafornells.com\/?s={search_term_string}"},"query-input":{"@type":"PropertyValueSpecification","valueRequired":true,"valueName":"search_term_string"}}],"inLanguage":"de"},{"@type":"Organization","@id":"https:\/\/www.calafornells.com\/#organization","name":"Hotel Cala Fornells","url":"https:\/\/www.calafornells.com\/","logo":{"@type":"ImageObject","inLanguage":"de","@id":"https:\/\/www.calafornells.com\/#\/schema\/logo\/image\/","url":"","contentUrl":"","caption":"Hotel Cala Fornells"},"image":{"@id":"https:\/\/www.calafornells.com\/#\/schema\/logo\/image\/"},"sameAs":["https:\/\/www.facebook.com\/hotel.calafornells\/","https:\/\/www.instagram.com\/hotelcalafornells\/"]}]}},"_links":{"self":[{"href":"https:\/\/www.calafornells.com\/de\/wp-json\/wp\/v2\/pages\/11255","targetHints":{"allow":["GET"]}}],"collection":[{"href":"https:\/\/www.calafornells.com\/de\/wp-json\/wp\/v2\/pages"}],"about":[{"href":"https:\/\/www.calafornells.com\/de\/wp-json\/wp\/v2\/types\/page"}],"author":[{"embeddable":true,"href":"https:\/\/www.calafornells.com\/de\/wp-json\/wp\/v2\/users\/1"}],"replies":[{"embeddable":true,"href":"https:\/\/www.calafornells.com\/de\/wp-json\/wp\/v2\/comments?post=11255"}],"version-history":[{"count":1,"href":"https:\/\/www.calafornells.com\/de\/wp-json\/wp\/v2\/pages\/11255\/revisions"}],"predecessor-version":[{"id":11860,"href":"https:\/\/www.calafornells.com\/de\/wp-json\/wp\/v2\/pages\/11255\/revisions\/11860"}],"wp:featuredmedia":[{"embeddable":true,"href":"https:\/\/www.calafornells.com\/de\/wp-json\/wp\/v2\/media\/9439"}],"wp:attachment":[{"href":"https:\/\/www.calafornells.com\/de\/wp-json\/wp\/v2\/media?parent=11255"}],"curies":[{"name":"wp","href":"https:\/\/api.w.org\/{rel}","templated":true}]}}