{"id":11270,"date":"2021-02-14T20:22:39","date_gmt":"2021-02-14T19:22:39","guid":{"rendered":"https:\/\/www.calafornells.com\/hotel-pakete\/paquete-ciclista\/"},"modified":"2021-03-19T17:11:05","modified_gmt":"2021-03-19T16:11:05","slug":"fahrrad-paket","status":"publish","type":"page","link":"https:\/\/www.calafornells.com\/de\/hotel-pakete\/fahrrad-paket\/","title":{"rendered":"Fahrrad-Paket"},"content":{"rendered":"<section class=\"l-section wpb_row height_medium\"><div class=\"l-section-h i-cf\"><div class=\"g-cols vc_row via_flex valign_top type_default stacking_default\"><div class=\"vc_col-sm-12 wpb_column vc_column_container\"><div class=\"vc_column-inner\"><div class=\"wpb_wrapper\"><div class=\"wpb_text_column\"><div class=\"wpb_wrapper\"><div class=\"paquets\">\n<h4>Was beinhaltet unser Fahrradpaket?<\/h4>\n<ul>\n<li>Exklusiver Parkplatz f\u00fcr Fahrr\u00e4der in einem Video\u00fcberwachungsbereich.<\/li>\n<li>Grundlegende Werkzeuge<\/li>\n<li>Pumpe<\/li>\n<li>Fahrradverleih (gegen Geb\u00fchr)<\/li>\n<li>Beratung zu Strecken\/Routen<\/li>\n<li>Massageservice (gegen Geb\u00fchr)<\/li>\n<li>Fitnessbereich<\/li>\n<li>Nutzung der Sauna, des Innenpools und des Whirlpools<\/li>\n<li>Verkauf von Sportern\u00e4hrungsprodukten (Bars und Getr\u00e4nke)<\/li>\n<li>Geschenk bei der Ankunft (Energiepaket: 2 isotonische Getr\u00e4nke, 2 Bars, 2 Bananen)<\/li>\n<li>Reservierte Mahlzeiten f\u00fcr Radfahrer angepasst<\/li>\n<\/ul>\n<h4>BEDINGUNGEN:<\/h4>\n<p>Nur f\u00fcr\u00a0<a href=\"https:\/\/www.calafornells.com\/hotel-mallorca-online-reservierungen\/\">Reservierungen auf dieser Website von 3 oder mehr N\u00e4chten<\/a><\/p>\n<\/div>\n<\/div><\/div><\/div><\/div><\/div><\/div><\/div><\/section>\n","protected":false},"excerpt":{"rendered":"Was beinhaltet unser Fahrradpaket? Exklusiver Parkplatz f\u00fcr Fahrr\u00e4der in einem Video\u00fcberwachungsbereich. Grundlegende Werkzeuge Pumpe Fahrradverleih (gegen Geb\u00fchr) Beratung zu Strecken\/Routen Massageservice (gegen Geb\u00fchr) Fitnessbereich Nutzung der Sauna, des Innenpools und des Whirlpools Verkauf von Sportern\u00e4hrungsprodukten (Bars und Getr\u00e4nke) Geschenk bei der Ankunft (Energiepaket: 2 isotonische Getr\u00e4nke, 2 Bars, 2 Bananen) Reservierte Mahlzeiten f\u00fcr Radfahrer angepasst...","protected":false},"author":1,"featured_media":9478,"parent":7160,"menu_order":0,"comment_status":"closed","ping_status":"closed","template":"","meta":{"footnotes":""},"class_list":["post-11270","page","type-page","status-publish","has-post-thumbnail","hentry"],"yoast_head":"<!-- This site is optimized with the Yoast SEO plugin v27.3 - https:\/\/yoast.com\/product\/yoast-seo-wordpress\/ -->\n<title>Fahrrad-Paket | Hotel Cala Fornells<\/title>\n<meta name=\"robots\" content=\"index, follow, max-snippet:-1, max-image-preview:large, max-video-preview:-1\" \/>\n<link rel=\"canonical\" href=\"https:\/\/www.calafornells.com\/paquetes\/paquete-ciclista\/\" \/>\n<meta property=\"og:locale\" content=\"de_DE\" \/>\n<meta property=\"og:type\" content=\"article\" \/>\n<meta property=\"og:title\" content=\"Fahrrad-Paket | Hotel Cala Fornells\" \/>\n<meta property=\"og:url\" content=\"https:\/\/www.calafornells.com\/paquetes\/paquete-ciclista\/\" \/>\n<meta property=\"og:site_name\" content=\"Hotel Cala Fornells\" \/>\n<meta property=\"article:publisher\" content=\"https:\/\/www.facebook.com\/hotel.calafornells\/\" \/>\n<meta property=\"article:modified_time\" content=\"2021-03-19T16:11:05+00:00\" \/>\n<meta property=\"og:image\" content=\"https:\/\/www.calafornells.com\/wp-content\/uploads\/2014\/05\/ciclisme.jpg\" \/>\n\t<meta property=\"og:image:width\" content=\"1920\" \/>\n\t<meta property=\"og:image:height\" content=\"1080\" \/>\n\t<meta property=\"og:image:type\" content=\"image\/jpeg\" \/>\n<meta name=\"twitter:card\" content=\"summary_large_image\" \/>\n<meta name=\"twitter:label1\" content=\"Gesch\u00e4tzte Lesezeit\" \/>\n\t<meta name=\"twitter:data1\" content=\"1\u00a0Minute\" \/>\n<script type=\"application\/ld+json\" class=\"yoast-schema-graph\">{\"@context\":\"https:\\\/\\\/schema.org\",\"@graph\":[{\"@type\":\"WebPage\",\"@id\":\"https:\\\/\\\/www.calafornells.com\\\/paquetes\\\/paquete-ciclista\\\/\",\"url\":\"https:\\\/\\\/www.calafornells.com\\\/paquetes\\\/paquete-ciclista\\\/\",\"name\":\"Fahrrad-Paket | Hotel Cala Fornells\",\"isPartOf\":{\"@id\":\"https:\\\/\\\/www.calafornells.com\\\/#website\"},\"primaryImageOfPage\":{\"@id\":\"https:\\\/\\\/www.calafornells.com\\\/paquetes\\\/paquete-ciclista\\\/#primaryimage\"},\"image\":{\"@id\":\"https:\\\/\\\/www.calafornells.com\\\/paquetes\\\/paquete-ciclista\\\/#primaryimage\"},\"thumbnailUrl\":\"https:\\\/\\\/www.calafornells.com\\\/wp-content\\\/uploads\\\/2014\\\/05\\\/ciclisme.jpg\",\"datePublished\":\"2021-02-14T19:22:39+00:00\",\"dateModified\":\"2021-03-19T16:11:05+00:00\",\"breadcrumb\":{\"@id\":\"https:\\\/\\\/www.calafornells.com\\\/paquetes\\\/paquete-ciclista\\\/#breadcrumb\"},\"inLanguage\":\"de\",\"potentialAction\":[{\"@type\":\"ReadAction\",\"target\":[\"https:\\\/\\\/www.calafornells.com\\\/paquetes\\\/paquete-ciclista\\\/\"]}]},{\"@type\":\"ImageObject\",\"inLanguage\":\"de\",\"@id\":\"https:\\\/\\\/www.calafornells.com\\\/paquetes\\\/paquete-ciclista\\\/#primaryimage\",\"url\":\"https:\\\/\\\/www.calafornells.com\\\/wp-content\\\/uploads\\\/2014\\\/05\\\/ciclisme.jpg\",\"contentUrl\":\"https:\\\/\\\/www.calafornells.com\\\/wp-content\\\/uploads\\\/2014\\\/05\\\/ciclisme.jpg\",\"width\":1920,\"height\":1080},{\"@type\":\"BreadcrumbList\",\"@id\":\"https:\\\/\\\/www.calafornells.com\\\/paquetes\\\/paquete-ciclista\\\/#breadcrumb\",\"itemListElement\":[{\"@type\":\"ListItem\",\"position\":1,\"name\":\"Portada\",\"item\":\"https:\\\/\\\/www.calafornells.com\\\/de\\\/\"},{\"@type\":\"ListItem\",\"position\":2,\"name\":\"Hotel-Pakete\",\"item\":\"https:\\\/\\\/www.calafornells.com\\\/paquetes\\\/\"},{\"@type\":\"ListItem\",\"position\":3,\"name\":\"Fahrrad-Paket\"}]},{\"@type\":\"WebSite\",\"@id\":\"https:\\\/\\\/www.calafornells.com\\\/#website\",\"url\":\"https:\\\/\\\/www.calafornells.com\\\/\",\"name\":\"Hotel Cala Fornells\",\"description\":\"4* Paguera Mallorca | Offizielle Website | Bester Preis Online Garantiert\",\"publisher\":{\"@id\":\"https:\\\/\\\/www.calafornells.com\\\/#organization\"},\"potentialAction\":[{\"@type\":\"SearchAction\",\"target\":{\"@type\":\"EntryPoint\",\"urlTemplate\":\"https:\\\/\\\/www.calafornells.com\\\/?s={search_term_string}\"},\"query-input\":{\"@type\":\"PropertyValueSpecification\",\"valueRequired\":true,\"valueName\":\"search_term_string\"}}],\"inLanguage\":\"de\"},{\"@type\":\"Organization\",\"@id\":\"https:\\\/\\\/www.calafornells.com\\\/#organization\",\"name\":\"Hotel Cala Fornells\",\"url\":\"https:\\\/\\\/www.calafornells.com\\\/\",\"logo\":{\"@type\":\"ImageObject\",\"inLanguage\":\"de\",\"@id\":\"https:\\\/\\\/www.calafornells.com\\\/#\\\/schema\\\/logo\\\/image\\\/\",\"url\":\"\",\"contentUrl\":\"\",\"caption\":\"Hotel Cala Fornells\"},\"image\":{\"@id\":\"https:\\\/\\\/www.calafornells.com\\\/#\\\/schema\\\/logo\\\/image\\\/\"},\"sameAs\":[\"https:\\\/\\\/www.facebook.com\\\/hotel.calafornells\\\/\",\"https:\\\/\\\/www.instagram.com\\\/hotelcalafornells\\\/\"]}]}<\/script>\n<!-- \/ Yoast SEO plugin. -->","yoast_head_json":{"title":"Fahrrad-Paket | Hotel Cala Fornells","robots":{"index":"index","follow":"follow","max-snippet":"max-snippet:-1","max-image-preview":"max-image-preview:large","max-video-preview":"max-video-preview:-1"},"canonical":"https:\/\/www.calafornells.com\/paquetes\/paquete-ciclista\/","og_locale":"de_DE","og_type":"article","og_title":"Fahrrad-Paket | Hotel Cala Fornells","og_url":"https:\/\/www.calafornells.com\/paquetes\/paquete-ciclista\/","og_site_name":"Hotel Cala Fornells","article_publisher":"https:\/\/www.facebook.com\/hotel.calafornells\/","article_modified_time":"2021-03-19T16:11:05+00:00","og_image":[{"width":1920,"height":1080,"url":"https:\/\/www.calafornells.com\/wp-content\/uploads\/2014\/05\/ciclisme.jpg","type":"image\/jpeg"}],"twitter_card":"summary_large_image","twitter_misc":{"Gesch\u00e4tzte Lesezeit":"1\u00a0Minute"},"schema":{"@context":"https:\/\/schema.org","@graph":[{"@type":"WebPage","@id":"https:\/\/www.calafornells.com\/paquetes\/paquete-ciclista\/","url":"https:\/\/www.calafornells.com\/paquetes\/paquete-ciclista\/","name":"Fahrrad-Paket | Hotel Cala Fornells","isPartOf":{"@id":"https:\/\/www.calafornells.com\/#website"},"primaryImageOfPage":{"@id":"https:\/\/www.calafornells.com\/paquetes\/paquete-ciclista\/#primaryimage"},"image":{"@id":"https:\/\/www.calafornells.com\/paquetes\/paquete-ciclista\/#primaryimage"},"thumbnailUrl":"https:\/\/www.calafornells.com\/wp-content\/uploads\/2014\/05\/ciclisme.jpg","datePublished":"2021-02-14T19:22:39+00:00","dateModified":"2021-03-19T16:11:05+00:00","breadcrumb":{"@id":"https:\/\/www.calafornells.com\/paquetes\/paquete-ciclista\/#breadcrumb"},"inLanguage":"de","potentialAction":[{"@type":"ReadAction","target":["https:\/\/www.calafornells.com\/paquetes\/paquete-ciclista\/"]}]},{"@type":"ImageObject","inLanguage":"de","@id":"https:\/\/www.calafornells.com\/paquetes\/paquete-ciclista\/#primaryimage","url":"https:\/\/www.calafornells.com\/wp-content\/uploads\/2014\/05\/ciclisme.jpg","contentUrl":"https:\/\/www.calafornells.com\/wp-content\/uploads\/2014\/05\/ciclisme.jpg","width":1920,"height":1080},{"@type":"BreadcrumbList","@id":"https:\/\/www.calafornells.com\/paquetes\/paquete-ciclista\/#breadcrumb","itemListElement":[{"@type":"ListItem","position":1,"name":"Portada","item":"https:\/\/www.calafornells.com\/de\/"},{"@type":"ListItem","position":2,"name":"Hotel-Pakete","item":"https:\/\/www.calafornells.com\/paquetes\/"},{"@type":"ListItem","position":3,"name":"Fahrrad-Paket"}]},{"@type":"WebSite","@id":"https:\/\/www.calafornells.com\/#website","url":"https:\/\/www.calafornells.com\/","name":"Hotel Cala Fornells","description":"4* Paguera Mallorca | Offizielle Website | Bester Preis Online Garantiert","publisher":{"@id":"https:\/\/www.calafornells.com\/#organization"},"potentialAction":[{"@type":"SearchAction","target":{"@type":"EntryPoint","urlTemplate":"https:\/\/www.calafornells.com\/?s={search_term_string}"},"query-input":{"@type":"PropertyValueSpecification","valueRequired":true,"valueName":"search_term_string"}}],"inLanguage":"de"},{"@type":"Organization","@id":"https:\/\/www.calafornells.com\/#organization","name":"Hotel Cala Fornells","url":"https:\/\/www.calafornells.com\/","logo":{"@type":"ImageObject","inLanguage":"de","@id":"https:\/\/www.calafornells.com\/#\/schema\/logo\/image\/","url":"","contentUrl":"","caption":"Hotel Cala Fornells"},"image":{"@id":"https:\/\/www.calafornells.com\/#\/schema\/logo\/image\/"},"sameAs":["https:\/\/www.facebook.com\/hotel.calafornells\/","https:\/\/www.instagram.com\/hotelcalafornells\/"]}]}},"_links":{"self":[{"href":"https:\/\/www.calafornells.com\/de\/wp-json\/wp\/v2\/pages\/11270","targetHints":{"allow":["GET"]}}],"collection":[{"href":"https:\/\/www.calafornells.com\/de\/wp-json\/wp\/v2\/pages"}],"about":[{"href":"https:\/\/www.calafornells.com\/de\/wp-json\/wp\/v2\/types\/page"}],"author":[{"embeddable":true,"href":"https:\/\/www.calafornells.com\/de\/wp-json\/wp\/v2\/users\/1"}],"replies":[{"embeddable":true,"href":"https:\/\/www.calafornells.com\/de\/wp-json\/wp\/v2\/comments?post=11270"}],"version-history":[{"count":3,"href":"https:\/\/www.calafornells.com\/de\/wp-json\/wp\/v2\/pages\/11270\/revisions"}],"predecessor-version":[{"id":12222,"href":"https:\/\/www.calafornells.com\/de\/wp-json\/wp\/v2\/pages\/11270\/revisions\/12222"}],"up":[{"embeddable":true,"href":"https:\/\/www.calafornells.com\/de\/wp-json\/wp\/v2\/pages\/7160"}],"wp:featuredmedia":[{"embeddable":true,"href":"https:\/\/www.calafornells.com\/de\/wp-json\/wp\/v2\/media\/9478"}],"wp:attachment":[{"href":"https:\/\/www.calafornells.com\/de\/wp-json\/wp\/v2\/media?parent=11270"}],"curies":[{"name":"wp","href":"https:\/\/api.w.org\/{rel}","templated":true}]}}