{"id":7055,"date":"2014-05-23T16:44:40","date_gmt":"2014-05-23T16:44:40","guid":{"rendered":"https:\/\/www.calafornells.com\/ciclismo-2\/"},"modified":"2021-03-12T14:38:08","modified_gmt":"2021-03-12T13:38:08","slug":"radsport","status":"publish","type":"page","link":"https:\/\/www.calafornells.com\/de\/radsport\/","title":{"rendered":"Radsport"},"content":{"rendered":"<section class=\"l-section wpb_row height_medium\"><div class=\"l-section-h i-cf\"><div class=\"g-cols vc_row via_flex valign_top type_default stacking_default\"><div class=\"vc_col-sm-12 wpb_column vc_column_container\"><div class=\"vc_column-inner\"><div class=\"wpb_wrapper\"><div class=\"wpb_text_column\"><div class=\"wpb_wrapper\"><p>Ab Hotel Cala Fornells k\u00f6nnen zahlreiche Radwanderungen mit hohem landschaftlichem und kulturellem Wert unternommen werden: von Paguera bis Estellencs \u00fcber Capdell\u00e0, Andratx, S\u2019Arrac\u00f3, Sant Elm, Galilea usw. Es gibt viele Land- und Bergstra\u00dfen f\u00fcr den Radler zu erkunden. An der Hotelrezeption k\u00f6nnen G\u00e4ste Landkarten und n\u00fctzliche Informationen f\u00fcr den Radsport und Mountainbiking erhalten.<\/p>\n<p>Au\u00dferdem verf\u00fcgt das Hotel \u00fcber einen speziell f\u00fcr die Aufbewahrung, Wartung und Reparatur von Fahrr\u00e4dern ausgestatteten Bereich mit Einzelsicherheitsbefestigungen und den grundlegenden Werkzeugen f\u00fcr Reinigung und Reparatur.<\/p>\n<\/div><\/div><div class=\"w-separator size_medium\"><\/div><div class=\"w-grid us_grid type_grid layout_10148 cols_2 preload_style_spinner\" id=\"us_grid_1\" style=\"--columns:2;--gap:1.5rem;\" data-filterable=\"true\"><style>@media (max-width:600px){#us_grid_1{--columns:1!important}}.layout_10148 .w-grid-item-h{}.layout_10148 .usg_post_image_1{margin-bottom:0.5rem!important}.layout_10148 .usg_post_title_1{font-size:1.5rem!important}<\/style><div class=\"w-grid-list\">\t<article class=\"w-grid-item size_1x1 post-7715 page type-page status-publish hentry\" data-id=\"7715\">\r\n\t\t<div class=\"w-grid-item-h\">\r\n\t\t\t\t\t\t\t<a href=\"https:\/\/www.calafornells.com\/de\/404-error\/\" class=\"w-grid-item-anchor\" aria-label=\"404 Error\"><\/a>\r\n\t\t\t\t\t\t<h2 class=\"w-post-elm post_title usg_post_title_1 align_center entry-title color_link_inherit\">404 Error<\/h2>\t\t<\/div>\r\n\t\t\t<\/article>\r\n\t<article class=\"w-grid-item size_1x1 post-7028 page type-page status-publish has-post-thumbnail hentry\" data-id=\"7028\">\r\n\t\t<div class=\"w-grid-item-h\">\r\n\t\t\t\t\t\t\t<a href=\"https:\/\/www.calafornells.com\/de\/\" class=\"w-grid-item-anchor\" aria-label=\"Hotel Cala Fornells\"><\/a>\r\n\t\t\t\t\t\t<div class=\"w-post-elm post_image usg_post_image_1 stretched\"><img decoding=\"async\" width=\"600\" height=\"400\" data-src=\"https:\/\/www.calafornells.com\/wp-content\/uploads\/2017\/04\/hotel-calafornells-background-600x400.jpg\" class=\"attachment-us_600_400_crop size-us_600_400_crop wp-post-image lazyload\" alt=\"\" data-srcset=\"https:\/\/www.calafornells.com\/wp-content\/uploads\/2017\/04\/hotel-calafornells-background-600x400.jpg 600w, https:\/\/www.calafornells.com\/wp-content\/uploads\/2017\/04\/hotel-calafornells-background-1024x683.jpg 1024w, https:\/\/www.calafornells.com\/wp-content\/uploads\/2017\/04\/hotel-calafornells-background.jpg 1280w\" data-sizes=\"(max-width: 600px) 100vw, 600px\" src=\"data:image\/svg+xml;base64,PHN2ZyB3aWR0aD0iMSIgaGVpZ2h0PSIxIiB4bWxucz0iaHR0cDovL3d3dy53My5vcmcvMjAwMC9zdmciPjwvc3ZnPg==\" style=\"--smush-placeholder-width: 600px; --smush-placeholder-aspect-ratio: 600\/400;\" \/><\/div><h2 class=\"w-post-elm post_title usg_post_title_1 align_center entry-title color_link_inherit\">Hotel Cala Fornells<\/h2>\t\t<\/div>\r\n\t\t\t<\/article>\r\n\t<article class=\"w-grid-item size_1x1 post-7135 page type-page status-publish has-post-thumbnail hentry\" data-id=\"7135\">\r\n\t\t<div class=\"w-grid-item-h\">\r\n\t\t\t\t\t\t\t<a href=\"https:\/\/www.calafornells.com\/de\/zimmer-hotel-paguera\/\" class=\"w-grid-item-anchor\" aria-label=\"Zimmer\"><\/a>\r\n\t\t\t\t\t\t<div class=\"w-post-elm post_image usg_post_image_1 stretched\"><img decoding=\"async\" width=\"600\" height=\"400\" data-src=\"https:\/\/www.calafornells.com\/wp-content\/uploads\/2026\/03\/hotel-cala-fornells-hotel-rooms-2026-600x400.jpeg\" class=\"attachment-us_600_400_crop size-us_600_400_crop wp-post-image lazyload\" alt=\"\" data-srcset=\"https:\/\/www.calafornells.com\/wp-content\/uploads\/2026\/03\/hotel-cala-fornells-hotel-rooms-2026-600x400.jpeg 600w, https:\/\/www.calafornells.com\/wp-content\/uploads\/2026\/03\/hotel-cala-fornells-hotel-rooms-2026.jpeg 1024w\" data-sizes=\"(max-width: 600px) 100vw, 600px\" src=\"data:image\/svg+xml;base64,PHN2ZyB3aWR0aD0iMSIgaGVpZ2h0PSIxIiB4bWxucz0iaHR0cDovL3d3dy53My5vcmcvMjAwMC9zdmciPjwvc3ZnPg==\" style=\"--smush-placeholder-width: 600px; --smush-placeholder-aspect-ratio: 600\/400;\" \/><\/div><h2 class=\"w-post-elm post_title usg_post_title_1 align_center entry-title color_link_inherit\">Zimmer<\/h2>\t\t<\/div>\r\n\t\t\t<\/article>\r\n\t<article class=\"w-grid-item size_1x1 post-7180 page type-page status-publish hentry\" data-id=\"7180\">\r\n\t\t<div class=\"w-grid-item-h\">\r\n\t\t\t\t\t\t\t<a href=\"https:\/\/www.calafornells.com\/de\/vorteile-direkt-hotel-buchen\/\" class=\"w-grid-item-anchor\" aria-label=\"Hier buchen bringt Vorteile\"><\/a>\r\n\t\t\t\t\t\t<h2 class=\"w-post-elm post_title usg_post_title_1 align_center entry-title color_link_inherit\">Hier buchen bringt Vorteile<\/h2>\t\t<\/div>\r\n\t\t\t<\/article>\r\n\t<article class=\"w-grid-item size_1x1 post-7080 page type-page status-publish hentry\" data-id=\"7080\">\r\n\t\t<div class=\"w-grid-item-h\">\r\n\t\t\t\t\t\t\t<a href=\"https:\/\/www.calafornells.com\/de\/kontaktieren-hotel-paguera\/\" class=\"w-grid-item-anchor\" aria-label=\"Kontaktieren\"><\/a>\r\n\t\t\t\t\t\t<h2 class=\"w-post-elm post_title usg_post_title_1 align_center entry-title color_link_inherit\">Kontaktieren<\/h2>\t\t<\/div>\r\n\t\t\t<\/article>\r\n\t<article class=\"w-grid-item size_1x1 post-7160 page type-page status-publish has-post-thumbnail hentry\" data-id=\"7160\">\r\n\t\t<div class=\"w-grid-item-h\">\r\n\t\t\t\t\t\t\t<a href=\"https:\/\/www.calafornells.com\/de\/hotel-pakete\/\" class=\"w-grid-item-anchor\" aria-label=\"Hotel-Pakete\"><\/a>\r\n\t\t\t\t\t\t<div class=\"w-post-elm post_image usg_post_image_1 stretched\"><img decoding=\"async\" width=\"600\" height=\"400\" data-src=\"https:\/\/www.calafornells.com\/wp-content\/uploads\/2021\/02\/paquetes-hotel-cala-fornells-600x400.jpg\" class=\"attachment-us_600_400_crop size-us_600_400_crop wp-post-image lazyload\" alt=\"\" src=\"data:image\/svg+xml;base64,PHN2ZyB3aWR0aD0iMSIgaGVpZ2h0PSIxIiB4bWxucz0iaHR0cDovL3d3dy53My5vcmcvMjAwMC9zdmciPjwvc3ZnPg==\" style=\"--smush-placeholder-width: 600px; --smush-placeholder-aspect-ratio: 600\/400;\" \/><\/div><h2 class=\"w-post-elm post_title usg_post_title_1 align_center entry-title color_link_inherit\">Hotel-Pakete<\/h2>\t\t<\/div>\r\n\t\t\t<\/article>\r\n\t<article class=\"w-grid-item size_1x1 post-7140 page type-page status-publish has-post-thumbnail hentry\" data-id=\"7140\">\r\n\t\t<div class=\"w-grid-item-h\">\r\n\t\t\t\t\t\t\t<a href=\"https:\/\/www.calafornells.com\/de\/geschichte\/\" class=\"w-grid-item-anchor\" aria-label=\"Unsere Geschichte\"><\/a>\r\n\t\t\t\t\t\t<div class=\"w-post-elm post_image usg_post_image_1 stretched\"><img decoding=\"async\" width=\"600\" height=\"400\" data-src=\"https:\/\/www.calafornells.com\/wp-content\/uploads\/2014\/04\/hotel-cala-fornells-historia-1-600x400.jpg\" class=\"attachment-us_600_400_crop size-us_600_400_crop wp-post-image lazyload\" alt=\"\" src=\"data:image\/svg+xml;base64,PHN2ZyB3aWR0aD0iMSIgaGVpZ2h0PSIxIiB4bWxucz0iaHR0cDovL3d3dy53My5vcmcvMjAwMC9zdmciPjwvc3ZnPg==\" style=\"--smush-placeholder-width: 600px; --smush-placeholder-aspect-ratio: 600\/400;\" \/><\/div><h2 class=\"w-post-elm post_title usg_post_title_1 align_center entry-title color_link_inherit\">Unsere Geschichte<\/h2>\t\t<\/div>\r\n\t\t\t<\/article>\r\n\t<article class=\"w-grid-item size_1x1 post-7100 page type-page status-publish has-post-thumbnail hentry\" data-id=\"7100\">\r\n\t\t<div class=\"w-grid-item-h\">\r\n\t\t\t\t\t\t\t<a href=\"https:\/\/www.calafornells.com\/de\/gastronomie\/\" class=\"w-grid-item-anchor\" aria-label=\"Restaurant\"><\/a>\r\n\t\t\t\t\t\t<div class=\"w-post-elm post_image usg_post_image_1 stretched\"><img decoding=\"async\" width=\"600\" height=\"400\" data-src=\"https:\/\/www.calafornells.com\/wp-content\/uploads\/2021\/02\/restaurante-cala-fornells-600x400.jpg\" class=\"attachment-us_600_400_crop size-us_600_400_crop wp-post-image lazyload\" alt=\"\" src=\"data:image\/svg+xml;base64,PHN2ZyB3aWR0aD0iMSIgaGVpZ2h0PSIxIiB4bWxucz0iaHR0cDovL3d3dy53My5vcmcvMjAwMC9zdmciPjwvc3ZnPg==\" style=\"--smush-placeholder-width: 600px; --smush-placeholder-aspect-ratio: 600\/400;\" \/><\/div><h2 class=\"w-post-elm post_title usg_post_title_1 align_center entry-title color_link_inherit\">Restaurant<\/h2>\t\t<\/div>\r\n\t\t\t<\/article>\r\n\t<article class=\"w-grid-item size_1x1 post-7105 page type-page status-publish has-post-thumbnail hentry\" data-id=\"7105\">\r\n\t\t<div class=\"w-grid-item-h\">\r\n\t\t\t\t\t\t\t<a href=\"https:\/\/www.calafornells.com\/de\/golf\/\" class=\"w-grid-item-anchor\" aria-label=\"Golf\"><\/a>\r\n\t\t\t\t\t\t<div class=\"w-post-elm post_image usg_post_image_1 stretched\"><img decoding=\"async\" width=\"600\" height=\"400\" data-src=\"https:\/\/www.calafornells.com\/wp-content\/uploads\/2014\/04\/hotel-cala-fornells-golf-1-600x400.jpg\" class=\"attachment-us_600_400_crop size-us_600_400_crop wp-post-image lazyload\" alt=\"\" src=\"data:image\/svg+xml;base64,PHN2ZyB3aWR0aD0iMSIgaGVpZ2h0PSIxIiB4bWxucz0iaHR0cDovL3d3dy53My5vcmcvMjAwMC9zdmciPjwvc3ZnPg==\" style=\"--smush-placeholder-width: 600px; --smush-placeholder-aspect-ratio: 600\/400;\" \/><\/div><h2 class=\"w-post-elm post_title usg_post_title_1 align_center entry-title color_link_inherit\">Golf<\/h2>\t\t<\/div>\r\n\t\t\t<\/article>\r\n\t<article class=\"w-grid-item size_1x1 post-7185 page type-page status-publish has-post-thumbnail hentry\" data-id=\"7185\">\r\n\t\t<div class=\"w-grid-item-h\">\r\n\t\t\t\t\t\t\t<a href=\"https:\/\/www.calafornells.com\/de\/wandern\/\" class=\"w-grid-item-anchor\" aria-label=\"Wandern\"><\/a>\r\n\t\t\t\t\t\t<div class=\"w-post-elm post_image usg_post_image_1 stretched\"><img decoding=\"async\" width=\"600\" height=\"400\" data-src=\"https:\/\/www.calafornells.com\/wp-content\/uploads\/2014\/05\/senderismo-cala-fornells-600x400.jpg\" class=\"attachment-us_600_400_crop size-us_600_400_crop wp-post-image lazyload\" alt=\"\" src=\"data:image\/svg+xml;base64,PHN2ZyB3aWR0aD0iMSIgaGVpZ2h0PSIxIiB4bWxucz0iaHR0cDovL3d3dy53My5vcmcvMjAwMC9zdmciPjwvc3ZnPg==\" style=\"--smush-placeholder-width: 600px; --smush-placeholder-aspect-ratio: 600\/400;\" \/><\/div><h2 class=\"w-post-elm post_title usg_post_title_1 align_center entry-title color_link_inherit\">Wandern<\/h2>\t\t<\/div>\r\n\t\t\t<\/article>\r\n<\/div>\t<div class=\"w-grid-preloader\">\r\n\t\t<div class=\"g-preloader type_1\">\r\n\t\t\t<div><\/div>\r\n\t\t<\/div>\r\n\t<\/div>\r\n\t\t<div class=\"w-grid-json hidden\" onclick='return {&quot;action&quot;:&quot;us_ajax_grid&quot;,&quot;infinite_scroll&quot;:0,&quot;max_num_pages&quot;:7,&quot;pagination&quot;:&quot;none&quot;,&quot;template_vars&quot;:{&quot;columns&quot;:&quot;2&quot;,&quot;exclude_items&quot;:&quot;none&quot;,&quot;img_size&quot;:&quot;default&quot;,&quot;ignore_items_size&quot;:0,&quot;items_layout&quot;:&quot;10148&quot;,&quot;items_offset&quot;:&quot;1&quot;,&quot;load_animation&quot;:&quot;none&quot;,&quot;overriding_link&quot;:&quot;%7B%22type%22%3A%22post%22%7D&quot;,&quot;post_id&quot;:0,&quot;query_args&quot;:{&quot;post_parent&quot;:0,&quot;post_type&quot;:&quot;any&quot;,&quot;ignore_sticky_posts&quot;:1,&quot;posts_per_page&quot;:&quot;10&quot;},&quot;orderby_query_args&quot;:{&quot;orderby&quot;:{&quot;date&quot;:&quot;ASC&quot;}},&quot;type&quot;:&quot;grid&quot;,&quot;us_grid_post_type&quot;:&quot;current_child_pages&quot;,&quot;us_grid_ajax_index&quot;:1,&quot;us_grid_filter_query_string&quot;:null,&quot;us_grid_index&quot;:1,&quot;page_args&quot;:[],&quot;lang&quot;:&quot;de&quot;}}'><\/div>\r\n\t<\/div><div class=\"w-separator size_medium\"><\/div><div class=\"w-btn-wrapper align_center\"><a class=\"w-btn us-btn-style_1\" title=\"Fahrrad-Paket\" href=\"https:\/\/www.calafornells.com\/de\/hotel-pakete\/fahrrad-paket\/\"><span class=\"w-btn-label\">Fahrrad-Paket<\/span><\/a><\/div><\/div><\/div><\/div><\/div><\/div><\/section>\n","protected":false},"excerpt":{"rendered":"Das Hotel Cala Fornells ist eine privilegierte Zone f\u00fcr Reisende und Wanderer, umgeben von Bergen und zug\u00e4nglichen Wanderwegen. Die n\u00e4hste Wanderung f\u00fcr die G\u00e4ste des Hotels ist der Weg von Cala Fornells zum Turm des Cap Andritxol, erbaut im XVI Jahrhundert, 180 Metern \u00fcber dem Meeresspiegel und umgeben von einen sch\u00f6nen Kieferwald mit gro\u00dfartigen Aussichten...","protected":false},"author":1,"featured_media":9960,"parent":0,"menu_order":0,"comment_status":"closed","ping_status":"closed","template":"","meta":{"footnotes":""},"class_list":["post-7055","page","type-page","status-publish","has-post-thumbnail","hentry"],"yoast_head":"<!-- This site is optimized with the Yoast SEO plugin v27.5 - https:\/\/yoast.com\/product\/yoast-seo-wordpress\/ -->\n<title>Radsport | Hotel Cala Fornells<\/title>\n<meta name=\"robots\" content=\"index, follow, max-snippet:-1, max-image-preview:large, max-video-preview:-1\" \/>\n<link rel=\"canonical\" href=\"https:\/\/www.calafornells.com\/ciclismo\/\" \/>\n<meta property=\"og:locale\" content=\"de_DE\" \/>\n<meta property=\"og:type\" content=\"article\" \/>\n<meta property=\"og:title\" content=\"Radsport | Hotel Cala Fornells\" \/>\n<meta property=\"og:url\" content=\"https:\/\/www.calafornells.com\/ciclismo\/\" \/>\n<meta property=\"og:site_name\" content=\"Hotel Cala Fornells\" \/>\n<meta property=\"article:publisher\" content=\"https:\/\/www.facebook.com\/hotel.calafornells\/\" \/>\n<meta property=\"article:modified_time\" content=\"2021-03-12T13:38:08+00:00\" \/>\n<meta property=\"og:image\" content=\"https:\/\/www.calafornells.com\/wp-content\/uploads\/2014\/05\/hotel-cala-fornells-mallorca-paguera-17.jpg\" \/>\n\t<meta property=\"og:image:width\" content=\"1280\" \/>\n\t<meta property=\"og:image:height\" content=\"720\" \/>\n\t<meta property=\"og:image:type\" content=\"image\/jpeg\" \/>\n<meta name=\"twitter:card\" content=\"summary_large_image\" \/>\n<meta name=\"twitter:label1\" content=\"Gesch\u00e4tzte Lesezeit\" \/>\n\t<meta name=\"twitter:data1\" content=\"1\u00a0Minute\" \/>\n<script type=\"application\/ld+json\" class=\"yoast-schema-graph\">{\"@context\":\"https:\\\/\\\/schema.org\",\"@graph\":[{\"@type\":\"WebPage\",\"@id\":\"https:\\\/\\\/www.calafornells.com\\\/ciclismo\\\/\",\"url\":\"https:\\\/\\\/www.calafornells.com\\\/ciclismo\\\/\",\"name\":\"Radsport | Hotel Cala Fornells\",\"isPartOf\":{\"@id\":\"https:\\\/\\\/www.calafornells.com\\\/#website\"},\"primaryImageOfPage\":{\"@id\":\"https:\\\/\\\/www.calafornells.com\\\/ciclismo\\\/#primaryimage\"},\"image\":{\"@id\":\"https:\\\/\\\/www.calafornells.com\\\/ciclismo\\\/#primaryimage\"},\"thumbnailUrl\":\"https:\\\/\\\/www.calafornells.com\\\/wp-content\\\/uploads\\\/2014\\\/05\\\/hotel-cala-fornells-mallorca-paguera-17.jpg\",\"datePublished\":\"2014-05-23T16:44:40+00:00\",\"dateModified\":\"2021-03-12T13:38:08+00:00\",\"breadcrumb\":{\"@id\":\"https:\\\/\\\/www.calafornells.com\\\/ciclismo\\\/#breadcrumb\"},\"inLanguage\":\"de\",\"potentialAction\":[{\"@type\":\"ReadAction\",\"target\":[\"https:\\\/\\\/www.calafornells.com\\\/ciclismo\\\/\"]}]},{\"@type\":\"ImageObject\",\"inLanguage\":\"de\",\"@id\":\"https:\\\/\\\/www.calafornells.com\\\/ciclismo\\\/#primaryimage\",\"url\":\"https:\\\/\\\/www.calafornells.com\\\/wp-content\\\/uploads\\\/2014\\\/05\\\/hotel-cala-fornells-mallorca-paguera-17.jpg\",\"contentUrl\":\"https:\\\/\\\/www.calafornells.com\\\/wp-content\\\/uploads\\\/2014\\\/05\\\/hotel-cala-fornells-mallorca-paguera-17.jpg\",\"width\":1280,\"height\":720},{\"@type\":\"BreadcrumbList\",\"@id\":\"https:\\\/\\\/www.calafornells.com\\\/ciclismo\\\/#breadcrumb\",\"itemListElement\":[{\"@type\":\"ListItem\",\"position\":1,\"name\":\"Portada\",\"item\":\"https:\\\/\\\/www.calafornells.com\\\/de\\\/\"},{\"@type\":\"ListItem\",\"position\":2,\"name\":\"Radsport\"}]},{\"@type\":\"WebSite\",\"@id\":\"https:\\\/\\\/www.calafornells.com\\\/#website\",\"url\":\"https:\\\/\\\/www.calafornells.com\\\/\",\"name\":\"Hotel Cala Fornells\",\"description\":\"4* Paguera Mallorca | Offizielle Website | Bester Preis Online Garantiert\",\"publisher\":{\"@id\":\"https:\\\/\\\/www.calafornells.com\\\/#organization\"},\"potentialAction\":[{\"@type\":\"SearchAction\",\"target\":{\"@type\":\"EntryPoint\",\"urlTemplate\":\"https:\\\/\\\/www.calafornells.com\\\/?s={search_term_string}\"},\"query-input\":{\"@type\":\"PropertyValueSpecification\",\"valueRequired\":true,\"valueName\":\"search_term_string\"}}],\"inLanguage\":\"de\"},{\"@type\":\"Organization\",\"@id\":\"https:\\\/\\\/www.calafornells.com\\\/#organization\",\"name\":\"Hotel Cala Fornells\",\"url\":\"https:\\\/\\\/www.calafornells.com\\\/\",\"logo\":{\"@type\":\"ImageObject\",\"inLanguage\":\"de\",\"@id\":\"https:\\\/\\\/www.calafornells.com\\\/#\\\/schema\\\/logo\\\/image\\\/\",\"url\":\"\",\"contentUrl\":\"\",\"caption\":\"Hotel Cala Fornells\"},\"image\":{\"@id\":\"https:\\\/\\\/www.calafornells.com\\\/#\\\/schema\\\/logo\\\/image\\\/\"},\"sameAs\":[\"https:\\\/\\\/www.facebook.com\\\/hotel.calafornells\\\/\",\"https:\\\/\\\/www.instagram.com\\\/hotelcalafornells\\\/\"]}]}<\/script>\n<!-- \/ Yoast SEO plugin. -->","yoast_head_json":{"title":"Radsport | Hotel Cala Fornells","robots":{"index":"index","follow":"follow","max-snippet":"max-snippet:-1","max-image-preview":"max-image-preview:large","max-video-preview":"max-video-preview:-1"},"canonical":"https:\/\/www.calafornells.com\/ciclismo\/","og_locale":"de_DE","og_type":"article","og_title":"Radsport | Hotel Cala Fornells","og_url":"https:\/\/www.calafornells.com\/ciclismo\/","og_site_name":"Hotel Cala Fornells","article_publisher":"https:\/\/www.facebook.com\/hotel.calafornells\/","article_modified_time":"2021-03-12T13:38:08+00:00","og_image":[{"width":1280,"height":720,"url":"https:\/\/www.calafornells.com\/wp-content\/uploads\/2014\/05\/hotel-cala-fornells-mallorca-paguera-17.jpg","type":"image\/jpeg"}],"twitter_card":"summary_large_image","twitter_misc":{"Gesch\u00e4tzte Lesezeit":"1\u00a0Minute"},"schema":{"@context":"https:\/\/schema.org","@graph":[{"@type":"WebPage","@id":"https:\/\/www.calafornells.com\/ciclismo\/","url":"https:\/\/www.calafornells.com\/ciclismo\/","name":"Radsport | Hotel Cala Fornells","isPartOf":{"@id":"https:\/\/www.calafornells.com\/#website"},"primaryImageOfPage":{"@id":"https:\/\/www.calafornells.com\/ciclismo\/#primaryimage"},"image":{"@id":"https:\/\/www.calafornells.com\/ciclismo\/#primaryimage"},"thumbnailUrl":"https:\/\/www.calafornells.com\/wp-content\/uploads\/2014\/05\/hotel-cala-fornells-mallorca-paguera-17.jpg","datePublished":"2014-05-23T16:44:40+00:00","dateModified":"2021-03-12T13:38:08+00:00","breadcrumb":{"@id":"https:\/\/www.calafornells.com\/ciclismo\/#breadcrumb"},"inLanguage":"de","potentialAction":[{"@type":"ReadAction","target":["https:\/\/www.calafornells.com\/ciclismo\/"]}]},{"@type":"ImageObject","inLanguage":"de","@id":"https:\/\/www.calafornells.com\/ciclismo\/#primaryimage","url":"https:\/\/www.calafornells.com\/wp-content\/uploads\/2014\/05\/hotel-cala-fornells-mallorca-paguera-17.jpg","contentUrl":"https:\/\/www.calafornells.com\/wp-content\/uploads\/2014\/05\/hotel-cala-fornells-mallorca-paguera-17.jpg","width":1280,"height":720},{"@type":"BreadcrumbList","@id":"https:\/\/www.calafornells.com\/ciclismo\/#breadcrumb","itemListElement":[{"@type":"ListItem","position":1,"name":"Portada","item":"https:\/\/www.calafornells.com\/de\/"},{"@type":"ListItem","position":2,"name":"Radsport"}]},{"@type":"WebSite","@id":"https:\/\/www.calafornells.com\/#website","url":"https:\/\/www.calafornells.com\/","name":"Hotel Cala Fornells","description":"4* Paguera Mallorca | Offizielle Website | Bester Preis Online Garantiert","publisher":{"@id":"https:\/\/www.calafornells.com\/#organization"},"potentialAction":[{"@type":"SearchAction","target":{"@type":"EntryPoint","urlTemplate":"https:\/\/www.calafornells.com\/?s={search_term_string}"},"query-input":{"@type":"PropertyValueSpecification","valueRequired":true,"valueName":"search_term_string"}}],"inLanguage":"de"},{"@type":"Organization","@id":"https:\/\/www.calafornells.com\/#organization","name":"Hotel Cala Fornells","url":"https:\/\/www.calafornells.com\/","logo":{"@type":"ImageObject","inLanguage":"de","@id":"https:\/\/www.calafornells.com\/#\/schema\/logo\/image\/","url":"","contentUrl":"","caption":"Hotel Cala Fornells"},"image":{"@id":"https:\/\/www.calafornells.com\/#\/schema\/logo\/image\/"},"sameAs":["https:\/\/www.facebook.com\/hotel.calafornells\/","https:\/\/www.instagram.com\/hotelcalafornells\/"]}]}},"_links":{"self":[{"href":"https:\/\/www.calafornells.com\/de\/wp-json\/wp\/v2\/pages\/7055","targetHints":{"allow":["GET"]}}],"collection":[{"href":"https:\/\/www.calafornells.com\/de\/wp-json\/wp\/v2\/pages"}],"about":[{"href":"https:\/\/www.calafornells.com\/de\/wp-json\/wp\/v2\/types\/page"}],"author":[{"embeddable":true,"href":"https:\/\/www.calafornells.com\/de\/wp-json\/wp\/v2\/users\/1"}],"replies":[{"embeddable":true,"href":"https:\/\/www.calafornells.com\/de\/wp-json\/wp\/v2\/comments?post=7055"}],"version-history":[{"count":9,"href":"https:\/\/www.calafornells.com\/de\/wp-json\/wp\/v2\/pages\/7055\/revisions"}],"predecessor-version":[{"id":12087,"href":"https:\/\/www.calafornells.com\/de\/wp-json\/wp\/v2\/pages\/7055\/revisions\/12087"}],"wp:featuredmedia":[{"embeddable":true,"href":"https:\/\/www.calafornells.com\/de\/wp-json\/wp\/v2\/media\/9960"}],"wp:attachment":[{"href":"https:\/\/www.calafornells.com\/de\/wp-json\/wp\/v2\/media?parent=7055"}],"curies":[{"name":"wp","href":"https:\/\/api.w.org\/{rel}","templated":true}]}}