{"id":7125,"date":"2014-06-05T15:14:34","date_gmt":"2014-06-05T15:14:34","guid":{"rendered":"https:\/\/www.calafornells.com\/golf\/golf-son-quint\/"},"modified":"2014-09-30T12:16:53","modified_gmt":"2014-09-30T12:16:53","slug":"golf-son-quint","status":"publish","type":"page","link":"https:\/\/www.calafornells.com\/de\/golf\/golf-son-quint\/","title":{"rendered":"Golf Son Quint"},"content":{"rendered":"<section class=\"l-section wpb_row height_medium\"><div class=\"l-section-h i-cf\"><div class=\"g-cols vc_row via_flex valign_top type_default stacking_default\"><div class=\"vc_col-sm-6 wpb_column vc_column_container\"><div class=\"vc_column-inner\"><div class=\"wpb_wrapper\"><div class=\"wpb_text_column\"><div class=\"wpb_wrapper\"><p>Golf Son Quint, von Ram\u00f3n Espinosa konzipiert, bietet einen spektakul\u00e4ren Blick \u00fcber die Bucht von Palma. Der Kurs erstreckt sich \u00fcber mehr als 6.200 Meter. Und es ist geeignet f\u00fcr Anf\u00e4nger und erfahrene Golfer.<\/p>\n<p>Es ist nur 23 km vom Hotel Cala Fornells entfernt, ca. 22 Minuten mit dem Auto.<\/p>\n<\/div><\/div><\/div><\/div><\/div><div class=\"vc_col-sm-6 wpb_column vc_column_container\"><div class=\"vc_column-inner\"><div class=\"wpb_wrapper\"><div class=\"wpb_text_column\"><div class=\"wpb_wrapper\"><div id=\"box\">\n<h3>Empfohlene Golfpl\u00e4tze<\/h3>\n<ul>\n<li><a href=\"https:\/\/www.calafornells.com\/de\/golf\/golf-de-andratx\/\">Golf de Andratx<\/a><\/li>\n<li><a href=\"https:\/\/www.calafornells.com\/de\/golf\/golf-santa-ponsa\/\">Golf Santa Ponsa<\/a><\/li>\n<li><a href=\"https:\/\/www.calafornells.com\/de\/golf\/golf-son-vida\/\">Golf Son Vida<\/a><\/li>\n<li><a href=\"https:\/\/www.calafornells.com\/de\/golf\/golf-club-bendinat\/\">Golf Club Bendinat<\/a><\/li>\n<li><a href=\"https:\/\/www.calafornells.com\/de\/golf\/golf-son-quint\/\">Golf Son Quint<\/a><\/li>\n<\/ul>\n<h3 id=\"box_title_2\">Pakete<\/h3>\n<ul>\n<li><a href=\"https:\/\/www.calafornells.com\/de\/hotel-pakete\/golf-pakete\/\"><strong>Golf-Pakete<\/strong><\/a><\/li>\n<\/ul>\n<\/div>\n<\/div><\/div><\/div><\/div><\/div><\/div><\/div><\/section><section class=\"l-section wpb_row height_medium\"><div class=\"l-section-h i-cf\"><div class=\"g-cols vc_row via_flex valign_top type_default stacking_default\"><div class=\"vc_col-sm-12 wpb_column vc_column_container\"><div class=\"vc_column-inner\"><div class=\"wpb_wrapper\">[vc_raw_html]JTNDaWZyYW1lJTIwd2lkdGglM0QlMjIxMDAlMjUlMjIlMjBoZWlnaHQlM0QlMjI1MDAlMjIlMjBmcmFtZWJvcmRlciUzRCUyMjAlMjIlMjBzY3JvbGxpbmclM0QlMjJubyUyMiUyMG1hcmdpbmhlaWdodCUzRCUyMjAlMjIlMjBtYXJnaW53aWR0aCUzRCUyMjAlMjIlMjBzcmMlM0QlMjJodHRwcyUzQSUyRiUyRm1hcHMuZ29vZ2xlLmVzJTJGbWFwcyUyRm1zJTNGbXNpZCUzRDIxNzA4MDE0MzMyMTIxNjYwNDc4Ny4wMDA0ZmIxODMwNzQ0NzgxMmViNWElMjZhbXAlM0Jtc2ElM0QwJTI2YW1wJTNCaWUlM0RVVEY4JTI2YW1wJTNCdCUzRG0lMjZhbXAlM0JsbCUzRDM5LjU1OTcwMiUyQzIuNTIwMzgyJTI2YW1wJTNCc3BuJTNEMC4wMDY1MiUyQzAuMDA5NjQ1JTI2YW1wJTNCb3V0cHV0JTNEZW1iZWQlMjZhbXAlM0J6JTNEMTIlMjZhbXAlM0J0JTNEbSUyMiUzRSUzQyUyRmlmcmFtZSUzRQ==[\/vc_raw_html]<\/div><\/div><\/div><\/div><\/div><\/section>\n","protected":false},"excerpt":{"rendered":"Golf Son Quint, von Ram\u00f3n Espinosa konzipiert, bietet einen spektakul\u00e4ren Blick \u00fcber die Bucht von Palma. Der Kurs erstreckt sich \u00fcber mehr als 6.200 Meter. Und es ist geeignet f\u00fcr Anf\u00e4nger und erfahrene Golfer. Es ist nur 23 km vom Hotel Cala Fornells entfernt, ca. 22 Minuten mit dem Auto. Empfohlene Golfpl\u00e4tze Golf de Andratx...","protected":false},"author":1,"featured_media":0,"parent":7105,"menu_order":0,"comment_status":"closed","ping_status":"closed","template":"","meta":{"footnotes":""},"class_list":["post-7125","page","type-page","status-publish","hentry"],"yoast_head":"<!-- This site is optimized with the Yoast SEO plugin v27.5 - https:\/\/yoast.com\/product\/yoast-seo-wordpress\/ -->\n<title>Golf Son Quint | Hotel Cala Fornells<\/title>\n<meta name=\"robots\" content=\"index, follow, max-snippet:-1, max-image-preview:large, max-video-preview:-1\" \/>\n<link rel=\"canonical\" href=\"https:\/\/www.calafornells.com\/golf\/golf-son-quint\/\" \/>\n<meta property=\"og:locale\" content=\"de_DE\" \/>\n<meta property=\"og:type\" content=\"article\" \/>\n<meta property=\"og:title\" content=\"Golf Son Quint | Hotel Cala Fornells\" \/>\n<meta property=\"og:url\" content=\"https:\/\/www.calafornells.com\/golf\/golf-son-quint\/\" \/>\n<meta property=\"og:site_name\" content=\"Hotel Cala Fornells\" \/>\n<meta property=\"article:publisher\" content=\"https:\/\/www.facebook.com\/hotel.calafornells\/\" \/>\n<meta property=\"article:modified_time\" content=\"2014-09-30T12:16:53+00:00\" \/>\n<meta name=\"twitter:card\" content=\"summary_large_image\" \/>\n<meta name=\"twitter:label1\" content=\"Gesch\u00e4tzte Lesezeit\" \/>\n\t<meta name=\"twitter:data1\" content=\"1\u00a0Minute\" \/>\n<script type=\"application\/ld+json\" class=\"yoast-schema-graph\">{\"@context\":\"https:\\\/\\\/schema.org\",\"@graph\":[{\"@type\":\"WebPage\",\"@id\":\"https:\\\/\\\/www.calafornells.com\\\/golf\\\/golf-son-quint\\\/\",\"url\":\"https:\\\/\\\/www.calafornells.com\\\/golf\\\/golf-son-quint\\\/\",\"name\":\"Golf Son Quint | Hotel Cala Fornells\",\"isPartOf\":{\"@id\":\"https:\\\/\\\/www.calafornells.com\\\/#website\"},\"datePublished\":\"2014-06-05T15:14:34+00:00\",\"dateModified\":\"2014-09-30T12:16:53+00:00\",\"breadcrumb\":{\"@id\":\"https:\\\/\\\/www.calafornells.com\\\/golf\\\/golf-son-quint\\\/#breadcrumb\"},\"inLanguage\":\"de\",\"potentialAction\":[{\"@type\":\"ReadAction\",\"target\":[\"https:\\\/\\\/www.calafornells.com\\\/golf\\\/golf-son-quint\\\/\"]}]},{\"@type\":\"BreadcrumbList\",\"@id\":\"https:\\\/\\\/www.calafornells.com\\\/golf\\\/golf-son-quint\\\/#breadcrumb\",\"itemListElement\":[{\"@type\":\"ListItem\",\"position\":1,\"name\":\"Portada\",\"item\":\"https:\\\/\\\/www.calafornells.com\\\/de\\\/\"},{\"@type\":\"ListItem\",\"position\":2,\"name\":\"Golf\",\"item\":\"https:\\\/\\\/www.calafornells.com\\\/golf\\\/\"},{\"@type\":\"ListItem\",\"position\":3,\"name\":\"Golf Son Quint\"}]},{\"@type\":\"WebSite\",\"@id\":\"https:\\\/\\\/www.calafornells.com\\\/#website\",\"url\":\"https:\\\/\\\/www.calafornells.com\\\/\",\"name\":\"Hotel Cala Fornells\",\"description\":\"4* Paguera Mallorca | Offizielle Website | Bester Preis Online Garantiert\",\"publisher\":{\"@id\":\"https:\\\/\\\/www.calafornells.com\\\/#organization\"},\"potentialAction\":[{\"@type\":\"SearchAction\",\"target\":{\"@type\":\"EntryPoint\",\"urlTemplate\":\"https:\\\/\\\/www.calafornells.com\\\/?s={search_term_string}\"},\"query-input\":{\"@type\":\"PropertyValueSpecification\",\"valueRequired\":true,\"valueName\":\"search_term_string\"}}],\"inLanguage\":\"de\"},{\"@type\":\"Organization\",\"@id\":\"https:\\\/\\\/www.calafornells.com\\\/#organization\",\"name\":\"Hotel Cala Fornells\",\"url\":\"https:\\\/\\\/www.calafornells.com\\\/\",\"logo\":{\"@type\":\"ImageObject\",\"inLanguage\":\"de\",\"@id\":\"https:\\\/\\\/www.calafornells.com\\\/#\\\/schema\\\/logo\\\/image\\\/\",\"url\":\"\",\"contentUrl\":\"\",\"caption\":\"Hotel Cala Fornells\"},\"image\":{\"@id\":\"https:\\\/\\\/www.calafornells.com\\\/#\\\/schema\\\/logo\\\/image\\\/\"},\"sameAs\":[\"https:\\\/\\\/www.facebook.com\\\/hotel.calafornells\\\/\",\"https:\\\/\\\/www.instagram.com\\\/hotelcalafornells\\\/\"]}]}<\/script>\n<!-- \/ Yoast SEO plugin. -->","yoast_head_json":{"title":"Golf Son Quint | Hotel Cala Fornells","robots":{"index":"index","follow":"follow","max-snippet":"max-snippet:-1","max-image-preview":"max-image-preview:large","max-video-preview":"max-video-preview:-1"},"canonical":"https:\/\/www.calafornells.com\/golf\/golf-son-quint\/","og_locale":"de_DE","og_type":"article","og_title":"Golf Son Quint | Hotel Cala Fornells","og_url":"https:\/\/www.calafornells.com\/golf\/golf-son-quint\/","og_site_name":"Hotel Cala Fornells","article_publisher":"https:\/\/www.facebook.com\/hotel.calafornells\/","article_modified_time":"2014-09-30T12:16:53+00:00","twitter_card":"summary_large_image","twitter_misc":{"Gesch\u00e4tzte Lesezeit":"1\u00a0Minute"},"schema":{"@context":"https:\/\/schema.org","@graph":[{"@type":"WebPage","@id":"https:\/\/www.calafornells.com\/golf\/golf-son-quint\/","url":"https:\/\/www.calafornells.com\/golf\/golf-son-quint\/","name":"Golf Son Quint | Hotel Cala Fornells","isPartOf":{"@id":"https:\/\/www.calafornells.com\/#website"},"datePublished":"2014-06-05T15:14:34+00:00","dateModified":"2014-09-30T12:16:53+00:00","breadcrumb":{"@id":"https:\/\/www.calafornells.com\/golf\/golf-son-quint\/#breadcrumb"},"inLanguage":"de","potentialAction":[{"@type":"ReadAction","target":["https:\/\/www.calafornells.com\/golf\/golf-son-quint\/"]}]},{"@type":"BreadcrumbList","@id":"https:\/\/www.calafornells.com\/golf\/golf-son-quint\/#breadcrumb","itemListElement":[{"@type":"ListItem","position":1,"name":"Portada","item":"https:\/\/www.calafornells.com\/de\/"},{"@type":"ListItem","position":2,"name":"Golf","item":"https:\/\/www.calafornells.com\/golf\/"},{"@type":"ListItem","position":3,"name":"Golf Son Quint"}]},{"@type":"WebSite","@id":"https:\/\/www.calafornells.com\/#website","url":"https:\/\/www.calafornells.com\/","name":"Hotel Cala Fornells","description":"4* Paguera Mallorca | Offizielle Website | Bester Preis Online Garantiert","publisher":{"@id":"https:\/\/www.calafornells.com\/#organization"},"potentialAction":[{"@type":"SearchAction","target":{"@type":"EntryPoint","urlTemplate":"https:\/\/www.calafornells.com\/?s={search_term_string}"},"query-input":{"@type":"PropertyValueSpecification","valueRequired":true,"valueName":"search_term_string"}}],"inLanguage":"de"},{"@type":"Organization","@id":"https:\/\/www.calafornells.com\/#organization","name":"Hotel Cala Fornells","url":"https:\/\/www.calafornells.com\/","logo":{"@type":"ImageObject","inLanguage":"de","@id":"https:\/\/www.calafornells.com\/#\/schema\/logo\/image\/","url":"","contentUrl":"","caption":"Hotel Cala Fornells"},"image":{"@id":"https:\/\/www.calafornells.com\/#\/schema\/logo\/image\/"},"sameAs":["https:\/\/www.facebook.com\/hotel.calafornells\/","https:\/\/www.instagram.com\/hotelcalafornells\/"]}]}},"_links":{"self":[{"href":"https:\/\/www.calafornells.com\/de\/wp-json\/wp\/v2\/pages\/7125","targetHints":{"allow":["GET"]}}],"collection":[{"href":"https:\/\/www.calafornells.com\/de\/wp-json\/wp\/v2\/pages"}],"about":[{"href":"https:\/\/www.calafornells.com\/de\/wp-json\/wp\/v2\/types\/page"}],"author":[{"embeddable":true,"href":"https:\/\/www.calafornells.com\/de\/wp-json\/wp\/v2\/users\/1"}],"replies":[{"embeddable":true,"href":"https:\/\/www.calafornells.com\/de\/wp-json\/wp\/v2\/comments?post=7125"}],"version-history":[{"count":2,"href":"https:\/\/www.calafornells.com\/de\/wp-json\/wp\/v2\/pages\/7125\/revisions"}],"predecessor-version":[{"id":7974,"href":"https:\/\/www.calafornells.com\/de\/wp-json\/wp\/v2\/pages\/7125\/revisions\/7974"}],"up":[{"embeddable":true,"href":"https:\/\/www.calafornells.com\/de\/wp-json\/wp\/v2\/pages\/7105"}],"wp:attachment":[{"href":"https:\/\/www.calafornells.com\/de\/wp-json\/wp\/v2\/media?parent=7125"}],"curies":[{"name":"wp","href":"https:\/\/api.w.org\/{rel}","templated":true}]}}