{"id":7135,"date":"2014-04-14T08:25:42","date_gmt":"2014-04-14T08:25:42","guid":{"rendered":"https:\/\/www.calafornells.com\/habitaciones-hotel-paguera-2\/"},"modified":"2021-03-19T09:26:09","modified_gmt":"2021-03-19T08:26:09","slug":"zimmer-hotel-paguera","status":"publish","type":"page","link":"https:\/\/www.calafornells.com\/de\/zimmer-hotel-paguera\/","title":{"rendered":"Zimmer"},"content":{"rendered":"<section class=\"l-section wpb_row height_medium\"><div class=\"l-section-h i-cf\"><div class=\"g-cols vc_row via_flex valign_top type_default stacking_default\"><div class=\"vc_col-sm-12 wpb_column vc_column_container\"><div class=\"vc_column-inner\"><div class=\"wpb_wrapper\"><div class=\"wpb_text_column\"><div class=\"wpb_wrapper\"><h2>KOMFORT MIT MEERBLICK<\/h2>\n<p>Unsere gem\u00fctlichen Zimmer, alle renoviert, sind mit allem Komfort ausgestattet, um Ihren Aufenthalt nicht nur angenehmer, sondern auch unvergesslich zu machen. Wir haben verschiedene Zimmertypen, sodass Sie den ausw\u00e4hlen k\u00f6nnen, der Ihren Anforderungen am besten entspricht.<\/p>\n<\/div><\/div><div class=\"w-separator size_medium\"><\/div><div class=\"w-grid us_grid type_grid layout_10148 cols_2 preload_style_spinner\" id=\"us_grid_1\" style=\"--columns:2;--gap:1.5rem;\" data-filterable=\"true\"><style>@media (max-width:600px){#us_grid_1{--columns:1!important}}.layout_10148 .w-grid-item-h{}.layout_10148 .usg_post_image_1{margin-bottom:0.5rem!important}.layout_10148 .usg_post_title_1{font-size:1.5rem!important}<\/style><div class=\"w-grid-list\">\t<article class=\"w-grid-item size_1x1 post-11238 us_portfolio type-us_portfolio status-publish has-post-thumbnail hentry\" data-id=\"11238\">\r\n\t\t<div class=\"w-grid-item-h\">\r\n\t\t\t\t\t\t<div class=\"w-post-elm post_image usg_post_image_1 stretched\"><a href=\"https:\/\/www.calafornells.com\/de\/habitacion-hotel-paguera\/doble\/\" aria-label=\"Doppelzimmer mit Meerblick\"><img decoding=\"async\" width=\"600\" height=\"400\" data-src=\"https:\/\/www.calafornells.com\/wp-content\/uploads\/2021\/01\/hotel-cala-fornells-coble-vista-mar-3-600x400.jpg\" class=\"attachment-us_600_400_crop size-us_600_400_crop wp-post-image lazyload\" alt=\"\" data-srcset=\"https:\/\/www.calafornells.com\/wp-content\/uploads\/2021\/01\/hotel-cala-fornells-coble-vista-mar-3-600x400.jpg 600w, https:\/\/www.calafornells.com\/wp-content\/uploads\/2021\/01\/hotel-cala-fornells-coble-vista-mar-3-1024x683.jpg 1024w, https:\/\/www.calafornells.com\/wp-content\/uploads\/2021\/01\/hotel-cala-fornells-coble-vista-mar-3-1536x1024.jpg 1536w, https:\/\/www.calafornells.com\/wp-content\/uploads\/2021\/01\/hotel-cala-fornells-coble-vista-mar-3.jpg 1920w\" data-sizes=\"(max-width: 600px) 100vw, 600px\" src=\"data:image\/svg+xml;base64,PHN2ZyB3aWR0aD0iMSIgaGVpZ2h0PSIxIiB4bWxucz0iaHR0cDovL3d3dy53My5vcmcvMjAwMC9zdmciPjwvc3ZnPg==\" style=\"--smush-placeholder-width: 600px; --smush-placeholder-aspect-ratio: 600\/400;\" \/><\/a><\/div><h2 class=\"w-post-elm post_title usg_post_title_1 align_center entry-title color_link_inherit\"><a href=\"https:\/\/www.calafornells.com\/de\/habitacion-hotel-paguera\/doble\/\">Doppelzimmer mit Meerblick<\/a><\/h2>\t\t<\/div>\r\n\t\t\t<\/article>\r\n\t<article class=\"w-grid-item size_1x1 post-11233 us_portfolio type-us_portfolio status-publish has-post-thumbnail hentry\" data-id=\"11233\">\r\n\t\t<div class=\"w-grid-item-h\">\r\n\t\t\t\t\t\t<div class=\"w-post-elm post_image usg_post_image_1 stretched\"><a href=\"https:\/\/www.calafornells.com\/de\/habitacion-hotel-paguera\/superior\/\" aria-label=\"Superior Doppelzimmer mit Meerblick\"><img decoding=\"async\" width=\"600\" height=\"400\" data-src=\"https:\/\/www.calafornells.com\/wp-content\/uploads\/2026\/03\/hotel-cala-fornells-balcon-2026-600x400.jpeg\" class=\"attachment-us_600_400_crop size-us_600_400_crop wp-post-image lazyload\" alt=\"\" data-srcset=\"https:\/\/www.calafornells.com\/wp-content\/uploads\/2026\/03\/hotel-cala-fornells-balcon-2026-600x400.jpeg 600w, https:\/\/www.calafornells.com\/wp-content\/uploads\/2026\/03\/hotel-cala-fornells-balcon-2026-1024x684.jpeg 1024w, https:\/\/www.calafornells.com\/wp-content\/uploads\/2026\/03\/hotel-cala-fornells-balcon-2026-1536x1026.jpeg 1536w, https:\/\/www.calafornells.com\/wp-content\/uploads\/2026\/03\/hotel-cala-fornells-balcon-2026.jpeg 1920w\" data-sizes=\"(max-width: 600px) 100vw, 600px\" src=\"data:image\/svg+xml;base64,PHN2ZyB3aWR0aD0iMSIgaGVpZ2h0PSIxIiB4bWxucz0iaHR0cDovL3d3dy53My5vcmcvMjAwMC9zdmciPjwvc3ZnPg==\" style=\"--smush-placeholder-width: 600px; --smush-placeholder-aspect-ratio: 600\/400;\" \/><\/a><\/div><h2 class=\"w-post-elm post_title usg_post_title_1 align_center entry-title color_link_inherit\"><a href=\"https:\/\/www.calafornells.com\/de\/habitacion-hotel-paguera\/superior\/\">Superior Doppelzimmer mit Meerblick<\/a><\/h2>\t\t<\/div>\r\n\t\t\t<\/article>\r\n\t<article class=\"w-grid-item size_1x1 post-13282 us_portfolio type-us_portfolio status-publish has-post-thumbnail hentry\" data-id=\"13282\">\r\n\t\t<div class=\"w-grid-item-h\">\r\n\t\t\t\t\t\t<div class=\"w-post-elm post_image usg_post_image_1 stretched\"><a href=\"https:\/\/www.calafornells.com\/de\/habitacion-hotel-paguera\/deluxe\/\" aria-label=\"Deluxe  Doppelzimmer mit Meerblick\"><img decoding=\"async\" width=\"600\" height=\"400\" data-src=\"https:\/\/www.calafornells.com\/wp-content\/uploads\/2025\/06\/hotel-cala-fornells-deluxe-2025-03-600x400.jpeg\" class=\"attachment-us_600_400_crop size-us_600_400_crop wp-post-image lazyload\" alt=\"\" data-srcset=\"https:\/\/www.calafornells.com\/wp-content\/uploads\/2025\/06\/hotel-cala-fornells-deluxe-2025-03-600x400.jpeg 600w, https:\/\/www.calafornells.com\/wp-content\/uploads\/2025\/06\/hotel-cala-fornells-deluxe-2025-03-1024x684.jpeg 1024w, https:\/\/www.calafornells.com\/wp-content\/uploads\/2025\/06\/hotel-cala-fornells-deluxe-2025-03-1536x1026.jpeg 1536w\" data-sizes=\"(max-width: 600px) 100vw, 600px\" src=\"data:image\/svg+xml;base64,PHN2ZyB3aWR0aD0iMSIgaGVpZ2h0PSIxIiB4bWxucz0iaHR0cDovL3d3dy53My5vcmcvMjAwMC9zdmciPjwvc3ZnPg==\" style=\"--smush-placeholder-width: 600px; --smush-placeholder-aspect-ratio: 600\/400;\" \/><\/a><\/div><h2 class=\"w-post-elm post_title usg_post_title_1 align_center entry-title color_link_inherit\"><a href=\"https:\/\/www.calafornells.com\/de\/habitacion-hotel-paguera\/deluxe\/\">Deluxe  Doppelzimmer mit Meerblick<\/a><\/h2>\t\t<\/div>\r\n\t\t\t<\/article>\r\n\t<article class=\"w-grid-item size_1x1 post-12517 us_portfolio type-us_portfolio status-publish has-post-thumbnail hentry\" data-id=\"12517\">\r\n\t\t<div class=\"w-grid-item-h\">\r\n\t\t\t\t\t\t<div class=\"w-post-elm post_image usg_post_image_1 stretched\"><a href=\"https:\/\/www.calafornells.com\/de\/habitacion-hotel-paguera\/doppelzimmer-2\/\" aria-label=\"Doppelzimmer\"><img decoding=\"async\" width=\"600\" height=\"400\" data-src=\"https:\/\/www.calafornells.com\/wp-content\/uploads\/2026\/03\/habitacion-doble-hotel-cala-fornells-1-600x400.jpg\" class=\"attachment-us_600_400_crop size-us_600_400_crop wp-post-image lazyload\" alt=\"\" src=\"data:image\/svg+xml;base64,PHN2ZyB3aWR0aD0iMSIgaGVpZ2h0PSIxIiB4bWxucz0iaHR0cDovL3d3dy53My5vcmcvMjAwMC9zdmciPjwvc3ZnPg==\" style=\"--smush-placeholder-width: 600px; --smush-placeholder-aspect-ratio: 600\/400;\" \/><\/a><\/div><h2 class=\"w-post-elm post_title usg_post_title_1 align_center entry-title color_link_inherit\"><a href=\"https:\/\/www.calafornells.com\/de\/habitacion-hotel-paguera\/doppelzimmer-2\/\">Doppelzimmer<\/a><\/h2>\t\t<\/div>\r\n\t\t\t<\/article>\r\n\t<article class=\"w-grid-item size_1x1 post-11228 us_portfolio type-us_portfolio status-publish has-post-thumbnail hentry\" data-id=\"11228\">\r\n\t\t<div class=\"w-grid-item-h\">\r\n\t\t\t\t\t\t<div class=\"w-post-elm post_image usg_post_image_1 stretched\"><a href=\"https:\/\/www.calafornells.com\/de\/habitacion-hotel-paguera\/dreibett-zimmer\/\" aria-label=\"Dreibett Zimmer\"><img decoding=\"async\" width=\"600\" height=\"400\" data-src=\"https:\/\/www.calafornells.com\/wp-content\/uploads\/2021\/02\/habitacion-triple-cala-fornells-2026-3-600x400.jpg\" class=\"attachment-us_600_400_crop size-us_600_400_crop wp-post-image lazyload\" alt=\"\" src=\"data:image\/svg+xml;base64,PHN2ZyB3aWR0aD0iMSIgaGVpZ2h0PSIxIiB4bWxucz0iaHR0cDovL3d3dy53My5vcmcvMjAwMC9zdmciPjwvc3ZnPg==\" style=\"--smush-placeholder-width: 600px; --smush-placeholder-aspect-ratio: 600\/400;\" \/><\/a><\/div><h2 class=\"w-post-elm post_title usg_post_title_1 align_center entry-title color_link_inherit\"><a href=\"https:\/\/www.calafornells.com\/de\/habitacion-hotel-paguera\/dreibett-zimmer\/\">Dreibett Zimmer<\/a><\/h2>\t\t<\/div>\r\n\t\t\t<\/article>\r\n\t<article class=\"w-grid-item size_1x1 post-11223 us_portfolio type-us_portfolio status-publish has-post-thumbnail hentry\" data-id=\"11223\">\r\n\t\t<div class=\"w-grid-item-h\">\r\n\t\t\t\t\t\t<div class=\"w-post-elm post_image usg_post_image_1 stretched\"><a href=\"https:\/\/www.calafornells.com\/de\/habitacion-hotel-paguera\/familiar\/\" aria-label=\"Familienzimmer\"><img decoding=\"async\" width=\"600\" height=\"400\" data-src=\"https:\/\/www.calafornells.com\/wp-content\/uploads\/2026\/03\/habitacion-familiar-hotel-cala-fornells-paguera-mallorca-2-600x400.jpg\" class=\"attachment-us_600_400_crop size-us_600_400_crop wp-post-image lazyload\" alt=\"\" src=\"data:image\/svg+xml;base64,PHN2ZyB3aWR0aD0iMSIgaGVpZ2h0PSIxIiB4bWxucz0iaHR0cDovL3d3dy53My5vcmcvMjAwMC9zdmciPjwvc3ZnPg==\" style=\"--smush-placeholder-width: 600px; --smush-placeholder-aspect-ratio: 600\/400;\" \/><\/a><\/div><h2 class=\"w-post-elm post_title usg_post_title_1 align_center entry-title color_link_inherit\"><a href=\"https:\/\/www.calafornells.com\/de\/habitacion-hotel-paguera\/familiar\/\">Familienzimmer<\/a><\/h2>\t\t<\/div>\r\n\t\t\t<\/article>\r\n\t<article class=\"w-grid-item size_1x1 post-11218 us_portfolio type-us_portfolio status-publish has-post-thumbnail hentry\" data-id=\"11218\">\r\n\t\t<div class=\"w-grid-item-h\">\r\n\t\t\t\t\t\t<div class=\"w-post-elm post_image usg_post_image_1 stretched\"><a href=\"https:\/\/www.calafornells.com\/de\/habitacion-hotel-paguera\/individual\/\" aria-label=\"Einzelzimmer\"><img decoding=\"async\" width=\"600\" height=\"400\" data-src=\"https:\/\/www.calafornells.com\/wp-content\/uploads\/2021\/02\/habitaciones-hotel-paguera-indivdual-1-600x400.jpg\" class=\"attachment-us_600_400_crop size-us_600_400_crop wp-post-image lazyload\" alt=\"\" src=\"data:image\/svg+xml;base64,PHN2ZyB3aWR0aD0iMSIgaGVpZ2h0PSIxIiB4bWxucz0iaHR0cDovL3d3dy53My5vcmcvMjAwMC9zdmciPjwvc3ZnPg==\" style=\"--smush-placeholder-width: 600px; --smush-placeholder-aspect-ratio: 600\/400;\" \/><\/a><\/div><h2 class=\"w-post-elm post_title usg_post_title_1 align_center entry-title color_link_inherit\"><a href=\"https:\/\/www.calafornells.com\/de\/habitacion-hotel-paguera\/individual\/\">Einzelzimmer<\/a><\/h2>\t\t<\/div>\r\n\t\t\t<\/article>\r\n<\/div>\t<div class=\"w-grid-preloader\">\r\n\t\t<div class=\"g-preloader type_1\">\r\n\t\t\t<div><\/div>\r\n\t\t<\/div>\r\n\t<\/div>\r\n\t\t<div class=\"w-grid-json hidden\" onclick='return {&quot;action&quot;:&quot;us_ajax_grid&quot;,&quot;infinite_scroll&quot;:0,&quot;max_num_pages&quot;:1,&quot;pagination&quot;:&quot;none&quot;,&quot;template_vars&quot;:{&quot;columns&quot;:&quot;2&quot;,&quot;exclude_items&quot;:&quot;none&quot;,&quot;img_size&quot;:&quot;default&quot;,&quot;ignore_items_size&quot;:0,&quot;items_layout&quot;:&quot;10148&quot;,&quot;items_offset&quot;:&quot;1&quot;,&quot;load_animation&quot;:&quot;none&quot;,&quot;overriding_link&quot;:&quot;{\\&quot;url\\&quot;:\\&quot;\\&quot;}&quot;,&quot;post_id&quot;:0,&quot;query_args&quot;:{&quot;post_type&quot;:[&quot;us_portfolio&quot;],&quot;post_status&quot;:[&quot;publish&quot;],&quot;posts_per_page&quot;:&quot;10&quot;},&quot;orderby_query_args&quot;:{&quot;orderby&quot;:{&quot;date&quot;:&quot;ASC&quot;}},&quot;type&quot;:&quot;grid&quot;,&quot;us_grid_post_type&quot;:&quot;us_portfolio&quot;,&quot;us_grid_ajax_index&quot;:1,&quot;us_grid_filter_query_string&quot;:null,&quot;us_grid_index&quot;:1,&quot;page_args&quot;:[],&quot;lang&quot;:&quot;de&quot;}}'><\/div>\r\n\t<\/div><\/div><\/div><\/div><\/div><\/div><\/section>\n","protected":false},"excerpt":{"rendered":"Einzelzimmer mit Meerblick und Balkon oder Terrasse Alle Zimmer verf\u00fcgen \u00fcber einen Balkon oder eine Terrasse und die meisten bieten einen unvergleichlichen Blick \u00fcber das Meer und die mallorquinische K\u00fcste. Einzelzimmergr\u00f6\u00dfe: 15 m\u00b2 Betttyp: 1 Einzelbett In unseren gem\u00fctlichen Zimmern finden Sie Klimaanlage, Heizung, Minibar, Telefon, WLAN, Sat-TV, Safe, Parkett, Wandschr\u00e4nke, Badezimmer mit Badewanne, Haartrockner,...","protected":false},"author":1,"featured_media":14795,"parent":0,"menu_order":0,"comment_status":"closed","ping_status":"closed","template":"","meta":{"footnotes":""},"class_list":["post-7135","page","type-page","status-publish","has-post-thumbnail","hentry"],"yoast_head":"<!-- This site is optimized with the Yoast SEO plugin v27.4 - https:\/\/yoast.com\/product\/yoast-seo-wordpress\/ -->\n<title>Zimmer | Hotel Cala Fornells<\/title>\n<meta name=\"robots\" content=\"index, follow, max-snippet:-1, max-image-preview:large, max-video-preview:-1\" \/>\n<link rel=\"canonical\" href=\"https:\/\/www.calafornells.com\/habitaciones-hotel-paguera\/\" \/>\n<meta property=\"og:locale\" content=\"de_DE\" \/>\n<meta property=\"og:type\" content=\"article\" \/>\n<meta property=\"og:title\" content=\"Zimmer | Hotel Cala Fornells\" \/>\n<meta property=\"og:url\" content=\"https:\/\/www.calafornells.com\/habitaciones-hotel-paguera\/\" \/>\n<meta property=\"og:site_name\" content=\"Hotel Cala Fornells\" \/>\n<meta property=\"article:publisher\" content=\"https:\/\/www.facebook.com\/hotel.calafornells\/\" \/>\n<meta property=\"article:modified_time\" content=\"2021-03-19T08:26:09+00:00\" \/>\n<meta property=\"og:image\" content=\"https:\/\/www.calafornells.com\/wp-content\/uploads\/2014\/04\/habitacion-mini.jpg\" \/>\n\t<meta property=\"og:image:width\" content=\"1920\" \/>\n\t<meta property=\"og:image:height\" content=\"1080\" \/>\n\t<meta property=\"og:image:type\" content=\"image\/jpeg\" \/>\n<meta name=\"twitter:card\" content=\"summary_large_image\" \/>\n<script type=\"application\/ld+json\" class=\"yoast-schema-graph\">{\"@context\":\"https:\\\/\\\/schema.org\",\"@graph\":[{\"@type\":\"WebPage\",\"@id\":\"https:\\\/\\\/www.calafornells.com\\\/habitaciones-hotel-paguera\\\/\",\"url\":\"https:\\\/\\\/www.calafornells.com\\\/habitaciones-hotel-paguera\\\/\",\"name\":\"Zimmer | Hotel Cala Fornells\",\"isPartOf\":{\"@id\":\"https:\\\/\\\/www.calafornells.com\\\/#website\"},\"primaryImageOfPage\":{\"@id\":\"https:\\\/\\\/www.calafornells.com\\\/habitaciones-hotel-paguera\\\/#primaryimage\"},\"image\":{\"@id\":\"https:\\\/\\\/www.calafornells.com\\\/habitaciones-hotel-paguera\\\/#primaryimage\"},\"thumbnailUrl\":\"https:\\\/\\\/www.calafornells.com\\\/wp-content\\\/uploads\\\/2026\\\/03\\\/hotel-cala-fornells-hotel-rooms-2026.jpeg\",\"datePublished\":\"2014-04-14T08:25:42+00:00\",\"dateModified\":\"2021-03-19T08:26:09+00:00\",\"breadcrumb\":{\"@id\":\"https:\\\/\\\/www.calafornells.com\\\/habitaciones-hotel-paguera\\\/#breadcrumb\"},\"inLanguage\":\"de\",\"potentialAction\":[{\"@type\":\"ReadAction\",\"target\":[\"https:\\\/\\\/www.calafornells.com\\\/habitaciones-hotel-paguera\\\/\"]}]},{\"@type\":\"ImageObject\",\"inLanguage\":\"de\",\"@id\":\"https:\\\/\\\/www.calafornells.com\\\/habitaciones-hotel-paguera\\\/#primaryimage\",\"url\":\"https:\\\/\\\/www.calafornells.com\\\/wp-content\\\/uploads\\\/2026\\\/03\\\/hotel-cala-fornells-hotel-rooms-2026.jpeg\",\"contentUrl\":\"https:\\\/\\\/www.calafornells.com\\\/wp-content\\\/uploads\\\/2026\\\/03\\\/hotel-cala-fornells-hotel-rooms-2026.jpeg\",\"width\":1024,\"height\":683},{\"@type\":\"BreadcrumbList\",\"@id\":\"https:\\\/\\\/www.calafornells.com\\\/habitaciones-hotel-paguera\\\/#breadcrumb\",\"itemListElement\":[{\"@type\":\"ListItem\",\"position\":1,\"name\":\"Portada\",\"item\":\"https:\\\/\\\/www.calafornells.com\\\/de\\\/\"},{\"@type\":\"ListItem\",\"position\":2,\"name\":\"Zimmer\"}]},{\"@type\":\"WebSite\",\"@id\":\"https:\\\/\\\/www.calafornells.com\\\/#website\",\"url\":\"https:\\\/\\\/www.calafornells.com\\\/\",\"name\":\"Hotel Cala Fornells\",\"description\":\"4* Paguera Mallorca | Offizielle Website | Bester Preis Online Garantiert\",\"publisher\":{\"@id\":\"https:\\\/\\\/www.calafornells.com\\\/#organization\"},\"potentialAction\":[{\"@type\":\"SearchAction\",\"target\":{\"@type\":\"EntryPoint\",\"urlTemplate\":\"https:\\\/\\\/www.calafornells.com\\\/?s={search_term_string}\"},\"query-input\":{\"@type\":\"PropertyValueSpecification\",\"valueRequired\":true,\"valueName\":\"search_term_string\"}}],\"inLanguage\":\"de\"},{\"@type\":\"Organization\",\"@id\":\"https:\\\/\\\/www.calafornells.com\\\/#organization\",\"name\":\"Hotel Cala Fornells\",\"url\":\"https:\\\/\\\/www.calafornells.com\\\/\",\"logo\":{\"@type\":\"ImageObject\",\"inLanguage\":\"de\",\"@id\":\"https:\\\/\\\/www.calafornells.com\\\/#\\\/schema\\\/logo\\\/image\\\/\",\"url\":\"\",\"contentUrl\":\"\",\"caption\":\"Hotel Cala Fornells\"},\"image\":{\"@id\":\"https:\\\/\\\/www.calafornells.com\\\/#\\\/schema\\\/logo\\\/image\\\/\"},\"sameAs\":[\"https:\\\/\\\/www.facebook.com\\\/hotel.calafornells\\\/\",\"https:\\\/\\\/www.instagram.com\\\/hotelcalafornells\\\/\"]}]}<\/script>\n<!-- \/ Yoast SEO plugin. -->","yoast_head_json":{"title":"Zimmer | Hotel Cala Fornells","robots":{"index":"index","follow":"follow","max-snippet":"max-snippet:-1","max-image-preview":"max-image-preview:large","max-video-preview":"max-video-preview:-1"},"canonical":"https:\/\/www.calafornells.com\/habitaciones-hotel-paguera\/","og_locale":"de_DE","og_type":"article","og_title":"Zimmer | Hotel Cala Fornells","og_url":"https:\/\/www.calafornells.com\/habitaciones-hotel-paguera\/","og_site_name":"Hotel Cala Fornells","article_publisher":"https:\/\/www.facebook.com\/hotel.calafornells\/","article_modified_time":"2021-03-19T08:26:09+00:00","og_image":[{"width":1920,"height":1080,"url":"https:\/\/www.calafornells.com\/wp-content\/uploads\/2014\/04\/habitacion-mini.jpg","type":"image\/jpeg"}],"twitter_card":"summary_large_image","schema":{"@context":"https:\/\/schema.org","@graph":[{"@type":"WebPage","@id":"https:\/\/www.calafornells.com\/habitaciones-hotel-paguera\/","url":"https:\/\/www.calafornells.com\/habitaciones-hotel-paguera\/","name":"Zimmer | Hotel Cala Fornells","isPartOf":{"@id":"https:\/\/www.calafornells.com\/#website"},"primaryImageOfPage":{"@id":"https:\/\/www.calafornells.com\/habitaciones-hotel-paguera\/#primaryimage"},"image":{"@id":"https:\/\/www.calafornells.com\/habitaciones-hotel-paguera\/#primaryimage"},"thumbnailUrl":"https:\/\/www.calafornells.com\/wp-content\/uploads\/2026\/03\/hotel-cala-fornells-hotel-rooms-2026.jpeg","datePublished":"2014-04-14T08:25:42+00:00","dateModified":"2021-03-19T08:26:09+00:00","breadcrumb":{"@id":"https:\/\/www.calafornells.com\/habitaciones-hotel-paguera\/#breadcrumb"},"inLanguage":"de","potentialAction":[{"@type":"ReadAction","target":["https:\/\/www.calafornells.com\/habitaciones-hotel-paguera\/"]}]},{"@type":"ImageObject","inLanguage":"de","@id":"https:\/\/www.calafornells.com\/habitaciones-hotel-paguera\/#primaryimage","url":"https:\/\/www.calafornells.com\/wp-content\/uploads\/2026\/03\/hotel-cala-fornells-hotel-rooms-2026.jpeg","contentUrl":"https:\/\/www.calafornells.com\/wp-content\/uploads\/2026\/03\/hotel-cala-fornells-hotel-rooms-2026.jpeg","width":1024,"height":683},{"@type":"BreadcrumbList","@id":"https:\/\/www.calafornells.com\/habitaciones-hotel-paguera\/#breadcrumb","itemListElement":[{"@type":"ListItem","position":1,"name":"Portada","item":"https:\/\/www.calafornells.com\/de\/"},{"@type":"ListItem","position":2,"name":"Zimmer"}]},{"@type":"WebSite","@id":"https:\/\/www.calafornells.com\/#website","url":"https:\/\/www.calafornells.com\/","name":"Hotel Cala Fornells","description":"4* Paguera Mallorca | Offizielle Website | Bester Preis Online Garantiert","publisher":{"@id":"https:\/\/www.calafornells.com\/#organization"},"potentialAction":[{"@type":"SearchAction","target":{"@type":"EntryPoint","urlTemplate":"https:\/\/www.calafornells.com\/?s={search_term_string}"},"query-input":{"@type":"PropertyValueSpecification","valueRequired":true,"valueName":"search_term_string"}}],"inLanguage":"de"},{"@type":"Organization","@id":"https:\/\/www.calafornells.com\/#organization","name":"Hotel Cala Fornells","url":"https:\/\/www.calafornells.com\/","logo":{"@type":"ImageObject","inLanguage":"de","@id":"https:\/\/www.calafornells.com\/#\/schema\/logo\/image\/","url":"","contentUrl":"","caption":"Hotel Cala Fornells"},"image":{"@id":"https:\/\/www.calafornells.com\/#\/schema\/logo\/image\/"},"sameAs":["https:\/\/www.facebook.com\/hotel.calafornells\/","https:\/\/www.instagram.com\/hotelcalafornells\/"]}]}},"_links":{"self":[{"href":"https:\/\/www.calafornells.com\/de\/wp-json\/wp\/v2\/pages\/7135","targetHints":{"allow":["GET"]}}],"collection":[{"href":"https:\/\/www.calafornells.com\/de\/wp-json\/wp\/v2\/pages"}],"about":[{"href":"https:\/\/www.calafornells.com\/de\/wp-json\/wp\/v2\/types\/page"}],"author":[{"embeddable":true,"href":"https:\/\/www.calafornells.com\/de\/wp-json\/wp\/v2\/users\/1"}],"replies":[{"embeddable":true,"href":"https:\/\/www.calafornells.com\/de\/wp-json\/wp\/v2\/comments?post=7135"}],"version-history":[{"count":7,"href":"https:\/\/www.calafornells.com\/de\/wp-json\/wp\/v2\/pages\/7135\/revisions"}],"predecessor-version":[{"id":12203,"href":"https:\/\/www.calafornells.com\/de\/wp-json\/wp\/v2\/pages\/7135\/revisions\/12203"}],"wp:featuredmedia":[{"embeddable":true,"href":"https:\/\/www.calafornells.com\/de\/wp-json\/wp\/v2\/media\/14795"}],"wp:attachment":[{"href":"https:\/\/www.calafornells.com\/de\/wp-json\/wp\/v2\/media?parent=7135"}],"curies":[{"name":"wp","href":"https:\/\/api.w.org\/{rel}","templated":true}]}}