{"id":8551,"date":"2017-05-04T08:27:59","date_gmt":"2017-05-04T07:27:59","guid":{"rendered":"https:\/\/www.calafornells.com\/de\/excursions-en-vaixell\/"},"modified":"2024-11-26T17:14:29","modified_gmt":"2024-11-26T16:14:29","slug":"bootsausflug","status":"publish","type":"page","link":"https:\/\/www.calafornells.com\/de\/bootsausflug\/","title":{"rendered":"Bootsausflug"},"content":{"rendered":"<section class=\"l-section wpb_row height_medium\"><div class=\"l-section-h i-cf\"><div class=\"g-cols vc_row via_flex valign_top type_default stacking_default\"><div class=\"vc_col-sm-12 wpb_column vc_column_container\"><div class=\"vc_column-inner\"><div class=\"wpb_wrapper\"><div class=\"wpb_text_column\"><div class=\"wpb_wrapper\"><p>Wenn Sie einen unvergesslichen Tag durch das Krisallklare wasser der Insel zur See geniessen wollen, haben wir verschiedene Optionen f\u00fcr Sie:<\/p>\n<p>Unser favorit ist die lla\u00fct Carlo Mar. Carlo Mar verf\u00fcgt \u00fcber ein komplettes Angebot an Wasser Chartas der verschiedenen Arten, die Sie das kristallklar Wasser der Insel geniessen.Es ist f\u00fcr maximal 12 Personen an Bord. Somit ist es sowohl aufgrund seines Komforts, seiner Gr\u00f6\u00dfe wie auch seiner Art und Konstruktion einzigartig unter der Flotte auf den Balearen. Das Boot ist 14 Meter lang, seine Fahrtgeschwindigkeit betr\u00e4gt 10 Knoten und seine H\u00f6chstgeschwindigkeit 17 Knoten.<\/p>\n<p>Wir arbeiten auch mit wundersch\u00f6nen Segelbooten zusammen, die sich hervorragend zum Segeln und Entdecken der besten Buchten der Gegend eignen. Eine weitere Alternative sind die Boote ohne F\u00fchrerschein, die sich perfekt dazu eignen, die Gew\u00e4sser in Ihrem eigenen Tempo zu erkunden.<\/p>\n<p>Sie werden verschiedene Arten des Ausflugs abh\u00e4ngig von der Jahreszeit geniessen k\u00f6nnen: der Ganze Tag, halb Tag oder Sonnenuntergang. Geniessen Sie den exklusiven Bootsausflug mit Freunden oder mit der Familie.<\/p>\n<p>F\u00fcr weitere Informationen kontaktieren Sie uns unter\u00a0<a href=\"mailto:hotel@calafornells.com\">hotel@calafornells.com<\/a><\/p>\n<div class=\"paquets\">\n<h3>ROUTEN<\/h3>\n<h4>T\u00e4glicher Charter:<\/h4>\n<p>Die vereinbarten Routen mit Besichtigung verschiedener Buchten mit Halt, um eine Kleinigkeit zu essen, zum Schwimmen, Mittagessen und Entspannen \u2013 je nach Meeresbedingungen und Vorlieben der G\u00e4ste.\u00a0Im Preis ist das Benzin\u00a0f\u00fcr bis 2 Fahrtstunden t\u00e4glich (20 Meilen)\u00a0enthalten.<\/p>\n<h4>Halb Tag:<\/h4>\n<p>Morgen oder Abend (4 Stunden).<\/p>\n<h4>Sonnenuntergang Dragonera Insel:<\/h4>\n<p>Wir begleiten Sie den Sonnenuntergang aud der Dragonera Insel zu sehen. Ideal um sich von einem zauberhaften Augenblick neben seinen Freunden und Familie zu vergn\u00fcgen.<\/p>\n<\/div>\n<\/div><\/div><\/div><\/div><\/div><\/div><\/div><\/section><section class=\"l-section wpb_row height_medium color_alternate\"><div class=\"l-section-h i-cf\"><div class=\"g-cols vc_row via_flex valign_top type_default stacking_default\"><div class=\"vc_col-sm-12 wpb_column vc_column_container\"><div class=\"vc_column-inner\"><div class=\"wpb_wrapper\"><div class=\"w-grid us_grid type_grid layout_10284 cols_2 preload_style_spinner\" id=\"us_grid_1\" style=\"--columns:2;--gap:1.5rem;\" data-filterable=\"true\"><style>@media (max-width:600px){#us_grid_1{--columns:1!important}}.layout_10284 .w-grid-item-h{}<\/style><div class=\"w-grid-list\">\t<article class=\"w-grid-item size_1x1 post-10035 attachment type-attachment status-inherit hentry\" data-id=\"10035\">\r\n\t\t<div class=\"w-grid-item-h\">\r\n\t\t\t\t\t\t\t<a ref=\"magnificPopupGrid\" href=\"https:\/\/www.calafornells.com\/wp-content\/uploads\/2017\/05\/hotel-cala-fornells-barco-1.jpg\" class=\"w-grid-item-anchor\" aria-label=\"hotel-cala-fornells-barco-1\"><\/a>\r\n\t\t\t\t\t\t<div class=\"w-post-elm post_image usg_post_image_1 stretched\"><img decoding=\"async\" width=\"600\" height=\"400\" data-src=\"https:\/\/www.calafornells.com\/wp-content\/uploads\/2017\/05\/hotel-cala-fornells-barco-1-600x400.jpg\" class=\"attachment-us_600_400_crop size-us_600_400_crop lazyload\" alt=\"\" data-srcset=\"https:\/\/www.calafornells.com\/wp-content\/uploads\/2017\/05\/hotel-cala-fornells-barco-1-600x400.jpg 600w, https:\/\/www.calafornells.com\/wp-content\/uploads\/2017\/05\/hotel-cala-fornells-barco-1-1024x683.jpg 1024w, https:\/\/www.calafornells.com\/wp-content\/uploads\/2017\/05\/hotel-cala-fornells-barco-1-1536x1024.jpg 1536w, https:\/\/www.calafornells.com\/wp-content\/uploads\/2017\/05\/hotel-cala-fornells-barco-1.jpg 1920w\" data-sizes=\"(max-width: 600px) 100vw, 600px\" src=\"data:image\/svg+xml;base64,PHN2ZyB3aWR0aD0iMSIgaGVpZ2h0PSIxIiB4bWxucz0iaHR0cDovL3d3dy53My5vcmcvMjAwMC9zdmciPjwvc3ZnPg==\" style=\"--smush-placeholder-width: 600px; --smush-placeholder-aspect-ratio: 600\/400;\" \/><\/div>\t\t<\/div>\r\n\t\t\t<\/article>\r\n\t<article class=\"w-grid-item size_1x1 post-10030 attachment type-attachment status-inherit hentry\" data-id=\"10030\">\r\n\t\t<div class=\"w-grid-item-h\">\r\n\t\t\t\t\t\t\t<a ref=\"magnificPopupGrid\" href=\"https:\/\/www.calafornells.com\/wp-content\/uploads\/2017\/05\/hotel-cala-fornells-barco-4.jpg\" class=\"w-grid-item-anchor\" aria-label=\"hotel-cala-fornells-barco-4\"><\/a>\r\n\t\t\t\t\t\t<div class=\"w-post-elm post_image usg_post_image_1 stretched\"><img decoding=\"async\" width=\"600\" height=\"400\" data-src=\"https:\/\/www.calafornells.com\/wp-content\/uploads\/2017\/05\/hotel-cala-fornells-barco-4-600x400.jpg\" class=\"attachment-us_600_400_crop size-us_600_400_crop lazyload\" alt=\"\" data-srcset=\"https:\/\/www.calafornells.com\/wp-content\/uploads\/2017\/05\/hotel-cala-fornells-barco-4-600x400.jpg 600w, https:\/\/www.calafornells.com\/wp-content\/uploads\/2017\/05\/hotel-cala-fornells-barco-4-1024x683.jpg 1024w, https:\/\/www.calafornells.com\/wp-content\/uploads\/2017\/05\/hotel-cala-fornells-barco-4-1536x1024.jpg 1536w, https:\/\/www.calafornells.com\/wp-content\/uploads\/2017\/05\/hotel-cala-fornells-barco-4.jpg 1920w\" data-sizes=\"(max-width: 600px) 100vw, 600px\" src=\"data:image\/svg+xml;base64,PHN2ZyB3aWR0aD0iMSIgaGVpZ2h0PSIxIiB4bWxucz0iaHR0cDovL3d3dy53My5vcmcvMjAwMC9zdmciPjwvc3ZnPg==\" style=\"--smush-placeholder-width: 600px; --smush-placeholder-aspect-ratio: 600\/400;\" \/><\/div>\t\t<\/div>\r\n\t\t\t<\/article>\r\n\t<article class=\"w-grid-item size_1x1 post-10025 attachment type-attachment status-inherit hentry\" data-id=\"10025\">\r\n\t\t<div class=\"w-grid-item-h\">\r\n\t\t\t\t\t\t\t<a ref=\"magnificPopupGrid\" href=\"https:\/\/www.calafornells.com\/wp-content\/uploads\/2017\/05\/hotel-cala-fornells-barco-3.jpg\" class=\"w-grid-item-anchor\" aria-label=\"hotel-cala-fornells-barco-3\"><\/a>\r\n\t\t\t\t\t\t<div class=\"w-post-elm post_image usg_post_image_1 stretched\"><img decoding=\"async\" width=\"600\" height=\"400\" data-src=\"https:\/\/www.calafornells.com\/wp-content\/uploads\/2017\/05\/hotel-cala-fornells-barco-3-600x400.jpg\" class=\"attachment-us_600_400_crop size-us_600_400_crop lazyload\" alt=\"\" data-srcset=\"https:\/\/www.calafornells.com\/wp-content\/uploads\/2017\/05\/hotel-cala-fornells-barco-3-600x400.jpg 600w, https:\/\/www.calafornells.com\/wp-content\/uploads\/2017\/05\/hotel-cala-fornells-barco-3-1024x683.jpg 1024w, https:\/\/www.calafornells.com\/wp-content\/uploads\/2017\/05\/hotel-cala-fornells-barco-3-1536x1024.jpg 1536w, https:\/\/www.calafornells.com\/wp-content\/uploads\/2017\/05\/hotel-cala-fornells-barco-3.jpg 1920w\" data-sizes=\"(max-width: 600px) 100vw, 600px\" src=\"data:image\/svg+xml;base64,PHN2ZyB3aWR0aD0iMSIgaGVpZ2h0PSIxIiB4bWxucz0iaHR0cDovL3d3dy53My5vcmcvMjAwMC9zdmciPjwvc3ZnPg==\" style=\"--smush-placeholder-width: 600px; --smush-placeholder-aspect-ratio: 600\/400;\" \/><\/div>\t\t<\/div>\r\n\t\t\t<\/article>\r\n\t<article class=\"w-grid-item size_1x1 post-10020 attachment type-attachment status-inherit hentry\" data-id=\"10020\">\r\n\t\t<div class=\"w-grid-item-h\">\r\n\t\t\t\t\t\t\t<a ref=\"magnificPopupGrid\" href=\"https:\/\/www.calafornells.com\/wp-content\/uploads\/2017\/05\/hotel-cala-fornells-barco-2.jpg\" class=\"w-grid-item-anchor\" aria-label=\"hotel-cala-fornells-barco-2\"><\/a>\r\n\t\t\t\t\t\t<div class=\"w-post-elm post_image usg_post_image_1 stretched\"><img decoding=\"async\" width=\"600\" height=\"400\" data-src=\"https:\/\/www.calafornells.com\/wp-content\/uploads\/2017\/05\/hotel-cala-fornells-barco-2-600x400.jpg\" class=\"attachment-us_600_400_crop size-us_600_400_crop lazyload\" alt=\"\" data-srcset=\"https:\/\/www.calafornells.com\/wp-content\/uploads\/2017\/05\/hotel-cala-fornells-barco-2-600x400.jpg 600w, https:\/\/www.calafornells.com\/wp-content\/uploads\/2017\/05\/hotel-cala-fornells-barco-2-1024x683.jpg 1024w, https:\/\/www.calafornells.com\/wp-content\/uploads\/2017\/05\/hotel-cala-fornells-barco-2-1536x1024.jpg 1536w, https:\/\/www.calafornells.com\/wp-content\/uploads\/2017\/05\/hotel-cala-fornells-barco-2.jpg 1920w\" data-sizes=\"(max-width: 600px) 100vw, 600px\" src=\"data:image\/svg+xml;base64,PHN2ZyB3aWR0aD0iMSIgaGVpZ2h0PSIxIiB4bWxucz0iaHR0cDovL3d3dy53My5vcmcvMjAwMC9zdmciPjwvc3ZnPg==\" style=\"--smush-placeholder-width: 600px; --smush-placeholder-aspect-ratio: 600\/400;\" \/><\/div>\t\t<\/div>\r\n\t\t\t<\/article>\r\n<\/div>\t<div class=\"w-grid-preloader\">\r\n\t\t<div class=\"g-preloader type_1\">\r\n\t\t\t<div><\/div>\r\n\t\t<\/div>\r\n\t<\/div>\r\n\t\t<div class=\"w-grid-json hidden\" onclick='return {&quot;action&quot;:&quot;us_ajax_grid&quot;,&quot;infinite_scroll&quot;:0,&quot;max_num_pages&quot;:1,&quot;pagination&quot;:&quot;none&quot;,&quot;template_vars&quot;:{&quot;columns&quot;:&quot;2&quot;,&quot;exclude_items&quot;:&quot;none&quot;,&quot;img_size&quot;:&quot;default&quot;,&quot;ignore_items_size&quot;:0,&quot;items_layout&quot;:&quot;10284&quot;,&quot;items_offset&quot;:&quot;1&quot;,&quot;load_animation&quot;:&quot;none&quot;,&quot;overriding_link&quot;:&quot;%7B%22type%22%3A%22popup_image%22%7D&quot;,&quot;post_id&quot;:0,&quot;query_args&quot;:{&quot;post_type&quot;:[&quot;attachment&quot;],&quot;post__in&quot;:[&quot;8509&quot;,&quot;8498&quot;,&quot;8497&quot;,&quot;8499&quot;],&quot;post_status&quot;:&quot;inherit&quot;,&quot;post_mime_type&quot;:&quot;image&quot;,&quot;posts_per_page&quot;:&quot;10&quot;},&quot;orderby_query_args&quot;:{&quot;orderby&quot;:{&quot;date&quot;:&quot;DESC&quot;}},&quot;type&quot;:&quot;grid&quot;,&quot;us_grid_post_type&quot;:&quot;attachment&quot;,&quot;us_grid_ajax_index&quot;:1,&quot;us_grid_filter_query_string&quot;:null,&quot;us_grid_index&quot;:1,&quot;page_args&quot;:[],&quot;lang&quot;:&quot;de&quot;}}'><\/div>\r\n\t<\/div><\/div><\/div><\/div><\/div><\/div><\/section>\n","protected":false},"excerpt":{"rendered":"","protected":false},"author":1,"featured_media":10030,"parent":0,"menu_order":0,"comment_status":"closed","ping_status":"closed","template":"","meta":{"footnotes":""},"class_list":["post-8551","page","type-page","status-publish","has-post-thumbnail","hentry"],"yoast_head":"<!-- This site is optimized with the Yoast SEO plugin v27.5 - https:\/\/yoast.com\/product\/yoast-seo-wordpress\/ -->\n<title>Bootsausflug | Hotel Cala Fornells<\/title>\n<meta name=\"robots\" content=\"index, follow, max-snippet:-1, max-image-preview:large, max-video-preview:-1\" \/>\n<link rel=\"canonical\" href=\"https:\/\/www.calafornells.com\/de\/bootsausflug\/\" \/>\n<meta property=\"og:locale\" content=\"de_DE\" \/>\n<meta property=\"og:type\" content=\"article\" \/>\n<meta property=\"og:title\" content=\"Bootsausflug | Hotel Cala Fornells\" \/>\n<meta property=\"og:url\" content=\"https:\/\/www.calafornells.com\/de\/bootsausflug\/\" \/>\n<meta property=\"og:site_name\" content=\"Hotel Cala Fornells\" \/>\n<meta property=\"article:publisher\" content=\"https:\/\/www.facebook.com\/hotel.calafornells\/\" \/>\n<meta property=\"article:modified_time\" content=\"2024-11-26T16:14:29+00:00\" \/>\n<meta property=\"og:image\" content=\"https:\/\/www.calafornells.com\/wp-content\/uploads\/2017\/05\/hotel-cala-fornells-barco-4.jpg\" \/>\n\t<meta property=\"og:image:width\" content=\"1920\" \/>\n\t<meta property=\"og:image:height\" content=\"1280\" \/>\n\t<meta property=\"og:image:type\" content=\"image\/jpeg\" \/>\n<meta name=\"twitter:card\" content=\"summary_large_image\" \/>\n<meta name=\"twitter:label1\" content=\"Gesch\u00e4tzte Lesezeit\" \/>\n\t<meta name=\"twitter:data1\" content=\"2\u00a0Minuten\" \/>\n<script type=\"application\/ld+json\" class=\"yoast-schema-graph\">{\"@context\":\"https:\\\/\\\/schema.org\",\"@graph\":[{\"@type\":\"WebPage\",\"@id\":\"https:\\\/\\\/www.calafornells.com\\\/de\\\/bootsausflug\\\/\",\"url\":\"https:\\\/\\\/www.calafornells.com\\\/de\\\/bootsausflug\\\/\",\"name\":\"Bootsausflug | Hotel Cala Fornells\",\"isPartOf\":{\"@id\":\"https:\\\/\\\/www.calafornells.com\\\/#website\"},\"primaryImageOfPage\":{\"@id\":\"https:\\\/\\\/www.calafornells.com\\\/de\\\/bootsausflug\\\/#primaryimage\"},\"image\":{\"@id\":\"https:\\\/\\\/www.calafornells.com\\\/de\\\/bootsausflug\\\/#primaryimage\"},\"thumbnailUrl\":\"https:\\\/\\\/www.calafornells.com\\\/wp-content\\\/uploads\\\/2017\\\/05\\\/hotel-cala-fornells-barco-4.jpg\",\"datePublished\":\"2017-05-04T07:27:59+00:00\",\"dateModified\":\"2024-11-26T16:14:29+00:00\",\"breadcrumb\":{\"@id\":\"https:\\\/\\\/www.calafornells.com\\\/de\\\/bootsausflug\\\/#breadcrumb\"},\"inLanguage\":\"de\",\"potentialAction\":[{\"@type\":\"ReadAction\",\"target\":[\"https:\\\/\\\/www.calafornells.com\\\/de\\\/bootsausflug\\\/\"]}]},{\"@type\":\"ImageObject\",\"inLanguage\":\"de\",\"@id\":\"https:\\\/\\\/www.calafornells.com\\\/de\\\/bootsausflug\\\/#primaryimage\",\"url\":\"https:\\\/\\\/www.calafornells.com\\\/wp-content\\\/uploads\\\/2017\\\/05\\\/hotel-cala-fornells-barco-4.jpg\",\"contentUrl\":\"https:\\\/\\\/www.calafornells.com\\\/wp-content\\\/uploads\\\/2017\\\/05\\\/hotel-cala-fornells-barco-4.jpg\",\"width\":1920,\"height\":1280},{\"@type\":\"BreadcrumbList\",\"@id\":\"https:\\\/\\\/www.calafornells.com\\\/de\\\/bootsausflug\\\/#breadcrumb\",\"itemListElement\":[{\"@type\":\"ListItem\",\"position\":1,\"name\":\"Portada\",\"item\":\"https:\\\/\\\/www.calafornells.com\\\/de\\\/\"},{\"@type\":\"ListItem\",\"position\":2,\"name\":\"Bootsausflug\"}]},{\"@type\":\"WebSite\",\"@id\":\"https:\\\/\\\/www.calafornells.com\\\/#website\",\"url\":\"https:\\\/\\\/www.calafornells.com\\\/\",\"name\":\"Hotel Cala Fornells\",\"description\":\"4* Paguera Mallorca | Offizielle Website | Bester Preis Online Garantiert\",\"publisher\":{\"@id\":\"https:\\\/\\\/www.calafornells.com\\\/#organization\"},\"potentialAction\":[{\"@type\":\"SearchAction\",\"target\":{\"@type\":\"EntryPoint\",\"urlTemplate\":\"https:\\\/\\\/www.calafornells.com\\\/?s={search_term_string}\"},\"query-input\":{\"@type\":\"PropertyValueSpecification\",\"valueRequired\":true,\"valueName\":\"search_term_string\"}}],\"inLanguage\":\"de\"},{\"@type\":\"Organization\",\"@id\":\"https:\\\/\\\/www.calafornells.com\\\/#organization\",\"name\":\"Hotel Cala Fornells\",\"url\":\"https:\\\/\\\/www.calafornells.com\\\/\",\"logo\":{\"@type\":\"ImageObject\",\"inLanguage\":\"de\",\"@id\":\"https:\\\/\\\/www.calafornells.com\\\/#\\\/schema\\\/logo\\\/image\\\/\",\"url\":\"\",\"contentUrl\":\"\",\"caption\":\"Hotel Cala Fornells\"},\"image\":{\"@id\":\"https:\\\/\\\/www.calafornells.com\\\/#\\\/schema\\\/logo\\\/image\\\/\"},\"sameAs\":[\"https:\\\/\\\/www.facebook.com\\\/hotel.calafornells\\\/\",\"https:\\\/\\\/www.instagram.com\\\/hotelcalafornells\\\/\"]}]}<\/script>\n<!-- \/ Yoast SEO plugin. -->","yoast_head_json":{"title":"Bootsausflug | Hotel Cala Fornells","robots":{"index":"index","follow":"follow","max-snippet":"max-snippet:-1","max-image-preview":"max-image-preview:large","max-video-preview":"max-video-preview:-1"},"canonical":"https:\/\/www.calafornells.com\/de\/bootsausflug\/","og_locale":"de_DE","og_type":"article","og_title":"Bootsausflug | Hotel Cala Fornells","og_url":"https:\/\/www.calafornells.com\/de\/bootsausflug\/","og_site_name":"Hotel Cala Fornells","article_publisher":"https:\/\/www.facebook.com\/hotel.calafornells\/","article_modified_time":"2024-11-26T16:14:29+00:00","og_image":[{"width":1920,"height":1280,"url":"https:\/\/www.calafornells.com\/wp-content\/uploads\/2017\/05\/hotel-cala-fornells-barco-4.jpg","type":"image\/jpeg"}],"twitter_card":"summary_large_image","twitter_misc":{"Gesch\u00e4tzte Lesezeit":"2\u00a0Minuten"},"schema":{"@context":"https:\/\/schema.org","@graph":[{"@type":"WebPage","@id":"https:\/\/www.calafornells.com\/de\/bootsausflug\/","url":"https:\/\/www.calafornells.com\/de\/bootsausflug\/","name":"Bootsausflug | Hotel Cala Fornells","isPartOf":{"@id":"https:\/\/www.calafornells.com\/#website"},"primaryImageOfPage":{"@id":"https:\/\/www.calafornells.com\/de\/bootsausflug\/#primaryimage"},"image":{"@id":"https:\/\/www.calafornells.com\/de\/bootsausflug\/#primaryimage"},"thumbnailUrl":"https:\/\/www.calafornells.com\/wp-content\/uploads\/2017\/05\/hotel-cala-fornells-barco-4.jpg","datePublished":"2017-05-04T07:27:59+00:00","dateModified":"2024-11-26T16:14:29+00:00","breadcrumb":{"@id":"https:\/\/www.calafornells.com\/de\/bootsausflug\/#breadcrumb"},"inLanguage":"de","potentialAction":[{"@type":"ReadAction","target":["https:\/\/www.calafornells.com\/de\/bootsausflug\/"]}]},{"@type":"ImageObject","inLanguage":"de","@id":"https:\/\/www.calafornells.com\/de\/bootsausflug\/#primaryimage","url":"https:\/\/www.calafornells.com\/wp-content\/uploads\/2017\/05\/hotel-cala-fornells-barco-4.jpg","contentUrl":"https:\/\/www.calafornells.com\/wp-content\/uploads\/2017\/05\/hotel-cala-fornells-barco-4.jpg","width":1920,"height":1280},{"@type":"BreadcrumbList","@id":"https:\/\/www.calafornells.com\/de\/bootsausflug\/#breadcrumb","itemListElement":[{"@type":"ListItem","position":1,"name":"Portada","item":"https:\/\/www.calafornells.com\/de\/"},{"@type":"ListItem","position":2,"name":"Bootsausflug"}]},{"@type":"WebSite","@id":"https:\/\/www.calafornells.com\/#website","url":"https:\/\/www.calafornells.com\/","name":"Hotel Cala Fornells","description":"4* Paguera Mallorca | Offizielle Website | Bester Preis Online Garantiert","publisher":{"@id":"https:\/\/www.calafornells.com\/#organization"},"potentialAction":[{"@type":"SearchAction","target":{"@type":"EntryPoint","urlTemplate":"https:\/\/www.calafornells.com\/?s={search_term_string}"},"query-input":{"@type":"PropertyValueSpecification","valueRequired":true,"valueName":"search_term_string"}}],"inLanguage":"de"},{"@type":"Organization","@id":"https:\/\/www.calafornells.com\/#organization","name":"Hotel Cala Fornells","url":"https:\/\/www.calafornells.com\/","logo":{"@type":"ImageObject","inLanguage":"de","@id":"https:\/\/www.calafornells.com\/#\/schema\/logo\/image\/","url":"","contentUrl":"","caption":"Hotel Cala Fornells"},"image":{"@id":"https:\/\/www.calafornells.com\/#\/schema\/logo\/image\/"},"sameAs":["https:\/\/www.facebook.com\/hotel.calafornells\/","https:\/\/www.instagram.com\/hotelcalafornells\/"]}]}},"_links":{"self":[{"href":"https:\/\/www.calafornells.com\/de\/wp-json\/wp\/v2\/pages\/8551","targetHints":{"allow":["GET"]}}],"collection":[{"href":"https:\/\/www.calafornells.com\/de\/wp-json\/wp\/v2\/pages"}],"about":[{"href":"https:\/\/www.calafornells.com\/de\/wp-json\/wp\/v2\/types\/page"}],"author":[{"embeddable":true,"href":"https:\/\/www.calafornells.com\/de\/wp-json\/wp\/v2\/users\/1"}],"replies":[{"embeddable":true,"href":"https:\/\/www.calafornells.com\/de\/wp-json\/wp\/v2\/comments?post=8551"}],"version-history":[{"count":9,"href":"https:\/\/www.calafornells.com\/de\/wp-json\/wp\/v2\/pages\/8551\/revisions"}],"predecessor-version":[{"id":14127,"href":"https:\/\/www.calafornells.com\/de\/wp-json\/wp\/v2\/pages\/8551\/revisions\/14127"}],"wp:featuredmedia":[{"embeddable":true,"href":"https:\/\/www.calafornells.com\/de\/wp-json\/wp\/v2\/media\/10030"}],"wp:attachment":[{"href":"https:\/\/www.calafornells.com\/de\/wp-json\/wp\/v2\/media?parent=8551"}],"curies":[{"name":"wp","href":"https:\/\/api.w.org\/{rel}","templated":true}]}}