{"id":8886,"date":"2019-04-09T10:30:18","date_gmt":"2019-04-09T09:30:18","guid":{"rendered":"https:\/\/www.calafornells.com\/privacidad\/"},"modified":"2022-12-16T17:07:27","modified_gmt":"2022-12-16T16:07:27","slug":"privacy","status":"publish","type":"page","link":"https:\/\/www.calafornells.com\/de\/privacy\/","title":{"rendered":"Privacy"},"content":{"rendered":"<section class=\"l-section wpb_row height_medium\"><div class=\"l-section-h i-cf\"><div class=\"g-cols vc_row via_flex valign_top type_default stacking_default\"><div class=\"vc_col-sm-12 wpb_column vc_column_container\"><div class=\"vc_column-inner\"><div class=\"wpb_wrapper\"><div class=\"wpb_text_column\"><div class=\"wpb_wrapper\"><p>https:\/\/www.calafornells.com\/ Es un dominio en Internet propiedad de:<\/p>\n<p>PLAYA CALA FORNELLS S.L.<br \/>\nCARRER CALA FORNELLS, 76<br \/>\n07160 &#8211; PEGUERA &#8211; MALLORCA<br \/>\nNIF.: B07691983<\/p>\n<p>Nos reservamos la facultad de modificar la presente Pol\u00edtica de Privacidad para adaptarla a las novedades legislativas, jurisprudenciales o de interpretaci\u00f3n de la Agencia Espa\u00f1ola de Protecci\u00f3n de Datos. En este caso, se anunciar\u00e1 dichos cambios, indicando claramente y con la debida antelaci\u00f3n las modificaciones efectuadas, y solicitando, en caso de que sea necesario, la aceptaci\u00f3n de dichos cambios.<\/p>\n<p><b>\u00bfQU\u00c9 TIPO DE DATOS VAMOS A UTILIZAR? <\/b><\/p>\n<p>Datos de car\u00e1cter identificativos, econ\u00f3micos y financieros.<\/p>\n<p><b> \u00bfCON QU\u00c9 FINALIDADES VAMOS A UTILIZAR TUS DATOS? <\/b><\/p>\n<p>\u2022 Para atender las consultas de los Usuarios que se pongan en contacto con nosotros a trav\u00e9s de los formularios de Contacto o para hacer reservas a trav\u00e9s de formularios habilitados para ello.<br \/>\n\u2022 Para la gesti\u00f3n fiscal, contable y administrativa con el fin de poder gestionar el servicio que el Usuario que solicita y las obligaciones legales correspondientes que por el servicio prestado dan lugar.<br \/>\n\u2022 Para el env\u00edo de comunicaciones comerciales publicitarias relacionadas con los productos o servicios ofrecidos por e-mail, fax, SMS, MMS, comunidades sociales u otro medio electr\u00f3nico o f\u00edsico.<\/p>\n<p><b> \u00bfCU\u00c1LES SON LAS BASES LEG\u00cdTIMAS PARA EL TRATAMIENTO? <\/b><\/p>\n<p>La ejecuci\u00f3n de un contrato y cumplimiento de obligaciones contables y fiscales.<\/p>\n<p>Asimismo cuando la base del tratamiento sea el consentimiento, solicitaremos la aceptaci\u00f3n como base leg\u00edtima para utilizar los datos. Teniendo en cuenta que el Usuario podr\u00e1 revocarlo en cualquier momento envi\u00e1ndonos un mail a Info@calafornells.com<\/p>\n<p>Tambi\u00e9n podemos tratar los datos personales del Usuario debido a un inter\u00e9s leg\u00edtimo, respecto al env\u00edo de comunicaciones comerciales personalizadas o newsletters, tanto por medios ordinarios como electr\u00f3nicos, relativas a nuestros productos y servicios.<\/p>\n<p><b> \u00bfCU\u00c1NTO TIEMPO VAMOS A CONSERVAR TUS DATOS? <\/b><\/p>\n<p>Mantendremos los datos personales del Usuario en nuestros sistemas de informaci\u00f3n mientras sean necesarios, contin\u00fae la relaci\u00f3n como cliente y para dar cumplimiento a obligaciones legales.<\/p>\n<p><b> \u00bfA QUI\u00c9N PODEMOS COMUNICAR TUS DATOS? <\/b><\/p>\n<p>Los datos del Usuario no se ceder\u00e1n a terceros salvo en los casos en que exista una obligaci\u00f3n legal, nos autorice expresamente para ello y\/o cuando sea necesario para cumplir con el contrato acordado para prestar nuestros servicios.<\/p>\n<p>Para poder gestionar los servicios y\/o productos que nos solicite, en algunos casos, ser\u00e1 necesario ceder los datos a empresas del mismo grupo y\/o prestadores de servicios, con fines administrativos, almacenamiento o para dar soporte a la comunicaci\u00f3n.<\/p>\n<p>No est\u00e1n previstas las transferencias de datos fuera de la Uni\u00f3n Europea, excepto en los casos que el Usuario nos autorice expresamente para gestionar el servicio que ofrecemos.<\/p>\n<p><b> \u00bfC\u00d3MO PUEDES EJERCER TUS DERECHOS? <\/b><\/p>\n<p>El Usuario Puede ejercer sus derechos de acceso, rectificaci\u00f3n, oposici\u00f3n y supresi\u00f3n de sus datos, as\u00ed como solicitar la limitaci\u00f3n y la portabilidad de los mismos al siguiente mail: info@calafornells.com<\/p>\n<p>En los siguientes casos:<\/p>\n<p>\u2022 Para rectificar los datos inexactos o, en su caso, solicitar su supresi\u00f3n (derecho al olvido) cuando, por ejemplo, haya retirado su consentimiento. En ese caso, \u00fanicamente los conservaremos para el ejercicio o la defensa de reclamaciones y\/o para el cumplimiento de una obligaci\u00f3n legal.<br \/>\n\u2022 Para solicitar la limitaci\u00f3n del tratamiento de los datos cuando, por ejemplo, los datos ya no sean necesarios para los fines que fueron recogidos.<br \/>\n\u2022 Para solicitar la portabilidad de los datos del Usuario en un formato automatizado que permita su copia, traslado y transmisi\u00f3n, cuando el tratamiento se efect\u00fae por medios automatizados.<br \/>\n\u2022 Adem\u00e1s podr\u00e1 reclamar ante la Autoridad de Control (Agencia Espa\u00f1ola de Protecci\u00f3n de Datos www.agpd.es )<\/p>\n<p><b> \u00bfQU\u00c9 TIPO DE DATOS SON PRESCINDIBLES? <\/b><\/p>\n<p>Se comunicar\u00e1 el car\u00e1cter no obligatorio en los formularios que haya en la web, con respecto a la recogida de algunos datos, salvo en los campos que se indique lo contrario mediante un (*). La no cumplimentaci\u00f3n de dichos datos podr\u00e1 impedir prestar todos aquellos servicios vinculados a tales datos, liber\u00e1ndonos de toda responsabilidad por la no prestaci\u00f3n o prestaci\u00f3n incompleta de estos servicios.<\/p>\n<\/div><\/div><\/div><\/div><\/div><\/div><\/div><\/section>\n","protected":false},"excerpt":{"rendered":"https:\/\/www.calafornells.com\/ Es un dominio en Internet propiedad de: PLAYA CALA FORNELLS S.L. CARRER CALA FORNELLS, 76 07160 &#8211; PEGUERA &#8211; MALLORCA NIF.: B07691983 Nos reservamos la facultad de modificar la presente Pol\u00edtica de Privacidad para adaptarla a las novedades legislativas, jurisprudenciales o de interpretaci\u00f3n de la Agencia Espa\u00f1ola de Protecci\u00f3n de Datos. En este caso,...","protected":false},"author":1,"featured_media":0,"parent":0,"menu_order":0,"comment_status":"closed","ping_status":"closed","template":"","meta":{"footnotes":""},"class_list":["post-8886","page","type-page","status-publish","hentry"],"yoast_head":"<!-- This site is optimized with the Yoast SEO plugin v27.4 - https:\/\/yoast.com\/product\/yoast-seo-wordpress\/ -->\n<title>Privacy | Hotel Cala Fornells<\/title>\n<meta name=\"robots\" content=\"index, follow, max-snippet:-1, max-image-preview:large, max-video-preview:-1\" \/>\n<link rel=\"canonical\" href=\"https:\/\/www.calafornells.com\/privacidad\/\" \/>\n<meta property=\"og:locale\" content=\"de_DE\" \/>\n<meta property=\"og:type\" content=\"article\" \/>\n<meta property=\"og:title\" content=\"Privacy | Hotel Cala Fornells\" \/>\n<meta property=\"og:url\" content=\"https:\/\/www.calafornells.com\/privacidad\/\" \/>\n<meta property=\"og:site_name\" content=\"Hotel Cala Fornells\" \/>\n<meta property=\"article:publisher\" content=\"https:\/\/www.facebook.com\/hotel.calafornells\/\" \/>\n<meta property=\"article:modified_time\" content=\"2022-12-16T16:07:27+00:00\" \/>\n<meta name=\"twitter:card\" content=\"summary_large_image\" \/>\n<meta name=\"twitter:label1\" content=\"Gesch\u00e4tzte Lesezeit\" \/>\n\t<meta name=\"twitter:data1\" content=\"3\u00a0Minuten\" \/>\n<script type=\"application\/ld+json\" class=\"yoast-schema-graph\">{\"@context\":\"https:\\\/\\\/schema.org\",\"@graph\":[{\"@type\":\"WebPage\",\"@id\":\"https:\\\/\\\/www.calafornells.com\\\/privacidad\\\/\",\"url\":\"https:\\\/\\\/www.calafornells.com\\\/privacidad\\\/\",\"name\":\"Privacy | Hotel Cala Fornells\",\"isPartOf\":{\"@id\":\"https:\\\/\\\/www.calafornells.com\\\/#website\"},\"datePublished\":\"2019-04-09T09:30:18+00:00\",\"dateModified\":\"2022-12-16T16:07:27+00:00\",\"breadcrumb\":{\"@id\":\"https:\\\/\\\/www.calafornells.com\\\/privacidad\\\/#breadcrumb\"},\"inLanguage\":\"de\",\"potentialAction\":[{\"@type\":\"ReadAction\",\"target\":[\"https:\\\/\\\/www.calafornells.com\\\/privacidad\\\/\"]}]},{\"@type\":\"BreadcrumbList\",\"@id\":\"https:\\\/\\\/www.calafornells.com\\\/privacidad\\\/#breadcrumb\",\"itemListElement\":[{\"@type\":\"ListItem\",\"position\":1,\"name\":\"Portada\",\"item\":\"https:\\\/\\\/www.calafornells.com\\\/de\\\/\"},{\"@type\":\"ListItem\",\"position\":2,\"name\":\"Privacy\"}]},{\"@type\":\"WebSite\",\"@id\":\"https:\\\/\\\/www.calafornells.com\\\/#website\",\"url\":\"https:\\\/\\\/www.calafornells.com\\\/\",\"name\":\"Hotel Cala Fornells\",\"description\":\"4* Paguera Mallorca | Offizielle Website | Bester Preis Online Garantiert\",\"publisher\":{\"@id\":\"https:\\\/\\\/www.calafornells.com\\\/#organization\"},\"potentialAction\":[{\"@type\":\"SearchAction\",\"target\":{\"@type\":\"EntryPoint\",\"urlTemplate\":\"https:\\\/\\\/www.calafornells.com\\\/?s={search_term_string}\"},\"query-input\":{\"@type\":\"PropertyValueSpecification\",\"valueRequired\":true,\"valueName\":\"search_term_string\"}}],\"inLanguage\":\"de\"},{\"@type\":\"Organization\",\"@id\":\"https:\\\/\\\/www.calafornells.com\\\/#organization\",\"name\":\"Hotel Cala Fornells\",\"url\":\"https:\\\/\\\/www.calafornells.com\\\/\",\"logo\":{\"@type\":\"ImageObject\",\"inLanguage\":\"de\",\"@id\":\"https:\\\/\\\/www.calafornells.com\\\/#\\\/schema\\\/logo\\\/image\\\/\",\"url\":\"\",\"contentUrl\":\"\",\"caption\":\"Hotel Cala Fornells\"},\"image\":{\"@id\":\"https:\\\/\\\/www.calafornells.com\\\/#\\\/schema\\\/logo\\\/image\\\/\"},\"sameAs\":[\"https:\\\/\\\/www.facebook.com\\\/hotel.calafornells\\\/\",\"https:\\\/\\\/www.instagram.com\\\/hotelcalafornells\\\/\"]}]}<\/script>\n<!-- \/ Yoast SEO plugin. -->","yoast_head_json":{"title":"Privacy | Hotel Cala Fornells","robots":{"index":"index","follow":"follow","max-snippet":"max-snippet:-1","max-image-preview":"max-image-preview:large","max-video-preview":"max-video-preview:-1"},"canonical":"https:\/\/www.calafornells.com\/privacidad\/","og_locale":"de_DE","og_type":"article","og_title":"Privacy | Hotel Cala Fornells","og_url":"https:\/\/www.calafornells.com\/privacidad\/","og_site_name":"Hotel Cala Fornells","article_publisher":"https:\/\/www.facebook.com\/hotel.calafornells\/","article_modified_time":"2022-12-16T16:07:27+00:00","twitter_card":"summary_large_image","twitter_misc":{"Gesch\u00e4tzte Lesezeit":"3\u00a0Minuten"},"schema":{"@context":"https:\/\/schema.org","@graph":[{"@type":"WebPage","@id":"https:\/\/www.calafornells.com\/privacidad\/","url":"https:\/\/www.calafornells.com\/privacidad\/","name":"Privacy | Hotel Cala Fornells","isPartOf":{"@id":"https:\/\/www.calafornells.com\/#website"},"datePublished":"2019-04-09T09:30:18+00:00","dateModified":"2022-12-16T16:07:27+00:00","breadcrumb":{"@id":"https:\/\/www.calafornells.com\/privacidad\/#breadcrumb"},"inLanguage":"de","potentialAction":[{"@type":"ReadAction","target":["https:\/\/www.calafornells.com\/privacidad\/"]}]},{"@type":"BreadcrumbList","@id":"https:\/\/www.calafornells.com\/privacidad\/#breadcrumb","itemListElement":[{"@type":"ListItem","position":1,"name":"Portada","item":"https:\/\/www.calafornells.com\/de\/"},{"@type":"ListItem","position":2,"name":"Privacy"}]},{"@type":"WebSite","@id":"https:\/\/www.calafornells.com\/#website","url":"https:\/\/www.calafornells.com\/","name":"Hotel Cala Fornells","description":"4* Paguera Mallorca | Offizielle Website | Bester Preis Online Garantiert","publisher":{"@id":"https:\/\/www.calafornells.com\/#organization"},"potentialAction":[{"@type":"SearchAction","target":{"@type":"EntryPoint","urlTemplate":"https:\/\/www.calafornells.com\/?s={search_term_string}"},"query-input":{"@type":"PropertyValueSpecification","valueRequired":true,"valueName":"search_term_string"}}],"inLanguage":"de"},{"@type":"Organization","@id":"https:\/\/www.calafornells.com\/#organization","name":"Hotel Cala Fornells","url":"https:\/\/www.calafornells.com\/","logo":{"@type":"ImageObject","inLanguage":"de","@id":"https:\/\/www.calafornells.com\/#\/schema\/logo\/image\/","url":"","contentUrl":"","caption":"Hotel Cala Fornells"},"image":{"@id":"https:\/\/www.calafornells.com\/#\/schema\/logo\/image\/"},"sameAs":["https:\/\/www.facebook.com\/hotel.calafornells\/","https:\/\/www.instagram.com\/hotelcalafornells\/"]}]}},"_links":{"self":[{"href":"https:\/\/www.calafornells.com\/de\/wp-json\/wp\/v2\/pages\/8886","targetHints":{"allow":["GET"]}}],"collection":[{"href":"https:\/\/www.calafornells.com\/de\/wp-json\/wp\/v2\/pages"}],"about":[{"href":"https:\/\/www.calafornells.com\/de\/wp-json\/wp\/v2\/types\/page"}],"author":[{"embeddable":true,"href":"https:\/\/www.calafornells.com\/de\/wp-json\/wp\/v2\/users\/1"}],"replies":[{"embeddable":true,"href":"https:\/\/www.calafornells.com\/de\/wp-json\/wp\/v2\/comments?post=8886"}],"version-history":[{"count":6,"href":"https:\/\/www.calafornells.com\/de\/wp-json\/wp\/v2\/pages\/8886\/revisions"}],"predecessor-version":[{"id":13572,"href":"https:\/\/www.calafornells.com\/de\/wp-json\/wp\/v2\/pages\/8886\/revisions\/13572"}],"wp:attachment":[{"href":"https:\/\/www.calafornells.com\/de\/wp-json\/wp\/v2\/media?parent=8886"}],"curies":[{"name":"wp","href":"https:\/\/api.w.org\/{rel}","templated":true}]}}