{"id":8961,"date":"2020-02-22T18:32:40","date_gmt":"2020-02-22T17:32:40","guid":{"rendered":"https:\/\/www.calafornells.com\/yoga\/"},"modified":"2021-03-09T19:22:52","modified_gmt":"2021-03-09T18:22:52","slug":"yoga","status":"publish","type":"page","link":"https:\/\/www.calafornells.com\/de\/yoga\/","title":{"rendered":"Yoga"},"content":{"rendered":"<section class=\"l-section wpb_row height_medium\"><div class=\"l-section-h i-cf\"><div class=\"g-cols vc_row via_flex valign_top type_default stacking_default\"><div class=\"vc_col-sm-12 wpb_column vc_column_container\"><div class=\"vc_column-inner\"><div class=\"wpb_wrapper\"><div class=\"wpb_text_column\"><div class=\"wpb_wrapper\"><p>Mallorca ist auch als Insel der Ruhe bekannt. Dies wurde vom gro\u00dfen katalanischen Maler und Schriftsteller Santiago Rusi\u00f1ol definiert als er die Insel 1903 zum ersten Mal besuchte, war er fasziniert von seinem Licht, der Landschaft, dem Meerwasser, den Buchten, den H\u00e4fen, den Bergen und Kiefern, den Terrassen, den mittelalterlichen Stra\u00dfen und den Innenh\u00f6fen der Stadt. Alles strahlte Frieden und Gelassenheit aus.<\/p>\n<p>Noch heute ist es voller Orte, an denen Ruhe in der Atmosph\u00e4re herrscht, weich, s\u00fc\u00df, langsam und bedachtsam, und nichts weiter zu tun ist, als die Zeit laufen zu lassen. So viel im Sommer wie im Winter und im Fr\u00fchling und Herbst. Tags\u00fcber und Sonnenunterg\u00e4nge, wenn die Sonne untergeht, und unter den Sternen.<\/p>\n<p>Cala Fornells, am Fu\u00dfe der Sierra de Tramuntana, gebadet vom Mittelmeer, ges\u00e4umt von Kiefern, unter einem sauberen Himmel, ist eine dieser Ecken, um sich vom Alltagsstress zu l\u00f6sen und die innere Harmonie durch die Aus\u00fcbung von Yoga zu finden, ideal f\u00fcr Halten Sie den K\u00f6rper fit, den Geist offen und die Seele rein.<\/p>\n<p>F\u00fcr weitere Informationen kontaktieren Sie uns unter <a href=\"mailto:hotel@calafornells.com\">hotel@calafornells.com<\/a><\/p>\n<\/div><\/div><\/div><\/div><\/div><\/div><\/div><\/section>\n","protected":false},"excerpt":{"rendered":"Mallorca ist auch als Insel der Ruhe bekannt. Dies wurde vom gro\u00dfen katalanischen Maler und Schriftsteller Santiago Rusi\u00f1ol definiert als er die Insel 1903 zum ersten Mal besuchte, war er fasziniert von seinem Licht, der Landschaft, dem Meerwasser, den Buchten, den H\u00e4fen, den Bergen und Kiefern, den Terrassen, den mittelalterlichen Stra\u00dfen und den Innenh\u00f6fen der...","protected":false},"author":1,"featured_media":10125,"parent":0,"menu_order":0,"comment_status":"closed","ping_status":"closed","template":"","meta":{"footnotes":""},"class_list":["post-8961","page","type-page","status-publish","has-post-thumbnail","hentry"],"yoast_head":"<!-- This site is optimized with the Yoast SEO plugin v27.4 - https:\/\/yoast.com\/product\/yoast-seo-wordpress\/ -->\n<title>Yoga | Hotel Cala Fornells<\/title>\n<meta name=\"robots\" content=\"index, follow, max-snippet:-1, max-image-preview:large, max-video-preview:-1\" \/>\n<link rel=\"canonical\" href=\"https:\/\/www.calafornells.com\/yoga\/\" \/>\n<meta property=\"og:locale\" content=\"de_DE\" \/>\n<meta property=\"og:type\" content=\"article\" \/>\n<meta property=\"og:title\" content=\"Yoga | Hotel Cala Fornells\" \/>\n<meta property=\"og:url\" content=\"https:\/\/www.calafornells.com\/yoga\/\" \/>\n<meta property=\"og:site_name\" content=\"Hotel Cala Fornells\" \/>\n<meta property=\"article:publisher\" content=\"https:\/\/www.facebook.com\/hotel.calafornells\/\" \/>\n<meta property=\"article:modified_time\" content=\"2021-03-09T18:22:52+00:00\" \/>\n<meta property=\"og:image\" content=\"https:\/\/www.calafornells.com\/wp-content\/uploads\/2020\/02\/yoga-hotel-cala-fornells.jpg\" \/>\n\t<meta property=\"og:image:width\" content=\"1920\" \/>\n\t<meta property=\"og:image:height\" content=\"1280\" \/>\n\t<meta property=\"og:image:type\" content=\"image\/jpeg\" \/>\n<meta name=\"twitter:card\" content=\"summary_large_image\" \/>\n<meta name=\"twitter:label1\" content=\"Gesch\u00e4tzte Lesezeit\" \/>\n\t<meta name=\"twitter:data1\" content=\"1\u00a0Minute\" \/>\n<script type=\"application\/ld+json\" class=\"yoast-schema-graph\">{\"@context\":\"https:\\\/\\\/schema.org\",\"@graph\":[{\"@type\":\"WebPage\",\"@id\":\"https:\\\/\\\/www.calafornells.com\\\/yoga\\\/\",\"url\":\"https:\\\/\\\/www.calafornells.com\\\/yoga\\\/\",\"name\":\"Yoga | Hotel Cala Fornells\",\"isPartOf\":{\"@id\":\"https:\\\/\\\/www.calafornells.com\\\/#website\"},\"primaryImageOfPage\":{\"@id\":\"https:\\\/\\\/www.calafornells.com\\\/yoga\\\/#primaryimage\"},\"image\":{\"@id\":\"https:\\\/\\\/www.calafornells.com\\\/yoga\\\/#primaryimage\"},\"thumbnailUrl\":\"https:\\\/\\\/www.calafornells.com\\\/wp-content\\\/uploads\\\/2020\\\/02\\\/yoga-hotel-cala-fornells.jpg\",\"datePublished\":\"2020-02-22T17:32:40+00:00\",\"dateModified\":\"2021-03-09T18:22:52+00:00\",\"breadcrumb\":{\"@id\":\"https:\\\/\\\/www.calafornells.com\\\/yoga\\\/#breadcrumb\"},\"inLanguage\":\"de\",\"potentialAction\":[{\"@type\":\"ReadAction\",\"target\":[\"https:\\\/\\\/www.calafornells.com\\\/yoga\\\/\"]}]},{\"@type\":\"ImageObject\",\"inLanguage\":\"de\",\"@id\":\"https:\\\/\\\/www.calafornells.com\\\/yoga\\\/#primaryimage\",\"url\":\"https:\\\/\\\/www.calafornells.com\\\/wp-content\\\/uploads\\\/2020\\\/02\\\/yoga-hotel-cala-fornells.jpg\",\"contentUrl\":\"https:\\\/\\\/www.calafornells.com\\\/wp-content\\\/uploads\\\/2020\\\/02\\\/yoga-hotel-cala-fornells.jpg\",\"width\":1920,\"height\":1280},{\"@type\":\"BreadcrumbList\",\"@id\":\"https:\\\/\\\/www.calafornells.com\\\/yoga\\\/#breadcrumb\",\"itemListElement\":[{\"@type\":\"ListItem\",\"position\":1,\"name\":\"Portada\",\"item\":\"https:\\\/\\\/www.calafornells.com\\\/de\\\/\"},{\"@type\":\"ListItem\",\"position\":2,\"name\":\"Yoga\"}]},{\"@type\":\"WebSite\",\"@id\":\"https:\\\/\\\/www.calafornells.com\\\/#website\",\"url\":\"https:\\\/\\\/www.calafornells.com\\\/\",\"name\":\"Hotel Cala Fornells\",\"description\":\"4* Paguera Mallorca | Offizielle Website | Bester Preis Online Garantiert\",\"publisher\":{\"@id\":\"https:\\\/\\\/www.calafornells.com\\\/#organization\"},\"potentialAction\":[{\"@type\":\"SearchAction\",\"target\":{\"@type\":\"EntryPoint\",\"urlTemplate\":\"https:\\\/\\\/www.calafornells.com\\\/?s={search_term_string}\"},\"query-input\":{\"@type\":\"PropertyValueSpecification\",\"valueRequired\":true,\"valueName\":\"search_term_string\"}}],\"inLanguage\":\"de\"},{\"@type\":\"Organization\",\"@id\":\"https:\\\/\\\/www.calafornells.com\\\/#organization\",\"name\":\"Hotel Cala Fornells\",\"url\":\"https:\\\/\\\/www.calafornells.com\\\/\",\"logo\":{\"@type\":\"ImageObject\",\"inLanguage\":\"de\",\"@id\":\"https:\\\/\\\/www.calafornells.com\\\/#\\\/schema\\\/logo\\\/image\\\/\",\"url\":\"\",\"contentUrl\":\"\",\"caption\":\"Hotel Cala Fornells\"},\"image\":{\"@id\":\"https:\\\/\\\/www.calafornells.com\\\/#\\\/schema\\\/logo\\\/image\\\/\"},\"sameAs\":[\"https:\\\/\\\/www.facebook.com\\\/hotel.calafornells\\\/\",\"https:\\\/\\\/www.instagram.com\\\/hotelcalafornells\\\/\"]}]}<\/script>\n<!-- \/ Yoast SEO plugin. -->","yoast_head_json":{"title":"Yoga | Hotel Cala Fornells","robots":{"index":"index","follow":"follow","max-snippet":"max-snippet:-1","max-image-preview":"max-image-preview:large","max-video-preview":"max-video-preview:-1"},"canonical":"https:\/\/www.calafornells.com\/yoga\/","og_locale":"de_DE","og_type":"article","og_title":"Yoga | Hotel Cala Fornells","og_url":"https:\/\/www.calafornells.com\/yoga\/","og_site_name":"Hotel Cala Fornells","article_publisher":"https:\/\/www.facebook.com\/hotel.calafornells\/","article_modified_time":"2021-03-09T18:22:52+00:00","og_image":[{"width":1920,"height":1280,"url":"https:\/\/www.calafornells.com\/wp-content\/uploads\/2020\/02\/yoga-hotel-cala-fornells.jpg","type":"image\/jpeg"}],"twitter_card":"summary_large_image","twitter_misc":{"Gesch\u00e4tzte Lesezeit":"1\u00a0Minute"},"schema":{"@context":"https:\/\/schema.org","@graph":[{"@type":"WebPage","@id":"https:\/\/www.calafornells.com\/yoga\/","url":"https:\/\/www.calafornells.com\/yoga\/","name":"Yoga | Hotel Cala Fornells","isPartOf":{"@id":"https:\/\/www.calafornells.com\/#website"},"primaryImageOfPage":{"@id":"https:\/\/www.calafornells.com\/yoga\/#primaryimage"},"image":{"@id":"https:\/\/www.calafornells.com\/yoga\/#primaryimage"},"thumbnailUrl":"https:\/\/www.calafornells.com\/wp-content\/uploads\/2020\/02\/yoga-hotel-cala-fornells.jpg","datePublished":"2020-02-22T17:32:40+00:00","dateModified":"2021-03-09T18:22:52+00:00","breadcrumb":{"@id":"https:\/\/www.calafornells.com\/yoga\/#breadcrumb"},"inLanguage":"de","potentialAction":[{"@type":"ReadAction","target":["https:\/\/www.calafornells.com\/yoga\/"]}]},{"@type":"ImageObject","inLanguage":"de","@id":"https:\/\/www.calafornells.com\/yoga\/#primaryimage","url":"https:\/\/www.calafornells.com\/wp-content\/uploads\/2020\/02\/yoga-hotel-cala-fornells.jpg","contentUrl":"https:\/\/www.calafornells.com\/wp-content\/uploads\/2020\/02\/yoga-hotel-cala-fornells.jpg","width":1920,"height":1280},{"@type":"BreadcrumbList","@id":"https:\/\/www.calafornells.com\/yoga\/#breadcrumb","itemListElement":[{"@type":"ListItem","position":1,"name":"Portada","item":"https:\/\/www.calafornells.com\/de\/"},{"@type":"ListItem","position":2,"name":"Yoga"}]},{"@type":"WebSite","@id":"https:\/\/www.calafornells.com\/#website","url":"https:\/\/www.calafornells.com\/","name":"Hotel Cala Fornells","description":"4* Paguera Mallorca | Offizielle Website | Bester Preis Online Garantiert","publisher":{"@id":"https:\/\/www.calafornells.com\/#organization"},"potentialAction":[{"@type":"SearchAction","target":{"@type":"EntryPoint","urlTemplate":"https:\/\/www.calafornells.com\/?s={search_term_string}"},"query-input":{"@type":"PropertyValueSpecification","valueRequired":true,"valueName":"search_term_string"}}],"inLanguage":"de"},{"@type":"Organization","@id":"https:\/\/www.calafornells.com\/#organization","name":"Hotel Cala Fornells","url":"https:\/\/www.calafornells.com\/","logo":{"@type":"ImageObject","inLanguage":"de","@id":"https:\/\/www.calafornells.com\/#\/schema\/logo\/image\/","url":"","contentUrl":"","caption":"Hotel Cala Fornells"},"image":{"@id":"https:\/\/www.calafornells.com\/#\/schema\/logo\/image\/"},"sameAs":["https:\/\/www.facebook.com\/hotel.calafornells\/","https:\/\/www.instagram.com\/hotelcalafornells\/"]}]}},"_links":{"self":[{"href":"https:\/\/www.calafornells.com\/de\/wp-json\/wp\/v2\/pages\/8961","targetHints":{"allow":["GET"]}}],"collection":[{"href":"https:\/\/www.calafornells.com\/de\/wp-json\/wp\/v2\/pages"}],"about":[{"href":"https:\/\/www.calafornells.com\/de\/wp-json\/wp\/v2\/types\/page"}],"author":[{"embeddable":true,"href":"https:\/\/www.calafornells.com\/de\/wp-json\/wp\/v2\/users\/1"}],"replies":[{"embeddable":true,"href":"https:\/\/www.calafornells.com\/de\/wp-json\/wp\/v2\/comments?post=8961"}],"version-history":[{"count":2,"href":"https:\/\/www.calafornells.com\/de\/wp-json\/wp\/v2\/pages\/8961\/revisions"}],"predecessor-version":[{"id":11912,"href":"https:\/\/www.calafornells.com\/de\/wp-json\/wp\/v2\/pages\/8961\/revisions\/11912"}],"wp:featuredmedia":[{"embeddable":true,"href":"https:\/\/www.calafornells.com\/de\/wp-json\/wp\/v2\/media\/10125"}],"wp:attachment":[{"href":"https:\/\/www.calafornells.com\/de\/wp-json\/wp\/v2\/media?parent=8961"}],"curies":[{"name":"wp","href":"https:\/\/api.w.org\/{rel}","templated":true}]}}