{"id":7054,"date":"2014-05-23T16:44:40","date_gmt":"2014-05-23T16:44:40","guid":{"rendered":"https:\/\/www.calafornells.com\/ciclismo-2\/"},"modified":"2021-03-12T14:39:49","modified_gmt":"2021-03-12T13:39:49","slug":"cyclisme","status":"publish","type":"page","link":"https:\/\/www.calafornells.com\/fr\/cyclisme\/","title":{"rendered":"Cyclisme"},"content":{"rendered":"<section class=\"l-section wpb_row height_medium\"><div class=\"l-section-h i-cf\"><div class=\"g-cols vc_row via_flex valign_top type_default stacking_default\"><div class=\"vc_col-sm-12 wpb_column vc_column_container\"><div class=\"vc_column-inner\"><div class=\"wpb_wrapper\"><div class=\"wpb_text_column\"><div class=\"wpb_wrapper\"><p>Depuis l\u2019H\u00f4tel Cala Fornells, il est possible d\u2019entreprendre de nombreux itin\u00e9raires cyclotouristiques d\u2019une grande valeur culturelle et paysagistique : depuis Paguera jusqu\u2019\u00e0 Estellencs en passant par Capdell\u00e0, Andratx, S\u2019Arrac\u00f3, Sant Elm, Galilea, etc. De nombreux kilom\u00e8tres de route et de montagne disponibles pour \u00eatre parcourus. A la r\u00e9ception m\u00eame de l\u2019H\u00f4tel, les clients peuvent obtenir des cartes et des informations utiles pour pratiquer le cyclisme et le VTT.<\/p>\n<p>Par ailleurs, l\u2019H\u00f4tel dispose d\u2019un espace sp\u00e9cialement pr\u00e9vu pour ranger, entretenir et r\u00e9parer les bicyclettes, \u00e9quip\u00e9 d\u2019ancrages de s\u00e9curit\u00e9 individuels et d\u2019outils de base de nettoyage et de r\u00e9paration.<\/p>\n<\/div><\/div><div class=\"w-separator size_medium\"><\/div><div class=\"w-grid us_grid type_grid layout_10148 cols_2 preload_style_spinner\" id=\"us_grid_1\" style=\"--columns:2;--gap:1.5rem;\" data-filterable=\"true\"><style>@media (max-width:600px){#us_grid_1{--columns:1!important}}.layout_10148 .w-grid-item-h{}.layout_10148 .usg_post_image_1{margin-bottom:0.5rem!important}.layout_10148 .usg_post_title_1{font-size:1.5rem!important}<\/style><div class=\"w-grid-list\">\t<article class=\"w-grid-item size_1x1 post-7714 page type-page status-publish hentry\" data-id=\"7714\">\r\n\t\t<div class=\"w-grid-item-h\">\r\n\t\t\t\t\t\t\t<a href=\"https:\/\/www.calafornells.com\/fr\/404-error\/\" class=\"w-grid-item-anchor\" aria-label=\"404 Error\"><\/a>\r\n\t\t\t\t\t\t<h2 class=\"w-post-elm post_title usg_post_title_1 align_center entry-title color_link_inherit\">404 Error<\/h2>\t\t<\/div>\r\n\t\t\t<\/article>\r\n\t<article class=\"w-grid-item size_1x1 post-7027 page type-page status-publish has-post-thumbnail hentry\" data-id=\"7027\">\r\n\t\t<div class=\"w-grid-item-h\">\r\n\t\t\t\t\t\t\t<a href=\"https:\/\/www.calafornells.com\/fr\/\" class=\"w-grid-item-anchor\" aria-label=\"Hotel Cala Fornells\"><\/a>\r\n\t\t\t\t\t\t<div class=\"w-post-elm post_image usg_post_image_1 stretched\"><img decoding=\"async\" width=\"600\" height=\"400\" data-src=\"https:\/\/www.calafornells.com\/wp-content\/uploads\/2017\/04\/hotel-calafornells-background-600x400.jpg\" class=\"attachment-us_600_400_crop size-us_600_400_crop wp-post-image lazyload\" alt=\"\" data-srcset=\"https:\/\/www.calafornells.com\/wp-content\/uploads\/2017\/04\/hotel-calafornells-background-600x400.jpg 600w, https:\/\/www.calafornells.com\/wp-content\/uploads\/2017\/04\/hotel-calafornells-background-1024x683.jpg 1024w, https:\/\/www.calafornells.com\/wp-content\/uploads\/2017\/04\/hotel-calafornells-background.jpg 1280w\" data-sizes=\"(max-width: 600px) 100vw, 600px\" src=\"data:image\/svg+xml;base64,PHN2ZyB3aWR0aD0iMSIgaGVpZ2h0PSIxIiB4bWxucz0iaHR0cDovL3d3dy53My5vcmcvMjAwMC9zdmciPjwvc3ZnPg==\" style=\"--smush-placeholder-width: 600px; --smush-placeholder-aspect-ratio: 600\/400;\" \/><\/div><h2 class=\"w-post-elm post_title usg_post_title_1 align_center entry-title color_link_inherit\">Hotel Cala Fornells<\/h2>\t\t<\/div>\r\n\t\t\t<\/article>\r\n\t<article class=\"w-grid-item size_1x1 post-7134 page type-page status-publish has-post-thumbnail hentry\" data-id=\"7134\">\r\n\t\t<div class=\"w-grid-item-h\">\r\n\t\t\t\t\t\t\t<a href=\"https:\/\/www.calafornells.com\/fr\/chambres-hotel-paguera\/\" class=\"w-grid-item-anchor\" aria-label=\"Chambres\"><\/a>\r\n\t\t\t\t\t\t<div class=\"w-post-elm post_image usg_post_image_1 stretched\"><img decoding=\"async\" width=\"600\" height=\"400\" data-src=\"https:\/\/www.calafornells.com\/wp-content\/uploads\/2026\/03\/hotel-cala-fornells-hotel-rooms-2026-600x400.jpeg\" class=\"attachment-us_600_400_crop size-us_600_400_crop wp-post-image lazyload\" alt=\"\" data-srcset=\"https:\/\/www.calafornells.com\/wp-content\/uploads\/2026\/03\/hotel-cala-fornells-hotel-rooms-2026-600x400.jpeg 600w, https:\/\/www.calafornells.com\/wp-content\/uploads\/2026\/03\/hotel-cala-fornells-hotel-rooms-2026.jpeg 1024w\" data-sizes=\"(max-width: 600px) 100vw, 600px\" src=\"data:image\/svg+xml;base64,PHN2ZyB3aWR0aD0iMSIgaGVpZ2h0PSIxIiB4bWxucz0iaHR0cDovL3d3dy53My5vcmcvMjAwMC9zdmciPjwvc3ZnPg==\" style=\"--smush-placeholder-width: 600px; --smush-placeholder-aspect-ratio: 600\/400;\" \/><\/div><h2 class=\"w-post-elm post_title usg_post_title_1 align_center entry-title color_link_inherit\">Chambres<\/h2>\t\t<\/div>\r\n\t\t\t<\/article>\r\n\t<article class=\"w-grid-item size_1x1 post-7179 page type-page status-publish hentry\" data-id=\"7179\">\r\n\t\t<div class=\"w-grid-item-h\">\r\n\t\t\t\t\t\t\t<a href=\"https:\/\/www.calafornells.com\/fr\/reserver-hotel-directement-avantages\/\" class=\"w-grid-item-anchor\" aria-label=\"R\u00e9server ici vous donnera des avantages\"><\/a>\r\n\t\t\t\t\t\t<h2 class=\"w-post-elm post_title usg_post_title_1 align_center entry-title color_link_inherit\">R\u00e9server ici vous donnera des avantages<\/h2>\t\t<\/div>\r\n\t\t\t<\/article>\r\n\t<article class=\"w-grid-item size_1x1 post-7079 page type-page status-publish hentry\" data-id=\"7079\">\r\n\t\t<div class=\"w-grid-item-h\">\r\n\t\t\t\t\t\t\t<a href=\"https:\/\/www.calafornells.com\/fr\/contacter-hotel-paguera\/\" class=\"w-grid-item-anchor\" aria-label=\"Contacter\"><\/a>\r\n\t\t\t\t\t\t<h2 class=\"w-post-elm post_title usg_post_title_1 align_center entry-title color_link_inherit\">Contacter<\/h2>\t\t<\/div>\r\n\t\t\t<\/article>\r\n\t<article class=\"w-grid-item size_1x1 post-7159 page type-page status-publish has-post-thumbnail hentry\" data-id=\"7159\">\r\n\t\t<div class=\"w-grid-item-h\">\r\n\t\t\t\t\t\t\t<a href=\"https:\/\/www.calafornells.com\/fr\/forfaits\/\" class=\"w-grid-item-anchor\" aria-label=\"Forfaits\"><\/a>\r\n\t\t\t\t\t\t<div class=\"w-post-elm post_image usg_post_image_1 stretched\"><img decoding=\"async\" width=\"600\" height=\"400\" data-src=\"https:\/\/www.calafornells.com\/wp-content\/uploads\/2021\/02\/paquetes-hotel-cala-fornells-600x400.jpg\" class=\"attachment-us_600_400_crop size-us_600_400_crop wp-post-image lazyload\" alt=\"\" src=\"data:image\/svg+xml;base64,PHN2ZyB3aWR0aD0iMSIgaGVpZ2h0PSIxIiB4bWxucz0iaHR0cDovL3d3dy53My5vcmcvMjAwMC9zdmciPjwvc3ZnPg==\" style=\"--smush-placeholder-width: 600px; --smush-placeholder-aspect-ratio: 600\/400;\" \/><\/div><h2 class=\"w-post-elm post_title usg_post_title_1 align_center entry-title color_link_inherit\">Forfaits<\/h2>\t\t<\/div>\r\n\t\t\t<\/article>\r\n\t<article class=\"w-grid-item size_1x1 post-7139 page type-page status-publish has-post-thumbnail hentry\" data-id=\"7139\">\r\n\t\t<div class=\"w-grid-item-h\">\r\n\t\t\t\t\t\t\t<a href=\"https:\/\/www.calafornells.com\/fr\/histoire\/\" class=\"w-grid-item-anchor\" aria-label=\"Notre histoire\"><\/a>\r\n\t\t\t\t\t\t<div class=\"w-post-elm post_image usg_post_image_1 stretched\"><img decoding=\"async\" width=\"600\" height=\"400\" data-src=\"https:\/\/www.calafornells.com\/wp-content\/uploads\/2014\/04\/hotel-cala-fornells-historia-1-600x400.jpg\" class=\"attachment-us_600_400_crop size-us_600_400_crop wp-post-image lazyload\" alt=\"\" src=\"data:image\/svg+xml;base64,PHN2ZyB3aWR0aD0iMSIgaGVpZ2h0PSIxIiB4bWxucz0iaHR0cDovL3d3dy53My5vcmcvMjAwMC9zdmciPjwvc3ZnPg==\" style=\"--smush-placeholder-width: 600px; --smush-placeholder-aspect-ratio: 600\/400;\" \/><\/div><h2 class=\"w-post-elm post_title usg_post_title_1 align_center entry-title color_link_inherit\">Notre histoire<\/h2>\t\t<\/div>\r\n\t\t\t<\/article>\r\n\t<article class=\"w-grid-item size_1x1 post-7099 page type-page status-publish has-post-thumbnail hentry\" data-id=\"7099\">\r\n\t\t<div class=\"w-grid-item-h\">\r\n\t\t\t\t\t\t\t<a href=\"https:\/\/www.calafornells.com\/fr\/gastronomie\/\" class=\"w-grid-item-anchor\" aria-label=\"Restaurant\"><\/a>\r\n\t\t\t\t\t\t<div class=\"w-post-elm post_image usg_post_image_1 stretched\"><img decoding=\"async\" width=\"600\" height=\"400\" data-src=\"https:\/\/www.calafornells.com\/wp-content\/uploads\/2021\/02\/restaurante-cala-fornells-600x400.jpg\" class=\"attachment-us_600_400_crop size-us_600_400_crop wp-post-image lazyload\" alt=\"\" src=\"data:image\/svg+xml;base64,PHN2ZyB3aWR0aD0iMSIgaGVpZ2h0PSIxIiB4bWxucz0iaHR0cDovL3d3dy53My5vcmcvMjAwMC9zdmciPjwvc3ZnPg==\" style=\"--smush-placeholder-width: 600px; --smush-placeholder-aspect-ratio: 600\/400;\" \/><\/div><h2 class=\"w-post-elm post_title usg_post_title_1 align_center entry-title color_link_inherit\">Restaurant<\/h2>\t\t<\/div>\r\n\t\t\t<\/article>\r\n\t<article class=\"w-grid-item size_1x1 post-7104 page type-page status-publish has-post-thumbnail hentry\" data-id=\"7104\">\r\n\t\t<div class=\"w-grid-item-h\">\r\n\t\t\t\t\t\t\t<a href=\"https:\/\/www.calafornells.com\/fr\/golf\/\" class=\"w-grid-item-anchor\" aria-label=\"Golf\"><\/a>\r\n\t\t\t\t\t\t<div class=\"w-post-elm post_image usg_post_image_1 stretched\"><img decoding=\"async\" width=\"600\" height=\"400\" data-src=\"https:\/\/www.calafornells.com\/wp-content\/uploads\/2014\/04\/hotel-cala-fornells-golf-1-600x400.jpg\" class=\"attachment-us_600_400_crop size-us_600_400_crop wp-post-image lazyload\" alt=\"\" src=\"data:image\/svg+xml;base64,PHN2ZyB3aWR0aD0iMSIgaGVpZ2h0PSIxIiB4bWxucz0iaHR0cDovL3d3dy53My5vcmcvMjAwMC9zdmciPjwvc3ZnPg==\" style=\"--smush-placeholder-width: 600px; --smush-placeholder-aspect-ratio: 600\/400;\" \/><\/div><h2 class=\"w-post-elm post_title usg_post_title_1 align_center entry-title color_link_inherit\">Golf<\/h2>\t\t<\/div>\r\n\t\t\t<\/article>\r\n\t<article class=\"w-grid-item size_1x1 post-7184 page type-page status-publish has-post-thumbnail hentry\" data-id=\"7184\">\r\n\t\t<div class=\"w-grid-item-h\">\r\n\t\t\t\t\t\t\t<a href=\"https:\/\/www.calafornells.com\/fr\/randonnee\/\" class=\"w-grid-item-anchor\" aria-label=\"Randonnee\"><\/a>\r\n\t\t\t\t\t\t<div class=\"w-post-elm post_image usg_post_image_1 stretched\"><img decoding=\"async\" width=\"600\" height=\"400\" data-src=\"https:\/\/www.calafornells.com\/wp-content\/uploads\/2014\/05\/senderismo-cala-fornells-600x400.jpg\" class=\"attachment-us_600_400_crop size-us_600_400_crop wp-post-image lazyload\" alt=\"\" src=\"data:image\/svg+xml;base64,PHN2ZyB3aWR0aD0iMSIgaGVpZ2h0PSIxIiB4bWxucz0iaHR0cDovL3d3dy53My5vcmcvMjAwMC9zdmciPjwvc3ZnPg==\" style=\"--smush-placeholder-width: 600px; --smush-placeholder-aspect-ratio: 600\/400;\" \/><\/div><h2 class=\"w-post-elm post_title usg_post_title_1 align_center entry-title color_link_inherit\">Randonnee<\/h2>\t\t<\/div>\r\n\t\t\t<\/article>\r\n<\/div>\t<div class=\"w-grid-preloader\">\r\n\t\t<div class=\"g-preloader type_1\">\r\n\t\t\t<div><\/div>\r\n\t\t<\/div>\r\n\t<\/div>\r\n\t\t<div class=\"w-grid-json hidden\" onclick='return {&quot;action&quot;:&quot;us_ajax_grid&quot;,&quot;infinite_scroll&quot;:0,&quot;max_num_pages&quot;:7,&quot;pagination&quot;:&quot;none&quot;,&quot;template_vars&quot;:{&quot;columns&quot;:&quot;2&quot;,&quot;exclude_items&quot;:&quot;none&quot;,&quot;img_size&quot;:&quot;default&quot;,&quot;ignore_items_size&quot;:0,&quot;items_layout&quot;:&quot;10148&quot;,&quot;items_offset&quot;:&quot;1&quot;,&quot;load_animation&quot;:&quot;none&quot;,&quot;overriding_link&quot;:&quot;%7B%22type%22%3A%22post%22%7D&quot;,&quot;post_id&quot;:0,&quot;query_args&quot;:{&quot;post_parent&quot;:0,&quot;post_type&quot;:&quot;any&quot;,&quot;ignore_sticky_posts&quot;:1,&quot;posts_per_page&quot;:&quot;10&quot;},&quot;orderby_query_args&quot;:{&quot;orderby&quot;:{&quot;date&quot;:&quot;ASC&quot;}},&quot;type&quot;:&quot;grid&quot;,&quot;us_grid_post_type&quot;:&quot;current_child_pages&quot;,&quot;us_grid_ajax_index&quot;:1,&quot;us_grid_filter_query_string&quot;:null,&quot;us_grid_index&quot;:1,&quot;page_args&quot;:[],&quot;lang&quot;:&quot;fr&quot;}}'><\/div>\r\n\t<\/div><div class=\"w-separator size_medium\"><\/div><div class=\"w-btn-wrapper align_center\"><a class=\"w-btn us-btn-style_1\" title=\"Forfait cyclisme\" href=\"https:\/\/www.calafornells.com\/fr\/forfaits\/forfait-cyclisme\/\"><span class=\"w-btn-label\">Forfait cyclisme<\/span><\/a><\/div><\/div><\/div><\/div><\/div><\/div><\/section>\n","protected":false},"excerpt":{"rendered":"L&rsquo;H\u00f4tel Cala Fornells est situ\u00e9 dans une zone privil\u00e9gi\u00e9e, surtout si vous aimez la randonn\u00e9e et la randonn\u00e9e, car nous sommes entour\u00e9s de montagnes et de sentiers accessibles. L&rsquo;excursion la plus proche que nous proposons \u00e0 nos clients est l&rsquo;itin\u00e9raire qui nous emm\u00e8ne de Cala Fornells \u00e0 la Torre des Cap Andritxol, construite au XVIe...","protected":false},"author":1,"featured_media":9959,"parent":0,"menu_order":0,"comment_status":"closed","ping_status":"closed","template":"","meta":{"footnotes":""},"class_list":["post-7054","page","type-page","status-publish","has-post-thumbnail","hentry"],"yoast_head":"<!-- This site is optimized with the Yoast SEO plugin v27.4 - https:\/\/yoast.com\/product\/yoast-seo-wordpress\/ -->\n<title>Cyclisme | Hotel Cala Fornells<\/title>\n<meta name=\"robots\" content=\"index, follow, max-snippet:-1, max-image-preview:large, max-video-preview:-1\" \/>\n<link rel=\"canonical\" href=\"https:\/\/www.calafornells.com\/ciclismo\/\" \/>\n<meta property=\"og:locale\" content=\"fr_FR\" \/>\n<meta property=\"og:type\" content=\"article\" \/>\n<meta property=\"og:title\" content=\"Cyclisme | Hotel Cala Fornells\" \/>\n<meta property=\"og:url\" content=\"https:\/\/www.calafornells.com\/ciclismo\/\" \/>\n<meta property=\"og:site_name\" content=\"Hotel Cala Fornells\" \/>\n<meta property=\"article:publisher\" content=\"https:\/\/www.facebook.com\/hotel.calafornells\/\" \/>\n<meta property=\"article:modified_time\" content=\"2021-03-12T13:39:49+00:00\" \/>\n<meta property=\"og:image\" content=\"https:\/\/www.calafornells.com\/wp-content\/uploads\/2014\/05\/hotel-cala-fornells-mallorca-paguera-17.jpg\" \/>\n\t<meta property=\"og:image:width\" content=\"1280\" \/>\n\t<meta property=\"og:image:height\" content=\"720\" \/>\n\t<meta property=\"og:image:type\" content=\"image\/jpeg\" \/>\n<meta name=\"twitter:card\" content=\"summary_large_image\" \/>\n<meta name=\"twitter:label1\" content=\"Dur\u00e9e de lecture estim\u00e9e\" \/>\n\t<meta name=\"twitter:data1\" content=\"1 minute\" \/>\n<script type=\"application\/ld+json\" class=\"yoast-schema-graph\">{\"@context\":\"https:\\\/\\\/schema.org\",\"@graph\":[{\"@type\":\"WebPage\",\"@id\":\"https:\\\/\\\/www.calafornells.com\\\/ciclismo\\\/\",\"url\":\"https:\\\/\\\/www.calafornells.com\\\/ciclismo\\\/\",\"name\":\"Cyclisme | Hotel Cala Fornells\",\"isPartOf\":{\"@id\":\"https:\\\/\\\/www.calafornells.com\\\/#website\"},\"primaryImageOfPage\":{\"@id\":\"https:\\\/\\\/www.calafornells.com\\\/ciclismo\\\/#primaryimage\"},\"image\":{\"@id\":\"https:\\\/\\\/www.calafornells.com\\\/ciclismo\\\/#primaryimage\"},\"thumbnailUrl\":\"https:\\\/\\\/www.calafornells.com\\\/wp-content\\\/uploads\\\/2014\\\/05\\\/hotel-cala-fornells-mallorca-paguera-17.jpg\",\"datePublished\":\"2014-05-23T16:44:40+00:00\",\"dateModified\":\"2021-03-12T13:39:49+00:00\",\"breadcrumb\":{\"@id\":\"https:\\\/\\\/www.calafornells.com\\\/ciclismo\\\/#breadcrumb\"},\"inLanguage\":\"fr-FR\",\"potentialAction\":[{\"@type\":\"ReadAction\",\"target\":[\"https:\\\/\\\/www.calafornells.com\\\/ciclismo\\\/\"]}]},{\"@type\":\"ImageObject\",\"inLanguage\":\"fr-FR\",\"@id\":\"https:\\\/\\\/www.calafornells.com\\\/ciclismo\\\/#primaryimage\",\"url\":\"https:\\\/\\\/www.calafornells.com\\\/wp-content\\\/uploads\\\/2014\\\/05\\\/hotel-cala-fornells-mallorca-paguera-17.jpg\",\"contentUrl\":\"https:\\\/\\\/www.calafornells.com\\\/wp-content\\\/uploads\\\/2014\\\/05\\\/hotel-cala-fornells-mallorca-paguera-17.jpg\",\"width\":1280,\"height\":720},{\"@type\":\"BreadcrumbList\",\"@id\":\"https:\\\/\\\/www.calafornells.com\\\/ciclismo\\\/#breadcrumb\",\"itemListElement\":[{\"@type\":\"ListItem\",\"position\":1,\"name\":\"Portada\",\"item\":\"https:\\\/\\\/www.calafornells.com\\\/fr\\\/\"},{\"@type\":\"ListItem\",\"position\":2,\"name\":\"Cyclisme\"}]},{\"@type\":\"WebSite\",\"@id\":\"https:\\\/\\\/www.calafornells.com\\\/#website\",\"url\":\"https:\\\/\\\/www.calafornells.com\\\/\",\"name\":\"Hotel Cala Fornells\",\"description\":\"4* Paguera Mallorca | Site Officiel | Meilleur Prix Internet Garanti\",\"publisher\":{\"@id\":\"https:\\\/\\\/www.calafornells.com\\\/#organization\"},\"potentialAction\":[{\"@type\":\"SearchAction\",\"target\":{\"@type\":\"EntryPoint\",\"urlTemplate\":\"https:\\\/\\\/www.calafornells.com\\\/?s={search_term_string}\"},\"query-input\":{\"@type\":\"PropertyValueSpecification\",\"valueRequired\":true,\"valueName\":\"search_term_string\"}}],\"inLanguage\":\"fr-FR\"},{\"@type\":\"Organization\",\"@id\":\"https:\\\/\\\/www.calafornells.com\\\/#organization\",\"name\":\"Hotel Cala Fornells\",\"url\":\"https:\\\/\\\/www.calafornells.com\\\/\",\"logo\":{\"@type\":\"ImageObject\",\"inLanguage\":\"fr-FR\",\"@id\":\"https:\\\/\\\/www.calafornells.com\\\/#\\\/schema\\\/logo\\\/image\\\/\",\"url\":\"\",\"contentUrl\":\"\",\"caption\":\"Hotel Cala Fornells\"},\"image\":{\"@id\":\"https:\\\/\\\/www.calafornells.com\\\/#\\\/schema\\\/logo\\\/image\\\/\"},\"sameAs\":[\"https:\\\/\\\/www.facebook.com\\\/hotel.calafornells\\\/\",\"https:\\\/\\\/www.instagram.com\\\/hotelcalafornells\\\/\"]}]}<\/script>\n<!-- \/ Yoast SEO plugin. -->","yoast_head_json":{"title":"Cyclisme | Hotel Cala Fornells","robots":{"index":"index","follow":"follow","max-snippet":"max-snippet:-1","max-image-preview":"max-image-preview:large","max-video-preview":"max-video-preview:-1"},"canonical":"https:\/\/www.calafornells.com\/ciclismo\/","og_locale":"fr_FR","og_type":"article","og_title":"Cyclisme | Hotel Cala Fornells","og_url":"https:\/\/www.calafornells.com\/ciclismo\/","og_site_name":"Hotel Cala Fornells","article_publisher":"https:\/\/www.facebook.com\/hotel.calafornells\/","article_modified_time":"2021-03-12T13:39:49+00:00","og_image":[{"width":1280,"height":720,"url":"https:\/\/www.calafornells.com\/wp-content\/uploads\/2014\/05\/hotel-cala-fornells-mallorca-paguera-17.jpg","type":"image\/jpeg"}],"twitter_card":"summary_large_image","twitter_misc":{"Dur\u00e9e de lecture estim\u00e9e":"1 minute"},"schema":{"@context":"https:\/\/schema.org","@graph":[{"@type":"WebPage","@id":"https:\/\/www.calafornells.com\/ciclismo\/","url":"https:\/\/www.calafornells.com\/ciclismo\/","name":"Cyclisme | Hotel Cala Fornells","isPartOf":{"@id":"https:\/\/www.calafornells.com\/#website"},"primaryImageOfPage":{"@id":"https:\/\/www.calafornells.com\/ciclismo\/#primaryimage"},"image":{"@id":"https:\/\/www.calafornells.com\/ciclismo\/#primaryimage"},"thumbnailUrl":"https:\/\/www.calafornells.com\/wp-content\/uploads\/2014\/05\/hotel-cala-fornells-mallorca-paguera-17.jpg","datePublished":"2014-05-23T16:44:40+00:00","dateModified":"2021-03-12T13:39:49+00:00","breadcrumb":{"@id":"https:\/\/www.calafornells.com\/ciclismo\/#breadcrumb"},"inLanguage":"fr-FR","potentialAction":[{"@type":"ReadAction","target":["https:\/\/www.calafornells.com\/ciclismo\/"]}]},{"@type":"ImageObject","inLanguage":"fr-FR","@id":"https:\/\/www.calafornells.com\/ciclismo\/#primaryimage","url":"https:\/\/www.calafornells.com\/wp-content\/uploads\/2014\/05\/hotel-cala-fornells-mallorca-paguera-17.jpg","contentUrl":"https:\/\/www.calafornells.com\/wp-content\/uploads\/2014\/05\/hotel-cala-fornells-mallorca-paguera-17.jpg","width":1280,"height":720},{"@type":"BreadcrumbList","@id":"https:\/\/www.calafornells.com\/ciclismo\/#breadcrumb","itemListElement":[{"@type":"ListItem","position":1,"name":"Portada","item":"https:\/\/www.calafornells.com\/fr\/"},{"@type":"ListItem","position":2,"name":"Cyclisme"}]},{"@type":"WebSite","@id":"https:\/\/www.calafornells.com\/#website","url":"https:\/\/www.calafornells.com\/","name":"Hotel Cala Fornells","description":"4* Paguera Mallorca | Site Officiel | Meilleur Prix Internet Garanti","publisher":{"@id":"https:\/\/www.calafornells.com\/#organization"},"potentialAction":[{"@type":"SearchAction","target":{"@type":"EntryPoint","urlTemplate":"https:\/\/www.calafornells.com\/?s={search_term_string}"},"query-input":{"@type":"PropertyValueSpecification","valueRequired":true,"valueName":"search_term_string"}}],"inLanguage":"fr-FR"},{"@type":"Organization","@id":"https:\/\/www.calafornells.com\/#organization","name":"Hotel Cala Fornells","url":"https:\/\/www.calafornells.com\/","logo":{"@type":"ImageObject","inLanguage":"fr-FR","@id":"https:\/\/www.calafornells.com\/#\/schema\/logo\/image\/","url":"","contentUrl":"","caption":"Hotel Cala Fornells"},"image":{"@id":"https:\/\/www.calafornells.com\/#\/schema\/logo\/image\/"},"sameAs":["https:\/\/www.facebook.com\/hotel.calafornells\/","https:\/\/www.instagram.com\/hotelcalafornells\/"]}]}},"_links":{"self":[{"href":"https:\/\/www.calafornells.com\/fr\/wp-json\/wp\/v2\/pages\/7054","targetHints":{"allow":["GET"]}}],"collection":[{"href":"https:\/\/www.calafornells.com\/fr\/wp-json\/wp\/v2\/pages"}],"about":[{"href":"https:\/\/www.calafornells.com\/fr\/wp-json\/wp\/v2\/types\/page"}],"author":[{"embeddable":true,"href":"https:\/\/www.calafornells.com\/fr\/wp-json\/wp\/v2\/users\/1"}],"replies":[{"embeddable":true,"href":"https:\/\/www.calafornells.com\/fr\/wp-json\/wp\/v2\/comments?post=7054"}],"version-history":[{"count":7,"href":"https:\/\/www.calafornells.com\/fr\/wp-json\/wp\/v2\/pages\/7054\/revisions"}],"predecessor-version":[{"id":12088,"href":"https:\/\/www.calafornells.com\/fr\/wp-json\/wp\/v2\/pages\/7054\/revisions\/12088"}],"wp:featuredmedia":[{"embeddable":true,"href":"https:\/\/www.calafornells.com\/fr\/wp-json\/wp\/v2\/media\/9959"}],"wp:attachment":[{"href":"https:\/\/www.calafornells.com\/fr\/wp-json\/wp\/v2\/media?parent=7054"}],"curies":[{"name":"wp","href":"https:\/\/api.w.org\/{rel}","templated":true}]}}