{"id":7114,"date":"2014-05-23T11:32:32","date_gmt":"2014-05-23T11:32:32","guid":{"rendered":"https:\/\/www.calafornells.com\/golf\/golf-de-andratx\/"},"modified":"2014-09-02T11:48:51","modified_gmt":"2014-09-02T11:48:51","slug":"golf-de-andratx","status":"publish","type":"page","link":"https:\/\/www.calafornells.com\/fr\/golf\/golf-de-andratx\/","title":{"rendered":"Golf de Andratx"},"content":{"rendered":"<section class=\"l-section wpb_row height_medium\"><div class=\"l-section-h i-cf\"><div class=\"g-cols vc_row via_flex valign_top type_default stacking_default\"><div class=\"vc_col-sm-6 wpb_column vc_column_container\"><div class=\"vc_column-inner\"><div class=\"wpb_wrapper\"><div class=\"wpb_text_column\"><div class=\"wpb_wrapper\"><p>Le Terrain de Golf d&rsquo;Andratx, \u00e9galement connu sous le nom de terrain de golf de Camp de Mar, qui dispose de 18 trous, et qui se distingue par ses vues magnifiques sur la c\u00f4te majorquine ainsi que par son environnement naturel exceptionnel. Construit parmi des vall\u00e9es prononc\u00e9es et entour\u00e9 de lacs, d&rsquo;arbres et de v\u00e9g\u00e9tation m\u00e9diterran\u00e9enne, son degr\u00e9 de difficult\u00e9 est un d\u00e9fi pour les joueurs plus exp\u00e9riment\u00e9s.<\/p>\n<p>Il est \u00e0 seulement 3,1 km de l&rsquo;h\u00f4tel Cala Fornells, \u00e0 environ 6 minutes en voiture.<\/p>\n<\/div><\/div><\/div><\/div><\/div><div class=\"vc_col-sm-6 wpb_column vc_column_container\"><div class=\"vc_column-inner\"><div class=\"wpb_wrapper\"><div class=\"wpb_text_column\"><div class=\"wpb_wrapper\"><div id=\"box\">\n<h3>Terrains recommand\u00e9s<\/h3>\n<ul>\n<li><a href=\"https:\/\/www.calafornells.com\/fr\/golf\/golf-de-andratx\/\">Golf de Andratx<\/a><\/li>\n<li><a href=\"https:\/\/www.calafornells.com\/fr\/golf\/golf-santa-ponsa\/\">Golf Santa Ponsa<\/a><\/li>\n<li><a href=\"https:\/\/www.calafornells.com\/fr\/golf\/golf-son-vida\/\">Golf Son Vida<\/a><\/li>\n<li><a href=\"https:\/\/www.calafornells.com\/fr\/golf\/golf-club-bendinat\/\">Golf Club Bendinat<\/a><\/li>\n<li><a href=\"https:\/\/www.calafornells.com\/fr\/golf\/golf-son-quint\/\">Golf Son Quint<\/a><\/li>\n<\/ul>\n<h3 id=\"box_title_2\">Forfaits<\/h3>\n<ul>\n<li><a href=\"https:\/\/www.calafornells.com\/fr\/forfaits\/forfaits-golf\/\"><strong>Forfaits golf<\/strong><\/a><\/li>\n<\/ul>\n<\/div>\n<\/div><\/div><\/div><\/div><\/div><\/div><\/div><\/section><section class=\"l-section wpb_row height_medium\"><div class=\"l-section-h i-cf\"><div class=\"g-cols vc_row via_flex valign_top type_default stacking_default\"><div class=\"vc_col-sm-12 wpb_column vc_column_container\"><div class=\"vc_column-inner\"><div class=\"wpb_wrapper\">[vc_raw_html]JTNDaWZyYW1lJTIwd2lkdGglM0QlMjIxMDAlMjUlMjIlMjBoZWlnaHQlM0QlMjI1MDAlMjIlMjBmcmFtZWJvcmRlciUzRCUyMjAlMjIlMjBzY3JvbGxpbmclM0QlMjJubyUyMiUyMG1hcmdpbmhlaWdodCUzRCUyMjAlMjIlMjBtYXJnaW53aWR0aCUzRCUyMjAlMjIlMjBzcmMlM0QlMjJodHRwcyUzQSUyRiUyRm1hcHMuZ29vZ2xlLmNvbSUyRm1hcHMlMkZtcyUzRm1zYSUzRDAlMjZhbXAlM0Jtc2lkJTNEMjE3MDgwMTQzMzIxMjE2NjA0Nzg3LjAwMDRmYTBmNjRlOGY4NzJhMGFlNCUyNmFtcCUzQmllJTNEVVRGOCUyNmFtcCUzQnQlM0RoJTI2YW1wJTNCbGwlM0QzOS41Mzg3MzIlMkMyLjQzMDEzOSUyNmFtcCUzQnNwbiUzRDAuMDE0NzQ5JTJDMC4wMTUyJTI2YW1wJTNCb3V0cHV0JTNEZW1iZWQlMjZhbXAlM0J6JTNEMTQlMjZhbXAlM0J0JTNEbSUyMiUzRSUzQyUyRmlmcmFtZSUzRQ==[\/vc_raw_html]<\/div><\/div><\/div><\/div><\/div><\/section>\n","protected":false},"excerpt":{"rendered":"Le Terrain de Golf d&rsquo;Andratx, \u00e9galement connu sous le nom de terrain de golf de Camp de Mar, qui dispose de 18 trous, et qui se distingue par ses vues magnifiques sur la c\u00f4te majorquine ainsi que par son environnement naturel exceptionnel. Construit parmi des vall\u00e9es prononc\u00e9es et entour\u00e9 de lacs, d&rsquo;arbres et de v\u00e9g\u00e9tation...","protected":false},"author":1,"featured_media":0,"parent":7104,"menu_order":0,"comment_status":"closed","ping_status":"closed","template":"","meta":{"footnotes":""},"class_list":["post-7114","page","type-page","status-publish","hentry"],"yoast_head":"<!-- This site is optimized with the Yoast SEO plugin v27.4 - https:\/\/yoast.com\/product\/yoast-seo-wordpress\/ -->\n<title>Golf de Andratx | Hotel Cala Fornells<\/title>\n<meta name=\"robots\" content=\"index, follow, max-snippet:-1, max-image-preview:large, max-video-preview:-1\" \/>\n<link rel=\"canonical\" href=\"https:\/\/www.calafornells.com\/golf\/golf-de-andratx\/\" \/>\n<meta property=\"og:locale\" content=\"fr_FR\" \/>\n<meta property=\"og:type\" content=\"article\" \/>\n<meta property=\"og:title\" content=\"Golf de Andratx | Hotel Cala Fornells\" \/>\n<meta property=\"og:url\" content=\"https:\/\/www.calafornells.com\/golf\/golf-de-andratx\/\" \/>\n<meta property=\"og:site_name\" content=\"Hotel Cala Fornells\" \/>\n<meta property=\"article:publisher\" content=\"https:\/\/www.facebook.com\/hotel.calafornells\/\" \/>\n<meta property=\"article:modified_time\" content=\"2014-09-02T11:48:51+00:00\" \/>\n<meta name=\"twitter:card\" content=\"summary_large_image\" \/>\n<meta name=\"twitter:label1\" content=\"Dur\u00e9e de lecture estim\u00e9e\" \/>\n\t<meta name=\"twitter:data1\" content=\"1 minute\" \/>\n<script type=\"application\/ld+json\" class=\"yoast-schema-graph\">{\"@context\":\"https:\\\/\\\/schema.org\",\"@graph\":[{\"@type\":\"WebPage\",\"@id\":\"https:\\\/\\\/www.calafornells.com\\\/golf\\\/golf-de-andratx\\\/\",\"url\":\"https:\\\/\\\/www.calafornells.com\\\/golf\\\/golf-de-andratx\\\/\",\"name\":\"Golf de Andratx | Hotel Cala Fornells\",\"isPartOf\":{\"@id\":\"https:\\\/\\\/www.calafornells.com\\\/#website\"},\"datePublished\":\"2014-05-23T11:32:32+00:00\",\"dateModified\":\"2014-09-02T11:48:51+00:00\",\"breadcrumb\":{\"@id\":\"https:\\\/\\\/www.calafornells.com\\\/golf\\\/golf-de-andratx\\\/#breadcrumb\"},\"inLanguage\":\"fr-FR\",\"potentialAction\":[{\"@type\":\"ReadAction\",\"target\":[\"https:\\\/\\\/www.calafornells.com\\\/golf\\\/golf-de-andratx\\\/\"]}]},{\"@type\":\"BreadcrumbList\",\"@id\":\"https:\\\/\\\/www.calafornells.com\\\/golf\\\/golf-de-andratx\\\/#breadcrumb\",\"itemListElement\":[{\"@type\":\"ListItem\",\"position\":1,\"name\":\"Portada\",\"item\":\"https:\\\/\\\/www.calafornells.com\\\/fr\\\/\"},{\"@type\":\"ListItem\",\"position\":2,\"name\":\"Golf\",\"item\":\"https:\\\/\\\/www.calafornells.com\\\/golf\\\/\"},{\"@type\":\"ListItem\",\"position\":3,\"name\":\"Golf de Andratx\"}]},{\"@type\":\"WebSite\",\"@id\":\"https:\\\/\\\/www.calafornells.com\\\/#website\",\"url\":\"https:\\\/\\\/www.calafornells.com\\\/\",\"name\":\"Hotel Cala Fornells\",\"description\":\"4* Paguera Mallorca | Site Officiel | Meilleur Prix Internet Garanti\",\"publisher\":{\"@id\":\"https:\\\/\\\/www.calafornells.com\\\/#organization\"},\"potentialAction\":[{\"@type\":\"SearchAction\",\"target\":{\"@type\":\"EntryPoint\",\"urlTemplate\":\"https:\\\/\\\/www.calafornells.com\\\/?s={search_term_string}\"},\"query-input\":{\"@type\":\"PropertyValueSpecification\",\"valueRequired\":true,\"valueName\":\"search_term_string\"}}],\"inLanguage\":\"fr-FR\"},{\"@type\":\"Organization\",\"@id\":\"https:\\\/\\\/www.calafornells.com\\\/#organization\",\"name\":\"Hotel Cala Fornells\",\"url\":\"https:\\\/\\\/www.calafornells.com\\\/\",\"logo\":{\"@type\":\"ImageObject\",\"inLanguage\":\"fr-FR\",\"@id\":\"https:\\\/\\\/www.calafornells.com\\\/#\\\/schema\\\/logo\\\/image\\\/\",\"url\":\"\",\"contentUrl\":\"\",\"caption\":\"Hotel Cala Fornells\"},\"image\":{\"@id\":\"https:\\\/\\\/www.calafornells.com\\\/#\\\/schema\\\/logo\\\/image\\\/\"},\"sameAs\":[\"https:\\\/\\\/www.facebook.com\\\/hotel.calafornells\\\/\",\"https:\\\/\\\/www.instagram.com\\\/hotelcalafornells\\\/\"]}]}<\/script>\n<!-- \/ Yoast SEO plugin. -->","yoast_head_json":{"title":"Golf de Andratx | Hotel Cala Fornells","robots":{"index":"index","follow":"follow","max-snippet":"max-snippet:-1","max-image-preview":"max-image-preview:large","max-video-preview":"max-video-preview:-1"},"canonical":"https:\/\/www.calafornells.com\/golf\/golf-de-andratx\/","og_locale":"fr_FR","og_type":"article","og_title":"Golf de Andratx | Hotel Cala Fornells","og_url":"https:\/\/www.calafornells.com\/golf\/golf-de-andratx\/","og_site_name":"Hotel Cala Fornells","article_publisher":"https:\/\/www.facebook.com\/hotel.calafornells\/","article_modified_time":"2014-09-02T11:48:51+00:00","twitter_card":"summary_large_image","twitter_misc":{"Dur\u00e9e de lecture estim\u00e9e":"1 minute"},"schema":{"@context":"https:\/\/schema.org","@graph":[{"@type":"WebPage","@id":"https:\/\/www.calafornells.com\/golf\/golf-de-andratx\/","url":"https:\/\/www.calafornells.com\/golf\/golf-de-andratx\/","name":"Golf de Andratx | Hotel Cala Fornells","isPartOf":{"@id":"https:\/\/www.calafornells.com\/#website"},"datePublished":"2014-05-23T11:32:32+00:00","dateModified":"2014-09-02T11:48:51+00:00","breadcrumb":{"@id":"https:\/\/www.calafornells.com\/golf\/golf-de-andratx\/#breadcrumb"},"inLanguage":"fr-FR","potentialAction":[{"@type":"ReadAction","target":["https:\/\/www.calafornells.com\/golf\/golf-de-andratx\/"]}]},{"@type":"BreadcrumbList","@id":"https:\/\/www.calafornells.com\/golf\/golf-de-andratx\/#breadcrumb","itemListElement":[{"@type":"ListItem","position":1,"name":"Portada","item":"https:\/\/www.calafornells.com\/fr\/"},{"@type":"ListItem","position":2,"name":"Golf","item":"https:\/\/www.calafornells.com\/golf\/"},{"@type":"ListItem","position":3,"name":"Golf de Andratx"}]},{"@type":"WebSite","@id":"https:\/\/www.calafornells.com\/#website","url":"https:\/\/www.calafornells.com\/","name":"Hotel Cala Fornells","description":"4* Paguera Mallorca | Site Officiel | Meilleur Prix Internet Garanti","publisher":{"@id":"https:\/\/www.calafornells.com\/#organization"},"potentialAction":[{"@type":"SearchAction","target":{"@type":"EntryPoint","urlTemplate":"https:\/\/www.calafornells.com\/?s={search_term_string}"},"query-input":{"@type":"PropertyValueSpecification","valueRequired":true,"valueName":"search_term_string"}}],"inLanguage":"fr-FR"},{"@type":"Organization","@id":"https:\/\/www.calafornells.com\/#organization","name":"Hotel Cala Fornells","url":"https:\/\/www.calafornells.com\/","logo":{"@type":"ImageObject","inLanguage":"fr-FR","@id":"https:\/\/www.calafornells.com\/#\/schema\/logo\/image\/","url":"","contentUrl":"","caption":"Hotel Cala Fornells"},"image":{"@id":"https:\/\/www.calafornells.com\/#\/schema\/logo\/image\/"},"sameAs":["https:\/\/www.facebook.com\/hotel.calafornells\/","https:\/\/www.instagram.com\/hotelcalafornells\/"]}]}},"_links":{"self":[{"href":"https:\/\/www.calafornells.com\/fr\/wp-json\/wp\/v2\/pages\/7114","targetHints":{"allow":["GET"]}}],"collection":[{"href":"https:\/\/www.calafornells.com\/fr\/wp-json\/wp\/v2\/pages"}],"about":[{"href":"https:\/\/www.calafornells.com\/fr\/wp-json\/wp\/v2\/types\/page"}],"author":[{"embeddable":true,"href":"https:\/\/www.calafornells.com\/fr\/wp-json\/wp\/v2\/users\/1"}],"replies":[{"embeddable":true,"href":"https:\/\/www.calafornells.com\/fr\/wp-json\/wp\/v2\/comments?post=7114"}],"version-history":[{"count":3,"href":"https:\/\/www.calafornells.com\/fr\/wp-json\/wp\/v2\/pages\/7114\/revisions"}],"predecessor-version":[{"id":7902,"href":"https:\/\/www.calafornells.com\/fr\/wp-json\/wp\/v2\/pages\/7114\/revisions\/7902"}],"up":[{"embeddable":true,"href":"https:\/\/www.calafornells.com\/fr\/wp-json\/wp\/v2\/pages\/7104"}],"wp:attachment":[{"href":"https:\/\/www.calafornells.com\/fr\/wp-json\/wp\/v2\/media?parent=7114"}],"curies":[{"name":"wp","href":"https:\/\/api.w.org\/{rel}","templated":true}]}}