{"id":7124,"date":"2014-06-05T15:14:34","date_gmt":"2014-06-05T15:14:34","guid":{"rendered":"https:\/\/www.calafornells.com\/golf\/golf-son-quint\/"},"modified":"2014-09-02T11:45:11","modified_gmt":"2014-09-02T11:45:11","slug":"golf-son-quint","status":"publish","type":"page","link":"https:\/\/www.calafornells.com\/fr\/golf\/golf-son-quint\/","title":{"rendered":"Golf Son Quint"},"content":{"rendered":"<section class=\"l-section wpb_row height_medium\"><div class=\"l-section-h i-cf\"><div class=\"g-cols vc_row via_flex valign_top type_default stacking_default\"><div class=\"vc_col-sm-6 wpb_column vc_column_container\"><div class=\"vc_column-inner\"><div class=\"wpb_wrapper\"><div class=\"wpb_text_column\"><div class=\"wpb_wrapper\"><p>Golf Son Quint, con\u00e7u par Ram\u00f3n Espinosa, a des vues spectaculaires sur la baie de Palma. Le cours, qui couvre plus de 6.200 m\u00e8tres, est adapt\u00e9 pour les d\u00e9butants et les golfeurs exp\u00e9riment\u00e9s.<\/p>\n<p>Il est \u00e0 seulement 23 km de l&rsquo;h\u00f4tel Cala Fornells, \u00e0 environ 22 minutes en voiture.<\/p>\n<\/div><\/div><\/div><\/div><\/div><div class=\"vc_col-sm-6 wpb_column vc_column_container\"><div class=\"vc_column-inner\"><div class=\"wpb_wrapper\"><div class=\"wpb_text_column\"><div class=\"wpb_wrapper\"><div id=\"box\">\n<h3>Terrains recommand\u00e9s<\/h3>\n<ul>\n<li><a href=\"https:\/\/www.calafornells.com\/fr\/golf\/golf-de-andratx\/\">Golf de Andratx<\/a><\/li>\n<li><a href=\"https:\/\/www.calafornells.com\/fr\/golf\/golf-santa-ponsa\/\">Golf Santa Ponsa<\/a><\/li>\n<li><a href=\"https:\/\/www.calafornells.com\/fr\/golf\/golf-son-vida\/\">Golf Son Vida<\/a><\/li>\n<li><a href=\"https:\/\/www.calafornells.com\/fr\/golf\/golf-club-bendinat\/\">Golf Club Bendinat<\/a><\/li>\n<li><a href=\"https:\/\/www.calafornells.com\/fr\/golf\/golf-son-quint\/\">Golf Son Quint<\/a><\/li>\n<\/ul>\n<h3 id=\"box_title_2\">Forfaits<\/h3>\n<ul>\n<li><a href=\"https:\/\/www.calafornells.com\/fr\/forfaits\/forfaits-golf\/\"><strong>Forfaits golf<\/strong><\/a><\/li>\n<\/ul>\n<\/div>\n<\/div><\/div><\/div><\/div><\/div><\/div><\/div><\/section><section class=\"l-section wpb_row height_medium\"><div class=\"l-section-h i-cf\"><div class=\"g-cols vc_row via_flex valign_top type_default stacking_default\"><div class=\"vc_col-sm-12 wpb_column vc_column_container\"><div class=\"vc_column-inner\"><div class=\"wpb_wrapper\">[vc_raw_html]JTNDaWZyYW1lJTIwd2lkdGglM0QlMjIxMDAlMjUlMjIlMjBoZWlnaHQlM0QlMjI1MDAlMjIlMjBmcmFtZWJvcmRlciUzRCUyMjAlMjIlMjBzY3JvbGxpbmclM0QlMjJubyUyMiUyMG1hcmdpbmhlaWdodCUzRCUyMjAlMjIlMjBtYXJnaW53aWR0aCUzRCUyMjAlMjIlMjBzcmMlM0QlMjJodHRwcyUzQSUyRiUyRm1hcHMuZ29vZ2xlLmVzJTJGbWFwcyUyRm1zJTNGbXNpZCUzRDIxNzA4MDE0MzMyMTIxNjYwNDc4Ny4wMDA0ZmIxODMwNzQ0NzgxMmViNWElMjZhbXAlM0Jtc2ElM0QwJTI2YW1wJTNCaWUlM0RVVEY4JTI2YW1wJTNCdCUzRG0lMjZhbXAlM0JsbCUzRDM5LjU1OTcwMiUyQzIuNTIwMzgyJTI2YW1wJTNCc3BuJTNEMC4wMDY1MiUyQzAuMDA5NjQ1JTI2YW1wJTNCb3V0cHV0JTNEZW1iZWQlMjZhbXAlM0J6JTNEMTIlMjZhbXAlM0J0JTNEbSUyMiUzRSUzQyUyRmlmcmFtZSUzRQ==[\/vc_raw_html]<\/div><\/div><\/div><\/div><\/div><\/section>\n","protected":false},"excerpt":{"rendered":"Golf Son Quint, con\u00e7u par Ram\u00f3n Espinosa, a des vues spectaculaires sur la baie de Palma. Le cours, qui couvre plus de 6.200 m\u00e8tres, est adapt\u00e9 pour les d\u00e9butants et les golfeurs exp\u00e9riment\u00e9s. Il est \u00e0 seulement 23 km de l&rsquo;h\u00f4tel Cala Fornells, \u00e0 environ 22 minutes en voiture. Terrains recommand\u00e9s Golf de Andratx Golf...","protected":false},"author":1,"featured_media":0,"parent":7104,"menu_order":0,"comment_status":"closed","ping_status":"closed","template":"","meta":{"footnotes":""},"class_list":["post-7124","page","type-page","status-publish","hentry"],"yoast_head":"<!-- This site is optimized with the Yoast SEO plugin v27.4 - https:\/\/yoast.com\/product\/yoast-seo-wordpress\/ -->\n<title>Golf Son Quint | Hotel Cala Fornells<\/title>\n<meta name=\"robots\" content=\"index, follow, max-snippet:-1, max-image-preview:large, max-video-preview:-1\" \/>\n<link rel=\"canonical\" href=\"https:\/\/www.calafornells.com\/golf\/golf-son-quint\/\" \/>\n<meta property=\"og:locale\" content=\"fr_FR\" \/>\n<meta property=\"og:type\" content=\"article\" \/>\n<meta property=\"og:title\" content=\"Golf Son Quint | Hotel Cala Fornells\" \/>\n<meta property=\"og:url\" content=\"https:\/\/www.calafornells.com\/golf\/golf-son-quint\/\" \/>\n<meta property=\"og:site_name\" content=\"Hotel Cala Fornells\" \/>\n<meta property=\"article:publisher\" content=\"https:\/\/www.facebook.com\/hotel.calafornells\/\" \/>\n<meta property=\"article:modified_time\" content=\"2014-09-02T11:45:11+00:00\" \/>\n<meta name=\"twitter:card\" content=\"summary_large_image\" \/>\n<meta name=\"twitter:label1\" content=\"Dur\u00e9e de lecture estim\u00e9e\" \/>\n\t<meta name=\"twitter:data1\" content=\"1 minute\" \/>\n<script type=\"application\/ld+json\" class=\"yoast-schema-graph\">{\"@context\":\"https:\\\/\\\/schema.org\",\"@graph\":[{\"@type\":\"WebPage\",\"@id\":\"https:\\\/\\\/www.calafornells.com\\\/golf\\\/golf-son-quint\\\/\",\"url\":\"https:\\\/\\\/www.calafornells.com\\\/golf\\\/golf-son-quint\\\/\",\"name\":\"Golf Son Quint | Hotel Cala Fornells\",\"isPartOf\":{\"@id\":\"https:\\\/\\\/www.calafornells.com\\\/#website\"},\"datePublished\":\"2014-06-05T15:14:34+00:00\",\"dateModified\":\"2014-09-02T11:45:11+00:00\",\"breadcrumb\":{\"@id\":\"https:\\\/\\\/www.calafornells.com\\\/golf\\\/golf-son-quint\\\/#breadcrumb\"},\"inLanguage\":\"fr-FR\",\"potentialAction\":[{\"@type\":\"ReadAction\",\"target\":[\"https:\\\/\\\/www.calafornells.com\\\/golf\\\/golf-son-quint\\\/\"]}]},{\"@type\":\"BreadcrumbList\",\"@id\":\"https:\\\/\\\/www.calafornells.com\\\/golf\\\/golf-son-quint\\\/#breadcrumb\",\"itemListElement\":[{\"@type\":\"ListItem\",\"position\":1,\"name\":\"Portada\",\"item\":\"https:\\\/\\\/www.calafornells.com\\\/fr\\\/\"},{\"@type\":\"ListItem\",\"position\":2,\"name\":\"Golf\",\"item\":\"https:\\\/\\\/www.calafornells.com\\\/golf\\\/\"},{\"@type\":\"ListItem\",\"position\":3,\"name\":\"Golf Son Quint\"}]},{\"@type\":\"WebSite\",\"@id\":\"https:\\\/\\\/www.calafornells.com\\\/#website\",\"url\":\"https:\\\/\\\/www.calafornells.com\\\/\",\"name\":\"Hotel Cala Fornells\",\"description\":\"4* Paguera Mallorca | Site Officiel | Meilleur Prix Internet Garanti\",\"publisher\":{\"@id\":\"https:\\\/\\\/www.calafornells.com\\\/#organization\"},\"potentialAction\":[{\"@type\":\"SearchAction\",\"target\":{\"@type\":\"EntryPoint\",\"urlTemplate\":\"https:\\\/\\\/www.calafornells.com\\\/?s={search_term_string}\"},\"query-input\":{\"@type\":\"PropertyValueSpecification\",\"valueRequired\":true,\"valueName\":\"search_term_string\"}}],\"inLanguage\":\"fr-FR\"},{\"@type\":\"Organization\",\"@id\":\"https:\\\/\\\/www.calafornells.com\\\/#organization\",\"name\":\"Hotel Cala Fornells\",\"url\":\"https:\\\/\\\/www.calafornells.com\\\/\",\"logo\":{\"@type\":\"ImageObject\",\"inLanguage\":\"fr-FR\",\"@id\":\"https:\\\/\\\/www.calafornells.com\\\/#\\\/schema\\\/logo\\\/image\\\/\",\"url\":\"\",\"contentUrl\":\"\",\"caption\":\"Hotel Cala Fornells\"},\"image\":{\"@id\":\"https:\\\/\\\/www.calafornells.com\\\/#\\\/schema\\\/logo\\\/image\\\/\"},\"sameAs\":[\"https:\\\/\\\/www.facebook.com\\\/hotel.calafornells\\\/\",\"https:\\\/\\\/www.instagram.com\\\/hotelcalafornells\\\/\"]}]}<\/script>\n<!-- \/ Yoast SEO plugin. -->","yoast_head_json":{"title":"Golf Son Quint | Hotel Cala Fornells","robots":{"index":"index","follow":"follow","max-snippet":"max-snippet:-1","max-image-preview":"max-image-preview:large","max-video-preview":"max-video-preview:-1"},"canonical":"https:\/\/www.calafornells.com\/golf\/golf-son-quint\/","og_locale":"fr_FR","og_type":"article","og_title":"Golf Son Quint | Hotel Cala Fornells","og_url":"https:\/\/www.calafornells.com\/golf\/golf-son-quint\/","og_site_name":"Hotel Cala Fornells","article_publisher":"https:\/\/www.facebook.com\/hotel.calafornells\/","article_modified_time":"2014-09-02T11:45:11+00:00","twitter_card":"summary_large_image","twitter_misc":{"Dur\u00e9e de lecture estim\u00e9e":"1 minute"},"schema":{"@context":"https:\/\/schema.org","@graph":[{"@type":"WebPage","@id":"https:\/\/www.calafornells.com\/golf\/golf-son-quint\/","url":"https:\/\/www.calafornells.com\/golf\/golf-son-quint\/","name":"Golf Son Quint | Hotel Cala Fornells","isPartOf":{"@id":"https:\/\/www.calafornells.com\/#website"},"datePublished":"2014-06-05T15:14:34+00:00","dateModified":"2014-09-02T11:45:11+00:00","breadcrumb":{"@id":"https:\/\/www.calafornells.com\/golf\/golf-son-quint\/#breadcrumb"},"inLanguage":"fr-FR","potentialAction":[{"@type":"ReadAction","target":["https:\/\/www.calafornells.com\/golf\/golf-son-quint\/"]}]},{"@type":"BreadcrumbList","@id":"https:\/\/www.calafornells.com\/golf\/golf-son-quint\/#breadcrumb","itemListElement":[{"@type":"ListItem","position":1,"name":"Portada","item":"https:\/\/www.calafornells.com\/fr\/"},{"@type":"ListItem","position":2,"name":"Golf","item":"https:\/\/www.calafornells.com\/golf\/"},{"@type":"ListItem","position":3,"name":"Golf Son Quint"}]},{"@type":"WebSite","@id":"https:\/\/www.calafornells.com\/#website","url":"https:\/\/www.calafornells.com\/","name":"Hotel Cala Fornells","description":"4* Paguera Mallorca | Site Officiel | Meilleur Prix Internet Garanti","publisher":{"@id":"https:\/\/www.calafornells.com\/#organization"},"potentialAction":[{"@type":"SearchAction","target":{"@type":"EntryPoint","urlTemplate":"https:\/\/www.calafornells.com\/?s={search_term_string}"},"query-input":{"@type":"PropertyValueSpecification","valueRequired":true,"valueName":"search_term_string"}}],"inLanguage":"fr-FR"},{"@type":"Organization","@id":"https:\/\/www.calafornells.com\/#organization","name":"Hotel Cala Fornells","url":"https:\/\/www.calafornells.com\/","logo":{"@type":"ImageObject","inLanguage":"fr-FR","@id":"https:\/\/www.calafornells.com\/#\/schema\/logo\/image\/","url":"","contentUrl":"","caption":"Hotel Cala Fornells"},"image":{"@id":"https:\/\/www.calafornells.com\/#\/schema\/logo\/image\/"},"sameAs":["https:\/\/www.facebook.com\/hotel.calafornells\/","https:\/\/www.instagram.com\/hotelcalafornells\/"]}]}},"_links":{"self":[{"href":"https:\/\/www.calafornells.com\/fr\/wp-json\/wp\/v2\/pages\/7124","targetHints":{"allow":["GET"]}}],"collection":[{"href":"https:\/\/www.calafornells.com\/fr\/wp-json\/wp\/v2\/pages"}],"about":[{"href":"https:\/\/www.calafornells.com\/fr\/wp-json\/wp\/v2\/types\/page"}],"author":[{"embeddable":true,"href":"https:\/\/www.calafornells.com\/fr\/wp-json\/wp\/v2\/users\/1"}],"replies":[{"embeddable":true,"href":"https:\/\/www.calafornells.com\/fr\/wp-json\/wp\/v2\/comments?post=7124"}],"version-history":[{"count":2,"href":"https:\/\/www.calafornells.com\/fr\/wp-json\/wp\/v2\/pages\/7124\/revisions"}],"predecessor-version":[{"id":7900,"href":"https:\/\/www.calafornells.com\/fr\/wp-json\/wp\/v2\/pages\/7124\/revisions\/7900"}],"up":[{"embeddable":true,"href":"https:\/\/www.calafornells.com\/fr\/wp-json\/wp\/v2\/pages\/7104"}],"wp:attachment":[{"href":"https:\/\/www.calafornells.com\/fr\/wp-json\/wp\/v2\/media?parent=7124"}],"curies":[{"name":"wp","href":"https:\/\/api.w.org\/{rel}","templated":true}]}}