{"id":7169,"date":"2014-06-05T16:08:26","date_gmt":"2014-06-05T16:08:26","guid":{"rendered":"https:\/\/www.calafornells.com\/paquetes\/paquetes-de-golf\/"},"modified":"2022-11-28T19:09:09","modified_gmt":"2022-11-28T18:09:09","slug":"forfaits-golf","status":"publish","type":"page","link":"https:\/\/www.calafornells.com\/fr\/forfaits\/forfaits-golf\/","title":{"rendered":"Forfaits golf"},"content":{"rendered":"<section class=\"l-section wpb_row height_medium\"><div class=\"l-section-h i-cf\"><div class=\"g-cols vc_row via_flex valign_top type_default stacking_default\"><div class=\"vc_col-sm-12 wpb_column vc_column_container\"><div class=\"vc_column-inner\"><div class=\"wpb_wrapper\"><div class=\"wpb_text_column\"><div class=\"wpb_wrapper\"><p>L&rsquo;Hotel Cala Fornells offre divers forfaits de golf, qui comprennent 3, 4 ou 5 Green Fees, diners et autres extras. Seulement pour <a href=\"https:\/\/www.calafornells.com\/hotel-mallorca-reservations-online\/\">r\u00e9serv\u00e9s sur ce web de 5, 6, 7 nuits ou plus<\/a>.<\/p>\n<div class=\"paquets\">\n<h3>3 Green Fees + 1 diner + autres extras<\/h3>\n<h4>Extras compris:<\/h4>\n<p>3 Green Fees<\/p>\n<p>1 diner<\/p>\n<p>Bouteille de vin + panier de fruits (un lot par chambre)<\/p>\n<p>Chambre sup\u00e9rieure \u00e0 celle r\u00e9serv\u00e9e (suivant la disponibilit\u00e9)<\/p>\n<h4>Disponibilit\u00e9:<\/h4>\n<p>F\u00e9vrier \u00e0 Mai \/ Septembre et Octobre<\/p>\n<h4>Conditions:<\/h4>\n<p>Seulement pour <a href=\"https:\/\/www.calafornells.com\/hotel-mallorca-reservations-online\/\">r\u00e9serves dans ce web de 5 nuit ou plus<\/a><\/p>\n<h4>Plus d&rsquo;informations:<\/h4>\n<p><a title=\"Golf Santa Ponsa\" href=\"https:\/\/www.calafornells.com\/fr\/golf\/golf-santa-ponsa\/\">Golf Santa Ponsa<\/a><\/p>\n<p><a title=\"Golf Club Bendinat\" href=\"https:\/\/www.calafornells.com\/fr\/golf\/golf-club-bendinat\/\">Golf Club Bendinat<\/a><\/p>\n<p><a title=\"Golf Son Vida\" href=\"https:\/\/www.calafornells.com\/fr\/golf\/golf-son-vida\/\">Golf Son Vida<\/a><\/p>\n<h4>Prix par personne:<\/h4>\n<p>Pour plus d&rsquo;informations sur les prix, veuillez envoyer un e-mail \u00e0 <a href=\"mailto:hotel@calafornells.com\">hotel@calafornells.com<\/a><\/p>\n<\/div>\n<div class=\"paquets\">\n<h3>4 Green Fees + 1 diner + autres extras<\/h3>\n<h4>Extras compris:<\/h4>\n<p>4 Green Fees<\/p>\n<p>1 diner<\/p>\n<p>Bouteille de vin + panier de fruits (un lot par chambre)<\/p>\n<p>Chambre sup\u00e9rieure \u00e0 celle r\u00e9serv\u00e9e (suivant la disponibilit\u00e9)<\/p>\n<h4>Disponibilit\u00e9:<\/h4>\n<p>F\u00e9vrier \u00e0 Mai \/ Septembre et Octobre<\/p>\n<h4>Conditions:<\/h4>\n<p>Seulement pour <a href=\"https:\/\/www.calafornells.com\/hotel-mallorca-reservations-online\/\">r\u00e9serves dans ce web de 6 nuit ou plus<\/a><\/p>\n<h4>Plus d&rsquo;informations:<\/h4>\n<p><a title=\"Golf Santa Ponsa\" href=\"https:\/\/www.calafornells.com\/fr\/golf\/golf-santa-ponsa\/\">Golf Santa Ponsa<\/a><\/p>\n<p><a title=\"Golf Club Bendinat\" href=\"https:\/\/www.calafornells.com\/fr\/golf\/golf-club-bendinat\/\">Golf Club Bendinat<\/a><\/p>\n<p><a title=\"Golf Son Vida\" href=\"https:\/\/www.calafornells.com\/fr\/golf\/golf-son-vida\/\">Golf Son Vida<\/a><\/p>\n<p><a title=\"Golf Son Quint\" href=\"https:\/\/www.calafornells.com\/fr\/golf\/golf-son-quint\/\">Golf Son Quint<\/a><\/p>\n<h4>Prix par personne:<\/h4>\n<p>Pour plus d&rsquo;informations sur les prix, veuillez envoyer un e-mail \u00e0 <a href=\"mailto:hotel@calafornells.com\">hotel@calafornells.com<\/a><\/p>\n<\/div>\n<div class=\"paquets\">\n<h3>5 Green Fees + 2 diners + autres extras<\/h3>\n<h4>Extras compris:<\/h4>\n<p>5 Green Fees<\/p>\n<p>2 diners<\/p>\n<p>Bouteille de vin + panier de fruits (un lot par chambre)<\/p>\n<p>Chambre sup\u00e9rieure \u00e0 celle r\u00e9serv\u00e9e (suivant la disponibilit\u00e9)<\/p>\n<h4>Disponibilit\u00e9:<\/h4>\n<p>F\u00e9vrier \u00e0 Mai \/ Septembre et Octobre<\/p>\n<h4>Conditions:<\/h4>\n<p>Seulement pour <a href=\"https:\/\/www.calafornells.com\/hotel-mallorca-reservations-online\/\">r\u00e9serves dans ce web de 7 nuit ou plus<\/a><\/p>\n<h4>Plus d&rsquo;informations:<\/h4>\n<p><a title=\"Golf Santa Ponsa\" href=\"https:\/\/www.calafornells.com\/fr\/golf\/golf-santa-ponsa\/\">Golf Santa Ponsa<\/a><\/p>\n<p><a title=\"Golf Club Bendinat\" href=\"https:\/\/www.calafornells.com\/fr\/golf\/golf-club-bendinat\/\">Golf Club Bendinat<\/a><\/p>\n<p><a title=\"Golf Son Vida\" href=\"https:\/\/www.calafornells.com\/fr\/golf\/golf-son-vida\/\">Golf Son Vida<\/a><\/p>\n<p><a title=\"Golf Son Quint\" href=\"https:\/\/www.calafornells.com\/fr\/golf\/golf-son-quint\/\">Golf Son Quint<\/a><\/p>\n<p><a title=\"Golf de Andratx\" href=\"https:\/\/www.calafornells.com\/fr\/golf\/golf-de-andratx\/\">Golf de Andratx<\/a><\/p>\n<h4>Prix par personne:<\/h4>\n<p>Pour plus d&rsquo;informations sur les prix, veuillez envoyer un e-mail \u00e0 <a href=\"mailto:hotel@calafornells.com\">hotel@calafornells.com<\/a><\/p>\n<\/div>\n<\/div><\/div><\/div><\/div><\/div><\/div><\/div><\/section>\n","protected":false},"excerpt":{"rendered":"L&rsquo;Hotel Cala Fornells offre divers forfaits de golf, qui comprennent 3, 4 ou 5 Green Fees, diners et autres extras. Seulement pour r\u00e9serv\u00e9s sur ce web de 5, 6, 7 nuits ou plus. 3 Green Fees + 1 diner + autres extras Extras compris: 3 Green Fees 1 diner Bouteille de vin + panier de...","protected":false},"author":1,"featured_media":9433,"parent":7159,"menu_order":0,"comment_status":"closed","ping_status":"closed","template":"","meta":{"footnotes":""},"class_list":["post-7169","page","type-page","status-publish","has-post-thumbnail","hentry"],"yoast_head":"<!-- This site is optimized with the Yoast SEO plugin v27.4 - https:\/\/yoast.com\/product\/yoast-seo-wordpress\/ -->\n<title>Forfaits golf | Hotel Cala Fornells<\/title>\n<meta name=\"robots\" content=\"index, follow, max-snippet:-1, max-image-preview:large, max-video-preview:-1\" \/>\n<link rel=\"canonical\" href=\"https:\/\/www.calafornells.com\/paquetes\/paquetes-de-golf\/\" \/>\n<meta property=\"og:locale\" content=\"fr_FR\" \/>\n<meta property=\"og:type\" content=\"article\" \/>\n<meta property=\"og:title\" content=\"Forfaits golf | Hotel Cala Fornells\" \/>\n<meta property=\"og:url\" content=\"https:\/\/www.calafornells.com\/paquetes\/paquetes-de-golf\/\" \/>\n<meta property=\"og:site_name\" content=\"Hotel Cala Fornells\" \/>\n<meta property=\"article:publisher\" content=\"https:\/\/www.facebook.com\/hotel.calafornells\/\" \/>\n<meta property=\"article:modified_time\" content=\"2022-11-28T18:09:09+00:00\" \/>\n<meta property=\"og:image\" content=\"https:\/\/www.calafornells.com\/wp-content\/uploads\/2014\/04\/hotel-cala-fornells-golf-1.jpg\" \/>\n\t<meta property=\"og:image:width\" content=\"1920\" \/>\n\t<meta property=\"og:image:height\" content=\"1080\" \/>\n\t<meta property=\"og:image:type\" content=\"image\/jpeg\" \/>\n<meta name=\"twitter:card\" content=\"summary_large_image\" \/>\n<meta name=\"twitter:label1\" content=\"Dur\u00e9e de lecture estim\u00e9e\" \/>\n\t<meta name=\"twitter:data1\" content=\"2 minutes\" \/>\n<script type=\"application\/ld+json\" class=\"yoast-schema-graph\">{\"@context\":\"https:\\\/\\\/schema.org\",\"@graph\":[{\"@type\":\"WebPage\",\"@id\":\"https:\\\/\\\/www.calafornells.com\\\/paquetes\\\/paquetes-de-golf\\\/\",\"url\":\"https:\\\/\\\/www.calafornells.com\\\/paquetes\\\/paquetes-de-golf\\\/\",\"name\":\"Forfaits golf | Hotel Cala Fornells\",\"isPartOf\":{\"@id\":\"https:\\\/\\\/www.calafornells.com\\\/#website\"},\"primaryImageOfPage\":{\"@id\":\"https:\\\/\\\/www.calafornells.com\\\/paquetes\\\/paquetes-de-golf\\\/#primaryimage\"},\"image\":{\"@id\":\"https:\\\/\\\/www.calafornells.com\\\/paquetes\\\/paquetes-de-golf\\\/#primaryimage\"},\"thumbnailUrl\":\"https:\\\/\\\/www.calafornells.com\\\/wp-content\\\/uploads\\\/2014\\\/04\\\/hotel-cala-fornells-golf-1.jpg\",\"datePublished\":\"2014-06-05T16:08:26+00:00\",\"dateModified\":\"2022-11-28T18:09:09+00:00\",\"breadcrumb\":{\"@id\":\"https:\\\/\\\/www.calafornells.com\\\/paquetes\\\/paquetes-de-golf\\\/#breadcrumb\"},\"inLanguage\":\"fr-FR\",\"potentialAction\":[{\"@type\":\"ReadAction\",\"target\":[\"https:\\\/\\\/www.calafornells.com\\\/paquetes\\\/paquetes-de-golf\\\/\"]}]},{\"@type\":\"ImageObject\",\"inLanguage\":\"fr-FR\",\"@id\":\"https:\\\/\\\/www.calafornells.com\\\/paquetes\\\/paquetes-de-golf\\\/#primaryimage\",\"url\":\"https:\\\/\\\/www.calafornells.com\\\/wp-content\\\/uploads\\\/2014\\\/04\\\/hotel-cala-fornells-golf-1.jpg\",\"contentUrl\":\"https:\\\/\\\/www.calafornells.com\\\/wp-content\\\/uploads\\\/2014\\\/04\\\/hotel-cala-fornells-golf-1.jpg\",\"width\":1920,\"height\":1080},{\"@type\":\"BreadcrumbList\",\"@id\":\"https:\\\/\\\/www.calafornells.com\\\/paquetes\\\/paquetes-de-golf\\\/#breadcrumb\",\"itemListElement\":[{\"@type\":\"ListItem\",\"position\":1,\"name\":\"Portada\",\"item\":\"https:\\\/\\\/www.calafornells.com\\\/fr\\\/\"},{\"@type\":\"ListItem\",\"position\":2,\"name\":\"Forfaits\",\"item\":\"https:\\\/\\\/www.calafornells.com\\\/paquetes\\\/\"},{\"@type\":\"ListItem\",\"position\":3,\"name\":\"Forfaits golf\"}]},{\"@type\":\"WebSite\",\"@id\":\"https:\\\/\\\/www.calafornells.com\\\/#website\",\"url\":\"https:\\\/\\\/www.calafornells.com\\\/\",\"name\":\"Hotel Cala Fornells\",\"description\":\"4* Paguera Mallorca | Site Officiel | Meilleur Prix Internet Garanti\",\"publisher\":{\"@id\":\"https:\\\/\\\/www.calafornells.com\\\/#organization\"},\"potentialAction\":[{\"@type\":\"SearchAction\",\"target\":{\"@type\":\"EntryPoint\",\"urlTemplate\":\"https:\\\/\\\/www.calafornells.com\\\/?s={search_term_string}\"},\"query-input\":{\"@type\":\"PropertyValueSpecification\",\"valueRequired\":true,\"valueName\":\"search_term_string\"}}],\"inLanguage\":\"fr-FR\"},{\"@type\":\"Organization\",\"@id\":\"https:\\\/\\\/www.calafornells.com\\\/#organization\",\"name\":\"Hotel Cala Fornells\",\"url\":\"https:\\\/\\\/www.calafornells.com\\\/\",\"logo\":{\"@type\":\"ImageObject\",\"inLanguage\":\"fr-FR\",\"@id\":\"https:\\\/\\\/www.calafornells.com\\\/#\\\/schema\\\/logo\\\/image\\\/\",\"url\":\"\",\"contentUrl\":\"\",\"caption\":\"Hotel Cala Fornells\"},\"image\":{\"@id\":\"https:\\\/\\\/www.calafornells.com\\\/#\\\/schema\\\/logo\\\/image\\\/\"},\"sameAs\":[\"https:\\\/\\\/www.facebook.com\\\/hotel.calafornells\\\/\",\"https:\\\/\\\/www.instagram.com\\\/hotelcalafornells\\\/\"]}]}<\/script>\n<!-- \/ Yoast SEO plugin. -->","yoast_head_json":{"title":"Forfaits golf | Hotel Cala Fornells","robots":{"index":"index","follow":"follow","max-snippet":"max-snippet:-1","max-image-preview":"max-image-preview:large","max-video-preview":"max-video-preview:-1"},"canonical":"https:\/\/www.calafornells.com\/paquetes\/paquetes-de-golf\/","og_locale":"fr_FR","og_type":"article","og_title":"Forfaits golf | Hotel Cala Fornells","og_url":"https:\/\/www.calafornells.com\/paquetes\/paquetes-de-golf\/","og_site_name":"Hotel Cala Fornells","article_publisher":"https:\/\/www.facebook.com\/hotel.calafornells\/","article_modified_time":"2022-11-28T18:09:09+00:00","og_image":[{"width":1920,"height":1080,"url":"https:\/\/www.calafornells.com\/wp-content\/uploads\/2014\/04\/hotel-cala-fornells-golf-1.jpg","type":"image\/jpeg"}],"twitter_card":"summary_large_image","twitter_misc":{"Dur\u00e9e de lecture estim\u00e9e":"2 minutes"},"schema":{"@context":"https:\/\/schema.org","@graph":[{"@type":"WebPage","@id":"https:\/\/www.calafornells.com\/paquetes\/paquetes-de-golf\/","url":"https:\/\/www.calafornells.com\/paquetes\/paquetes-de-golf\/","name":"Forfaits golf | Hotel Cala Fornells","isPartOf":{"@id":"https:\/\/www.calafornells.com\/#website"},"primaryImageOfPage":{"@id":"https:\/\/www.calafornells.com\/paquetes\/paquetes-de-golf\/#primaryimage"},"image":{"@id":"https:\/\/www.calafornells.com\/paquetes\/paquetes-de-golf\/#primaryimage"},"thumbnailUrl":"https:\/\/www.calafornells.com\/wp-content\/uploads\/2014\/04\/hotel-cala-fornells-golf-1.jpg","datePublished":"2014-06-05T16:08:26+00:00","dateModified":"2022-11-28T18:09:09+00:00","breadcrumb":{"@id":"https:\/\/www.calafornells.com\/paquetes\/paquetes-de-golf\/#breadcrumb"},"inLanguage":"fr-FR","potentialAction":[{"@type":"ReadAction","target":["https:\/\/www.calafornells.com\/paquetes\/paquetes-de-golf\/"]}]},{"@type":"ImageObject","inLanguage":"fr-FR","@id":"https:\/\/www.calafornells.com\/paquetes\/paquetes-de-golf\/#primaryimage","url":"https:\/\/www.calafornells.com\/wp-content\/uploads\/2014\/04\/hotel-cala-fornells-golf-1.jpg","contentUrl":"https:\/\/www.calafornells.com\/wp-content\/uploads\/2014\/04\/hotel-cala-fornells-golf-1.jpg","width":1920,"height":1080},{"@type":"BreadcrumbList","@id":"https:\/\/www.calafornells.com\/paquetes\/paquetes-de-golf\/#breadcrumb","itemListElement":[{"@type":"ListItem","position":1,"name":"Portada","item":"https:\/\/www.calafornells.com\/fr\/"},{"@type":"ListItem","position":2,"name":"Forfaits","item":"https:\/\/www.calafornells.com\/paquetes\/"},{"@type":"ListItem","position":3,"name":"Forfaits golf"}]},{"@type":"WebSite","@id":"https:\/\/www.calafornells.com\/#website","url":"https:\/\/www.calafornells.com\/","name":"Hotel Cala Fornells","description":"4* Paguera Mallorca | Site Officiel | Meilleur Prix Internet Garanti","publisher":{"@id":"https:\/\/www.calafornells.com\/#organization"},"potentialAction":[{"@type":"SearchAction","target":{"@type":"EntryPoint","urlTemplate":"https:\/\/www.calafornells.com\/?s={search_term_string}"},"query-input":{"@type":"PropertyValueSpecification","valueRequired":true,"valueName":"search_term_string"}}],"inLanguage":"fr-FR"},{"@type":"Organization","@id":"https:\/\/www.calafornells.com\/#organization","name":"Hotel Cala Fornells","url":"https:\/\/www.calafornells.com\/","logo":{"@type":"ImageObject","inLanguage":"fr-FR","@id":"https:\/\/www.calafornells.com\/#\/schema\/logo\/image\/","url":"","contentUrl":"","caption":"Hotel Cala Fornells"},"image":{"@id":"https:\/\/www.calafornells.com\/#\/schema\/logo\/image\/"},"sameAs":["https:\/\/www.facebook.com\/hotel.calafornells\/","https:\/\/www.instagram.com\/hotelcalafornells\/"]}]}},"_links":{"self":[{"href":"https:\/\/www.calafornells.com\/fr\/wp-json\/wp\/v2\/pages\/7169","targetHints":{"allow":["GET"]}}],"collection":[{"href":"https:\/\/www.calafornells.com\/fr\/wp-json\/wp\/v2\/pages"}],"about":[{"href":"https:\/\/www.calafornells.com\/fr\/wp-json\/wp\/v2\/types\/page"}],"author":[{"embeddable":true,"href":"https:\/\/www.calafornells.com\/fr\/wp-json\/wp\/v2\/users\/1"}],"replies":[{"embeddable":true,"href":"https:\/\/www.calafornells.com\/fr\/wp-json\/wp\/v2\/comments?post=7169"}],"version-history":[{"count":13,"href":"https:\/\/www.calafornells.com\/fr\/wp-json\/wp\/v2\/pages\/7169\/revisions"}],"predecessor-version":[{"id":13388,"href":"https:\/\/www.calafornells.com\/fr\/wp-json\/wp\/v2\/pages\/7169\/revisions\/13388"}],"up":[{"embeddable":true,"href":"https:\/\/www.calafornells.com\/fr\/wp-json\/wp\/v2\/pages\/7159"}],"wp:featuredmedia":[{"embeddable":true,"href":"https:\/\/www.calafornells.com\/fr\/wp-json\/wp\/v2\/media\/9433"}],"wp:attachment":[{"href":"https:\/\/www.calafornells.com\/fr\/wp-json\/wp\/v2\/media?parent=7169"}],"curies":[{"name":"wp","href":"https:\/\/api.w.org\/{rel}","templated":true}]}}