{"id":7214,"date":"2014-05-09T10:16:51","date_gmt":"2014-05-09T10:16:51","guid":{"rendered":"https:\/\/www.calafornells.com\/senderismo\/torre-des-cap-andritxol\/"},"modified":"2021-03-12T14:00:53","modified_gmt":"2021-03-12T13:00:53","slug":"torre-des-cap-andritxol","status":"publish","type":"page","link":"https:\/\/www.calafornells.com\/fr\/randonnee\/torre-des-cap-andritxol\/","title":{"rendered":"Torre des Cap Andritxol"},"content":{"rendered":"<section class=\"l-section wpb_row height_medium\"><div class=\"l-section-h i-cf\"><div class=\"g-cols vc_row via_flex valign_top type_default stacking_default\"><div class=\"vc_col-sm-12 wpb_column vc_column_container\"><div class=\"vc_column-inner\"><div class=\"wpb_wrapper\"><div class=\"wpb_text_column\"><div class=\"wpb_wrapper\"><p>C&rsquo;est l&rsquo;excursion la plus proche de Cala Fornells, et elle se fait en marchant depuis et jusqu&rsquo;\u00e0 l&rsquo;h\u00f4tel, \u00e0 environ deux heures, en parcourant trois kilom\u00e8tres de difficult\u00e9 moyenne en montant depuis le niveau de la mer jusqu&rsquo;a 150 m\u00e8tres.<\/p>\n<p>Entre l&rsquo;espace naturel prot\u00e9g\u00e9 situ\u00e9 \u00e1 c\u00f4t\u00e9 de l&rsquo;H\u00f4tel, c&rsquo;est une excursion courte et agr\u00e9able, qui nous porte jusqu&rsquo;\u00e0 Cala Du Monjo (la crique du Mo\u00eene) o\u00f9 Peter Ustinov a r\u00e9cr\u00e9\u00e9 Hercules Poirot dans le film \u0093 Meurtre au soleil \u0093 d&rsquo;Agatha Christie.<\/p>\n<p>De l\u00e0 nous monterons vers le cap Andritxol entre les terrains o\u00f9 la mod\u00e8le allemande Claudia Schiffer s&rsquo;est fait contruir la demeure \u00e0 Majorque.<\/p>\n<p>Le chemin suit jusqu&rsquo;\u00e0 la tour de surveillance construite en 1580 pour pr\u00e9venir de possible arriv\u00e9 d&rsquo;Arabes \u00e0 la c\u00f4te.<\/p>\n<p>Entre quelque vue incroyables de Camp De Mar, le Galatz\u00f3, Paguera, Santa Pon\u00e7a et les \u00eeles Malgrats et El Toro nous arriverons \u00e0 Cap Andritxol.<\/p>\n<\/div><\/div><div class=\"w-separator size_medium\"><\/div><div class=\"wpb_text_column\"><div class=\"wpb_wrapper\">\r\n\t\t<div id=\"wpgpxmaps_7214_4587185\" class=\"wpgpxmaps\">\r\n\t\t\t<div id=\"map_7214_4587185_cont\" style=\"width:100%; height:450px;position:relative\" >\r\n\t\t\t\t<div id=\"map_7214_4587185\" style=\"width:100%; height:450px\"><\/div>\r\n\t\t\t\t<div id=\"wpgpxmaps_7214_4587185_osm_footer\" class=\"wpgpxmaps_osm_footer\" style=\"display:none;\"><span> &copy; <a href=\"http:\/\/www.openstreetmap.org\/copyright\">OpenStreetMap<\/a> contributors<\/span><\/div>\r\n\t\t\t<\/div>\r\n\t\t\t<canvas id=\"myChart_7214_4587185\" class=\"plot\" style=\"width:100%; height:200px\"><\/canvas>\r\n\t\t\t<div id=\"ngimages_7214_4587185\" class=\"ngimages\" style=\"display:none\"><\/div>\r\n\t\t\t<div id=\"report_7214_4587185\" class=\"report\"><\/div>\r\n\t\t<\/div>\r\n\t\t\r\n\t\t<script type=\"text\/javascript\">\r\n\r\n\t\t\tjQuery(document).ready(function() {\r\n\r\n\t\t\t\tjQuery( \"#wpgpxmaps_7214_4587185\" ).wpgpxmaps( {\r\n\t\t\t\t\ttargetId           : \"7214_4587185\",\r\n\t\t\t\t\tmapType            : \"HYBRID\",\r\n\t\t\t\t\tmapData            : [[39.5310600,2.4361400],[39.5310800,2.4342900],[39.5314500,2.4326600],[39.5316200,2.4318000],[39.5316100,2.4315500],[39.5313800,2.4313800],[39.5310600,2.4310900],[39.5304100,2.4303400],[39.5302100,2.4301500],[39.5300800,2.4302500],[39.5298600,2.4305700],[39.5295500,2.4310400],[39.5293100,2.4305500],[39.5294300,2.4300600],[39.5297600,2.4296000],[39.5297400,2.4290900],[39.5297100,2.4288300],[39.5289700,2.4284200],[39.5288600,2.4279300],[39.5285700,2.4275200],[39.5281600,2.4272600],[39.5281200,2.4270900],[39.5283000,2.4269700],[39.5281100,2.4264800],[39.5277200,2.4261000],[39.5278600,2.4257300],[39.5281300,2.4253700],[39.5282900,2.4247300],[39.5284000,2.4245100],[39.5285800,2.4244700],[39.5288500,2.4245700],[39.5285800,2.4241000],[39.5280900,2.4242500],[39.5274500,2.4238800],[39.5266800,2.4235700],[39.5264200,2.4234200],[39.5258800,2.4227500],[39.5256400,2.4225200],[39.5254800,2.4223000],[39.5252200,2.4223100],[39.5250200,2.4223700],[39.5244900,2.4219800],[39.5244500,2.4220600],[39.5251500,2.4224800],[39.5252000,2.4223600],[39.5254600,2.4223500],[39.5260800,2.4230500],[39.5263400,2.4233900],[39.5265300,2.4235800],[39.5268700,2.4237100],[39.5275000,2.4239700],[39.5278200,2.4241700],[39.5280400,2.4243900],[39.5284000,2.4248300],[39.5289500,2.4252100],[39.5291000,2.4253600],[39.5293900,2.4253000],[39.5295700,2.4249500],[39.5297800,2.4249800],[39.5299300,2.4255000],[39.5306100,2.4255400],[39.5308900,2.4256000],[39.5310600,2.4255700],[39.5313300,2.4260200],[39.5315500,2.4264400],[39.5319700,2.4262600],[39.5321000,2.4262900],[39.5320500,2.4268100],[39.5321500,2.4271000],[39.5320800,2.4273500],[39.5320700,2.4278700],[39.5319400,2.4282100],[39.5320300,2.4285600],[39.5320000,2.4289200],[39.5318900,2.4290700],[39.5316100,2.4315400],[39.5316500,2.4319600],[39.5314500,2.4328600],[39.5311200,2.4343300],[39.5311000,2.4361500]],\r\n\t\t\t\t\tgraphDist          : [0.00,158.77,304.55,380.78,402.28,431.78,475.20,571.96,599.64,618.68,655.60,709.16,758.95,803.48,858.00,903.01,926.24,1015.71,1060.07,1108.25,1167.84,1190.97,1225.24,1275.14,1329.76,1374.77,1424.39,1486.44,1508.92,1529.44,1560.77,1613.59,1672.12,1750.17,1839.84,1871.66,1954.77,1988.30,2014.23,2043.26,2067.19,2158.50,2172.03,2291.18,2303.25,2332.28,2423.89,2465.03,2491.82,2531.24,2604.80,2644.30,2675.30,2730.45,2799.75,2820.81,2853.54,2890.40,2916.59,2964.27,3046.37,3078.34,3098.87,3147.92,3191.46,3241.67,3256.36,3302.18,3329.52,3352.40,3397.28,3430.80,3465.40,3497.35,3515.10,3732.13,3768.48,3848.92,3980.35,4136.59],\r\n\t\t\t\t\tgraphEle           : [16.71,23.17,28.28,24.23,22.96,21.06,19.97,17.63,20.24,17.90,14.44,6.87,8.09,14.40,22.82,33.25,38.83,37.45,44.72,51.47,20.22,37.63,63.47,80.16,73.70,101.58,126.25,149.08,148.79,145.79,148.46,132.20,149.31,154.11,156.81,160.20,158.46,163.28,163.79,161.26,154.07,92.86,82.08,164.81,161.82,164.39,158.19,160.90,158.47,157.69,154.58,154.90,152.25,148.17,146.80,146.41,148.78,141.19,129.61,132.27,100.42,95.26,87.66,91.66,91.18,81.03,80.40,89.34,91.71,93.61,88.57,80.51,66.50,58.96,58.67,22.88,24.94,29.58,23.24,15.92],\r\n\t\t\t\t\tgraphSpeed         : [],\r\n\t\t\t\t\tgraphHr            : [],\r\n\t\t\t\t\tgraphAtemp         : [],\r\n\t\t\t\t\tgraphCad           : [],\r\n\t\t\t\t\tgraphGrade         : [],\r\n\t\t\t\t\twaypoints          : [],\r\n\t\t\t\t\tunit               : \"0\",\r\n\t\t\t\t\tunitspeed          : \"0\",\r\n\t\t\t\t\tcolor1             : [\"#3366cc\"],\r\n\t\t\t\t\tcolor2             : \"#3366cc\",\r\n\t\t\t\t\tcolor3             : \"#ff0000\",\r\n\t\t\t\t\tcolor4             : \"#ff77bd\",\r\n\t\t\t\t\tcolor5             : \"#beecff\",\r\n\t\t\t\t\tcolor6             : \"#beecff\",\r\n\t\t\t\t\tcolor7             : \"#ff77bd\",\r\n\t\t\t\t\tchartFrom1         : \"\",\r\n\t\t\t\t\tchartTo1           : \"\",\r\n\t\t\t\t\tchartFrom2         : \"\",\r\n\t\t\t\t\tchartTo2           : \"\",\r\n\t\t\t\t\tstartIcon          : \"\",\r\n\t\t\t\t\tendIcon            : \"\",\r\n\t\t\t\t\tcurrentIcon        : \"\",\r\n\t\t\t\t\twaypointIcon       : \"\",\r\n\t\t\t\t\tcurrentpositioncon : \"\",\r\n\t\t\t\t\tusegpsposition     : \"\",\r\n\t\t\t\t\tzoomOnScrollWheel  : \"\",\r\n\t\t\t\t\tngGalleries        : [],\r\n\t\t\t\t\tngImages           : [],\r\n\t\t\t\t\tpluginUrl          : \"https:\/\/www.calafornells.com\/wp-content\/plugins\",\r\n\t\t\t\t\tTFApiKey           : \"\",\r\n\t\t\t\t\tMapBoxApiKey           : \"\",\r\n\t\t\t\t\tlangs              : {\r\n\t\t\t\t\t\taltitude        : \"Altitude\",\r\n\t\t\t\t\t\tcurrentPosition : \"Current position\",\r\n\t\t\t\t\t\tspeed           : \"Vitesse\",\r\n\t\t\t\t\t\tgrade           : \"Grade\",\r\n\t\t\t\t\t\theartRate       : \"Fr\u00e9quence cardiaque\",\r\n\t\t\t\t\t\tatemp           : \"Temperature\",\r\n\t\t\t\t\t\tcadence         : \"Cadence\",\r\n\t\t\t\t\t\tgoFullScreen    : \"Go full screen\",\r\n\t\t\t\t\t\texitFullFcreen  : \"Exit full screen\",\r\n\t\t\t\t\t\thideImages      : \"Hide images\",\r\n\t\t\t\t\t\tshowImages      : \"Show images\",\r\n\t\t\t\t\t\tbackToCenter\t: \"Back to center\"\r\n\t\t\t\t\t}\r\n\t\t\t\t});\r\n\r\n\t\t\t});\r\n\r\n\t\t<\/script><div id='wpgpxmaps_summary_7214_4587185' class='wpgpxmaps_summary'><span class='totlen'><span class='summarylabel'>Total distance:<\/span><span class='summaryvalue'> 4137 m<\/span><\/span><br \/><span class='maxele'><span class='summarylabel'>Max elevation:<\/span><span class='summaryvalue'> 165 m<\/span><\/span><br \/><span class='minele'><span class='summarylabel'>Min elevation:<\/span><span class='summaryvalue'> 7 m<\/span><\/span><br \/><span class='totaleleup'><span class='summarylabel'>Total climbing:<\/span><span class='summaryvalue'> 349 m<\/span><\/span><br \/><span class='totaleledown'><span class='summarylabel'>Total descent:<\/span><span class='summaryvalue'> -350 m<\/span><\/span><br \/><\/div>Download file: <a href='https:\/\/www.calafornells.com\/fr\/\/wp-content\/uploads\/gpx\/cap-andritxol.gpx' target='_new' download>cap-andritxol.gpx<\/a>\n<\/div><\/div><div class=\"w-separator size_medium\"><\/div><div class=\"w-btn-wrapper align_none\"><a class=\"w-btn us-btn-style_1\" title=\"Forfaits Trekking\" href=\"https:\/\/www.calafornells.com\/fr\/forfaits\/forfaits-trekking\/\"><span class=\"w-btn-label\">Forfaits Trekking<\/span><\/a><\/div><\/div><\/div><\/div><\/div><\/div><\/section>\n","protected":false},"excerpt":{"rendered":"C&rsquo;est l&rsquo;excursion la plus proche de Cala Fornells, et elle se fait en marchant depuis et jusqu&rsquo;\u00e0 l&rsquo;h\u00f4tel, \u00e0 environ deux heures, en parcourant trois kilom\u00e8tres de difficult\u00e9 moyenne en montant depuis le niveau de la mer jusqu&rsquo;a 150 m\u00e8tres. Entre l&rsquo;espace naturel prot\u00e9g\u00e9 situ\u00e9 \u00e1 c\u00f4t\u00e9 de l&rsquo;H\u00f4tel, c&rsquo;est une excursion courte et agr\u00e9able,...","protected":false},"author":1,"featured_media":9443,"parent":7184,"menu_order":0,"comment_status":"closed","ping_status":"open","template":"","meta":{"footnotes":""},"class_list":["post-7214","page","type-page","status-publish","has-post-thumbnail","hentry"],"yoast_head":"<!-- This site is optimized with the Yoast SEO plugin v27.4 - https:\/\/yoast.com\/product\/yoast-seo-wordpress\/ -->\n<title>Torre des Cap Andritxol | Hotel Cala Fornells<\/title>\n<meta name=\"robots\" content=\"index, follow, max-snippet:-1, max-image-preview:large, max-video-preview:-1\" \/>\n<link rel=\"canonical\" href=\"https:\/\/www.calafornells.com\/senderismo\/torre-des-cap-andritxol\/\" \/>\n<meta property=\"og:locale\" content=\"fr_FR\" \/>\n<meta property=\"og:type\" content=\"article\" \/>\n<meta property=\"og:title\" content=\"Torre des Cap Andritxol | Hotel Cala Fornells\" \/>\n<meta property=\"og:url\" content=\"https:\/\/www.calafornells.com\/senderismo\/torre-des-cap-andritxol\/\" \/>\n<meta property=\"og:site_name\" content=\"Hotel Cala Fornells\" \/>\n<meta property=\"article:publisher\" content=\"https:\/\/www.facebook.com\/hotel.calafornells\/\" \/>\n<meta property=\"article:modified_time\" content=\"2021-03-12T13:00:53+00:00\" \/>\n<meta property=\"og:image\" content=\"https:\/\/www.calafornells.com\/wp-content\/uploads\/2014\/05\/torre-cap-andritxol.jpg\" \/>\n\t<meta property=\"og:image:width\" content=\"1920\" \/>\n\t<meta property=\"og:image:height\" content=\"1080\" \/>\n\t<meta property=\"og:image:type\" content=\"image\/jpeg\" \/>\n<meta name=\"twitter:card\" content=\"summary_large_image\" \/>\n<meta name=\"twitter:label1\" content=\"Dur\u00e9e de lecture estim\u00e9e\" \/>\n\t<meta name=\"twitter:data1\" content=\"1 minute\" \/>\n<script type=\"application\/ld+json\" class=\"yoast-schema-graph\">{\"@context\":\"https:\\\/\\\/schema.org\",\"@graph\":[{\"@type\":\"WebPage\",\"@id\":\"https:\\\/\\\/www.calafornells.com\\\/senderismo\\\/torre-des-cap-andritxol\\\/\",\"url\":\"https:\\\/\\\/www.calafornells.com\\\/senderismo\\\/torre-des-cap-andritxol\\\/\",\"name\":\"Torre des Cap Andritxol | Hotel Cala Fornells\",\"isPartOf\":{\"@id\":\"https:\\\/\\\/www.calafornells.com\\\/#website\"},\"primaryImageOfPage\":{\"@id\":\"https:\\\/\\\/www.calafornells.com\\\/senderismo\\\/torre-des-cap-andritxol\\\/#primaryimage\"},\"image\":{\"@id\":\"https:\\\/\\\/www.calafornells.com\\\/senderismo\\\/torre-des-cap-andritxol\\\/#primaryimage\"},\"thumbnailUrl\":\"https:\\\/\\\/www.calafornells.com\\\/wp-content\\\/uploads\\\/2014\\\/05\\\/torre-cap-andritxol.jpg\",\"datePublished\":\"2014-05-09T10:16:51+00:00\",\"dateModified\":\"2021-03-12T13:00:53+00:00\",\"breadcrumb\":{\"@id\":\"https:\\\/\\\/www.calafornells.com\\\/senderismo\\\/torre-des-cap-andritxol\\\/#breadcrumb\"},\"inLanguage\":\"fr-FR\",\"potentialAction\":[{\"@type\":\"ReadAction\",\"target\":[\"https:\\\/\\\/www.calafornells.com\\\/senderismo\\\/torre-des-cap-andritxol\\\/\"]}]},{\"@type\":\"ImageObject\",\"inLanguage\":\"fr-FR\",\"@id\":\"https:\\\/\\\/www.calafornells.com\\\/senderismo\\\/torre-des-cap-andritxol\\\/#primaryimage\",\"url\":\"https:\\\/\\\/www.calafornells.com\\\/wp-content\\\/uploads\\\/2014\\\/05\\\/torre-cap-andritxol.jpg\",\"contentUrl\":\"https:\\\/\\\/www.calafornells.com\\\/wp-content\\\/uploads\\\/2014\\\/05\\\/torre-cap-andritxol.jpg\",\"width\":1920,\"height\":1080},{\"@type\":\"BreadcrumbList\",\"@id\":\"https:\\\/\\\/www.calafornells.com\\\/senderismo\\\/torre-des-cap-andritxol\\\/#breadcrumb\",\"itemListElement\":[{\"@type\":\"ListItem\",\"position\":1,\"name\":\"Portada\",\"item\":\"https:\\\/\\\/www.calafornells.com\\\/fr\\\/\"},{\"@type\":\"ListItem\",\"position\":2,\"name\":\"Randonnee\",\"item\":\"https:\\\/\\\/www.calafornells.com\\\/senderismo\\\/\"},{\"@type\":\"ListItem\",\"position\":3,\"name\":\"Torre des Cap Andritxol\"}]},{\"@type\":\"WebSite\",\"@id\":\"https:\\\/\\\/www.calafornells.com\\\/#website\",\"url\":\"https:\\\/\\\/www.calafornells.com\\\/\",\"name\":\"Hotel Cala Fornells\",\"description\":\"4* Paguera Mallorca | Site Officiel | Meilleur Prix Internet Garanti\",\"publisher\":{\"@id\":\"https:\\\/\\\/www.calafornells.com\\\/#organization\"},\"potentialAction\":[{\"@type\":\"SearchAction\",\"target\":{\"@type\":\"EntryPoint\",\"urlTemplate\":\"https:\\\/\\\/www.calafornells.com\\\/?s={search_term_string}\"},\"query-input\":{\"@type\":\"PropertyValueSpecification\",\"valueRequired\":true,\"valueName\":\"search_term_string\"}}],\"inLanguage\":\"fr-FR\"},{\"@type\":\"Organization\",\"@id\":\"https:\\\/\\\/www.calafornells.com\\\/#organization\",\"name\":\"Hotel Cala Fornells\",\"url\":\"https:\\\/\\\/www.calafornells.com\\\/\",\"logo\":{\"@type\":\"ImageObject\",\"inLanguage\":\"fr-FR\",\"@id\":\"https:\\\/\\\/www.calafornells.com\\\/#\\\/schema\\\/logo\\\/image\\\/\",\"url\":\"\",\"contentUrl\":\"\",\"caption\":\"Hotel Cala Fornells\"},\"image\":{\"@id\":\"https:\\\/\\\/www.calafornells.com\\\/#\\\/schema\\\/logo\\\/image\\\/\"},\"sameAs\":[\"https:\\\/\\\/www.facebook.com\\\/hotel.calafornells\\\/\",\"https:\\\/\\\/www.instagram.com\\\/hotelcalafornells\\\/\"]}]}<\/script>\n<!-- \/ Yoast SEO plugin. -->","yoast_head_json":{"title":"Torre des Cap Andritxol | Hotel Cala Fornells","robots":{"index":"index","follow":"follow","max-snippet":"max-snippet:-1","max-image-preview":"max-image-preview:large","max-video-preview":"max-video-preview:-1"},"canonical":"https:\/\/www.calafornells.com\/senderismo\/torre-des-cap-andritxol\/","og_locale":"fr_FR","og_type":"article","og_title":"Torre des Cap Andritxol | Hotel Cala Fornells","og_url":"https:\/\/www.calafornells.com\/senderismo\/torre-des-cap-andritxol\/","og_site_name":"Hotel Cala Fornells","article_publisher":"https:\/\/www.facebook.com\/hotel.calafornells\/","article_modified_time":"2021-03-12T13:00:53+00:00","og_image":[{"width":1920,"height":1080,"url":"https:\/\/www.calafornells.com\/wp-content\/uploads\/2014\/05\/torre-cap-andritxol.jpg","type":"image\/jpeg"}],"twitter_card":"summary_large_image","twitter_misc":{"Dur\u00e9e de lecture estim\u00e9e":"1 minute"},"schema":{"@context":"https:\/\/schema.org","@graph":[{"@type":"WebPage","@id":"https:\/\/www.calafornells.com\/senderismo\/torre-des-cap-andritxol\/","url":"https:\/\/www.calafornells.com\/senderismo\/torre-des-cap-andritxol\/","name":"Torre des Cap Andritxol | Hotel Cala Fornells","isPartOf":{"@id":"https:\/\/www.calafornells.com\/#website"},"primaryImageOfPage":{"@id":"https:\/\/www.calafornells.com\/senderismo\/torre-des-cap-andritxol\/#primaryimage"},"image":{"@id":"https:\/\/www.calafornells.com\/senderismo\/torre-des-cap-andritxol\/#primaryimage"},"thumbnailUrl":"https:\/\/www.calafornells.com\/wp-content\/uploads\/2014\/05\/torre-cap-andritxol.jpg","datePublished":"2014-05-09T10:16:51+00:00","dateModified":"2021-03-12T13:00:53+00:00","breadcrumb":{"@id":"https:\/\/www.calafornells.com\/senderismo\/torre-des-cap-andritxol\/#breadcrumb"},"inLanguage":"fr-FR","potentialAction":[{"@type":"ReadAction","target":["https:\/\/www.calafornells.com\/senderismo\/torre-des-cap-andritxol\/"]}]},{"@type":"ImageObject","inLanguage":"fr-FR","@id":"https:\/\/www.calafornells.com\/senderismo\/torre-des-cap-andritxol\/#primaryimage","url":"https:\/\/www.calafornells.com\/wp-content\/uploads\/2014\/05\/torre-cap-andritxol.jpg","contentUrl":"https:\/\/www.calafornells.com\/wp-content\/uploads\/2014\/05\/torre-cap-andritxol.jpg","width":1920,"height":1080},{"@type":"BreadcrumbList","@id":"https:\/\/www.calafornells.com\/senderismo\/torre-des-cap-andritxol\/#breadcrumb","itemListElement":[{"@type":"ListItem","position":1,"name":"Portada","item":"https:\/\/www.calafornells.com\/fr\/"},{"@type":"ListItem","position":2,"name":"Randonnee","item":"https:\/\/www.calafornells.com\/senderismo\/"},{"@type":"ListItem","position":3,"name":"Torre des Cap Andritxol"}]},{"@type":"WebSite","@id":"https:\/\/www.calafornells.com\/#website","url":"https:\/\/www.calafornells.com\/","name":"Hotel Cala Fornells","description":"4* Paguera Mallorca | Site Officiel | Meilleur Prix Internet Garanti","publisher":{"@id":"https:\/\/www.calafornells.com\/#organization"},"potentialAction":[{"@type":"SearchAction","target":{"@type":"EntryPoint","urlTemplate":"https:\/\/www.calafornells.com\/?s={search_term_string}"},"query-input":{"@type":"PropertyValueSpecification","valueRequired":true,"valueName":"search_term_string"}}],"inLanguage":"fr-FR"},{"@type":"Organization","@id":"https:\/\/www.calafornells.com\/#organization","name":"Hotel Cala Fornells","url":"https:\/\/www.calafornells.com\/","logo":{"@type":"ImageObject","inLanguage":"fr-FR","@id":"https:\/\/www.calafornells.com\/#\/schema\/logo\/image\/","url":"","contentUrl":"","caption":"Hotel Cala Fornells"},"image":{"@id":"https:\/\/www.calafornells.com\/#\/schema\/logo\/image\/"},"sameAs":["https:\/\/www.facebook.com\/hotel.calafornells\/","https:\/\/www.instagram.com\/hotelcalafornells\/"]}]}},"_links":{"self":[{"href":"https:\/\/www.calafornells.com\/fr\/wp-json\/wp\/v2\/pages\/7214","targetHints":{"allow":["GET"]}}],"collection":[{"href":"https:\/\/www.calafornells.com\/fr\/wp-json\/wp\/v2\/pages"}],"about":[{"href":"https:\/\/www.calafornells.com\/fr\/wp-json\/wp\/v2\/types\/page"}],"author":[{"embeddable":true,"href":"https:\/\/www.calafornells.com\/fr\/wp-json\/wp\/v2\/users\/1"}],"replies":[{"embeddable":true,"href":"https:\/\/www.calafornells.com\/fr\/wp-json\/wp\/v2\/comments?post=7214"}],"version-history":[{"count":4,"href":"https:\/\/www.calafornells.com\/fr\/wp-json\/wp\/v2\/pages\/7214\/revisions"}],"predecessor-version":[{"id":12067,"href":"https:\/\/www.calafornells.com\/fr\/wp-json\/wp\/v2\/pages\/7214\/revisions\/12067"}],"up":[{"embeddable":true,"href":"https:\/\/www.calafornells.com\/fr\/wp-json\/wp\/v2\/pages\/7184"}],"wp:featuredmedia":[{"embeddable":true,"href":"https:\/\/www.calafornells.com\/fr\/wp-json\/wp\/v2\/media\/9443"}],"wp:attachment":[{"href":"https:\/\/www.calafornells.com\/fr\/wp-json\/wp\/v2\/media?parent=7214"}],"curies":[{"name":"wp","href":"https:\/\/api.w.org\/{rel}","templated":true}]}}