{"id":7219,"date":"2014-06-13T18:23:01","date_gmt":"2014-06-13T17:23:01","guid":{"rendered":"https:\/\/www.calafornells.com\/servicios-2\/"},"modified":"2022-04-29T11:14:05","modified_gmt":"2022-04-29T09:14:05","slug":"services","status":"publish","type":"page","link":"https:\/\/www.calafornells.com\/fr\/services\/","title":{"rendered":"R\u00e9ception 24\/24h"},"content":{"rendered":"<section class=\"l-section wpb_row height_medium\"><div class=\"l-section-h i-cf\"><div class=\"g-cols vc_row via_flex valign_top type_default stacking_default\"><div class=\"vc_col-sm-6 wpb_column vc_column_container\"><div class=\"vc_column-inner\"><div class=\"wpb_wrapper\"><div class=\"wpb_text_column\"><div class=\"wpb_wrapper\"><p>\u00c0 la r\u00e9ception de l&rsquo;h\u00f4tel, ouverte 24h h, vous pouvez r\u00e9server des transferts depuis et vers l&rsquo;a\u00e9roport, louer des bateaux, des voitures, des motos et des VTT, organiser des excursions en bateau, louer des promenades \u00e0 cheval et planifier toutes sortes d&rsquo;activit\u00e9s de plong\u00e9e., V\u00e9lo, randonn\u00e9e ou au golf.<\/p>\n<p>Nous mettons \u00e9galement \u00e0 votre disposition un service de minibus gratuit vers Peguera.<\/p>\n<\/div><\/div><\/div><\/div><\/div><div class=\"vc_col-sm-6 wpb_column vc_column_container\"><div class=\"vc_column-inner\"><div class=\"wpb_wrapper\"><div class=\"wpb_text_column\"><div class=\"wpb_wrapper\"><ul id=\"destacats\">\n<li>R\u00e9ception 24 h<\/li>\n<li>R\u00e9server des transferts depuis et vers l&rsquo;a\u00e9roport<\/li>\n<li>Location de voiture<\/li>\n<li>Location de motos<\/li>\n<li>Location de v\u00e9los<\/li>\n<li>Voyages de bateau<\/li>\n<li>Plong\u00e9e<\/li>\n<li>Monter \u00e0 cheval<\/li>\n<li><a href=\"https:\/\/www.calafornells.com\/fr\/cyclisme\/\">Cyclisme<\/a><\/li>\n<li><a href=\"https:\/\/www.calafornells.com\/fr\/randonnee\/\">Trekking<\/a><\/li>\n<li><a href=\"https:\/\/www.calafornells.com\/fr\/golf\/\">Golf<\/a><\/li>\n<li>Service aux chambres de 9 h \u00e0 21 h<\/li>\n<li>Gardez les sacs<\/li>\n<li>Service de blanchisserie<\/li>\n<li>Wifi<\/li>\n<\/ul>\n<\/div><\/div><\/div><\/div><\/div><\/div><\/div><\/section>\n","protected":false},"excerpt":{"rendered":"\u00c0 la r\u00e9ception de l&rsquo;h\u00f4tel, ouverte 24h h, vous pouvez r\u00e9server des transferts depuis et vers l&rsquo;a\u00e9roport, louer des bateaux, des voitures, des motos et des VTT, organiser des excursions en bateau, louer des promenades \u00e0 cheval et planifier toutes sortes d&rsquo;activit\u00e9s de plong\u00e9e., V\u00e9lo, randonn\u00e9e ou au golf. Nous mettons \u00e9galement \u00e0 votre disposition...","protected":false},"author":1,"featured_media":10553,"parent":0,"menu_order":0,"comment_status":"closed","ping_status":"closed","template":"","meta":{"footnotes":""},"class_list":["post-7219","page","type-page","status-publish","has-post-thumbnail","hentry"],"yoast_head":"<!-- This site is optimized with the Yoast SEO plugin v27.4 - https:\/\/yoast.com\/product\/yoast-seo-wordpress\/ -->\n<title>R\u00e9ception 24\/24h | Hotel Cala Fornells<\/title>\n<meta name=\"robots\" content=\"index, follow, max-snippet:-1, max-image-preview:large, max-video-preview:-1\" \/>\n<link rel=\"canonical\" href=\"https:\/\/www.calafornells.com\/servicios\/\" \/>\n<meta property=\"og:locale\" content=\"fr_FR\" \/>\n<meta property=\"og:type\" content=\"article\" \/>\n<meta property=\"og:title\" content=\"R\u00e9ception 24\/24h | Hotel Cala Fornells\" \/>\n<meta property=\"og:url\" content=\"https:\/\/www.calafornells.com\/servicios\/\" \/>\n<meta property=\"og:site_name\" content=\"Hotel Cala Fornells\" \/>\n<meta property=\"article:publisher\" content=\"https:\/\/www.facebook.com\/hotel.calafornells\/\" \/>\n<meta property=\"article:modified_time\" content=\"2022-04-29T09:14:05+00:00\" \/>\n<meta property=\"og:image\" content=\"https:\/\/www.calafornells.com\/wp-content\/uploads\/2023\/02\/webrecepcio.jpg\" \/>\n\t<meta property=\"og:image:width\" content=\"1920\" \/>\n\t<meta property=\"og:image:height\" content=\"1170\" \/>\n\t<meta property=\"og:image:type\" content=\"image\/jpeg\" \/>\n<meta name=\"twitter:card\" content=\"summary_large_image\" \/>\n<meta name=\"twitter:label1\" content=\"Dur\u00e9e de lecture estim\u00e9e\" \/>\n\t<meta name=\"twitter:data1\" content=\"1 minute\" \/>\n<script type=\"application\/ld+json\" class=\"yoast-schema-graph\">{\"@context\":\"https:\\\/\\\/schema.org\",\"@graph\":[{\"@type\":\"WebPage\",\"@id\":\"https:\\\/\\\/www.calafornells.com\\\/servicios\\\/\",\"url\":\"https:\\\/\\\/www.calafornells.com\\\/servicios\\\/\",\"name\":\"R\u00e9ception 24\\\/24h | Hotel Cala Fornells\",\"isPartOf\":{\"@id\":\"https:\\\/\\\/www.calafornells.com\\\/#website\"},\"primaryImageOfPage\":{\"@id\":\"https:\\\/\\\/www.calafornells.com\\\/servicios\\\/#primaryimage\"},\"image\":{\"@id\":\"https:\\\/\\\/www.calafornells.com\\\/servicios\\\/#primaryimage\"},\"thumbnailUrl\":\"https:\\\/\\\/www.calafornells.com\\\/wp-content\\\/uploads\\\/2023\\\/02\\\/webrecepcio.jpg\",\"datePublished\":\"2014-06-13T17:23:01+00:00\",\"dateModified\":\"2022-04-29T09:14:05+00:00\",\"breadcrumb\":{\"@id\":\"https:\\\/\\\/www.calafornells.com\\\/servicios\\\/#breadcrumb\"},\"inLanguage\":\"fr-FR\",\"potentialAction\":[{\"@type\":\"ReadAction\",\"target\":[\"https:\\\/\\\/www.calafornells.com\\\/servicios\\\/\"]}]},{\"@type\":\"ImageObject\",\"inLanguage\":\"fr-FR\",\"@id\":\"https:\\\/\\\/www.calafornells.com\\\/servicios\\\/#primaryimage\",\"url\":\"https:\\\/\\\/www.calafornells.com\\\/wp-content\\\/uploads\\\/2023\\\/02\\\/webrecepcio.jpg\",\"contentUrl\":\"https:\\\/\\\/www.calafornells.com\\\/wp-content\\\/uploads\\\/2023\\\/02\\\/webrecepcio.jpg\",\"width\":1920,\"height\":1170},{\"@type\":\"BreadcrumbList\",\"@id\":\"https:\\\/\\\/www.calafornells.com\\\/servicios\\\/#breadcrumb\",\"itemListElement\":[{\"@type\":\"ListItem\",\"position\":1,\"name\":\"Portada\",\"item\":\"https:\\\/\\\/www.calafornells.com\\\/fr\\\/\"},{\"@type\":\"ListItem\",\"position\":2,\"name\":\"R\u00e9ception 24\\\/24h\"}]},{\"@type\":\"WebSite\",\"@id\":\"https:\\\/\\\/www.calafornells.com\\\/#website\",\"url\":\"https:\\\/\\\/www.calafornells.com\\\/\",\"name\":\"Hotel Cala Fornells\",\"description\":\"4* Paguera Mallorca | Site Officiel | Meilleur Prix Internet Garanti\",\"publisher\":{\"@id\":\"https:\\\/\\\/www.calafornells.com\\\/#organization\"},\"potentialAction\":[{\"@type\":\"SearchAction\",\"target\":{\"@type\":\"EntryPoint\",\"urlTemplate\":\"https:\\\/\\\/www.calafornells.com\\\/?s={search_term_string}\"},\"query-input\":{\"@type\":\"PropertyValueSpecification\",\"valueRequired\":true,\"valueName\":\"search_term_string\"}}],\"inLanguage\":\"fr-FR\"},{\"@type\":\"Organization\",\"@id\":\"https:\\\/\\\/www.calafornells.com\\\/#organization\",\"name\":\"Hotel Cala Fornells\",\"url\":\"https:\\\/\\\/www.calafornells.com\\\/\",\"logo\":{\"@type\":\"ImageObject\",\"inLanguage\":\"fr-FR\",\"@id\":\"https:\\\/\\\/www.calafornells.com\\\/#\\\/schema\\\/logo\\\/image\\\/\",\"url\":\"\",\"contentUrl\":\"\",\"caption\":\"Hotel Cala Fornells\"},\"image\":{\"@id\":\"https:\\\/\\\/www.calafornells.com\\\/#\\\/schema\\\/logo\\\/image\\\/\"},\"sameAs\":[\"https:\\\/\\\/www.facebook.com\\\/hotel.calafornells\\\/\",\"https:\\\/\\\/www.instagram.com\\\/hotelcalafornells\\\/\"]}]}<\/script>\n<!-- \/ Yoast SEO plugin. -->","yoast_head_json":{"title":"R\u00e9ception 24\/24h | Hotel Cala Fornells","robots":{"index":"index","follow":"follow","max-snippet":"max-snippet:-1","max-image-preview":"max-image-preview:large","max-video-preview":"max-video-preview:-1"},"canonical":"https:\/\/www.calafornells.com\/servicios\/","og_locale":"fr_FR","og_type":"article","og_title":"R\u00e9ception 24\/24h | Hotel Cala Fornells","og_url":"https:\/\/www.calafornells.com\/servicios\/","og_site_name":"Hotel Cala Fornells","article_publisher":"https:\/\/www.facebook.com\/hotel.calafornells\/","article_modified_time":"2022-04-29T09:14:05+00:00","og_image":[{"width":1920,"height":1170,"url":"https:\/\/www.calafornells.com\/wp-content\/uploads\/2023\/02\/webrecepcio.jpg","type":"image\/jpeg"}],"twitter_card":"summary_large_image","twitter_misc":{"Dur\u00e9e de lecture estim\u00e9e":"1 minute"},"schema":{"@context":"https:\/\/schema.org","@graph":[{"@type":"WebPage","@id":"https:\/\/www.calafornells.com\/servicios\/","url":"https:\/\/www.calafornells.com\/servicios\/","name":"R\u00e9ception 24\/24h | Hotel Cala Fornells","isPartOf":{"@id":"https:\/\/www.calafornells.com\/#website"},"primaryImageOfPage":{"@id":"https:\/\/www.calafornells.com\/servicios\/#primaryimage"},"image":{"@id":"https:\/\/www.calafornells.com\/servicios\/#primaryimage"},"thumbnailUrl":"https:\/\/www.calafornells.com\/wp-content\/uploads\/2023\/02\/webrecepcio.jpg","datePublished":"2014-06-13T17:23:01+00:00","dateModified":"2022-04-29T09:14:05+00:00","breadcrumb":{"@id":"https:\/\/www.calafornells.com\/servicios\/#breadcrumb"},"inLanguage":"fr-FR","potentialAction":[{"@type":"ReadAction","target":["https:\/\/www.calafornells.com\/servicios\/"]}]},{"@type":"ImageObject","inLanguage":"fr-FR","@id":"https:\/\/www.calafornells.com\/servicios\/#primaryimage","url":"https:\/\/www.calafornells.com\/wp-content\/uploads\/2023\/02\/webrecepcio.jpg","contentUrl":"https:\/\/www.calafornells.com\/wp-content\/uploads\/2023\/02\/webrecepcio.jpg","width":1920,"height":1170},{"@type":"BreadcrumbList","@id":"https:\/\/www.calafornells.com\/servicios\/#breadcrumb","itemListElement":[{"@type":"ListItem","position":1,"name":"Portada","item":"https:\/\/www.calafornells.com\/fr\/"},{"@type":"ListItem","position":2,"name":"R\u00e9ception 24\/24h"}]},{"@type":"WebSite","@id":"https:\/\/www.calafornells.com\/#website","url":"https:\/\/www.calafornells.com\/","name":"Hotel Cala Fornells","description":"4* Paguera Mallorca | Site Officiel | Meilleur Prix Internet Garanti","publisher":{"@id":"https:\/\/www.calafornells.com\/#organization"},"potentialAction":[{"@type":"SearchAction","target":{"@type":"EntryPoint","urlTemplate":"https:\/\/www.calafornells.com\/?s={search_term_string}"},"query-input":{"@type":"PropertyValueSpecification","valueRequired":true,"valueName":"search_term_string"}}],"inLanguage":"fr-FR"},{"@type":"Organization","@id":"https:\/\/www.calafornells.com\/#organization","name":"Hotel Cala Fornells","url":"https:\/\/www.calafornells.com\/","logo":{"@type":"ImageObject","inLanguage":"fr-FR","@id":"https:\/\/www.calafornells.com\/#\/schema\/logo\/image\/","url":"","contentUrl":"","caption":"Hotel Cala Fornells"},"image":{"@id":"https:\/\/www.calafornells.com\/#\/schema\/logo\/image\/"},"sameAs":["https:\/\/www.facebook.com\/hotel.calafornells\/","https:\/\/www.instagram.com\/hotelcalafornells\/"]}]}},"_links":{"self":[{"href":"https:\/\/www.calafornells.com\/fr\/wp-json\/wp\/v2\/pages\/7219","targetHints":{"allow":["GET"]}}],"collection":[{"href":"https:\/\/www.calafornells.com\/fr\/wp-json\/wp\/v2\/pages"}],"about":[{"href":"https:\/\/www.calafornells.com\/fr\/wp-json\/wp\/v2\/types\/page"}],"author":[{"embeddable":true,"href":"https:\/\/www.calafornells.com\/fr\/wp-json\/wp\/v2\/users\/1"}],"replies":[{"embeddable":true,"href":"https:\/\/www.calafornells.com\/fr\/wp-json\/wp\/v2\/comments?post=7219"}],"version-history":[{"count":8,"href":"https:\/\/www.calafornells.com\/fr\/wp-json\/wp\/v2\/pages\/7219\/revisions"}],"predecessor-version":[{"id":13029,"href":"https:\/\/www.calafornells.com\/fr\/wp-json\/wp\/v2\/pages\/7219\/revisions\/13029"}],"wp:featuredmedia":[{"embeddable":true,"href":"https:\/\/www.calafornells.com\/fr\/wp-json\/wp\/v2\/media\/10553"}],"wp:attachment":[{"href":"https:\/\/www.calafornells.com\/fr\/wp-json\/wp\/v2\/media?parent=7219"}],"curies":[{"name":"wp","href":"https:\/\/api.w.org\/{rel}","templated":true}]}}