{"id":8629,"date":"2017-06-08T11:52:06","date_gmt":"2017-06-08T10:52:06","guid":{"rendered":"https:\/\/www.calafornells.com\/fr\/ofertas\/"},"modified":"2026-03-31T12:49:11","modified_gmt":"2026-03-31T10:49:11","slug":"reduction","status":"publish","type":"page","link":"https:\/\/www.calafornells.com\/fr\/reduction\/","title":{"rendered":"R\u00e9ductions et avantages"},"content":{"rendered":"<section class=\"l-section wpb_row height_medium\"><div class=\"l-section-h i-cf\"><div class=\"g-cols vc_row via_flex valign_top type_default stacking_default\"><div class=\"vc_col-sm-12 wpb_column vc_column_container\"><div class=\"vc_column-inner\"><div class=\"wpb_wrapper\"><div class=\"wpb_text_column\"><div class=\"wpb_wrapper\"><div class=\"ofertas\">\n<h3>R\u00e9duction sp\u00e9ciale pour les clients r\u00e9guliers<\/h3>\n<p>Si vous avez d\u00e9j\u00e0 s\u00e9journ\u00e9 \u00e0 l&rsquo;h\u00f4tel Cala Fornells dans le pass\u00e9, faites-le nous savoir dans le champ \u00ab\u00a0Observations\u00a0\u00bb du <a href=\"https:\/\/www.calafornells.com\/hotel-mallorca-reservations-online\/\">formulaire de r\u00e9servation<\/a> et nous appliquerons une r\u00e9duction sp\u00e9ciale sur votre facture \u00e0 la fin de votre s\u00e9jour. Cette r\u00e9duction ne sera pas appliqu\u00e9e au tarif non remboursable et ne peut \u00eatre combin\u00e9e avec d&rsquo;autres r\u00e9ductions.<\/p>\n<\/div>\n<\/div><\/div><div class=\"w-separator size_medium\"><\/div><div class=\"g-cols wpb_row via_flex valign_top type_default stacking_default\"><div class=\"vc_col-sm-12 wpb_column vc_column_container\"><div class=\"vc_column-inner\"><div class=\"wpb_wrapper\"><div class=\"wpb_text_column\"><div class=\"wpb_wrapper\"><h3>Avantages de r\u00e9server directement avec nous<\/h3>\n<p>Nous avons plusieurs r\u00e9ductions et avantages sp\u00e9ciaux si vous <a href=\"https:\/\/www.calafornells.com\/hotel-mallorca-reservations-online\/\">r\u00e9servez directement avec nous<\/a>.<\/p>\n<\/div><\/div><div class=\"w-separator size_small\"><\/div><div class=\"wpb_text_column\"><div class=\"wpb_wrapper\"><ul>\n<li>Nous vous assurons que vous ne trouverez pas un meilleur prix, mais si cela se produit, faites-le nous savoir et nous l&rsquo;am\u00e9liorerons.<\/li>\n<li>Si la disponibilit\u00e9 nous le permet, nous vous proposerons une chambre sup\u00e9rieure.<\/li>\n<li>La politique d&rsquo;annulation aussi flexible que vous le souhaitez<\/li>\n<li>Parking gratuit pour les clients r\u00e9guliers (selon disponiblit\u00e9)<\/li>\n<li>Code promo d\u00e9j\u00e0 appliqu\u00e9 avec une r\u00e9duction sp\u00e9ciale<\/li>\n<li>Enregistrement anticip\u00e9 et d\u00e9part tardif, si la disponibilit\u00e9 nous le permet<\/li>\n<li>R\u00e9duction sp\u00e9ciale si vous avez d\u00e9j\u00e0 s\u00e9journ\u00e9 chez nous<\/li>\n<\/ul>\n<\/div><\/div><\/div><\/div><\/div><\/div><\/div><\/div><\/div><\/div><\/div><\/section>\n","protected":false},"excerpt":{"rendered":"R\u00e9duction sp\u00e9ciale pour les clients r\u00e9guliers Si vous avez d\u00e9j\u00e0 s\u00e9journ\u00e9 \u00e0 l&rsquo;h\u00f4tel Cala Fornells dans le pass\u00e9, faites-le nous savoir dans le champ \u00ab\u00a0Observations\u00a0\u00bb du formulaire de r\u00e9servation et nous appliquerons une r\u00e9duction sp\u00e9ciale sur votre facture \u00e0 la fin de votre s\u00e9jour. Cette r\u00e9duction ne sera pas appliqu\u00e9e au tarif non remboursable et...","protected":false},"author":1,"featured_media":10970,"parent":0,"menu_order":0,"comment_status":"closed","ping_status":"closed","template":"","meta":{"footnotes":""},"class_list":["post-8629","page","type-page","status-publish","has-post-thumbnail","hentry"],"yoast_head":"<!-- This site is optimized with the Yoast SEO plugin v27.4 - https:\/\/yoast.com\/product\/yoast-seo-wordpress\/ -->\n<title>R\u00e9ductions et avantages | Hotel Cala Fornells<\/title>\n<meta name=\"robots\" content=\"index, follow, max-snippet:-1, max-image-preview:large, max-video-preview:-1\" \/>\n<link rel=\"canonical\" href=\"https:\/\/www.calafornells.com\/fr\/reduction\/\" \/>\n<meta property=\"og:locale\" content=\"fr_FR\" \/>\n<meta property=\"og:type\" content=\"article\" \/>\n<meta property=\"og:title\" content=\"R\u00e9ductions et avantages | Hotel Cala Fornells\" \/>\n<meta property=\"og:url\" content=\"https:\/\/www.calafornells.com\/fr\/reduction\/\" \/>\n<meta property=\"og:site_name\" content=\"Hotel Cala Fornells\" \/>\n<meta property=\"article:publisher\" content=\"https:\/\/www.facebook.com\/hotel.calafornells\/\" \/>\n<meta property=\"article:modified_time\" content=\"2026-03-31T10:49:11+00:00\" \/>\n<meta property=\"og:image\" content=\"https:\/\/www.calafornells.com\/wp-content\/uploads\/2021\/02\/ofertas-cala-fornells.jpg\" \/>\n\t<meta property=\"og:image:width\" content=\"1920\" \/>\n\t<meta property=\"og:image:height\" content=\"1921\" \/>\n\t<meta property=\"og:image:type\" content=\"image\/jpeg\" \/>\n<meta name=\"twitter:card\" content=\"summary_large_image\" \/>\n<meta name=\"twitter:label1\" content=\"Dur\u00e9e de lecture estim\u00e9e\" \/>\n\t<meta name=\"twitter:data1\" content=\"1 minute\" \/>\n<script type=\"application\/ld+json\" class=\"yoast-schema-graph\">{\"@context\":\"https:\\\/\\\/schema.org\",\"@graph\":[{\"@type\":\"WebPage\",\"@id\":\"https:\\\/\\\/www.calafornells.com\\\/fr\\\/reduction\\\/\",\"url\":\"https:\\\/\\\/www.calafornells.com\\\/fr\\\/reduction\\\/\",\"name\":\"R\u00e9ductions et avantages | Hotel Cala Fornells\",\"isPartOf\":{\"@id\":\"https:\\\/\\\/www.calafornells.com\\\/#website\"},\"primaryImageOfPage\":{\"@id\":\"https:\\\/\\\/www.calafornells.com\\\/fr\\\/reduction\\\/#primaryimage\"},\"image\":{\"@id\":\"https:\\\/\\\/www.calafornells.com\\\/fr\\\/reduction\\\/#primaryimage\"},\"thumbnailUrl\":\"https:\\\/\\\/www.calafornells.com\\\/wp-content\\\/uploads\\\/2021\\\/02\\\/ofertas-cala-fornells.jpg\",\"datePublished\":\"2017-06-08T10:52:06+00:00\",\"dateModified\":\"2026-03-31T10:49:11+00:00\",\"breadcrumb\":{\"@id\":\"https:\\\/\\\/www.calafornells.com\\\/fr\\\/reduction\\\/#breadcrumb\"},\"inLanguage\":\"fr-FR\",\"potentialAction\":[{\"@type\":\"ReadAction\",\"target\":[\"https:\\\/\\\/www.calafornells.com\\\/fr\\\/reduction\\\/\"]}]},{\"@type\":\"ImageObject\",\"inLanguage\":\"fr-FR\",\"@id\":\"https:\\\/\\\/www.calafornells.com\\\/fr\\\/reduction\\\/#primaryimage\",\"url\":\"https:\\\/\\\/www.calafornells.com\\\/wp-content\\\/uploads\\\/2021\\\/02\\\/ofertas-cala-fornells.jpg\",\"contentUrl\":\"https:\\\/\\\/www.calafornells.com\\\/wp-content\\\/uploads\\\/2021\\\/02\\\/ofertas-cala-fornells.jpg\",\"width\":1920,\"height\":1921},{\"@type\":\"BreadcrumbList\",\"@id\":\"https:\\\/\\\/www.calafornells.com\\\/fr\\\/reduction\\\/#breadcrumb\",\"itemListElement\":[{\"@type\":\"ListItem\",\"position\":1,\"name\":\"Portada\",\"item\":\"https:\\\/\\\/www.calafornells.com\\\/fr\\\/\"},{\"@type\":\"ListItem\",\"position\":2,\"name\":\"R\u00e9ductions et avantages\"}]},{\"@type\":\"WebSite\",\"@id\":\"https:\\\/\\\/www.calafornells.com\\\/#website\",\"url\":\"https:\\\/\\\/www.calafornells.com\\\/\",\"name\":\"Hotel Cala Fornells\",\"description\":\"4* Paguera Mallorca | Site Officiel | Meilleur Prix Internet Garanti\",\"publisher\":{\"@id\":\"https:\\\/\\\/www.calafornells.com\\\/#organization\"},\"potentialAction\":[{\"@type\":\"SearchAction\",\"target\":{\"@type\":\"EntryPoint\",\"urlTemplate\":\"https:\\\/\\\/www.calafornells.com\\\/?s={search_term_string}\"},\"query-input\":{\"@type\":\"PropertyValueSpecification\",\"valueRequired\":true,\"valueName\":\"search_term_string\"}}],\"inLanguage\":\"fr-FR\"},{\"@type\":\"Organization\",\"@id\":\"https:\\\/\\\/www.calafornells.com\\\/#organization\",\"name\":\"Hotel Cala Fornells\",\"url\":\"https:\\\/\\\/www.calafornells.com\\\/\",\"logo\":{\"@type\":\"ImageObject\",\"inLanguage\":\"fr-FR\",\"@id\":\"https:\\\/\\\/www.calafornells.com\\\/#\\\/schema\\\/logo\\\/image\\\/\",\"url\":\"\",\"contentUrl\":\"\",\"caption\":\"Hotel Cala Fornells\"},\"image\":{\"@id\":\"https:\\\/\\\/www.calafornells.com\\\/#\\\/schema\\\/logo\\\/image\\\/\"},\"sameAs\":[\"https:\\\/\\\/www.facebook.com\\\/hotel.calafornells\\\/\",\"https:\\\/\\\/www.instagram.com\\\/hotelcalafornells\\\/\"]}]}<\/script>\n<!-- \/ Yoast SEO plugin. -->","yoast_head_json":{"title":"R\u00e9ductions et avantages | Hotel Cala Fornells","robots":{"index":"index","follow":"follow","max-snippet":"max-snippet:-1","max-image-preview":"max-image-preview:large","max-video-preview":"max-video-preview:-1"},"canonical":"https:\/\/www.calafornells.com\/fr\/reduction\/","og_locale":"fr_FR","og_type":"article","og_title":"R\u00e9ductions et avantages | Hotel Cala Fornells","og_url":"https:\/\/www.calafornells.com\/fr\/reduction\/","og_site_name":"Hotel Cala Fornells","article_publisher":"https:\/\/www.facebook.com\/hotel.calafornells\/","article_modified_time":"2026-03-31T10:49:11+00:00","og_image":[{"width":1920,"height":1921,"url":"https:\/\/www.calafornells.com\/wp-content\/uploads\/2021\/02\/ofertas-cala-fornells.jpg","type":"image\/jpeg"}],"twitter_card":"summary_large_image","twitter_misc":{"Dur\u00e9e de lecture estim\u00e9e":"1 minute"},"schema":{"@context":"https:\/\/schema.org","@graph":[{"@type":"WebPage","@id":"https:\/\/www.calafornells.com\/fr\/reduction\/","url":"https:\/\/www.calafornells.com\/fr\/reduction\/","name":"R\u00e9ductions et avantages | Hotel Cala Fornells","isPartOf":{"@id":"https:\/\/www.calafornells.com\/#website"},"primaryImageOfPage":{"@id":"https:\/\/www.calafornells.com\/fr\/reduction\/#primaryimage"},"image":{"@id":"https:\/\/www.calafornells.com\/fr\/reduction\/#primaryimage"},"thumbnailUrl":"https:\/\/www.calafornells.com\/wp-content\/uploads\/2021\/02\/ofertas-cala-fornells.jpg","datePublished":"2017-06-08T10:52:06+00:00","dateModified":"2026-03-31T10:49:11+00:00","breadcrumb":{"@id":"https:\/\/www.calafornells.com\/fr\/reduction\/#breadcrumb"},"inLanguage":"fr-FR","potentialAction":[{"@type":"ReadAction","target":["https:\/\/www.calafornells.com\/fr\/reduction\/"]}]},{"@type":"ImageObject","inLanguage":"fr-FR","@id":"https:\/\/www.calafornells.com\/fr\/reduction\/#primaryimage","url":"https:\/\/www.calafornells.com\/wp-content\/uploads\/2021\/02\/ofertas-cala-fornells.jpg","contentUrl":"https:\/\/www.calafornells.com\/wp-content\/uploads\/2021\/02\/ofertas-cala-fornells.jpg","width":1920,"height":1921},{"@type":"BreadcrumbList","@id":"https:\/\/www.calafornells.com\/fr\/reduction\/#breadcrumb","itemListElement":[{"@type":"ListItem","position":1,"name":"Portada","item":"https:\/\/www.calafornells.com\/fr\/"},{"@type":"ListItem","position":2,"name":"R\u00e9ductions et avantages"}]},{"@type":"WebSite","@id":"https:\/\/www.calafornells.com\/#website","url":"https:\/\/www.calafornells.com\/","name":"Hotel Cala Fornells","description":"4* Paguera Mallorca | Site Officiel | Meilleur Prix Internet Garanti","publisher":{"@id":"https:\/\/www.calafornells.com\/#organization"},"potentialAction":[{"@type":"SearchAction","target":{"@type":"EntryPoint","urlTemplate":"https:\/\/www.calafornells.com\/?s={search_term_string}"},"query-input":{"@type":"PropertyValueSpecification","valueRequired":true,"valueName":"search_term_string"}}],"inLanguage":"fr-FR"},{"@type":"Organization","@id":"https:\/\/www.calafornells.com\/#organization","name":"Hotel Cala Fornells","url":"https:\/\/www.calafornells.com\/","logo":{"@type":"ImageObject","inLanguage":"fr-FR","@id":"https:\/\/www.calafornells.com\/#\/schema\/logo\/image\/","url":"","contentUrl":"","caption":"Hotel Cala Fornells"},"image":{"@id":"https:\/\/www.calafornells.com\/#\/schema\/logo\/image\/"},"sameAs":["https:\/\/www.facebook.com\/hotel.calafornells\/","https:\/\/www.instagram.com\/hotelcalafornells\/"]}]}},"_links":{"self":[{"href":"https:\/\/www.calafornells.com\/fr\/wp-json\/wp\/v2\/pages\/8629","targetHints":{"allow":["GET"]}}],"collection":[{"href":"https:\/\/www.calafornells.com\/fr\/wp-json\/wp\/v2\/pages"}],"about":[{"href":"https:\/\/www.calafornells.com\/fr\/wp-json\/wp\/v2\/types\/page"}],"author":[{"embeddable":true,"href":"https:\/\/www.calafornells.com\/fr\/wp-json\/wp\/v2\/users\/1"}],"replies":[{"embeddable":true,"href":"https:\/\/www.calafornells.com\/fr\/wp-json\/wp\/v2\/comments?post=8629"}],"version-history":[{"count":14,"href":"https:\/\/www.calafornells.com\/fr\/wp-json\/wp\/v2\/pages\/8629\/revisions"}],"predecessor-version":[{"id":14947,"href":"https:\/\/www.calafornells.com\/fr\/wp-json\/wp\/v2\/pages\/8629\/revisions\/14947"}],"wp:featuredmedia":[{"embeddable":true,"href":"https:\/\/www.calafornells.com\/fr\/wp-json\/wp\/v2\/media\/10970"}],"wp:attachment":[{"href":"https:\/\/www.calafornells.com\/fr\/wp-json\/wp\/v2\/media?parent=8629"}],"curies":[{"name":"wp","href":"https:\/\/api.w.org\/{rel}","templated":true}]}}