{"id":8697,"date":"2018-01-16T16:57:24","date_gmt":"2018-01-16T15:57:24","guid":{"rendered":"https:\/\/www.calafornells.com\/politica-de-cookies\/"},"modified":"2024-02-12T16:42:39","modified_gmt":"2024-02-12T15:42:39","slug":"politica-de-cookies","status":"publish","type":"page","link":"https:\/\/www.calafornells.com\/fr\/politica-de-cookies\/","title":{"rendered":"Cookies"},"content":{"rendered":"<section class=\"l-section wpb_row height_medium\"><div class=\"l-section-h i-cf\"><div class=\"g-cols vc_row via_flex valign_top type_default stacking_default\"><div class=\"vc_col-sm-12 wpb_column vc_column_container\"><div class=\"vc_column-inner\"><div class=\"wpb_wrapper\"><div class=\"wpb_text_column\"><div class=\"wpb_wrapper\"><div class=\"l-main\">\n<div class=\"l-main-h i-cf\">\n<section class=\"l-section\">\n<div class=\"l-section-h i-cf\">\n<p>La empresa titular del sitio Web<\/p>\n<p>PLAYA CALA FORNELLS S.L.<br \/>\nCARRER CALA FORNELLS, 76<br \/>\n07160 &#8211; PEGUERA &#8211; MALLORCA<br \/>\nNIF.: B07691983<\/p>\n<p>le informa acerca del uso de las cookies en el presente sitio Web:<\/p>\n<p>Las cookies son archivos que se pueden descargar en su equipo a trav\u00e9s de las p\u00e1ginas Web que visita. Son herramientas que tienen un papel esencial para la prestaci\u00f3n de numerosos servicios de la sociedad de la informaci\u00f3n. Entre otros, permiten a un sitio Web almacenar y recuperar informaci\u00f3n sobre los h\u00e1bitos de navegaci\u00f3n de un Usuario o de su equipo y, dependiendo de la informaci\u00f3n obtenida, se pueden utilizar para reconocer al Usuario y mejorar el servicio ofrecido.<\/p>\n<p>El navegador del Usuario memoriza cookies en el disco duro solamente durante la sesi\u00f3n actual ocupando un espacio de memoria m\u00ednimo y no perjudicando al ordenador. Las cookies no contienen ninguna clase de informaci\u00f3n personal espec\u00edfica, y la mayor\u00eda de las mismas se borran del disco duro al finalizar la sesi\u00f3n de navegador (las denominadas cookies de sesi\u00f3n).<\/p>\n<p>La mayor\u00eda de los navegadores aceptan por defecto las cookies y, con independencia de las mismas, permiten o impiden en los ajustes de seguridad las cookies temporales o memorizadas.<\/p>\n<p>El presente sitio Web no enlazar\u00e1 en las cookies los datos memorizados con sus datos personales proporcionados en el momento del registro o la compra, sin su expreso consentimiento (mediante la activaci\u00f3n de las cookies en su navegador).<\/p>\n<p>La informaci\u00f3n almacenada se utiliza para conocer la frecuencia de visitas y las preferencias en referencia a los contenidos de las p\u00e1ginas que se visitan, etc. Si no desea permitir la instalaci\u00f3n de cookies en su ordenador deber\u00e1 configurar su navegador para tal efecto.<\/p>\n<p>Si desea configurar su navegador para aceptar o rechazar, por defecto, todas las cookies, o para recibir un aviso en pantalla de la recepci\u00f3n de cada cookie y decidir, en ese momento, su implantaci\u00f3n o no en su disco duro, le sugerimos la secci\u00f3n de ayuda de su navegador, para saber c\u00f3mo cambiar la configuraci\u00f3n que actualmente emplea.<\/p>\n<p>Direcciones IP: los servidores del sitio web podr\u00e1n detectar de manera autom\u00e1tica la direcci\u00f3n IP y el nombre de dominio utilizados por el Usuario. Una direcci\u00f3n IP es un n\u00famero asignado autom\u00e1ticamente a un ordenador cuando \u00e9ste se conecta a Internet. Toda esta informaci\u00f3n es registrada en un fichero de actividad que permite el posterior procesamiento de los datos con el fin de obtener mediciones \u00fanicamente estad\u00edsticas que permitan conocer el n\u00famero de impresiones de p\u00e1ginas, el n\u00famero de visitas realizadas a los servicios web, el orden de visitas, el punto de acceso, etc.<\/p>\n<p><strong>Tipos de Cookies<\/strong><\/p>\n<p>Exceptuadas de informar<\/p>\n<p>Cookies de entrada de usuario.<br \/>\nCookies de identificaci\u00f3n o autenticaci\u00f3n del usuario. (\u00fanicamente de sesi\u00f3n).<br \/>\nCookies de seguridad del usuario.<br \/>\nCookies de reproductor multimedia.<br \/>\nCookies de sesi\u00f3n para equilibrar la carga.<br \/>\nCookies de personalizaci\u00f3n de la interfaz de usuario.<br \/>\nCookies de complemento (plug-in) para intercambiar contenidos sociales<\/p>\n<p>No exceptuadas:<br \/>\nEl resto de cookies.<\/p>\n<p><strong>Cookies seg\u00fan entidad que las gestione:<\/strong><\/p>\n<p>Cookies propias: Son aqu\u00e9llas que se env\u00edan al equipo terminal del usuario desde un equipo o dominio gestionado por el propio editor y desde el que se presta el servicio solicitado por el usuario.<\/p>\n<p>Cookies de terceros: Son aqu\u00e9llas que se env\u00edan al equipo terminal del usuario desde un equipo o dominio que no es gestionado por el editor, sino por otra entidad que trata los datos obtenidos a trav\u00e9s de las cookies.<\/p>\n<p>Cookies seg\u00fan el tiempo que permanecen activadas:<\/p>\n<p>Cookies de sesi\u00f3n: Son un tipo de cookies dise\u00f1adas para recabar y almacenar datos mientras el usuario accede a una p\u00e1gina web.<\/p>\n<p>Cookies persistentes: Son un tipo de cookies en el que los datos siguen almacenados en el terminal y pueden ser accedidos y tratados durante un per\u00edodo definido por el responsable de la cookie y que puede ir de unos minutos a varios a\u00f1os.<\/p>\n<p><strong>Cookies seg\u00fan finalidad:<\/strong><\/p>\n<p>Cookies de an\u00e1lisis: Son aqu\u00e9llas que, bien tratadas por el titular del sitio, o por terceros, permiten cuantificar el n\u00famero de usuarios y as\u00ed realizar la medici\u00f3n y an\u00e1lisis estad\u00edstico de la utilizaci\u00f3n, que hacen los usuarios del servicio ofertado.<\/p>\n<p>Para ello, se analiza su navegaci\u00f3n en la p\u00e1gina web, con el fin de mejorar la oferta de productos o servicios que le ofrecemos.<\/p>\n<p>Cookies publicitarias: Son aqu\u00e9llas que permiten la gesti\u00f3n, de la forma m\u00e1s eficaz posible, de los espacios publicitarios que, en su caso, el editor haya incluido en una p\u00e1gina web, aplicaci\u00f3n o plataforma desde la que presta el servicio solicitado en base a criterios como el contenido editado o la frecuencia en la que se muestran los anuncios.<\/p>\n<p>Cookies sociales son necesarias para las redes sociales externas (Facebook, Google, Twitter, Pinterest, Instagram, etc\u2026). Su funci\u00f3n es controlar la interacci\u00f3n con los widgets sociales dentro de la p\u00e1gina.<\/p>\n<p>Cookies de publicidad comportamental: Son aquellas que permiten la gesti\u00f3n, de la forma m\u00e1s eficaz posible, de los espacios publicitarios que, en su caso, el editor haya incluido en una p\u00e1gina web, aplicaci\u00f3n o plataforma desde la que presta el servicio solicitado. Estas cookies almacenan informaci\u00f3n del comportamiento de usuarios obtenida a trav\u00e9s de la observaci\u00f3n continuada de sus h\u00e1bitos de navegaci\u00f3n, lo que permite desarrollar un perfil espec\u00edfico para mostrar publicidad en funci\u00f3n del mismo.<\/p>\n<p>Tambi\u00e9n es posible que al visitar alguna p\u00e1gina web o al abrir alg\u00fan email donde se publique alg\u00fan anuncio o alguna promoci\u00f3n sobre determinados productos o servicios se instale en el navegador alguna cookie que se utiliza para mostrar posteriormente publicidad relacionada con la b\u00fasqueda que se haya realizado, para desarrollar un control de los anuncios en relaci\u00f3n, por ejemplo, con el n\u00famero de veces que son vistos, donde aparecen, a que hora se ven, etc&#8230;<\/p>\n<p><strong>Ejemplos:<\/strong><br \/>\nEn particular, el presente sitio Web utiliza\u00a0Google Analytics, un servicio de anal\u00edtica Web desarrollado por Google, Inc. con domicilio en los Estados Unidos y sede central en 1600 Amphitheatre Parkway, Mountain View, California 94043.\u00a0 Para la prestaci\u00f3n de estos servicios, se\u00a0utilizan cookies que recopilan la informaci\u00f3n, incluida la direcci\u00f3n IP del Usuario, que ser\u00e1\u00a0transmitida, tratada y almacenada por\u00a0Google\u00a0en los t\u00e9rminos fijados. Incluyendo la posible\u00a0transmisi\u00f3n de dicha informaci\u00f3n a terceros por razones de exigencia legal o cuando dichos terceros\u00a0procesen la informaci\u00f3n por cuenta de Google.<\/p>\n<p>A trav\u00e9s de la anal\u00edtica web se obtiene informaci\u00f3n relativa al n\u00famero de Usuarios que acceden a la web, el n\u00famero de p\u00e1ginas vistas, la frecuencia y repetici\u00f3n de las visitas, su duraci\u00f3n, el navegador utilizado, el operador que presta el servicio, el idioma, el terminal que utiliza, o la ciudad a la que est\u00e1 asignada su direcci\u00f3n IP. Informaci\u00f3n que posibilita un mejor y m\u00e1s apropiado servicio por parte de este sitio Web.<\/p>\n<p><strong>Terceros prestadores de servicios<\/strong><\/p>\n<p>En concreto los terceros con los que se ha gestionado alg\u00fan servicio para el que es necesaria la utilizaci\u00f3n de cookies son:<\/p>\n<p>NOMBRE DE PROVEEDOR: Google analytics<br \/>\nFINALIDAD COOKIE: Anal\u00edtica Web<br \/>\nDESCRIPCI\u00d3N: Estad\u00edsticas sobre visitas<br \/>\nM\u00c1S INFORMACI\u00d3N EN: http:\/\/www.google.com\/intl\/en\/policies\/privacy\/<\/p>\n<p><strong>Aceptaci\u00f3n de la Pol\u00edtica de cookies<\/strong><\/p>\n<p>La empresa muestra informaci\u00f3n sobre su Pol\u00edtica de cookies en cualquier p\u00e1gina del sitio Web con cada inicio de sesi\u00f3n con el objeto de que usted sea consciente.<br \/>\nAnte esta informaci\u00f3n es posible llevar a cabo las siguientes acciones:<\/p>\n<ul>\n<li>Aceptar cookies.\u00a0No se volver\u00e1 a visualizar este aviso al acceder a cualquier p\u00e1gina del sitio Web durante la presente sesi\u00f3n.<\/li>\n<li>Rechazar cookies. Podr\u00e1 obtener m\u00e1s informaci\u00f3n sobre qu\u00e9 son las cookies, conocer la Pol\u00edtica de cookies el presente sitio Web y modificar la configuraci\u00f3n de su navegador<\/li>\n<\/ul>\n<\/div>\n<div class=\"l-section-h i-cf\">\n<p>&nbsp;<\/p>\n<p><strong>C\u00f3mo modificar la configuraci\u00f3n de las cookies<\/strong><\/p>\n<p>Usted puede restringir, bloquear o borrar las cookies del presente sitio Web, utilizando su navegador. En cada navegador la operativa es diferente, la funci\u00f3n de &lsquo;Ayuda&rsquo; le mostrar\u00e1 c\u00f3mo hacerlo.<br \/>\nInternetExplorer:\u00a0windows.microsoft.com\/es-xl\/internet-explorer\/delete-manage-cookies#ie=ie-10<br \/>\nFirefox:\u00a0support.mozilla.org\/es\/kb\/Borrar%20cookies<br \/>\nChrome:\u00a0support.google.com\/chrome\/answer\/95647?hl=es<br \/>\nSafari:\u00a0www.apple.com\/es\/privacy\/use-of-cookies\/<\/p>\n<\/div>\n<\/section>\n<\/div>\n<\/div>\n<\/div><\/div><\/div><\/div><\/div><\/div><\/div><\/section>\n","protected":false},"excerpt":{"rendered":"La empresa titular del sitio Web PLAYA CALA FORNELLS S.L. CARRER CALA FORNELLS, 76 07160 &#8211; PEGUERA &#8211; MALLORCA NIF.: B07691983 le informa acerca del uso de las cookies en el presente sitio Web: Las cookies son archivos que se pueden descargar en su equipo a trav\u00e9s de las p\u00e1ginas Web que visita. Son herramientas...","protected":false},"author":1,"featured_media":0,"parent":0,"menu_order":0,"comment_status":"closed","ping_status":"closed","template":"","meta":{"footnotes":""},"class_list":["post-8697","page","type-page","status-publish","hentry"],"yoast_head":"<!-- This site is optimized with the Yoast SEO plugin v27.4 - https:\/\/yoast.com\/product\/yoast-seo-wordpress\/ -->\n<title>Cookies | Hotel Cala Fornells<\/title>\n<meta name=\"robots\" content=\"index, follow, max-snippet:-1, max-image-preview:large, max-video-preview:-1\" \/>\n<link rel=\"canonical\" href=\"https:\/\/www.calafornells.com\/politica-de-cookies\/\" \/>\n<meta property=\"og:locale\" content=\"fr_FR\" \/>\n<meta property=\"og:type\" content=\"article\" \/>\n<meta property=\"og:title\" content=\"Cookies | Hotel Cala Fornells\" \/>\n<meta property=\"og:url\" content=\"https:\/\/www.calafornells.com\/politica-de-cookies\/\" \/>\n<meta property=\"og:site_name\" content=\"Hotel Cala Fornells\" \/>\n<meta property=\"article:publisher\" content=\"https:\/\/www.facebook.com\/hotel.calafornells\/\" \/>\n<meta property=\"article:modified_time\" content=\"2024-02-12T15:42:39+00:00\" \/>\n<meta name=\"twitter:card\" content=\"summary_large_image\" \/>\n<meta name=\"twitter:label1\" content=\"Dur\u00e9e de lecture estim\u00e9e\" \/>\n\t<meta name=\"twitter:data1\" content=\"7 minutes\" \/>\n<script type=\"application\/ld+json\" class=\"yoast-schema-graph\">{\"@context\":\"https:\\\/\\\/schema.org\",\"@graph\":[{\"@type\":\"WebPage\",\"@id\":\"https:\\\/\\\/www.calafornells.com\\\/politica-de-cookies\\\/\",\"url\":\"https:\\\/\\\/www.calafornells.com\\\/politica-de-cookies\\\/\",\"name\":\"Cookies | Hotel Cala Fornells\",\"isPartOf\":{\"@id\":\"https:\\\/\\\/www.calafornells.com\\\/#website\"},\"datePublished\":\"2018-01-16T15:57:24+00:00\",\"dateModified\":\"2024-02-12T15:42:39+00:00\",\"breadcrumb\":{\"@id\":\"https:\\\/\\\/www.calafornells.com\\\/politica-de-cookies\\\/#breadcrumb\"},\"inLanguage\":\"fr-FR\",\"potentialAction\":[{\"@type\":\"ReadAction\",\"target\":[\"https:\\\/\\\/www.calafornells.com\\\/politica-de-cookies\\\/\"]}]},{\"@type\":\"BreadcrumbList\",\"@id\":\"https:\\\/\\\/www.calafornells.com\\\/politica-de-cookies\\\/#breadcrumb\",\"itemListElement\":[{\"@type\":\"ListItem\",\"position\":1,\"name\":\"Portada\",\"item\":\"https:\\\/\\\/www.calafornells.com\\\/fr\\\/\"},{\"@type\":\"ListItem\",\"position\":2,\"name\":\"Cookies\"}]},{\"@type\":\"WebSite\",\"@id\":\"https:\\\/\\\/www.calafornells.com\\\/#website\",\"url\":\"https:\\\/\\\/www.calafornells.com\\\/\",\"name\":\"Hotel Cala Fornells\",\"description\":\"4* Paguera Mallorca | Site Officiel | Meilleur Prix Internet Garanti\",\"publisher\":{\"@id\":\"https:\\\/\\\/www.calafornells.com\\\/#organization\"},\"potentialAction\":[{\"@type\":\"SearchAction\",\"target\":{\"@type\":\"EntryPoint\",\"urlTemplate\":\"https:\\\/\\\/www.calafornells.com\\\/?s={search_term_string}\"},\"query-input\":{\"@type\":\"PropertyValueSpecification\",\"valueRequired\":true,\"valueName\":\"search_term_string\"}}],\"inLanguage\":\"fr-FR\"},{\"@type\":\"Organization\",\"@id\":\"https:\\\/\\\/www.calafornells.com\\\/#organization\",\"name\":\"Hotel Cala Fornells\",\"url\":\"https:\\\/\\\/www.calafornells.com\\\/\",\"logo\":{\"@type\":\"ImageObject\",\"inLanguage\":\"fr-FR\",\"@id\":\"https:\\\/\\\/www.calafornells.com\\\/#\\\/schema\\\/logo\\\/image\\\/\",\"url\":\"\",\"contentUrl\":\"\",\"caption\":\"Hotel Cala Fornells\"},\"image\":{\"@id\":\"https:\\\/\\\/www.calafornells.com\\\/#\\\/schema\\\/logo\\\/image\\\/\"},\"sameAs\":[\"https:\\\/\\\/www.facebook.com\\\/hotel.calafornells\\\/\",\"https:\\\/\\\/www.instagram.com\\\/hotelcalafornells\\\/\"]}]}<\/script>\n<!-- \/ Yoast SEO plugin. -->","yoast_head_json":{"title":"Cookies | Hotel Cala Fornells","robots":{"index":"index","follow":"follow","max-snippet":"max-snippet:-1","max-image-preview":"max-image-preview:large","max-video-preview":"max-video-preview:-1"},"canonical":"https:\/\/www.calafornells.com\/politica-de-cookies\/","og_locale":"fr_FR","og_type":"article","og_title":"Cookies | Hotel Cala Fornells","og_url":"https:\/\/www.calafornells.com\/politica-de-cookies\/","og_site_name":"Hotel Cala Fornells","article_publisher":"https:\/\/www.facebook.com\/hotel.calafornells\/","article_modified_time":"2024-02-12T15:42:39+00:00","twitter_card":"summary_large_image","twitter_misc":{"Dur\u00e9e de lecture estim\u00e9e":"7 minutes"},"schema":{"@context":"https:\/\/schema.org","@graph":[{"@type":"WebPage","@id":"https:\/\/www.calafornells.com\/politica-de-cookies\/","url":"https:\/\/www.calafornells.com\/politica-de-cookies\/","name":"Cookies | Hotel Cala Fornells","isPartOf":{"@id":"https:\/\/www.calafornells.com\/#website"},"datePublished":"2018-01-16T15:57:24+00:00","dateModified":"2024-02-12T15:42:39+00:00","breadcrumb":{"@id":"https:\/\/www.calafornells.com\/politica-de-cookies\/#breadcrumb"},"inLanguage":"fr-FR","potentialAction":[{"@type":"ReadAction","target":["https:\/\/www.calafornells.com\/politica-de-cookies\/"]}]},{"@type":"BreadcrumbList","@id":"https:\/\/www.calafornells.com\/politica-de-cookies\/#breadcrumb","itemListElement":[{"@type":"ListItem","position":1,"name":"Portada","item":"https:\/\/www.calafornells.com\/fr\/"},{"@type":"ListItem","position":2,"name":"Cookies"}]},{"@type":"WebSite","@id":"https:\/\/www.calafornells.com\/#website","url":"https:\/\/www.calafornells.com\/","name":"Hotel Cala Fornells","description":"4* Paguera Mallorca | Site Officiel | Meilleur Prix Internet Garanti","publisher":{"@id":"https:\/\/www.calafornells.com\/#organization"},"potentialAction":[{"@type":"SearchAction","target":{"@type":"EntryPoint","urlTemplate":"https:\/\/www.calafornells.com\/?s={search_term_string}"},"query-input":{"@type":"PropertyValueSpecification","valueRequired":true,"valueName":"search_term_string"}}],"inLanguage":"fr-FR"},{"@type":"Organization","@id":"https:\/\/www.calafornells.com\/#organization","name":"Hotel Cala Fornells","url":"https:\/\/www.calafornells.com\/","logo":{"@type":"ImageObject","inLanguage":"fr-FR","@id":"https:\/\/www.calafornells.com\/#\/schema\/logo\/image\/","url":"","contentUrl":"","caption":"Hotel Cala Fornells"},"image":{"@id":"https:\/\/www.calafornells.com\/#\/schema\/logo\/image\/"},"sameAs":["https:\/\/www.facebook.com\/hotel.calafornells\/","https:\/\/www.instagram.com\/hotelcalafornells\/"]}]}},"_links":{"self":[{"href":"https:\/\/www.calafornells.com\/fr\/wp-json\/wp\/v2\/pages\/8697","targetHints":{"allow":["GET"]}}],"collection":[{"href":"https:\/\/www.calafornells.com\/fr\/wp-json\/wp\/v2\/pages"}],"about":[{"href":"https:\/\/www.calafornells.com\/fr\/wp-json\/wp\/v2\/types\/page"}],"author":[{"embeddable":true,"href":"https:\/\/www.calafornells.com\/fr\/wp-json\/wp\/v2\/users\/1"}],"replies":[{"embeddable":true,"href":"https:\/\/www.calafornells.com\/fr\/wp-json\/wp\/v2\/comments?post=8697"}],"version-history":[{"count":9,"href":"https:\/\/www.calafornells.com\/fr\/wp-json\/wp\/v2\/pages\/8697\/revisions"}],"predecessor-version":[{"id":13576,"href":"https:\/\/www.calafornells.com\/fr\/wp-json\/wp\/v2\/pages\/8697\/revisions\/13576"}],"wp:attachment":[{"href":"https:\/\/www.calafornells.com\/fr\/wp-json\/wp\/v2\/media?parent=8697"}],"curies":[{"name":"wp","href":"https:\/\/api.w.org\/{rel}","templated":true}]}}