{"id":8960,"date":"2020-02-22T18:32:40","date_gmt":"2020-02-22T17:32:40","guid":{"rendered":"https:\/\/www.calafornells.com\/yoga\/"},"modified":"2021-03-09T19:23:15","modified_gmt":"2021-03-09T18:23:15","slug":"yoga","status":"publish","type":"page","link":"https:\/\/www.calafornells.com\/fr\/yoga\/","title":{"rendered":"Yoga"},"content":{"rendered":"<section class=\"l-section wpb_row height_medium\"><div class=\"l-section-h i-cf\"><div class=\"g-cols vc_row via_flex valign_top type_default stacking_default\"><div class=\"vc_col-sm-12 wpb_column vc_column_container\"><div class=\"vc_column-inner\"><div class=\"wpb_wrapper\"><div class=\"wpb_text_column\"><div class=\"wpb_wrapper\"><p>Majorque est \u00e9galement connue comme l&rsquo;\u00eele du calme. Cela a \u00e9t\u00e9 d\u00e9fini par le grand peintre et \u00e9crivain catalan Santiago Rusi\u00f1ol. Lors de sa premi\u00e8re visite en 1903, il \u00e9tait fascin\u00e9 par sa lumi\u00e8re, son paysage, l&rsquo;eau de mer, les criques, les ports, les montagnes et les pins, les terrasses de pierres qui donne sur mer, les rues m\u00e9di\u00e9vales et les Patio des grandes maison de la ville. Tout d\u00e9bordait de paix et de s\u00e9r\u00e9nit\u00e9.<\/p>\n<p>M\u00eame aujourd&rsquo;hui, elle regorge de lieux o\u00f9 la tranquillit\u00e9 est pr\u00e9sente dans l&rsquo;atmosph\u00e8re, douce et lente, parcimonieuse, avec rien d&rsquo;autre \u00e0 faire que de laisser passer le temps. Tant en \u00e9t\u00e9 qu&rsquo;en hiver, ou au printemps et en automne. Pendant la journ\u00e9e et les couchers de soleil lorsque le soleil se couche et sous les \u00e9toiles.<\/p>\n<p>Cala Fornells, au pied de la Sierra de Tramuntana, au pied de la mer M\u00e9diterran\u00e9e, entour\u00e9e de pins, sous un ciel clair, est l&rsquo;un de ces endroits pour se d\u00e9connecter de l&rsquo;agitation quotidienne et trouver la paix int\u00e9rieure gr\u00e2ce \u00e0 la pratique du yoga, id\u00e9al pour garder le corps tonique, l&rsquo;esprit ouvert et l&rsquo;\u00e2me pure.<\/p>\n<p>Pour plus d&rsquo;informations contactez-nous \u00e0 <a href=\"mailto:hotel@calafornells.com\">hotel@calafornells.com<\/a><\/p>\n<\/div><\/div><\/div><\/div><\/div><\/div><\/div><\/section>\n","protected":false},"excerpt":{"rendered":"Majorque est \u00e9galement connue comme l&rsquo;\u00eele du calme. Cela a \u00e9t\u00e9 d\u00e9fini par le grand peintre et \u00e9crivain catalan Santiago Rusi\u00f1ol. Lors de sa premi\u00e8re visite en 1903, il \u00e9tait fascin\u00e9 par sa lumi\u00e8re, son paysage, l&rsquo;eau de mer, les criques, les ports, les montagnes et les pins, les terrasses de pierres qui donne sur...","protected":false},"author":1,"featured_media":10124,"parent":0,"menu_order":0,"comment_status":"closed","ping_status":"closed","template":"","meta":{"footnotes":""},"class_list":["post-8960","page","type-page","status-publish","has-post-thumbnail","hentry"],"yoast_head":"<!-- This site is optimized with the Yoast SEO plugin v27.4 - https:\/\/yoast.com\/product\/yoast-seo-wordpress\/ -->\n<title>Yoga | Hotel Cala Fornells<\/title>\n<meta name=\"robots\" content=\"index, follow, max-snippet:-1, max-image-preview:large, max-video-preview:-1\" \/>\n<link rel=\"canonical\" href=\"https:\/\/www.calafornells.com\/yoga\/\" \/>\n<meta property=\"og:locale\" content=\"fr_FR\" \/>\n<meta property=\"og:type\" content=\"article\" \/>\n<meta property=\"og:title\" content=\"Yoga | Hotel Cala Fornells\" \/>\n<meta property=\"og:url\" content=\"https:\/\/www.calafornells.com\/yoga\/\" \/>\n<meta property=\"og:site_name\" content=\"Hotel Cala Fornells\" \/>\n<meta property=\"article:publisher\" content=\"https:\/\/www.facebook.com\/hotel.calafornells\/\" \/>\n<meta property=\"article:modified_time\" content=\"2021-03-09T18:23:15+00:00\" \/>\n<meta property=\"og:image\" content=\"https:\/\/www.calafornells.com\/wp-content\/uploads\/2020\/02\/yoga-hotel-cala-fornells.jpg\" \/>\n\t<meta property=\"og:image:width\" content=\"1920\" \/>\n\t<meta property=\"og:image:height\" content=\"1280\" \/>\n\t<meta property=\"og:image:type\" content=\"image\/jpeg\" \/>\n<meta name=\"twitter:card\" content=\"summary_large_image\" \/>\n<meta name=\"twitter:label1\" content=\"Dur\u00e9e de lecture estim\u00e9e\" \/>\n\t<meta name=\"twitter:data1\" content=\"1 minute\" \/>\n<script type=\"application\/ld+json\" class=\"yoast-schema-graph\">{\"@context\":\"https:\\\/\\\/schema.org\",\"@graph\":[{\"@type\":\"WebPage\",\"@id\":\"https:\\\/\\\/www.calafornells.com\\\/yoga\\\/\",\"url\":\"https:\\\/\\\/www.calafornells.com\\\/yoga\\\/\",\"name\":\"Yoga | Hotel Cala Fornells\",\"isPartOf\":{\"@id\":\"https:\\\/\\\/www.calafornells.com\\\/#website\"},\"primaryImageOfPage\":{\"@id\":\"https:\\\/\\\/www.calafornells.com\\\/yoga\\\/#primaryimage\"},\"image\":{\"@id\":\"https:\\\/\\\/www.calafornells.com\\\/yoga\\\/#primaryimage\"},\"thumbnailUrl\":\"https:\\\/\\\/www.calafornells.com\\\/wp-content\\\/uploads\\\/2020\\\/02\\\/yoga-hotel-cala-fornells.jpg\",\"datePublished\":\"2020-02-22T17:32:40+00:00\",\"dateModified\":\"2021-03-09T18:23:15+00:00\",\"breadcrumb\":{\"@id\":\"https:\\\/\\\/www.calafornells.com\\\/yoga\\\/#breadcrumb\"},\"inLanguage\":\"fr-FR\",\"potentialAction\":[{\"@type\":\"ReadAction\",\"target\":[\"https:\\\/\\\/www.calafornells.com\\\/yoga\\\/\"]}]},{\"@type\":\"ImageObject\",\"inLanguage\":\"fr-FR\",\"@id\":\"https:\\\/\\\/www.calafornells.com\\\/yoga\\\/#primaryimage\",\"url\":\"https:\\\/\\\/www.calafornells.com\\\/wp-content\\\/uploads\\\/2020\\\/02\\\/yoga-hotel-cala-fornells.jpg\",\"contentUrl\":\"https:\\\/\\\/www.calafornells.com\\\/wp-content\\\/uploads\\\/2020\\\/02\\\/yoga-hotel-cala-fornells.jpg\",\"width\":1920,\"height\":1280},{\"@type\":\"BreadcrumbList\",\"@id\":\"https:\\\/\\\/www.calafornells.com\\\/yoga\\\/#breadcrumb\",\"itemListElement\":[{\"@type\":\"ListItem\",\"position\":1,\"name\":\"Portada\",\"item\":\"https:\\\/\\\/www.calafornells.com\\\/fr\\\/\"},{\"@type\":\"ListItem\",\"position\":2,\"name\":\"Yoga\"}]},{\"@type\":\"WebSite\",\"@id\":\"https:\\\/\\\/www.calafornells.com\\\/#website\",\"url\":\"https:\\\/\\\/www.calafornells.com\\\/\",\"name\":\"Hotel Cala Fornells\",\"description\":\"4* Paguera Mallorca | Site Officiel | Meilleur Prix Internet Garanti\",\"publisher\":{\"@id\":\"https:\\\/\\\/www.calafornells.com\\\/#organization\"},\"potentialAction\":[{\"@type\":\"SearchAction\",\"target\":{\"@type\":\"EntryPoint\",\"urlTemplate\":\"https:\\\/\\\/www.calafornells.com\\\/?s={search_term_string}\"},\"query-input\":{\"@type\":\"PropertyValueSpecification\",\"valueRequired\":true,\"valueName\":\"search_term_string\"}}],\"inLanguage\":\"fr-FR\"},{\"@type\":\"Organization\",\"@id\":\"https:\\\/\\\/www.calafornells.com\\\/#organization\",\"name\":\"Hotel Cala Fornells\",\"url\":\"https:\\\/\\\/www.calafornells.com\\\/\",\"logo\":{\"@type\":\"ImageObject\",\"inLanguage\":\"fr-FR\",\"@id\":\"https:\\\/\\\/www.calafornells.com\\\/#\\\/schema\\\/logo\\\/image\\\/\",\"url\":\"\",\"contentUrl\":\"\",\"caption\":\"Hotel Cala Fornells\"},\"image\":{\"@id\":\"https:\\\/\\\/www.calafornells.com\\\/#\\\/schema\\\/logo\\\/image\\\/\"},\"sameAs\":[\"https:\\\/\\\/www.facebook.com\\\/hotel.calafornells\\\/\",\"https:\\\/\\\/www.instagram.com\\\/hotelcalafornells\\\/\"]}]}<\/script>\n<!-- \/ Yoast SEO plugin. -->","yoast_head_json":{"title":"Yoga | Hotel Cala Fornells","robots":{"index":"index","follow":"follow","max-snippet":"max-snippet:-1","max-image-preview":"max-image-preview:large","max-video-preview":"max-video-preview:-1"},"canonical":"https:\/\/www.calafornells.com\/yoga\/","og_locale":"fr_FR","og_type":"article","og_title":"Yoga | Hotel Cala Fornells","og_url":"https:\/\/www.calafornells.com\/yoga\/","og_site_name":"Hotel Cala Fornells","article_publisher":"https:\/\/www.facebook.com\/hotel.calafornells\/","article_modified_time":"2021-03-09T18:23:15+00:00","og_image":[{"width":1920,"height":1280,"url":"https:\/\/www.calafornells.com\/wp-content\/uploads\/2020\/02\/yoga-hotel-cala-fornells.jpg","type":"image\/jpeg"}],"twitter_card":"summary_large_image","twitter_misc":{"Dur\u00e9e de lecture estim\u00e9e":"1 minute"},"schema":{"@context":"https:\/\/schema.org","@graph":[{"@type":"WebPage","@id":"https:\/\/www.calafornells.com\/yoga\/","url":"https:\/\/www.calafornells.com\/yoga\/","name":"Yoga | Hotel Cala Fornells","isPartOf":{"@id":"https:\/\/www.calafornells.com\/#website"},"primaryImageOfPage":{"@id":"https:\/\/www.calafornells.com\/yoga\/#primaryimage"},"image":{"@id":"https:\/\/www.calafornells.com\/yoga\/#primaryimage"},"thumbnailUrl":"https:\/\/www.calafornells.com\/wp-content\/uploads\/2020\/02\/yoga-hotel-cala-fornells.jpg","datePublished":"2020-02-22T17:32:40+00:00","dateModified":"2021-03-09T18:23:15+00:00","breadcrumb":{"@id":"https:\/\/www.calafornells.com\/yoga\/#breadcrumb"},"inLanguage":"fr-FR","potentialAction":[{"@type":"ReadAction","target":["https:\/\/www.calafornells.com\/yoga\/"]}]},{"@type":"ImageObject","inLanguage":"fr-FR","@id":"https:\/\/www.calafornells.com\/yoga\/#primaryimage","url":"https:\/\/www.calafornells.com\/wp-content\/uploads\/2020\/02\/yoga-hotel-cala-fornells.jpg","contentUrl":"https:\/\/www.calafornells.com\/wp-content\/uploads\/2020\/02\/yoga-hotel-cala-fornells.jpg","width":1920,"height":1280},{"@type":"BreadcrumbList","@id":"https:\/\/www.calafornells.com\/yoga\/#breadcrumb","itemListElement":[{"@type":"ListItem","position":1,"name":"Portada","item":"https:\/\/www.calafornells.com\/fr\/"},{"@type":"ListItem","position":2,"name":"Yoga"}]},{"@type":"WebSite","@id":"https:\/\/www.calafornells.com\/#website","url":"https:\/\/www.calafornells.com\/","name":"Hotel Cala Fornells","description":"4* Paguera Mallorca | Site Officiel | Meilleur Prix Internet Garanti","publisher":{"@id":"https:\/\/www.calafornells.com\/#organization"},"potentialAction":[{"@type":"SearchAction","target":{"@type":"EntryPoint","urlTemplate":"https:\/\/www.calafornells.com\/?s={search_term_string}"},"query-input":{"@type":"PropertyValueSpecification","valueRequired":true,"valueName":"search_term_string"}}],"inLanguage":"fr-FR"},{"@type":"Organization","@id":"https:\/\/www.calafornells.com\/#organization","name":"Hotel Cala Fornells","url":"https:\/\/www.calafornells.com\/","logo":{"@type":"ImageObject","inLanguage":"fr-FR","@id":"https:\/\/www.calafornells.com\/#\/schema\/logo\/image\/","url":"","contentUrl":"","caption":"Hotel Cala Fornells"},"image":{"@id":"https:\/\/www.calafornells.com\/#\/schema\/logo\/image\/"},"sameAs":["https:\/\/www.facebook.com\/hotel.calafornells\/","https:\/\/www.instagram.com\/hotelcalafornells\/"]}]}},"_links":{"self":[{"href":"https:\/\/www.calafornells.com\/fr\/wp-json\/wp\/v2\/pages\/8960","targetHints":{"allow":["GET"]}}],"collection":[{"href":"https:\/\/www.calafornells.com\/fr\/wp-json\/wp\/v2\/pages"}],"about":[{"href":"https:\/\/www.calafornells.com\/fr\/wp-json\/wp\/v2\/types\/page"}],"author":[{"embeddable":true,"href":"https:\/\/www.calafornells.com\/fr\/wp-json\/wp\/v2\/users\/1"}],"replies":[{"embeddable":true,"href":"https:\/\/www.calafornells.com\/fr\/wp-json\/wp\/v2\/comments?post=8960"}],"version-history":[{"count":3,"href":"https:\/\/www.calafornells.com\/fr\/wp-json\/wp\/v2\/pages\/8960\/revisions"}],"predecessor-version":[{"id":11913,"href":"https:\/\/www.calafornells.com\/fr\/wp-json\/wp\/v2\/pages\/8960\/revisions\/11913"}],"wp:featuredmedia":[{"embeddable":true,"href":"https:\/\/www.calafornells.com\/fr\/wp-json\/wp\/v2\/media\/10124"}],"wp:attachment":[{"href":"https:\/\/www.calafornells.com\/fr\/wp-json\/wp\/v2\/media?parent=8960"}],"curies":[{"name":"wp","href":"https:\/\/api.w.org\/{rel}","templated":true}]}}